{"id":6318,"date":"2026-02-22T09:21:46","date_gmt":"2026-02-22T09:21:46","guid":{"rendered":"https:\/\/pepiniere-bio.ch\/?post_type=product&#038;p=6318"},"modified":"2026-03-06T19:53:16","modified_gmt":"2026-03-06T19:53:16","slug":"apfelbaum-topaz-2","status":"publish","type":"product","link":"https:\/\/pepiniere-bio.ch\/de\/Produkt\/apfelbaum-topaz-2\/","title":{"rendered":"Apfelbaum Topaz"},"content":{"rendered":"<div>\n<h2 data-start=\"233\" data-end=\"315\">Apfelbaum Topaz &#8211; Widerstandsf\u00e4hige und einfach zu kultivierende Lagersorte<\/h2>\n<p data-start=\"317\" data-end=\"643\">Der <strong data-start=\"320\" data-end=\"341\">Apfelbaum Topaz<\/strong> ist eine <strong data-start=\"350\" data-end=\"383\">Herbst- und Lagersorte<\/strong>, die f\u00fcr ihre <strong data-start=\"401\" data-end=\"425\">nat\u00fcrliche Widerstandsf\u00e4higkeit<\/strong>, ihre <strong data-start=\"430\" data-end=\"453\">lange Haltbarkeit<\/strong> und ihre ausgewogenen, saftigen \u00c4pfel bekannt ist. Dank seines <strong data-start=\"505\" data-end=\"528\">ausgezeichneten Ertrags<\/strong> und seiner einfachen Kultivierung ist er sowohl f\u00fcr <strong data-start=\"583\" data-end=\"613\">professionelle Bio-Obstg\u00e4rten<\/strong> als auch f\u00fcr <strong data-start=\"621\" data-end=\"642\">Hausg\u00e4rten<\/strong> geeignet.<\/p>\n<h3 data-start=\"645\" data-end=\"690\">Ein feiner, saftiger und aromatischer Bio-Apfel<\/h3>\n<p data-start=\"692\" data-end=\"1037\">Die Fr\u00fcchte des <strong data-start=\"706\" data-end=\"723\">Topas-Apfelbaums<\/strong> sind <strong data-start=\"729\" data-end=\"750\">mittelgro\u00df<\/strong>, leicht abgeflacht und rund mit einer <strong data-start=\"790\" data-end=\"820\">gelben Schale mit roten Streifen<\/strong>. Ihr <strong data-start=\"827\" data-end=\"864\">gelbes, feines und sehr saftiges Fruchtfleisch<\/strong> bietet einen <strong data-start=\"880\" data-end=\"901\">s\u00fc\u00dfen, harmonischen<\/strong> Geschmack mit genau der richtigen Menge an S\u00e4ure, um das Aroma zu verst\u00e4rken. Ein ausgezeichneter <strong data-start=\"975\" data-end=\"993\">Tafelapfel<\/strong>, der f\u00fcr seine Frische und Feinheit gesch\u00e4tzt wird.<\/p>\n<h3 data-start=\"1039\" data-end=\"1091\">Ernte Anfang Oktober und ausgezeichnete Haltbarkeit<\/h3>\n<p data-start=\"1093\" data-end=\"1301\">Die <strong data-start=\"1096\" data-end=\"1129\">Ernte findet Anfang Oktober statt<\/strong>. Bei guter Lagerung (gut bel\u00fcfteter Naturkeller) <strong data-start=\"1199\" data-end=\"1244\">kann<\/strong> der <strong data-start=\"1199\" data-end=\"1244\">Apfel Topaz bis April aufbewahrt<\/strong> werden, was ihn zu einer <strong data-start=\"1265\" data-end=\"1300\">au\u00dfergew\u00f6hnlichen Lagersorte<\/strong> macht.<\/p>\n<h3 data-start=\"1303\" data-end=\"1342\">Ein robuster und produktiver Bio-Apfelbaum<\/h3>\n<p data-start=\"1344\" data-end=\"1416\">Der <strong data-start=\"1347\" data-end=\"1364\">Apfelbaum Topaz<\/strong> ist f\u00fcr seine Robustheit und Produktivit\u00e4t bekannt:<\/p>\n<ul data-start=\"1417\" data-end=\"1697\">\n<li data-start=\"1417\" data-end=\"1448\">\n<p data-start=\"1419\" data-end=\"1448\"><strong data-start=\"1419\" data-end=\"1446\">Widerstandsf\u00e4hig gegen Schorf<\/strong><\/p>\n<\/li>\n<li data-start=\"1449\" data-end=\"1480\">\n<p data-start=\"1451\" data-end=\"1480\"><strong data-start=\"1451\" data-end=\"1478\">Wenig anf\u00e4llig f\u00fcr Mehltau<\/strong><\/p>\n<\/li>\n<li data-start=\"1481\" data-end=\"1541\">\n<p data-start=\"1483\" data-end=\"1541\"><strong data-start=\"1483\" data-end=\"1516\">Mittlerer, aber breiter Wuchs<\/strong> (gut strukturierter Baum)<\/p>\n<\/li>\n<li data-start=\"1542\" data-end=\"1634\">\n<p data-start=\"1544\" data-end=\"1634\"><strong data-start=\"1544\" data-end=\"1575\">Mittelbl\u00fchend, diploid<\/strong>, mit <strong data-start=\"1585\" data-end=\"1604\">sehr gutem Pollen<\/strong> (n\u00fctzlich als <strong data-start=\"1585\" data-end=\"1604\">Pollenspender<\/strong> )<\/p>\n<\/li>\n<li data-start=\"1635\" data-end=\"1697\">\n<p data-start=\"1637\" data-end=\"1697\"><strong data-start=\"1637\" data-end=\"1669\">Schneller und gleichm\u00e4\u00dfiger Ertrag<\/strong>, auch im biologischen Anbau<\/p>\n<\/li>\n<\/ul>\n<p data-start=\"1699\" data-end=\"1869\">Dieser <strong data-start=\"1702\" data-end=\"1724\">Apfelbaum<\/strong> ist ideal f\u00fcr den <strong data-start=\"1743\" data-end=\"1760\">Direktverkauf<\/strong>, den <strong data-start=\"1765\" data-end=\"1786\">nat\u00fcrlichen Anbau<\/strong> und f\u00fcr alle Liebhaber, die eine pflegeleichte <strong data-start=\"1821\" data-end=\"1848\">Sorte ohne Pilzbehandlung<\/strong> suchen.<\/p>\n<h3 data-start=\"1871\" data-end=\"1893\">Verf\u00fcgbare Formen<\/h3>\n<p data-start=\"1895\" data-end=\"1961\">Der <strong data-start=\"1898\" data-end=\"1919\">Apfelbaum Topaz<\/strong> wird in verschiedenen H\u00f6hen angeboten:<\/p>\n<ul data-start=\"1962\" data-end=\"2035\">\n<li data-start=\"1962\" data-end=\"1988\">\n<p data-start=\"1964\" data-end=\"1988\"><strong data-start=\"1964\" data-end=\"1978\">Niedriger Stiel<\/strong> &#8211; 80 cm<\/p>\n<\/li>\n<li data-start=\"1989\" data-end=\"2013\">\n<p data-start=\"1991\" data-end=\"2013\"><strong data-start=\"1991\" data-end=\"2002\">Halbstamm<\/strong> &#8211; 120 cm<\/p>\n<\/li>\n<li data-start=\"2014\" data-end=\"2035\">\n<p data-start=\"2016\" data-end=\"2035\"><strong data-start=\"2016\" data-end=\"2024\">Schaft<\/strong> &#8211; 160 cm<\/p>\n<\/li>\n<li data-start=\"2014\" data-end=\"2035\">\n<p data-start=\"2016\" data-end=\"2035\">Andere Formen sind auf Anfrage erh\u00e4ltlich, einschlie\u00dflich <strong data-start=\"2091\" data-end=\"2117\">S\u00e4ulenapfel<\/strong>.<\/p>\n<\/li>\n<\/ul>\n<hr data-start=\"2120\" data-end=\"2123\" \/>\n<p data-start=\"2289\" data-end=\"2442\">\n<\/div>\n<h2>Wie w\u00e4hle oder kaufe ich einen Apfelbaum?<\/h2>\n<div>\n<p data-start=\"195\" data-end=\"421\">M\u00f6chten Sie einen Obstbaum in Ihrem Garten oder Obstgarten pflanzen? Hier sind unsere Ratschl\u00e4ge f\u00fcr die richtige Wahl Ihres Obstbaums in Bezug auf den verf\u00fcgbaren Platz, die Geschwindigkeit der Fruchtbildung und die Pflegeleichtigkeit.<\/p>\n<h2 data-start=\"423\" data-end=\"460\">Unsere verschiedenen Formen von Apfelb\u00e4umen<\/h2>\n<p data-start=\"462\" data-end=\"544\">Wir bieten verschiedene Formen von Apfelb\u00e4umen an, die f\u00fcr alle Gartentypen geeignet sind:<\/p>\n<h3 data-start=\"546\" data-end=\"573\">Hochst\u00e4mmiger Apfelbaum<\/h3>\n<p data-start=\"574\" data-end=\"662\"><strong data-start=\"574\" data-end=\"595\">Schafth\u00f6he:<\/strong> 160-180 cm<br data-start=\"608\" data-end=\"611\" \/><strong data-start=\"611\" data-end=\"626\">Struktur:<\/strong> Gekr\u00f6nt (4-5 Zweige) und gepfeilt<\/p>\n<p data-start=\"664\" data-end=\"1044\">Der <strong data-start=\"667\" data-end=\"689\">Hochstamm-Apfelbaum<\/strong> ist die st\u00e4rkste Form. Er kann eine H\u00f6he von <strong data-start=\"756\" data-end=\"774\">10 bis 15 Metern<\/strong> erreichen und beginnt etwa <strong data-start=\"817\" data-end=\"830\">4 bis 6 Jahre<\/strong> nach der Pflanzung Fr\u00fcchte zu tragen (je nach Sorte).<br data-start=\"870\" data-end=\"873\" \/>Bei regelm\u00e4\u00dfigem Beschneiden kann er auf mindestens <strong data-start=\"923\" data-end=\"937\">5-6 Meter<\/strong> gehalten werden.<br data-start=\"946\" data-end=\"949\" \/>Ideal f\u00fcr <strong data-start=\"964\" data-end=\"982\">gro\u00dfe G\u00e4rten<\/strong>, <strong data-start=\"984\" data-end=\"997\">Weiden<\/strong> oder um<strong data-start=\"1024\" data-end=\"1043\">nat\u00fcrliche Schattenbereiche<\/strong> zu schaffen.<\/p>\n<h3 data-start=\"1046\" data-end=\"1070\">Halbstammiger Apfelbaum<\/h3>\n<p data-start=\"1071\" data-end=\"1153\"><strong data-start=\"1071\" data-end=\"1092\">Schafth\u00f6he:<\/strong> 120 cm<br data-start=\"1099\" data-end=\"1102\" \/><strong data-start=\"1102\" data-end=\"1117\">Struktur:<\/strong> Gekr\u00f6nt (4-5 Zweige) und gepfeilt<\/p>\n<p data-start=\"1155\" data-end=\"1538\">Der <strong data-start=\"1158\" data-end=\"1177\">Halbstamm-Apfelbaum<\/strong> hat eine mittlere Wuchsst\u00e4rke. Er kann <strong data-start=\"1226\" data-end=\"1243\">8-10 m<\/strong> hoch werden und beginnt nach <strong data-start=\"1291\" data-end=\"1304\">3-4 Jahren<\/strong> (je nach Sorte) Fr\u00fcchte zu tragen.<br data-start=\"1324\" data-end=\"1327\" \/>Bei regelm\u00e4\u00dfigem Beschnitt kann er auf <strong data-start=\"1378\" data-end=\"1392\">4-5 m<\/strong> H\u00f6he gehalten werden.<br data-start=\"1393\" data-end=\"1396\" \/>Perfekt f\u00fcr <strong data-start=\"1413\" data-end=\"1442\">mittelgro\u00dfe G\u00e4rten<\/strong>, am Rand oder in der <strong data-start=\"1461\" data-end=\"1482\">Mitte eines Rasens<\/strong>, da seine H\u00f6he einen <strong data-start=\"1505\" data-end=\"1537\">leichten Zugang zum M<\/strong>\u00e4hen erm\u00f6glicht.<\/p>\n<h3 data-start=\"1540\" data-end=\"1577\">Buschapfel (Niederstamm)<\/h3>\n<p data-start=\"1578\" data-end=\"1659\"><strong data-start=\"1578\" data-end=\"1599\">Schafth\u00f6he:<\/strong> 80 cm<br data-start=\"1605\" data-end=\"1608\" \/><strong data-start=\"1608\" data-end=\"1623\">Struktur:<\/strong> Gekr\u00f6nt (4-5 Zweige) und gepfeilt<\/p>\n<p data-start=\"1661\" data-end=\"2112\">Der <strong data-start=\"1664\" data-end=\"1683\">Strauchapfelbaum<\/strong> ist eine schwachw\u00fcchsige Form. Er wird <strong data-start=\"1728\" data-end=\"1744\">3 bis 4 Meter<\/strong> hoch und tr\u00e4gt bereits <strong data-start=\"1771\" data-end=\"1784\">1 bis 2 Jahre<\/strong> nach der Pflanzung Fr\u00fcchte (je nach Sorte).<br data-start=\"1821\" data-end=\"1824\" \/>Bei regelm\u00e4\u00dfigem Beschneiden kann er auf <strong data-start=\"1874\" data-end=\"1892\">2 bis 2,5 Meter<\/strong> H\u00f6he wachsen.<br data-start=\"1893\" data-end=\"1896\" \/>Empfohlen f\u00fcr <strong data-start=\"1916\" data-end=\"1934\">kleine G\u00e4rten<\/strong>, <strong data-start=\"1940\" data-end=\"1953\">Terrassen<\/strong>, als <strong data-start=\"1958\" data-end=\"1965\">Topfpflanze<\/strong> oder zur Schaffung von <strong data-start=\"1984\" data-end=\"2004\">Obsthecken<\/strong>.<br data-start=\"2005\" data-end=\"2008\" \/>Seine wichtigsten Vorteile: <strong data-start=\"2035\" data-end=\"2059\">schneller Fruchtansatz<\/strong>, <strong data-start=\"2061\" data-end=\"2081\">einfache Pflege<\/strong> (Schnitt, Behandlung, Ernte).<\/p>\n<h3 data-start=\"2114\" data-end=\"2128\">Scion<\/h3>\n<p data-start=\"2129\" data-end=\"2375\">Der <strong data-start=\"2132\" data-end=\"2141\">S\u00e4mling<\/strong> entspricht einem <strong data-start=\"2158\" data-end=\"2177\">Strauchapfelbaum<\/strong>, der jedoch<strong data-start=\"2186\" data-end=\"2210\">ein Jahr j\u00fcnger<\/strong> ist. Er ben\u00f6tigt daher etwas mehr Zeit, bevor er Fr\u00fcchte tr\u00e4gt. Er ist eine gute Alternative, wenn Sie die zuk\u00fcnftige Form Ihres Baumes selbst gestalten m\u00f6chten.<\/p>\n<hr data-start=\"2377\" data-end=\"2380\" \/>\n<h2 data-start=\"2382\" data-end=\"2401\">Garantierte Qualit\u00e4t<\/h2>\n<p data-start=\"2403\" data-end=\"2535\">Alle von uns angebotenen Obstb\u00e4ume sind von <strong data-start=\"2449\" data-end=\"2465\">h\u00f6chster Qualit\u00e4t<\/strong> und entsprechen den <strong data-start=\"2481\" data-end=\"2534\">Normen des Verbandes Schweizerischer Baum<\/strong>schulen.<\/p>\n<hr data-start=\"2537\" data-end=\"2540\" \/>\n<h2 data-start=\"2542\" data-end=\"2579\">Kurz gesagt: Welcher Apfelbaum ist der richtige?<\/h2>\n<div class=\"_tableContainer_80l1q_1\">\n<div class=\"_tableWrapper_80l1q_14 group flex w-fit flex-col-reverse\" tabindex=\"-1\">\n<table class=\"w-fit min-w-(--thread-content-width)\" data-start=\"2581\" data-end=\"3073\">\n<thead data-start=\"2581\" data-end=\"2660\">\n<tr data-start=\"2581\" data-end=\"2660\">\n<th data-start=\"2581\" data-end=\"2599\" data-col-size=\"sm\">Art des Apfelbaums<\/th>\n<th data-start=\"2599\" data-end=\"2616\" data-col-size=\"sm\">H\u00f6he des ausgewachsenen Baums<\/th>\n<th data-start=\"2616\" data-end=\"2632\" data-col-size=\"sm\">Fruchtansatz<\/th>\n<th data-start=\"2632\" data-end=\"2647\" data-col-size=\"sm\">Idealer Platz<\/th>\n<th data-start=\"2647\" data-end=\"2660\" data-col-size=\"sm\">Pflege<\/th>\n<\/tr>\n<\/thead>\n<tbody data-start=\"2741\" data-end=\"3073\">\n<tr data-start=\"2741\" data-end=\"2820\">\n<td data-start=\"2741\" data-end=\"2759\" data-col-size=\"sm\"><strong data-start=\"2743\" data-end=\"2757\">Hochstamm<\/strong><\/td>\n<td data-col-size=\"sm\" data-start=\"2759\" data-end=\"2776\">10-15 m<\/td>\n<td data-col-size=\"sm\" data-start=\"2776\" data-end=\"2792\">4-6 Jahre<\/td>\n<td data-col-size=\"sm\" data-start=\"2792\" data-end=\"2807\">Gro\u00dfer Garten<\/td>\n<td data-col-size=\"sm\" data-start=\"2807\" data-end=\"2820\">Mittel<\/td>\n<\/tr>\n<tr data-start=\"2821\" data-end=\"2900\">\n<td data-start=\"2821\" data-end=\"2839\" data-col-size=\"sm\"><strong data-start=\"2823\" data-end=\"2834\">Halbstamm<\/strong><\/td>\n<td data-col-size=\"sm\" data-start=\"2839\" data-end=\"2856\">8-10 m<\/td>\n<td data-col-size=\"sm\" data-start=\"2856\" data-end=\"2872\">3-4 Jahre<\/td>\n<td data-col-size=\"sm\" data-start=\"2872\" data-end=\"2887\">Mittelgro\u00dfer Garten<\/td>\n<td data-col-size=\"sm\" data-start=\"2887\" data-end=\"2900\">Leicht<\/td>\n<\/tr>\n<tr data-start=\"2901\" data-end=\"2987\">\n<td data-start=\"2901\" data-end=\"2919\" data-col-size=\"sm\"><strong data-start=\"2903\" data-end=\"2914\">Busch<\/strong><\/td>\n<td data-col-size=\"sm\" data-start=\"2919\" data-end=\"2936\">3-4 m<\/td>\n<td data-col-size=\"sm\" data-start=\"2936\" data-end=\"2952\">1-2 Jahre<\/td>\n<td data-col-size=\"sm\" data-start=\"2952\" data-end=\"2972\">Kleiner Garten, Topf<\/td>\n<td data-col-size=\"sm\" data-start=\"2972\" data-end=\"2987\">Sehr einfach<\/td>\n<\/tr>\n<tr data-start=\"2988\" data-end=\"3073\">\n<td data-start=\"2988\" data-end=\"3006\" data-col-size=\"sm\"><strong data-start=\"2990\" data-end=\"2999\">Spindel<\/strong><\/td>\n<td data-col-size=\"sm\" data-start=\"3006\" data-end=\"3027\">3-4 m (j\u00fcnger)<\/td>\n<td data-col-size=\"sm\" data-start=\"3027\" data-end=\"3037\">2-3 Jahre<\/td>\n<td data-col-size=\"sm\" data-start=\"3037\" data-end=\"3052\">Wie Busch<\/td>\n<td data-col-size=\"sm\" data-start=\"3052\" data-end=\"3073\">Selbst zu formen<\/td>\n<\/tr>\n<\/tbody>\n<\/table>\n<div class=\"sticky end-(--thread-content-margin) h-0 self-end select-none\">\n<div class=\"absolute end-0 flex items-end\"><\/div>\n<\/div>\n<\/div>\n<\/div>\n<hr data-start=\"3075\" data-end=\"3078\" \/>\n<p data-start=\"3080\" data-end=\"3204\">Z\u00f6gern Sie nicht, uns zu kontaktieren, um eine pers\u00f6nliche Beratung zu erhalten, die auf Ihr Grundst\u00fcck, Ihr Klima oder Ihre Sortenw\u00fcnsche abgestimmt ist!<\/p>\n<\/div>\n","protected":false},"excerpt":{"rendered":"<div><strong>Lager- und Herbstapfel<\/strong><\/div>\n<div><strong>Ernte:<\/strong> Anfang Oktober<br \/>\n<strong>Lagerung<\/strong>: Oktober bis April<br \/>\n<strong>Fruchtfleisch<\/strong>: gelb, fein, sehr saftig, harmonisch, s\u00fc\u00df mit etwas S\u00e4ure<br \/>\n<strong>Besonderheiten:<\/strong> sehr widerstandsf\u00e4hige und gesunde Sorte, schneller und regelm\u00e4\u00dfiger Ertrag und einfach zu kultivieren.<\/div>\n<div>\n<p data-start=\"445\" data-end=\"545\">Topfpflanzen werden innert 5\u20137 Tagen geliefert.<\/p>\n<p>Die Pflanzen\u00a0 \u201eWurzelnackt\u201c\u00a0 wird ab dem 20. Oktober bis Ende M\u00e4rz ausgeliefert<\/p>\n<\/div>\n","protected":false},"featured_media":6433,"comment_status":"open","ping_status":"closed","template":"","meta":{"_acf_changed":false},"product_brand":[229],"product_cat":[151,144,226,216,223],"product_tag":[138,155,154],"class_list":{"0":"post-6318","1":"product","2":"type-product","3":"status-publish","4":"has-post-thumbnail","6":"product_brand-pepiniere-fruitiere","7":"product_cat-herbst-und-lageraepfel","8":"product_cat-herbstaepfel","9":"product_cat-obstbaeume-fuer-anfaenger-pflegeleichte-obstbaeume","10":"product_cat-obstbaeume-fuer-hoehenlagen","11":"product_cat-obstbaeume-resistent-gegen-krankheiten","12":"product_tag-kuchen","13":"product_tag-lageraepfel","14":"product_tag-sehr-resistent-gegen-krankheiten","16":"first","17":"instock","18":"sale","19":"taxable","20":"shipping-taxable","21":"purchasable","22":"product-type-variable"},"acf":[],"yoast_head":"<!-- This site is optimized with the Yoast SEO plugin v27.3 - https:\/\/yoast.com\/product\/yoast-seo-wordpress\/ -->\n<title>Apfelbaum Topaz - Die Obstbaumschule<\/title>\n<meta name=\"description\" content=\"Kaufen Sie einen Apfelbaum Topaz: Feiner, saftiger, sehr widerstandsf\u00e4hig, einfach zu kultivieren und bis April zu lagern. Ideal f\u00fcr Bio-Anbau.\" \/>\n<meta name=\"robots\" content=\"index, follow, max-snippet:-1, max-image-preview:large, max-video-preview:-1\" \/>\n<link rel=\"canonical\" href=\"https:\/\/pepiniere-bio.ch\/de\/Produkt\/apfelbaum-topaz-2\/\" \/>\n<meta property=\"og:locale\" content=\"de_DE\" \/>\n<meta property=\"og:type\" content=\"article\" \/>\n<meta property=\"og:title\" content=\"Apfelbaum Topaz - Die Obstbaumschule\" \/>\n<meta property=\"og:description\" content=\"Kaufen Sie einen Apfelbaum Topaz: Feiner, saftiger, sehr widerstandsf\u00e4hig, einfach zu kultivieren und bis April zu lagern. Ideal f\u00fcr Bio-Anbau.\" \/>\n<meta property=\"og:url\" content=\"https:\/\/pepiniere-bio.ch\/de\/Produkt\/apfelbaum-topaz-2\/\" \/>\n<meta property=\"og:site_name\" content=\"Die Obstbaumschule\" \/>\n<meta property=\"article:publisher\" content=\"https:\/\/www.facebook.com\/profile.php?id=61565115227971\" \/>\n<meta property=\"article:modified_time\" content=\"2026-03-06T19:53:16+00:00\" \/>\n<meta property=\"og:image\" content=\"https:\/\/pepiniere-bio.ch\/wp-content\/uploads\/2026\/02\/pommier-topaz-resistant.jpg\" \/>\n\t<meta property=\"og:image:width\" content=\"500\" \/>\n\t<meta property=\"og:image:height\" content=\"500\" \/>\n\t<meta property=\"og:image:type\" content=\"image\/jpeg\" \/>\n<meta name=\"twitter:card\" content=\"summary_large_image\" \/>\n<meta name=\"twitter:label1\" content=\"Gesch\u00e4tzte Lesezeit\" \/>\n\t<meta name=\"twitter:data1\" content=\"4\u00a0Minuten\" \/>\n<script type=\"application\/ld+json\" class=\"yoast-schema-graph\">{\"@context\":\"https:\\\/\\\/schema.org\",\"@graph\":[{\"@type\":\"WebPage\",\"@id\":\"https:\\\/\\\/pepiniere-bio.ch\\\/de\\\/Produkt\\\/apfelbaum-topaz-2\\\/\",\"url\":\"https:\\\/\\\/pepiniere-bio.ch\\\/de\\\/Produkt\\\/apfelbaum-topaz-2\\\/\",\"name\":\"Apfelbaum Topaz - Die Obstbaumschule\",\"isPartOf\":{\"@id\":\"https:\\\/\\\/pepiniere-bio.ch\\\/de\\\/#website\"},\"primaryImageOfPage\":{\"@id\":\"https:\\\/\\\/pepiniere-bio.ch\\\/de\\\/Produkt\\\/apfelbaum-topaz-2\\\/#primaryimage\"},\"image\":{\"@id\":\"https:\\\/\\\/pepiniere-bio.ch\\\/de\\\/Produkt\\\/apfelbaum-topaz-2\\\/#primaryimage\"},\"thumbnailUrl\":\"https:\\\/\\\/pepiniere-bio.ch\\\/wp-content\\\/uploads\\\/2026\\\/02\\\/pommier-topaz-resistant.jpg\",\"datePublished\":\"2026-02-22T09:21:46+00:00\",\"dateModified\":\"2026-03-06T19:53:16+00:00\",\"description\":\"Kaufen Sie einen Apfelbaum Topaz: Feiner, saftiger, sehr widerstandsf\u00e4hig, einfach zu kultivieren und bis April zu lagern. Ideal f\u00fcr Bio-Anbau.\",\"breadcrumb\":{\"@id\":\"https:\\\/\\\/pepiniere-bio.ch\\\/de\\\/Produkt\\\/apfelbaum-topaz-2\\\/#breadcrumb\"},\"inLanguage\":\"de\",\"potentialAction\":[{\"@type\":\"ReadAction\",\"target\":[\"https:\\\/\\\/pepiniere-bio.ch\\\/de\\\/Produkt\\\/apfelbaum-topaz-2\\\/\"]}]},{\"@type\":\"ImageObject\",\"inLanguage\":\"de\",\"@id\":\"https:\\\/\\\/pepiniere-bio.ch\\\/de\\\/Produkt\\\/apfelbaum-topaz-2\\\/#primaryimage\",\"url\":\"https:\\\/\\\/pepiniere-bio.ch\\\/wp-content\\\/uploads\\\/2026\\\/02\\\/pommier-topaz-resistant.jpg\",\"contentUrl\":\"https:\\\/\\\/pepiniere-bio.ch\\\/wp-content\\\/uploads\\\/2026\\\/02\\\/pommier-topaz-resistant.jpg\",\"width\":500,\"height\":500},{\"@type\":\"BreadcrumbList\",\"@id\":\"https:\\\/\\\/pepiniere-bio.ch\\\/de\\\/Produkt\\\/apfelbaum-topaz-2\\\/#breadcrumb\",\"itemListElement\":[{\"@type\":\"ListItem\",\"position\":1,\"name\":\"Accueil\",\"item\":\"https:\\\/\\\/pepiniere-bio.ch\\\/de\\\/\"},{\"@type\":\"ListItem\",\"position\":2,\"name\":\"Shop\",\"item\":\"https:\\\/\\\/pepiniere-bio.ch\\\/de\\\/shop\\\/\"},{\"@type\":\"ListItem\",\"position\":3,\"name\":\"Apfelbaum Topaz\"}]},{\"@type\":\"WebSite\",\"@id\":\"https:\\\/\\\/pepiniere-bio.ch\\\/de\\\/#website\",\"url\":\"https:\\\/\\\/pepiniere-bio.ch\\\/de\\\/\",\"name\":\"P\u00e9pini\u00e8re fruiti\u00e8re suisse\",\"description\":\"La p\u00e9pini\u00e8re fruiti\u00e8re suisse\",\"publisher\":{\"@id\":\"https:\\\/\\\/pepiniere-bio.ch\\\/de\\\/#organization\"},\"alternateName\":\"P\u00e9pini\u00e8re fruiti\u00e8re suisse\",\"potentialAction\":[{\"@type\":\"SearchAction\",\"target\":{\"@type\":\"EntryPoint\",\"urlTemplate\":\"https:\\\/\\\/pepiniere-bio.ch\\\/de\\\/?s={search_term_string}\"},\"query-input\":{\"@type\":\"PropertyValueSpecification\",\"valueRequired\":true,\"valueName\":\"search_term_string\"}}],\"inLanguage\":\"de\"},{\"@type\":\"Organization\",\"@id\":\"https:\\\/\\\/pepiniere-bio.ch\\\/de\\\/#organization\",\"name\":\"La p\u00e9pini\u00e8re fruiti\u00e8re\",\"alternateName\":\"La p\u00e9pini\u00e8re fruiti\u00e8re\",\"url\":\"https:\\\/\\\/pepiniere-bio.ch\\\/de\\\/\",\"logo\":{\"@type\":\"ImageObject\",\"inLanguage\":\"de\",\"@id\":\"https:\\\/\\\/pepiniere-bio.ch\\\/de\\\/#\\\/schema\\\/logo\\\/image\\\/\",\"url\":\"http:\\\/\\\/new.pepiniere-bio.ch\\\/wp-content\\\/uploads\\\/2026\\\/01\\\/logo-300.png\",\"contentUrl\":\"http:\\\/\\\/new.pepiniere-bio.ch\\\/wp-content\\\/uploads\\\/2026\\\/01\\\/logo-300.png\",\"width\":300,\"height\":300,\"caption\":\"La p\u00e9pini\u00e8re fruiti\u00e8re\"},\"image\":{\"@id\":\"https:\\\/\\\/pepiniere-bio.ch\\\/de\\\/#\\\/schema\\\/logo\\\/image\\\/\"},\"sameAs\":[\"https:\\\/\\\/www.facebook.com\\\/profile.php?id=61565115227971\",\"https:\\\/\\\/www.instagram.com\\\/pepinierebio?igsh=cmR2aGdsMjZ1ZnNn\"]}]}<\/script>\n<!-- \/ Yoast SEO plugin. -->","yoast_head_json":{"title":"Apfelbaum Topaz - Die Obstbaumschule","description":"Kaufen Sie einen Apfelbaum Topaz: Feiner, saftiger, sehr widerstandsf\u00e4hig, einfach zu kultivieren und bis April zu lagern. Ideal f\u00fcr Bio-Anbau.","robots":{"index":"index","follow":"follow","max-snippet":"max-snippet:-1","max-image-preview":"max-image-preview:large","max-video-preview":"max-video-preview:-1"},"canonical":"https:\/\/pepiniere-bio.ch\/de\/Produkt\/apfelbaum-topaz-2\/","og_locale":"de_DE","og_type":"article","og_title":"Apfelbaum Topaz - Die Obstbaumschule","og_description":"Kaufen Sie einen Apfelbaum Topaz: Feiner, saftiger, sehr widerstandsf\u00e4hig, einfach zu kultivieren und bis April zu lagern. Ideal f\u00fcr Bio-Anbau.","og_url":"https:\/\/pepiniere-bio.ch\/de\/Produkt\/apfelbaum-topaz-2\/","og_site_name":"Die Obstbaumschule","article_publisher":"https:\/\/www.facebook.com\/profile.php?id=61565115227971","article_modified_time":"2026-03-06T19:53:16+00:00","og_image":[{"width":500,"height":500,"url":"https:\/\/pepiniere-bio.ch\/wp-content\/uploads\/2026\/02\/pommier-topaz-resistant.jpg","type":"image\/jpeg"}],"twitter_card":"summary_large_image","twitter_misc":{"Gesch\u00e4tzte Lesezeit":"4\u00a0Minuten"},"schema":{"@context":"https:\/\/schema.org","@graph":[{"@type":"WebPage","@id":"https:\/\/pepiniere-bio.ch\/de\/Produkt\/apfelbaum-topaz-2\/","url":"https:\/\/pepiniere-bio.ch\/de\/Produkt\/apfelbaum-topaz-2\/","name":"Apfelbaum Topaz - Die Obstbaumschule","isPartOf":{"@id":"https:\/\/pepiniere-bio.ch\/de\/#website"},"primaryImageOfPage":{"@id":"https:\/\/pepiniere-bio.ch\/de\/Produkt\/apfelbaum-topaz-2\/#primaryimage"},"image":{"@id":"https:\/\/pepiniere-bio.ch\/de\/Produkt\/apfelbaum-topaz-2\/#primaryimage"},"thumbnailUrl":"https:\/\/pepiniere-bio.ch\/wp-content\/uploads\/2026\/02\/pommier-topaz-resistant.jpg","datePublished":"2026-02-22T09:21:46+00:00","dateModified":"2026-03-06T19:53:16+00:00","description":"Kaufen Sie einen Apfelbaum Topaz: Feiner, saftiger, sehr widerstandsf\u00e4hig, einfach zu kultivieren und bis April zu lagern. Ideal f\u00fcr Bio-Anbau.","breadcrumb":{"@id":"https:\/\/pepiniere-bio.ch\/de\/Produkt\/apfelbaum-topaz-2\/#breadcrumb"},"inLanguage":"de","potentialAction":[{"@type":"ReadAction","target":["https:\/\/pepiniere-bio.ch\/de\/Produkt\/apfelbaum-topaz-2\/"]}]},{"@type":"ImageObject","inLanguage":"de","@id":"https:\/\/pepiniere-bio.ch\/de\/Produkt\/apfelbaum-topaz-2\/#primaryimage","url":"https:\/\/pepiniere-bio.ch\/wp-content\/uploads\/2026\/02\/pommier-topaz-resistant.jpg","contentUrl":"https:\/\/pepiniere-bio.ch\/wp-content\/uploads\/2026\/02\/pommier-topaz-resistant.jpg","width":500,"height":500},{"@type":"BreadcrumbList","@id":"https:\/\/pepiniere-bio.ch\/de\/Produkt\/apfelbaum-topaz-2\/#breadcrumb","itemListElement":[{"@type":"ListItem","position":1,"name":"Accueil","item":"https:\/\/pepiniere-bio.ch\/de\/"},{"@type":"ListItem","position":2,"name":"Shop","item":"https:\/\/pepiniere-bio.ch\/de\/shop\/"},{"@type":"ListItem","position":3,"name":"Apfelbaum Topaz"}]},{"@type":"WebSite","@id":"https:\/\/pepiniere-bio.ch\/de\/#website","url":"https:\/\/pepiniere-bio.ch\/de\/","name":"P\u00e9pini\u00e8re fruiti\u00e8re suisse","description":"La p\u00e9pini\u00e8re fruiti\u00e8re suisse","publisher":{"@id":"https:\/\/pepiniere-bio.ch\/de\/#organization"},"alternateName":"P\u00e9pini\u00e8re fruiti\u00e8re suisse","potentialAction":[{"@type":"SearchAction","target":{"@type":"EntryPoint","urlTemplate":"https:\/\/pepiniere-bio.ch\/de\/?s={search_term_string}"},"query-input":{"@type":"PropertyValueSpecification","valueRequired":true,"valueName":"search_term_string"}}],"inLanguage":"de"},{"@type":"Organization","@id":"https:\/\/pepiniere-bio.ch\/de\/#organization","name":"La p\u00e9pini\u00e8re fruiti\u00e8re","alternateName":"La p\u00e9pini\u00e8re fruiti\u00e8re","url":"https:\/\/pepiniere-bio.ch\/de\/","logo":{"@type":"ImageObject","inLanguage":"de","@id":"https:\/\/pepiniere-bio.ch\/de\/#\/schema\/logo\/image\/","url":"http:\/\/new.pepiniere-bio.ch\/wp-content\/uploads\/2026\/01\/logo-300.png","contentUrl":"http:\/\/new.pepiniere-bio.ch\/wp-content\/uploads\/2026\/01\/logo-300.png","width":300,"height":300,"caption":"La p\u00e9pini\u00e8re fruiti\u00e8re"},"image":{"@id":"https:\/\/pepiniere-bio.ch\/de\/#\/schema\/logo\/image\/"},"sameAs":["https:\/\/www.facebook.com\/profile.php?id=61565115227971","https:\/\/www.instagram.com\/pepinierebio?igsh=cmR2aGdsMjZ1ZnNn"]}]}},"jetpack_sharing_enabled":true,"_links":{"self":[{"href":"https:\/\/pepiniere-bio.ch\/de\/wp-json\/wp\/v2\/product\/6318","targetHints":{"allow":["GET"]}}],"collection":[{"href":"https:\/\/pepiniere-bio.ch\/de\/wp-json\/wp\/v2\/product"}],"about":[{"href":"https:\/\/pepiniere-bio.ch\/de\/wp-json\/wp\/v2\/types\/product"}],"replies":[{"embeddable":true,"href":"https:\/\/pepiniere-bio.ch\/de\/wp-json\/wp\/v2\/comments?post=6318"}],"wp:featuredmedia":[{"embeddable":true,"href":"https:\/\/pepiniere-bio.ch\/de\/wp-json\/wp\/v2\/media\/6433"}],"wp:attachment":[{"href":"https:\/\/pepiniere-bio.ch\/de\/wp-json\/wp\/v2\/media?parent=6318"}],"wp:term":[{"taxonomy":"product_brand","embeddable":true,"href":"https:\/\/pepiniere-bio.ch\/de\/wp-json\/wp\/v2\/product_brand?post=6318"},{"taxonomy":"product_cat","embeddable":true,"href":"https:\/\/pepiniere-bio.ch\/de\/wp-json\/wp\/v2\/product_cat?post=6318"},{"taxonomy":"product_tag","embeddable":true,"href":"https:\/\/pepiniere-bio.ch\/de\/wp-json\/wp\/v2\/product_tag?post=6318"}],"curies":[{"name":"wp","href":"https:\/\/api.w.org\/{rel}","templated":true}]}}