{"id":6295,"date":"2026-02-21T11:05:25","date_gmt":"2026-02-21T11:05:25","guid":{"rendered":"https:\/\/pepiniere-bio.ch\/?post_type=product&#038;p=6295"},"modified":"2026-03-06T19:53:16","modified_gmt":"2026-03-06T19:53:16","slug":"apfelbaum-karneval-2","status":"publish","type":"product","link":"https:\/\/pepiniere-bio.ch\/de\/Produkt\/apfelbaum-karneval-2\/","title":{"rendered":"Apfelbaum Karneval"},"content":{"rendered":"<div>\n<h2 data-start=\"225\" data-end=\"312\">Apfelbaum Karneval &#8211; Widerstandsf\u00e4hige Herbstsorte, ideal f\u00fcr die Lagerung<\/h2>\n<p data-start=\"314\" data-end=\"677\">Der <strong data-start=\"317\" data-end=\"341\">Apfelbaum Karneval<\/strong> ist eine <strong data-start=\"350\" data-end=\"370\">Lagersorte<\/strong>, die wegen ihrer gro\u00dfen, farbigen Fr\u00fcchte, ihres harmonischen Aromas und ihrer <strong data-start=\"443\" data-end=\"477\">hohen Krankheitsresistenz<\/strong> sehr gesch\u00e4tzt wird. Sie eignet sich f\u00fcr <strong data-start=\"491\" data-end=\"514\">biologische Obstg\u00e4rten<\/strong>, <strong data-start=\"521\" data-end=\"538\">Direktvermarktung<\/strong> und <strong data-start=\"546\" data-end=\"567\">Kleing\u00e4rten<\/strong> und ist ein sicherer Wert f\u00fcr diejenigen, die <strong data-start=\"616\" data-end=\"642\">einen Apfelbaum kaufen<\/strong> m\u00f6chten, der sowohl gut aussieht als auch schmeckt.<\/p>\n<h3 data-start=\"679\" data-end=\"725\">Ein gro\u00dfz\u00fcgiger und ausgewogener Apfel<\/h3>\n<p data-start=\"727\" data-end=\"1068\">Die Fr\u00fcchte des <strong data-start=\"741\" data-end=\"761\">Karneval-Apfelbaums<\/strong> sind <strong data-start=\"767\" data-end=\"787\">gro\u00df, rund und<\/strong> haben eine <strong data-start=\"798\" data-end=\"842\">gelbgr\u00fcne Schale<\/strong> mit <strong data-start=\"798\" data-end=\"842\">sch\u00f6nen roten Streifen<\/strong>. Das <strong data-start=\"849\" data-end=\"886\">wei\u00dfe, feste und knackige Fruchtfleisch<\/strong> ist <strong data-start=\"891\" data-end=\"910\">saftig, s\u00fc\u00df<\/strong>, mit einer <strong data-start=\"921\" data-end=\"955\">leichten S\u00e4ure und einem sch\u00f6nen Aroma<\/strong>, das ein ausgezeichnetes Gleichgewicht im Mund bietet. Es handelt sich um einen hochwertigen <strong data-start=\"1009\" data-end=\"1027\">Tafelapfel<\/strong>, der sowohl gut aussieht als auch gut schmeckt.<\/p>\n<h3 data-start=\"1070\" data-end=\"1117\">Ernte Anfang Oktober und gute Haltbarkeit<\/h3>\n<p data-start=\"1119\" data-end=\"1307\">Die <strong data-start=\"1122\" data-end=\"1155\">Ernte findet Anfang Oktober statt<\/strong>. Bei Lagerung in einem <strong data-start=\"1176\" data-end=\"1200\">guten Naturkeller<\/strong> <strong data-start=\"1205\" data-end=\"1245\">h\u00e4lt<\/strong> der <strong data-start=\"1205\" data-end=\"1245\">Karnevalsapfel bis Februar<\/strong>, was ihn zu einer <strong data-start=\"1266\" data-end=\"1306\">idealen Lagersorte f\u00fcr den Winter<\/strong> macht.<\/p>\n<h3 data-start=\"1309\" data-end=\"1353\">Eine nat\u00fcrlich resistente Sorte<\/h3>\n<p data-start=\"1355\" data-end=\"1416\">Der <strong data-start=\"1358\" data-end=\"1378\">Apfelbaum Karneval<\/strong> kombiniert <strong data-start=\"1387\" data-end=\"1412\">Widerstandsf\u00e4higkeit und St\u00e4rke<\/strong>:<\/p>\n<ul data-start=\"1417\" data-end=\"1628\">\n<li data-start=\"1417\" data-end=\"1453\">\n<p data-start=\"1419\" data-end=\"1453\"><strong data-start=\"1419\" data-end=\"1451\">Sehr widerstandsf\u00e4hig gegen Schorf<\/strong><\/p>\n<\/li>\n<li data-start=\"1454\" data-end=\"1485\">\n<p data-start=\"1456\" data-end=\"1485\"><strong data-start=\"1456\" data-end=\"1483\">Wenig anf\u00e4llig f\u00fcr Mehltau<\/strong><\/p>\n<\/li>\n<li data-start=\"1486\" data-end=\"1558\">\n<p data-start=\"1488\" data-end=\"1558\"><strong data-start=\"1488\" data-end=\"1522\">Mittelsp\u00e4t bl\u00fchend, diploid<\/strong> (n\u00fctzlich als Pollenspender)<\/p>\n<\/li>\n<li data-start=\"1559\" data-end=\"1628\">\n<p data-start=\"1561\" data-end=\"1628\"><strong data-start=\"1561\" data-end=\"1591\">Mittleres bis starkes Wachstum<\/strong>, geeignet f\u00fcr verschiedene Umgebungen<\/p>\n<\/li>\n<\/ul>\n<p data-start=\"1630\" data-end=\"1758\">Aufgrund ihrer Widerstandsf\u00e4higkeit gegen Krankheiten ben\u00f6tigt sie im Hobbygarten keine spezielle Behandlung gegen Krankheiten. Daher eignet sie sich hervorragend f\u00fcr den <strong data-start=\"1698\" data-end=\"1713\">biologischen Anbau<\/strong> und f\u00fcr <strong data-start=\"1721\" data-end=\"1757\">naturbewusste G\u00e4rtner<\/strong>.<\/p>\n<h3 data-start=\"1760\" data-end=\"1816\">Karneval Apfelbaum kaufen &#8211; verf\u00fcgbare Formen<\/h3>\n<p data-start=\"1818\" data-end=\"1886\">Der <strong data-start=\"1821\" data-end=\"1845\">Karneval Bio-Apfelbaum<\/strong> ist in verschiedenen Formen erh\u00e4ltlich:<\/p>\n<ul data-start=\"1887\" data-end=\"1960\">\n<li data-start=\"1887\" data-end=\"1913\">\n<p data-start=\"1889\" data-end=\"1913\"><strong data-start=\"1889\" data-end=\"1903\">Niedriger Stiel<\/strong> &#8211; 80 cm<\/p>\n<\/li>\n<li data-start=\"1914\" data-end=\"1938\">\n<p data-start=\"1916\" data-end=\"1938\"><strong data-start=\"1916\" data-end=\"1927\">Halbstamm<\/strong> &#8211; 120 cm<\/p>\n<\/li>\n<li data-start=\"1939\" data-end=\"1960\">\n<p data-start=\"1941\" data-end=\"1960\"><strong data-start=\"1941\" data-end=\"1949\">Schaft<\/strong> &#8211; 160 cm<\/p>\n<\/li>\n<\/ul>\n<\/div>\n<div>\n<h1 data-start=\"143\" data-end=\"193\">Wie w\u00e4hle oder kaufe ich einen Obstapfelbaum?<\/h1>\n<p data-start=\"195\" data-end=\"421\">M\u00f6chten Sie einen Apfelbaum in Ihrem Garten oder Obstgarten pflanzen? Hier sind unsere Tipps f\u00fcr die richtige Wahl des Obstbaums in Bezug auf den verf\u00fcgbaren Platz, die Geschwindigkeit, mit der er Fr\u00fcchte tr\u00e4gt, und die Pflegeleichtigkeit.<\/p>\n<h2 data-start=\"423\" data-end=\"460\">Unsere verschiedenen Formen von Apfelb\u00e4umen<\/h2>\n<p data-start=\"462\" data-end=\"544\">Wir bieten verschiedene Formen von Apfelb\u00e4umen an, die f\u00fcr alle Gartentypen geeignet sind:<\/p>\n<h3 data-start=\"546\" data-end=\"573\">Hochst\u00e4mmiger Apfelbaum<\/h3>\n<p data-start=\"574\" data-end=\"662\"><strong data-start=\"574\" data-end=\"595\">Schafth\u00f6he:<\/strong> 160-180 cm<br data-start=\"608\" data-end=\"611\" \/><strong data-start=\"611\" data-end=\"626\">Struktur:<\/strong> Gekr\u00f6nt (4-5 Zweige) und gepfeilt<\/p>\n<p data-start=\"664\" data-end=\"1044\">Der <strong data-start=\"667\" data-end=\"689\">Hochstamm-Apfelbaum<\/strong> ist die st\u00e4rkste Form. Er kann eine H\u00f6he von <strong data-start=\"756\" data-end=\"774\">10 bis 15 Metern<\/strong> erreichen und beginnt etwa <strong data-start=\"817\" data-end=\"830\">4 bis 6 Jahre<\/strong> nach der Pflanzung Fr\u00fcchte zu tragen (je nach Sorte).<br data-start=\"870\" data-end=\"873\" \/>Bei regelm\u00e4\u00dfigem Beschneiden kann er auf mindestens <strong data-start=\"923\" data-end=\"937\">5-6 Meter<\/strong> gehalten werden.<br data-start=\"946\" data-end=\"949\" \/>Ideal f\u00fcr <strong data-start=\"964\" data-end=\"982\">gro\u00dfe G\u00e4rten<\/strong>, <strong data-start=\"984\" data-end=\"997\">Weiden<\/strong> oder um<strong data-start=\"1024\" data-end=\"1043\">nat\u00fcrliche Schattenbereiche<\/strong> zu schaffen.<\/p>\n<h3 data-start=\"1046\" data-end=\"1070\">Halbstammiger Apfelbaum<\/h3>\n<p data-start=\"1071\" data-end=\"1153\"><strong data-start=\"1071\" data-end=\"1092\">Schafth\u00f6he:<\/strong> 120 cm<br data-start=\"1099\" data-end=\"1102\" \/><strong data-start=\"1102\" data-end=\"1117\">Struktur:<\/strong> Gekr\u00f6nt (4-5 Zweige) und gepfeilt<\/p>\n<p data-start=\"1155\" data-end=\"1538\">Der <strong data-start=\"1158\" data-end=\"1177\">Halbstamm-Apfelbaum<\/strong> hat eine mittlere Wuchsst\u00e4rke. Er kann <strong data-start=\"1226\" data-end=\"1243\">8-10 m<\/strong> hoch werden und beginnt nach <strong data-start=\"1291\" data-end=\"1304\">3-4 Jahren<\/strong> (je nach Sorte) Fr\u00fcchte zu tragen.<br data-start=\"1324\" data-end=\"1327\" \/>Bei regelm\u00e4\u00dfigem Beschneiden kann er auf <strong data-start=\"1378\" data-end=\"1392\">4-5 m<\/strong> H\u00f6he gehalten werden.<br data-start=\"1393\" data-end=\"1396\" \/>Perfekt f\u00fcr <strong data-start=\"1413\" data-end=\"1442\">mittelgro\u00dfe G\u00e4rten<\/strong>, am Rand oder in <strong data-start=\"1461\" data-end=\"1482\">der Mitte eines Rasens<\/strong>, da seine H\u00f6he einen <strong data-start=\"1505\" data-end=\"1537\">leichten Zugang zum M<\/strong>\u00e4hen erm\u00f6glicht.<\/p>\n<h3 data-start=\"1540\" data-end=\"1577\">Buschapfel (Niederstamm)<\/h3>\n<p data-start=\"1578\" data-end=\"1659\"><strong data-start=\"1578\" data-end=\"1599\">Schafth\u00f6he:<\/strong> 80 cm<br data-start=\"1605\" data-end=\"1608\" \/><strong data-start=\"1608\" data-end=\"1623\">Struktur:<\/strong> Gekr\u00f6nt (4-5 Zweige) und gepfeilt<\/p>\n<p data-start=\"1661\" data-end=\"2112\">Der <strong data-start=\"1664\" data-end=\"1683\">Strauchapfelbaum<\/strong> ist eine schwachw\u00fcchsige Form. Er wird <strong data-start=\"1728\" data-end=\"1744\">3 bis 4 Meter<\/strong> hoch und tr\u00e4gt bereits <strong data-start=\"1771\" data-end=\"1784\">1 bis 2 Jahre<\/strong> nach der Pflanzung Fr\u00fcchte (je nach Sorte).<br data-start=\"1821\" data-end=\"1824\" \/>Bei regelm\u00e4\u00dfigem Beschneiden kann er auf <strong data-start=\"1874\" data-end=\"1892\">2 bis 2,5 Meter<\/strong> H\u00f6he wachsen.<br data-start=\"1893\" data-end=\"1896\" \/>Empfohlen f\u00fcr <strong data-start=\"1916\" data-end=\"1934\">kleine G\u00e4rten<\/strong>, <strong data-start=\"1940\" data-end=\"1953\">Terrassen<\/strong>, als <strong data-start=\"1958\" data-end=\"1965\">Topfpflanze<\/strong> oder zur Schaffung von <strong data-start=\"1984\" data-end=\"2004\">Obsthecken<\/strong>.<br data-start=\"2005\" data-end=\"2008\" \/>Seine wichtigsten Vorteile: <strong data-start=\"2035\" data-end=\"2059\">schneller Fruchtansatz<\/strong>, <strong data-start=\"2061\" data-end=\"2081\">einfache Pflege<\/strong> (Schnitt, Behandlung, Ernte).<\/p>\n<h3 data-start=\"2114\" data-end=\"2128\">Scion<\/h3>\n<p data-start=\"2129\" data-end=\"2375\">Der <strong data-start=\"2132\" data-end=\"2141\">S\u00e4mling<\/strong> entspricht einem <strong data-start=\"2158\" data-end=\"2177\">Strauchapfelbaum<\/strong>, der jedoch<strong data-start=\"2186\" data-end=\"2210\">ein Jahr j\u00fcnger<\/strong> ist. Er ben\u00f6tigt daher etwas mehr Zeit, bevor er Fr\u00fcchte tr\u00e4gt. Er ist eine gute Alternative, wenn Sie die zuk\u00fcnftige Form Ihres Baumes selbst gestalten m\u00f6chten.<\/p>\n<hr data-start=\"2377\" data-end=\"2380\" \/>\n<h2 data-start=\"2382\" data-end=\"2401\">Garantierte Qualit\u00e4t<\/h2>\n<p data-start=\"2403\" data-end=\"2535\">Alle von uns angebotenen Obstb\u00e4ume sind von <strong data-start=\"2449\" data-end=\"2465\">h\u00f6chster Qualit\u00e4t<\/strong> und entsprechen den <strong data-start=\"2481\" data-end=\"2534\">Normen des Verbandes Schweizerischer Baum<\/strong>schulen.<\/p>\n<hr data-start=\"2537\" data-end=\"2540\" \/>\n<h2 data-start=\"2542\" data-end=\"2579\">Kurz gesagt: Welcher Apfelbaum ist der richtige?<\/h2>\n<div class=\"_tableContainer_80l1q_1\">\n<div class=\"_tableWrapper_80l1q_14 group flex w-fit flex-col-reverse\" tabindex=\"-1\">\n<table class=\"w-fit min-w-(--thread-content-width)\" data-start=\"2581\" data-end=\"3073\">\n<thead data-start=\"2581\" data-end=\"2660\">\n<tr data-start=\"2581\" data-end=\"2660\">\n<th data-start=\"2581\" data-end=\"2599\" data-col-size=\"sm\">Art des Apfelbaums<\/th>\n<th data-start=\"2599\" data-end=\"2616\" data-col-size=\"sm\">H\u00f6he des ausgewachsenen Baums<\/th>\n<th data-start=\"2616\" data-end=\"2632\" data-col-size=\"sm\">Fruchtansatz<\/th>\n<th data-start=\"2632\" data-end=\"2647\" data-col-size=\"sm\">Idealer Platz<\/th>\n<th data-start=\"2647\" data-end=\"2660\" data-col-size=\"sm\">Pflege<\/th>\n<\/tr>\n<\/thead>\n<tbody data-start=\"2741\" data-end=\"3073\">\n<tr data-start=\"2741\" data-end=\"2820\">\n<td data-start=\"2741\" data-end=\"2759\" data-col-size=\"sm\"><strong data-start=\"2743\" data-end=\"2757\">Hochstamm<\/strong><\/td>\n<td data-col-size=\"sm\" data-start=\"2759\" data-end=\"2776\">10-15 m<\/td>\n<td data-col-size=\"sm\" data-start=\"2776\" data-end=\"2792\">4-6 Jahre<\/td>\n<td data-col-size=\"sm\" data-start=\"2792\" data-end=\"2807\">Gro\u00dfer Garten<\/td>\n<td data-col-size=\"sm\" data-start=\"2807\" data-end=\"2820\">Mittel<\/td>\n<\/tr>\n<tr data-start=\"2821\" data-end=\"2900\">\n<td data-start=\"2821\" data-end=\"2839\" data-col-size=\"sm\"><strong data-start=\"2823\" data-end=\"2834\">Halbstamm<\/strong><\/td>\n<td data-col-size=\"sm\" data-start=\"2839\" data-end=\"2856\">8-10 m<\/td>\n<td data-col-size=\"sm\" data-start=\"2856\" data-end=\"2872\">3-4 Jahre<\/td>\n<td data-col-size=\"sm\" data-start=\"2872\" data-end=\"2887\">Mittelgro\u00dfer Garten<\/td>\n<td data-col-size=\"sm\" data-start=\"2887\" data-end=\"2900\">Leicht<\/td>\n<\/tr>\n<tr data-start=\"2901\" data-end=\"2987\">\n<td data-start=\"2901\" data-end=\"2919\" data-col-size=\"sm\"><strong data-start=\"2903\" data-end=\"2914\">Busch<\/strong><\/td>\n<td data-col-size=\"sm\" data-start=\"2919\" data-end=\"2936\">3-4 m<\/td>\n<td data-col-size=\"sm\" data-start=\"2936\" data-end=\"2952\">1-2 Jahre<\/td>\n<td data-col-size=\"sm\" data-start=\"2952\" data-end=\"2972\">Kleiner Garten, Topf<\/td>\n<td data-col-size=\"sm\" data-start=\"2972\" data-end=\"2987\">Sehr einfach<\/td>\n<\/tr>\n<tr data-start=\"2988\" data-end=\"3073\">\n<td data-start=\"2988\" data-end=\"3006\" data-col-size=\"sm\"><strong data-start=\"2990\" data-end=\"2999\">Spindel<\/strong><\/td>\n<td data-col-size=\"sm\" data-start=\"3006\" data-end=\"3027\">3-4 m (j\u00fcnger)<\/td>\n<td data-col-size=\"sm\" data-start=\"3027\" data-end=\"3037\">2-3 Jahre<\/td>\n<td data-col-size=\"sm\" data-start=\"3037\" data-end=\"3052\">Wie Busch<\/td>\n<td data-col-size=\"sm\" data-start=\"3052\" data-end=\"3073\">Selbst zu formen<\/td>\n<\/tr>\n<\/tbody>\n<\/table>\n<div class=\"sticky end-(--thread-content-margin) h-0 self-end select-none\">\n<div class=\"absolute end-0 flex items-end\"><\/div>\n<\/div>\n<\/div>\n<\/div>\n<hr data-start=\"3075\" data-end=\"3078\" \/>\n<p data-start=\"3080\" data-end=\"3204\">Z\u00f6gern Sie nicht, uns zu kontaktieren, um eine pers\u00f6nliche Beratung zu erhalten, die auf Ihr Grundst\u00fcck, Ihr Klima oder Ihre Sortenw\u00fcnsche abgestimmt ist!<\/p>\n<\/div>\n","protected":false},"excerpt":{"rendered":"<div><strong>Lager- und Herbstapfel<\/strong><\/div>\n<div><strong>Ernte:<\/strong> Anfang Oktober<br \/>\n<strong>Lagerung:<\/strong> Oktober bis Februar<\/div>\n<div><strong>Fruchtfleisch<\/strong>: wei\u00df, saftig, leicht s\u00e4uerlich, fest, knackig, saftig, harmonisch, s\u00fc\u00df mit etwas S\u00e4ure, sch\u00f6nes Aroma<br \/>\n<strong>Besonderheiten<\/strong>: sehr widerstandsf\u00e4hige und attraktive Sorte, f\u00fcr den Direktverkauf und den Hausgarten<br \/>\n<strong>Verwendung<\/strong>: Tafelapfel<\/div>\n<div>Topfpflanzen werden innert 5\u20137 Tagen geliefert.<br data-start=\"394\" data-end=\"397\" \/>Die Pflanzen\u00a0 \u201eWurzelnackt\u201c\u00a0 wird ab dem 20. Oktober bis Ende M\u00e4rz ausgeliefert.<\/div>\n<div><\/div>\n","protected":false},"featured_media":6430,"comment_status":"open","ping_status":"closed","template":"","meta":{"_acf_changed":false},"product_brand":[229],"product_cat":[151,144,226,216,223],"product_tag":[138,155,154],"class_list":{"0":"post-6295","1":"product","2":"type-product","3":"status-publish","4":"has-post-thumbnail","6":"product_brand-pepiniere-fruitiere","7":"product_cat-herbst-und-lageraepfel","8":"product_cat-herbstaepfel","9":"product_cat-obstbaeume-fuer-anfaenger-pflegeleichte-obstbaeume","10":"product_cat-obstbaeume-fuer-hoehenlagen","11":"product_cat-obstbaeume-resistent-gegen-krankheiten","12":"product_tag-kuchen","13":"product_tag-lageraepfel","14":"product_tag-sehr-resistent-gegen-krankheiten","16":"first","17":"instock","18":"sale","19":"taxable","20":"shipping-taxable","21":"purchasable","22":"product-type-variable"},"acf":[],"yoast_head":"<!-- This site is optimized with the Yoast SEO plugin v27.3 - https:\/\/yoast.com\/product\/yoast-seo-wordpress\/ -->\n<title>Apfelbaum Karneval - Gro\u00dfe Herbstfrucht<\/title>\n<meta name=\"description\" content=\"Kaufen Sie einen Karneval Apfelbaum: gro\u00dfe, sehr widerstandsf\u00e4hig, ideal f\u00fcr Bio-Obstg\u00e4rten, Direktverkauf und Lagerung bis Februar.\" \/>\n<meta name=\"robots\" content=\"index, follow, max-snippet:-1, max-image-preview:large, max-video-preview:-1\" \/>\n<link rel=\"canonical\" href=\"https:\/\/pepiniere-bio.ch\/de\/Produkt\/apfelbaum-karneval-2\/\" \/>\n<meta property=\"og:locale\" content=\"de_DE\" \/>\n<meta property=\"og:type\" content=\"article\" \/>\n<meta property=\"og:title\" content=\"Apfelbaum Karneval - Gro\u00dfe Herbstfrucht\" \/>\n<meta property=\"og:description\" content=\"Kaufen Sie einen Karneval Apfelbaum: gro\u00dfe, sehr widerstandsf\u00e4hig, ideal f\u00fcr Bio-Obstg\u00e4rten, Direktverkauf und Lagerung bis Februar.\" \/>\n<meta property=\"og:url\" content=\"https:\/\/pepiniere-bio.ch\/de\/Produkt\/apfelbaum-karneval-2\/\" \/>\n<meta property=\"og:site_name\" content=\"Die Obstbaumschule\" \/>\n<meta property=\"article:publisher\" content=\"https:\/\/www.facebook.com\/profile.php?id=61565115227971\" \/>\n<meta property=\"article:modified_time\" content=\"2026-03-06T19:53:16+00:00\" \/>\n<meta property=\"og:image\" content=\"https:\/\/pepiniere-bio.ch\/wp-content\/uploads\/2026\/02\/Pommier-Karneval-pomme-bicolor.jpg\" \/>\n\t<meta property=\"og:image:width\" content=\"500\" \/>\n\t<meta property=\"og:image:height\" content=\"500\" \/>\n\t<meta property=\"og:image:type\" content=\"image\/jpeg\" \/>\n<meta name=\"twitter:card\" content=\"summary_large_image\" \/>\n<meta name=\"twitter:label1\" content=\"Gesch\u00e4tzte Lesezeit\" \/>\n\t<meta name=\"twitter:data1\" content=\"4\u00a0Minuten\" \/>\n<script type=\"application\/ld+json\" class=\"yoast-schema-graph\">{\"@context\":\"https:\\\/\\\/schema.org\",\"@graph\":[{\"@type\":\"WebPage\",\"@id\":\"https:\\\/\\\/pepiniere-bio.ch\\\/de\\\/Produkt\\\/apfelbaum-karneval-2\\\/\",\"url\":\"https:\\\/\\\/pepiniere-bio.ch\\\/de\\\/Produkt\\\/apfelbaum-karneval-2\\\/\",\"name\":\"Apfelbaum Karneval - Gro\u00dfe Herbstfrucht\",\"isPartOf\":{\"@id\":\"https:\\\/\\\/pepiniere-bio.ch\\\/de\\\/#website\"},\"primaryImageOfPage\":{\"@id\":\"https:\\\/\\\/pepiniere-bio.ch\\\/de\\\/Produkt\\\/apfelbaum-karneval-2\\\/#primaryimage\"},\"image\":{\"@id\":\"https:\\\/\\\/pepiniere-bio.ch\\\/de\\\/Produkt\\\/apfelbaum-karneval-2\\\/#primaryimage\"},\"thumbnailUrl\":\"https:\\\/\\\/pepiniere-bio.ch\\\/wp-content\\\/uploads\\\/2026\\\/02\\\/Pommier-Karneval-pomme-bicolor.jpg\",\"datePublished\":\"2026-02-21T11:05:25+00:00\",\"dateModified\":\"2026-03-06T19:53:16+00:00\",\"description\":\"Kaufen Sie einen Karneval Apfelbaum: gro\u00dfe, sehr widerstandsf\u00e4hig, ideal f\u00fcr Bio-Obstg\u00e4rten, Direktverkauf und Lagerung bis Februar.\",\"breadcrumb\":{\"@id\":\"https:\\\/\\\/pepiniere-bio.ch\\\/de\\\/Produkt\\\/apfelbaum-karneval-2\\\/#breadcrumb\"},\"inLanguage\":\"de\",\"potentialAction\":[{\"@type\":\"ReadAction\",\"target\":[\"https:\\\/\\\/pepiniere-bio.ch\\\/de\\\/Produkt\\\/apfelbaum-karneval-2\\\/\"]}]},{\"@type\":\"ImageObject\",\"inLanguage\":\"de\",\"@id\":\"https:\\\/\\\/pepiniere-bio.ch\\\/de\\\/Produkt\\\/apfelbaum-karneval-2\\\/#primaryimage\",\"url\":\"https:\\\/\\\/pepiniere-bio.ch\\\/wp-content\\\/uploads\\\/2026\\\/02\\\/Pommier-Karneval-pomme-bicolor.jpg\",\"contentUrl\":\"https:\\\/\\\/pepiniere-bio.ch\\\/wp-content\\\/uploads\\\/2026\\\/02\\\/Pommier-Karneval-pomme-bicolor.jpg\",\"width\":500,\"height\":500},{\"@type\":\"BreadcrumbList\",\"@id\":\"https:\\\/\\\/pepiniere-bio.ch\\\/de\\\/Produkt\\\/apfelbaum-karneval-2\\\/#breadcrumb\",\"itemListElement\":[{\"@type\":\"ListItem\",\"position\":1,\"name\":\"Accueil\",\"item\":\"https:\\\/\\\/pepiniere-bio.ch\\\/de\\\/\"},{\"@type\":\"ListItem\",\"position\":2,\"name\":\"Shop\",\"item\":\"https:\\\/\\\/pepiniere-bio.ch\\\/de\\\/shop\\\/\"},{\"@type\":\"ListItem\",\"position\":3,\"name\":\"Apfelbaum Karneval\"}]},{\"@type\":\"WebSite\",\"@id\":\"https:\\\/\\\/pepiniere-bio.ch\\\/de\\\/#website\",\"url\":\"https:\\\/\\\/pepiniere-bio.ch\\\/de\\\/\",\"name\":\"P\u00e9pini\u00e8re fruiti\u00e8re suisse\",\"description\":\"La p\u00e9pini\u00e8re fruiti\u00e8re suisse\",\"publisher\":{\"@id\":\"https:\\\/\\\/pepiniere-bio.ch\\\/de\\\/#organization\"},\"alternateName\":\"P\u00e9pini\u00e8re fruiti\u00e8re suisse\",\"potentialAction\":[{\"@type\":\"SearchAction\",\"target\":{\"@type\":\"EntryPoint\",\"urlTemplate\":\"https:\\\/\\\/pepiniere-bio.ch\\\/de\\\/?s={search_term_string}\"},\"query-input\":{\"@type\":\"PropertyValueSpecification\",\"valueRequired\":true,\"valueName\":\"search_term_string\"}}],\"inLanguage\":\"de\"},{\"@type\":\"Organization\",\"@id\":\"https:\\\/\\\/pepiniere-bio.ch\\\/de\\\/#organization\",\"name\":\"La p\u00e9pini\u00e8re fruiti\u00e8re\",\"alternateName\":\"La p\u00e9pini\u00e8re fruiti\u00e8re\",\"url\":\"https:\\\/\\\/pepiniere-bio.ch\\\/de\\\/\",\"logo\":{\"@type\":\"ImageObject\",\"inLanguage\":\"de\",\"@id\":\"https:\\\/\\\/pepiniere-bio.ch\\\/de\\\/#\\\/schema\\\/logo\\\/image\\\/\",\"url\":\"http:\\\/\\\/new.pepiniere-bio.ch\\\/wp-content\\\/uploads\\\/2026\\\/01\\\/logo-300.png\",\"contentUrl\":\"http:\\\/\\\/new.pepiniere-bio.ch\\\/wp-content\\\/uploads\\\/2026\\\/01\\\/logo-300.png\",\"width\":300,\"height\":300,\"caption\":\"La p\u00e9pini\u00e8re fruiti\u00e8re\"},\"image\":{\"@id\":\"https:\\\/\\\/pepiniere-bio.ch\\\/de\\\/#\\\/schema\\\/logo\\\/image\\\/\"},\"sameAs\":[\"https:\\\/\\\/www.facebook.com\\\/profile.php?id=61565115227971\",\"https:\\\/\\\/www.instagram.com\\\/pepinierebio?igsh=cmR2aGdsMjZ1ZnNn\"]}]}<\/script>\n<!-- \/ Yoast SEO plugin. -->","yoast_head_json":{"title":"Apfelbaum Karneval - Gro\u00dfe Herbstfrucht","description":"Kaufen Sie einen Karneval Apfelbaum: gro\u00dfe, sehr widerstandsf\u00e4hig, ideal f\u00fcr Bio-Obstg\u00e4rten, Direktverkauf und Lagerung bis Februar.","robots":{"index":"index","follow":"follow","max-snippet":"max-snippet:-1","max-image-preview":"max-image-preview:large","max-video-preview":"max-video-preview:-1"},"canonical":"https:\/\/pepiniere-bio.ch\/de\/Produkt\/apfelbaum-karneval-2\/","og_locale":"de_DE","og_type":"article","og_title":"Apfelbaum Karneval - Gro\u00dfe Herbstfrucht","og_description":"Kaufen Sie einen Karneval Apfelbaum: gro\u00dfe, sehr widerstandsf\u00e4hig, ideal f\u00fcr Bio-Obstg\u00e4rten, Direktverkauf und Lagerung bis Februar.","og_url":"https:\/\/pepiniere-bio.ch\/de\/Produkt\/apfelbaum-karneval-2\/","og_site_name":"Die Obstbaumschule","article_publisher":"https:\/\/www.facebook.com\/profile.php?id=61565115227971","article_modified_time":"2026-03-06T19:53:16+00:00","og_image":[{"width":500,"height":500,"url":"https:\/\/pepiniere-bio.ch\/wp-content\/uploads\/2026\/02\/Pommier-Karneval-pomme-bicolor.jpg","type":"image\/jpeg"}],"twitter_card":"summary_large_image","twitter_misc":{"Gesch\u00e4tzte Lesezeit":"4\u00a0Minuten"},"schema":{"@context":"https:\/\/schema.org","@graph":[{"@type":"WebPage","@id":"https:\/\/pepiniere-bio.ch\/de\/Produkt\/apfelbaum-karneval-2\/","url":"https:\/\/pepiniere-bio.ch\/de\/Produkt\/apfelbaum-karneval-2\/","name":"Apfelbaum Karneval - Gro\u00dfe Herbstfrucht","isPartOf":{"@id":"https:\/\/pepiniere-bio.ch\/de\/#website"},"primaryImageOfPage":{"@id":"https:\/\/pepiniere-bio.ch\/de\/Produkt\/apfelbaum-karneval-2\/#primaryimage"},"image":{"@id":"https:\/\/pepiniere-bio.ch\/de\/Produkt\/apfelbaum-karneval-2\/#primaryimage"},"thumbnailUrl":"https:\/\/pepiniere-bio.ch\/wp-content\/uploads\/2026\/02\/Pommier-Karneval-pomme-bicolor.jpg","datePublished":"2026-02-21T11:05:25+00:00","dateModified":"2026-03-06T19:53:16+00:00","description":"Kaufen Sie einen Karneval Apfelbaum: gro\u00dfe, sehr widerstandsf\u00e4hig, ideal f\u00fcr Bio-Obstg\u00e4rten, Direktverkauf und Lagerung bis Februar.","breadcrumb":{"@id":"https:\/\/pepiniere-bio.ch\/de\/Produkt\/apfelbaum-karneval-2\/#breadcrumb"},"inLanguage":"de","potentialAction":[{"@type":"ReadAction","target":["https:\/\/pepiniere-bio.ch\/de\/Produkt\/apfelbaum-karneval-2\/"]}]},{"@type":"ImageObject","inLanguage":"de","@id":"https:\/\/pepiniere-bio.ch\/de\/Produkt\/apfelbaum-karneval-2\/#primaryimage","url":"https:\/\/pepiniere-bio.ch\/wp-content\/uploads\/2026\/02\/Pommier-Karneval-pomme-bicolor.jpg","contentUrl":"https:\/\/pepiniere-bio.ch\/wp-content\/uploads\/2026\/02\/Pommier-Karneval-pomme-bicolor.jpg","width":500,"height":500},{"@type":"BreadcrumbList","@id":"https:\/\/pepiniere-bio.ch\/de\/Produkt\/apfelbaum-karneval-2\/#breadcrumb","itemListElement":[{"@type":"ListItem","position":1,"name":"Accueil","item":"https:\/\/pepiniere-bio.ch\/de\/"},{"@type":"ListItem","position":2,"name":"Shop","item":"https:\/\/pepiniere-bio.ch\/de\/shop\/"},{"@type":"ListItem","position":3,"name":"Apfelbaum Karneval"}]},{"@type":"WebSite","@id":"https:\/\/pepiniere-bio.ch\/de\/#website","url":"https:\/\/pepiniere-bio.ch\/de\/","name":"P\u00e9pini\u00e8re fruiti\u00e8re suisse","description":"La p\u00e9pini\u00e8re fruiti\u00e8re suisse","publisher":{"@id":"https:\/\/pepiniere-bio.ch\/de\/#organization"},"alternateName":"P\u00e9pini\u00e8re fruiti\u00e8re suisse","potentialAction":[{"@type":"SearchAction","target":{"@type":"EntryPoint","urlTemplate":"https:\/\/pepiniere-bio.ch\/de\/?s={search_term_string}"},"query-input":{"@type":"PropertyValueSpecification","valueRequired":true,"valueName":"search_term_string"}}],"inLanguage":"de"},{"@type":"Organization","@id":"https:\/\/pepiniere-bio.ch\/de\/#organization","name":"La p\u00e9pini\u00e8re fruiti\u00e8re","alternateName":"La p\u00e9pini\u00e8re fruiti\u00e8re","url":"https:\/\/pepiniere-bio.ch\/de\/","logo":{"@type":"ImageObject","inLanguage":"de","@id":"https:\/\/pepiniere-bio.ch\/de\/#\/schema\/logo\/image\/","url":"http:\/\/new.pepiniere-bio.ch\/wp-content\/uploads\/2026\/01\/logo-300.png","contentUrl":"http:\/\/new.pepiniere-bio.ch\/wp-content\/uploads\/2026\/01\/logo-300.png","width":300,"height":300,"caption":"La p\u00e9pini\u00e8re fruiti\u00e8re"},"image":{"@id":"https:\/\/pepiniere-bio.ch\/de\/#\/schema\/logo\/image\/"},"sameAs":["https:\/\/www.facebook.com\/profile.php?id=61565115227971","https:\/\/www.instagram.com\/pepinierebio?igsh=cmR2aGdsMjZ1ZnNn"]}]}},"jetpack_sharing_enabled":true,"_links":{"self":[{"href":"https:\/\/pepiniere-bio.ch\/de\/wp-json\/wp\/v2\/product\/6295","targetHints":{"allow":["GET"]}}],"collection":[{"href":"https:\/\/pepiniere-bio.ch\/de\/wp-json\/wp\/v2\/product"}],"about":[{"href":"https:\/\/pepiniere-bio.ch\/de\/wp-json\/wp\/v2\/types\/product"}],"replies":[{"embeddable":true,"href":"https:\/\/pepiniere-bio.ch\/de\/wp-json\/wp\/v2\/comments?post=6295"}],"wp:featuredmedia":[{"embeddable":true,"href":"https:\/\/pepiniere-bio.ch\/de\/wp-json\/wp\/v2\/media\/6430"}],"wp:attachment":[{"href":"https:\/\/pepiniere-bio.ch\/de\/wp-json\/wp\/v2\/media?parent=6295"}],"wp:term":[{"taxonomy":"product_brand","embeddable":true,"href":"https:\/\/pepiniere-bio.ch\/de\/wp-json\/wp\/v2\/product_brand?post=6295"},{"taxonomy":"product_cat","embeddable":true,"href":"https:\/\/pepiniere-bio.ch\/de\/wp-json\/wp\/v2\/product_cat?post=6295"},{"taxonomy":"product_tag","embeddable":true,"href":"https:\/\/pepiniere-bio.ch\/de\/wp-json\/wp\/v2\/product_tag?post=6295"}],"curies":[{"name":"wp","href":"https:\/\/api.w.org\/{rel}","templated":true}]}}