{"id":6070,"date":"2026-02-18T08:54:07","date_gmt":"2026-02-18T08:54:07","guid":{"rendered":"https:\/\/pepiniere-bio.ch\/?post_type=product&#038;p=6070"},"modified":"2026-03-06T19:53:04","modified_gmt":"2026-03-06T19:53:04","slug":"saulenapfel-goldlane","status":"publish","type":"product","link":"https:\/\/pepiniere-bio.ch\/de\/Produkt\/saulenapfel-goldlane\/","title":{"rendered":"S\u00e4ulenapfel Goldlane"},"content":{"rendered":"<div>\n<h2 data-start=\"325\" data-end=\"421\">Apfelbaum Goldlane &#8211; S\u00e4ulenf\u00f6rmige Lagersorte, ideal f\u00fcr Bio und Direktverkauf<\/h2>\n<p data-start=\"423\" data-end=\"818\">Der <strong data-start=\"426\" data-end=\"450\">Apfelbaum Goldlane<\/strong> ist eine <strong data-start=\"459\" data-end=\"492\">kr\u00e4ftige, s\u00e4ulenf\u00f6rmige Sorte<\/strong>, die speziell f\u00fcr ihre <strong data-start=\"527\" data-end=\"550\">lange Haltbarkeit<\/strong> und ihre F\u00e4higkeit, Qualit\u00e4tsfr\u00fcchte im biologischen Anbau zu produzieren, ausgew\u00e4hlt wurde. Mit ihrem <strong data-start=\"637\" data-end=\"670\">starken, aufrechten Wachstum<\/strong> eignet sie sich f\u00fcr <strong data-start=\"699\" data-end=\"720\">Hausg\u00e4rten<\/strong>, <strong data-start=\"728\" data-end=\"755\">landwirtschaftliche Betriebe<\/strong>, <strong data-start=\"761\" data-end=\"779\">kleine Obstg\u00e4rten<\/strong> und <strong data-start=\"788\" data-end=\"817\">Obsthecken<\/strong>.<\/p>\n<p data-start=\"820\" data-end=\"1238\">Die <strong data-start=\"823\" data-end=\"847\">mittelfr\u00fche Bl\u00fcte<\/strong> (diploid) erm\u00f6glicht eine effiziente Best\u00e4ubung mit vielen anderen Sorten. Die Fr\u00fcchte werden <strong data-start=\"953\" data-end=\"970\">Anfang Oktober<\/strong> geerntet, sind aber am besten <strong data-start=\"1001\" data-end=\"1025\">ab November<\/strong> zu verzehren, wenn sie ihre geschmackliche Reife erreicht haben. Im Naturkeller k\u00f6nnen sie leicht <strong data-start=\"1118\" data-end=\"1147\">bis M\u00e4rz oder April<\/strong> gelagert werden, was sie zu einem bevorzugten Apfel f\u00fcr den <strong data-start=\"1191\" data-end=\"1237\">Direktverkauf oder den Winterverzehr<\/strong> macht.<\/p>\n<p data-start=\"1240\" data-end=\"1576\"><strong data-start=\"1244\" data-end=\"1298\">Goldlane-\u00c4pfel sind gro\u00df, rund und goldgelb<\/strong> mit einem <strong data-start=\"1309\" data-end=\"1351\">festen, knackigen und sehr saftigen Fruchtfleisch<\/strong>. Ihr <strong data-start=\"1358\" data-end=\"1401\">s\u00fc\u00dfer Geschmack mit einem Hauch von S\u00e4ure<\/strong> verleiht ihnen einen lebhaften, ausgewogenen und <strong data-start=\"1439\" data-end=\"1458\">sehr aromatischen<\/strong> Geschmack. Sie k\u00f6nnen ihn frisch verzehren, zu Saft verarbeiten oder zum Kochen verwenden: ein <strong data-start=\"1542\" data-end=\"1575\">vielseitiger und rentabler Apfel<\/strong>.<\/p>\n<hr data-start=\"1578\" data-end=\"1581\" \/>\n<h3 data-start=\"1583\" data-end=\"1626\">Eine produktive und zuverl\u00e4ssige Sorte<\/h3>\n<p data-start=\"1628\" data-end=\"1932\">Goldlane ist <strong data-start=\"1641\" data-end=\"1679\">sehr resistent gegen Schorf<\/strong> und wenig anf\u00e4llig f\u00fcr Mehltau, was sie ideal f\u00fcr <strong data-start=\"1739\" data-end=\"1761\">Bio-Bauernh\u00f6fe<\/strong> oder Erzeuger macht, die chemische Behandlungen vermeiden m\u00f6chten. Sie bietet einen stabilen Ertrag und eine gute Stresstoleranz, auch unter wechselnden klimatischen Bedingungen.<\/p>\n<hr data-start=\"1934\" data-end=\"1937\" \/>\n<h3 data-start=\"1939\" data-end=\"1964\">Vorteile in K\u00fcrze<\/h3>\n<ul data-start=\"1966\" data-end=\"2479\">\n<li data-start=\"1966\" data-end=\"1997\">\n<p data-start=\"1968\" data-end=\"1997\"><strong data-start=\"1968\" data-end=\"1979\">Ernte<\/strong>: Anfang Oktober<\/p>\n<\/li>\n<li data-start=\"1998\" data-end=\"2041\">\n<p data-start=\"2000\" data-end=\"2041\"><strong data-start=\"2000\" data-end=\"2016\">Verbrauch<\/strong>: ab November<\/p>\n<\/li>\n<li data-start=\"2042\" data-end=\"2084\">\n<p data-start=\"2044\" data-end=\"2084\"><strong data-start=\"2044\" data-end=\"2060\">Aufbewahrung<\/strong>: bis M\u00e4rz\/April<\/p>\n<\/li>\n<li data-start=\"2085\" data-end=\"2123\">\n<p data-start=\"2087\" data-end=\"2123\"><strong data-start=\"2087\" data-end=\"2096\">Frucht<\/strong>: gro\u00df, rund, goldgelb<\/p>\n<\/li>\n<li data-start=\"2124\" data-end=\"2190\">\n<p data-start=\"2126\" data-end=\"2190\"><strong data-start=\"2126\" data-end=\"2135\">Fruchtfleisch<\/strong>: fest, knackig, s\u00fc\u00df, sehr saftig, aromatisch<\/p>\n<\/li>\n<li data-start=\"2191\" data-end=\"2231\">\n<p data-start=\"2193\" data-end=\"2231\"><strong data-start=\"2193\" data-end=\"2207\">Wachstum<\/strong>: stark und s\u00e4ulenf\u00f6rmig<\/p>\n<\/li>\n<li data-start=\"2232\" data-end=\"2272\">\n<p data-start=\"2234\" data-end=\"2272\"><strong data-start=\"2234\" data-end=\"2247\">Bl\u00fctezeit<\/strong>: mittelfr\u00fch, diploid<\/p>\n<\/li>\n<li data-start=\"2273\" data-end=\"2348\">\n<p data-start=\"2275\" data-end=\"2348\"><strong data-start=\"2275\" data-end=\"2289\">Resistenz<\/strong>: ausgezeichnet gegen Schorf, wenig anf\u00e4llig f\u00fcr Mehltau<\/p>\n<\/li>\n<li data-start=\"2349\" data-end=\"2399\">\n<p data-start=\"2351\" data-end=\"2399\"><strong data-start=\"2351\" data-end=\"2366\">Verwendung<\/strong>: Tafelapfel, Saft, Kochen<\/p>\n<\/li>\n<li data-start=\"2400\" data-end=\"2479\">\n<p data-start=\"2402\" data-end=\"2479\"><strong data-start=\"2402\" data-end=\"2418\">Zielpublikum<\/strong>: Bio-Bauernh\u00f6fe, Direktverkauf, Gro\u00dfh\u00e4ndler, Hobbyg\u00e4rtner<\/p>\n<\/li>\n<\/ul>\n<hr data-start=\"2481\" data-end=\"2484\" \/>\n<p data-start=\"2486\" data-end=\"2657\"><strong data-start=\"2489\" data-end=\"2657\">Der Goldlane-Apfelbaum ist eine strategische Wahl f\u00fcr Bio-Z\u00fcchter und anspruchsvolle G\u00e4rtner: produktiv, schmackhaft, widerstandsf\u00e4hig und bis zum Fr\u00fchjahr lagerf\u00e4hig.<\/strong><\/p>\n<\/div>\n<div><\/div>\n","protected":false},"excerpt":{"rendered":"<div>\n<div><strong>S\u00e4ulenapfel und Lagerobst <\/strong><\/div>\n<div><strong>Verbrauch:<\/strong> November bis April<\/div>\n<div><strong>Fruchtfleisch<\/strong>: gelblich, fest, knackig, sehr saftig, fein, s\u00fc\u00df mit etwas S\u00e4ure, sehr aromatisch<br \/>\n<strong>Besonderheiten:<\/strong> widerstandsf\u00e4hige Sorte, lange Haltbarkeit<br \/>\n<strong>Verwendung:<\/strong> Tafelapfel, Apfelsaft, K\u00fcche<\/div>\n<div>\n<p data-start=\"445\" data-end=\"545\">Topfpflanzen werden innert 5\u20137 Tagen geliefert.<\/p>\n<p>Die Pflanzen\u00a0 \u201eWurzelnackt\u201c\u00a0 wird ab dem 20. Oktober bis Ende M\u00e4rz ausgeliefert<\/p>\n<\/div>\n<div><\/div>\n<div><\/div>\n<\/div>\n<div><\/div>\n","protected":false},"featured_media":6226,"comment_status":"open","ping_status":"closed","template":"","meta":{"_acf_changed":false},"product_brand":[229],"product_cat":[151,144,226,218,223,143],"product_tag":[145,126,135,147],"class_list":{"0":"post-6070","1":"product","2":"type-product","3":"status-publish","4":"has-post-thumbnail","6":"product_brand-pepiniere-fruitiere","7":"product_cat-herbst-und-lageraepfel","8":"product_cat-herbstaepfel","9":"product_cat-obstbaeume-fuer-anfaenger-pflegeleichte-obstbaeume","10":"product_cat-obstbaeume-fuer-kleine-gaerten","11":"product_cat-obstbaeume-resistent-gegen-krankheiten","12":"product_cat-saeulenapfelbaum","13":"product_tag-fuer-lager","14":"product_tag-gelb","15":"product_tag-saeule","16":"product_tag-widerstandsfaehig","18":"first","19":"instock","20":"taxable","21":"shipping-taxable","22":"purchasable","23":"product-type-variable"},"acf":[],"yoast_head":"<!-- This site is optimized with the Yoast SEO plugin v27.3 - https:\/\/yoast.com\/product\/yoast-seo-wordpress\/ -->\n<title>S\u00e4ulenapfel Goldlane - Die Obstbaumschule<\/title>\n<meta name=\"description\" content=\"S\u00e4ulenapfelb\u00e4umen Goldlane. Wir produzieren Obstb\u00e4umen, die f\u00fcr unsere Region geeignet sind. Sie finden \u00c4pfel f\u00fcr jeden Geschmack\" \/>\n<meta name=\"robots\" content=\"index, follow, max-snippet:-1, max-image-preview:large, max-video-preview:-1\" \/>\n<link rel=\"canonical\" href=\"https:\/\/pepiniere-bio.ch\/de\/Produkt\/saulenapfel-goldlane\/\" \/>\n<meta property=\"og:locale\" content=\"de_DE\" \/>\n<meta property=\"og:type\" content=\"article\" \/>\n<meta property=\"og:title\" content=\"S\u00e4ulenapfel Goldlane - Die Obstbaumschule\" \/>\n<meta property=\"og:description\" content=\"S\u00e4ulenapfelb\u00e4umen Goldlane. Wir produzieren Obstb\u00e4umen, die f\u00fcr unsere Region geeignet sind. Sie finden \u00c4pfel f\u00fcr jeden Geschmack\" \/>\n<meta property=\"og:url\" content=\"https:\/\/pepiniere-bio.ch\/de\/Produkt\/saulenapfel-goldlane\/\" \/>\n<meta property=\"og:site_name\" content=\"Die Obstbaumschule\" \/>\n<meta property=\"article:publisher\" content=\"https:\/\/www.facebook.com\/profile.php?id=61565115227971\" \/>\n<meta property=\"article:modified_time\" content=\"2026-03-06T19:53:04+00:00\" \/>\n<meta property=\"og:image\" content=\"https:\/\/pepiniere-bio.ch\/wp-content\/uploads\/2026\/02\/pommier-Goldlane-colonnaire-.jpg\" \/>\n\t<meta property=\"og:image:width\" content=\"500\" \/>\n\t<meta property=\"og:image:height\" content=\"500\" \/>\n\t<meta property=\"og:image:type\" content=\"image\/jpeg\" \/>\n<meta name=\"twitter:card\" content=\"summary_large_image\" \/>\n<meta name=\"twitter:label1\" content=\"Gesch\u00e4tzte Lesezeit\" \/>\n\t<meta name=\"twitter:data1\" content=\"2\u00a0Minuten\" \/>\n<script type=\"application\/ld+json\" class=\"yoast-schema-graph\">{\"@context\":\"https:\\\/\\\/schema.org\",\"@graph\":[{\"@type\":\"WebPage\",\"@id\":\"https:\\\/\\\/pepiniere-bio.ch\\\/de\\\/Produkt\\\/saulenapfel-goldlane\\\/\",\"url\":\"https:\\\/\\\/pepiniere-bio.ch\\\/de\\\/Produkt\\\/saulenapfel-goldlane\\\/\",\"name\":\"S\u00e4ulenapfel Goldlane - Die Obstbaumschule\",\"isPartOf\":{\"@id\":\"https:\\\/\\\/pepiniere-bio.ch\\\/de\\\/#website\"},\"primaryImageOfPage\":{\"@id\":\"https:\\\/\\\/pepiniere-bio.ch\\\/de\\\/Produkt\\\/saulenapfel-goldlane\\\/#primaryimage\"},\"image\":{\"@id\":\"https:\\\/\\\/pepiniere-bio.ch\\\/de\\\/Produkt\\\/saulenapfel-goldlane\\\/#primaryimage\"},\"thumbnailUrl\":\"https:\\\/\\\/pepiniere-bio.ch\\\/wp-content\\\/uploads\\\/2026\\\/02\\\/pommier-Goldlane-colonnaire-.jpg\",\"datePublished\":\"2026-02-18T08:54:07+00:00\",\"dateModified\":\"2026-03-06T19:53:04+00:00\",\"description\":\"S\u00e4ulenapfelb\u00e4umen Goldlane. Wir produzieren Obstb\u00e4umen, die f\u00fcr unsere Region geeignet sind. Sie finden \u00c4pfel f\u00fcr jeden Geschmack\",\"breadcrumb\":{\"@id\":\"https:\\\/\\\/pepiniere-bio.ch\\\/de\\\/Produkt\\\/saulenapfel-goldlane\\\/#breadcrumb\"},\"inLanguage\":\"de\",\"potentialAction\":[{\"@type\":\"ReadAction\",\"target\":[\"https:\\\/\\\/pepiniere-bio.ch\\\/de\\\/Produkt\\\/saulenapfel-goldlane\\\/\"]}]},{\"@type\":\"ImageObject\",\"inLanguage\":\"de\",\"@id\":\"https:\\\/\\\/pepiniere-bio.ch\\\/de\\\/Produkt\\\/saulenapfel-goldlane\\\/#primaryimage\",\"url\":\"https:\\\/\\\/pepiniere-bio.ch\\\/wp-content\\\/uploads\\\/2026\\\/02\\\/pommier-Goldlane-colonnaire-.jpg\",\"contentUrl\":\"https:\\\/\\\/pepiniere-bio.ch\\\/wp-content\\\/uploads\\\/2026\\\/02\\\/pommier-Goldlane-colonnaire-.jpg\",\"width\":500,\"height\":500},{\"@type\":\"BreadcrumbList\",\"@id\":\"https:\\\/\\\/pepiniere-bio.ch\\\/de\\\/Produkt\\\/saulenapfel-goldlane\\\/#breadcrumb\",\"itemListElement\":[{\"@type\":\"ListItem\",\"position\":1,\"name\":\"Accueil\",\"item\":\"https:\\\/\\\/pepiniere-bio.ch\\\/de\\\/\"},{\"@type\":\"ListItem\",\"position\":2,\"name\":\"Shop\",\"item\":\"https:\\\/\\\/pepiniere-bio.ch\\\/de\\\/shop\\\/\"},{\"@type\":\"ListItem\",\"position\":3,\"name\":\"S\u00e4ulenapfel Goldlane\"}]},{\"@type\":\"WebSite\",\"@id\":\"https:\\\/\\\/pepiniere-bio.ch\\\/de\\\/#website\",\"url\":\"https:\\\/\\\/pepiniere-bio.ch\\\/de\\\/\",\"name\":\"P\u00e9pini\u00e8re fruiti\u00e8re suisse\",\"description\":\"La p\u00e9pini\u00e8re fruiti\u00e8re suisse\",\"publisher\":{\"@id\":\"https:\\\/\\\/pepiniere-bio.ch\\\/de\\\/#organization\"},\"alternateName\":\"P\u00e9pini\u00e8re fruiti\u00e8re suisse\",\"potentialAction\":[{\"@type\":\"SearchAction\",\"target\":{\"@type\":\"EntryPoint\",\"urlTemplate\":\"https:\\\/\\\/pepiniere-bio.ch\\\/de\\\/?s={search_term_string}\"},\"query-input\":{\"@type\":\"PropertyValueSpecification\",\"valueRequired\":true,\"valueName\":\"search_term_string\"}}],\"inLanguage\":\"de\"},{\"@type\":\"Organization\",\"@id\":\"https:\\\/\\\/pepiniere-bio.ch\\\/de\\\/#organization\",\"name\":\"La p\u00e9pini\u00e8re fruiti\u00e8re\",\"alternateName\":\"La p\u00e9pini\u00e8re fruiti\u00e8re\",\"url\":\"https:\\\/\\\/pepiniere-bio.ch\\\/de\\\/\",\"logo\":{\"@type\":\"ImageObject\",\"inLanguage\":\"de\",\"@id\":\"https:\\\/\\\/pepiniere-bio.ch\\\/de\\\/#\\\/schema\\\/logo\\\/image\\\/\",\"url\":\"http:\\\/\\\/new.pepiniere-bio.ch\\\/wp-content\\\/uploads\\\/2026\\\/01\\\/logo-300.png\",\"contentUrl\":\"http:\\\/\\\/new.pepiniere-bio.ch\\\/wp-content\\\/uploads\\\/2026\\\/01\\\/logo-300.png\",\"width\":300,\"height\":300,\"caption\":\"La p\u00e9pini\u00e8re fruiti\u00e8re\"},\"image\":{\"@id\":\"https:\\\/\\\/pepiniere-bio.ch\\\/de\\\/#\\\/schema\\\/logo\\\/image\\\/\"},\"sameAs\":[\"https:\\\/\\\/www.facebook.com\\\/profile.php?id=61565115227971\",\"https:\\\/\\\/www.instagram.com\\\/pepinierebio?igsh=cmR2aGdsMjZ1ZnNn\"]}]}<\/script>\n<!-- \/ Yoast SEO plugin. -->","yoast_head_json":{"title":"S\u00e4ulenapfel Goldlane - Die Obstbaumschule","description":"S\u00e4ulenapfelb\u00e4umen Goldlane. Wir produzieren Obstb\u00e4umen, die f\u00fcr unsere Region geeignet sind. Sie finden \u00c4pfel f\u00fcr jeden Geschmack","robots":{"index":"index","follow":"follow","max-snippet":"max-snippet:-1","max-image-preview":"max-image-preview:large","max-video-preview":"max-video-preview:-1"},"canonical":"https:\/\/pepiniere-bio.ch\/de\/Produkt\/saulenapfel-goldlane\/","og_locale":"de_DE","og_type":"article","og_title":"S\u00e4ulenapfel Goldlane - Die Obstbaumschule","og_description":"S\u00e4ulenapfelb\u00e4umen Goldlane. Wir produzieren Obstb\u00e4umen, die f\u00fcr unsere Region geeignet sind. Sie finden \u00c4pfel f\u00fcr jeden Geschmack","og_url":"https:\/\/pepiniere-bio.ch\/de\/Produkt\/saulenapfel-goldlane\/","og_site_name":"Die Obstbaumschule","article_publisher":"https:\/\/www.facebook.com\/profile.php?id=61565115227971","article_modified_time":"2026-03-06T19:53:04+00:00","og_image":[{"width":500,"height":500,"url":"https:\/\/pepiniere-bio.ch\/wp-content\/uploads\/2026\/02\/pommier-Goldlane-colonnaire-.jpg","type":"image\/jpeg"}],"twitter_card":"summary_large_image","twitter_misc":{"Gesch\u00e4tzte Lesezeit":"2\u00a0Minuten"},"schema":{"@context":"https:\/\/schema.org","@graph":[{"@type":"WebPage","@id":"https:\/\/pepiniere-bio.ch\/de\/Produkt\/saulenapfel-goldlane\/","url":"https:\/\/pepiniere-bio.ch\/de\/Produkt\/saulenapfel-goldlane\/","name":"S\u00e4ulenapfel Goldlane - Die Obstbaumschule","isPartOf":{"@id":"https:\/\/pepiniere-bio.ch\/de\/#website"},"primaryImageOfPage":{"@id":"https:\/\/pepiniere-bio.ch\/de\/Produkt\/saulenapfel-goldlane\/#primaryimage"},"image":{"@id":"https:\/\/pepiniere-bio.ch\/de\/Produkt\/saulenapfel-goldlane\/#primaryimage"},"thumbnailUrl":"https:\/\/pepiniere-bio.ch\/wp-content\/uploads\/2026\/02\/pommier-Goldlane-colonnaire-.jpg","datePublished":"2026-02-18T08:54:07+00:00","dateModified":"2026-03-06T19:53:04+00:00","description":"S\u00e4ulenapfelb\u00e4umen Goldlane. Wir produzieren Obstb\u00e4umen, die f\u00fcr unsere Region geeignet sind. Sie finden \u00c4pfel f\u00fcr jeden Geschmack","breadcrumb":{"@id":"https:\/\/pepiniere-bio.ch\/de\/Produkt\/saulenapfel-goldlane\/#breadcrumb"},"inLanguage":"de","potentialAction":[{"@type":"ReadAction","target":["https:\/\/pepiniere-bio.ch\/de\/Produkt\/saulenapfel-goldlane\/"]}]},{"@type":"ImageObject","inLanguage":"de","@id":"https:\/\/pepiniere-bio.ch\/de\/Produkt\/saulenapfel-goldlane\/#primaryimage","url":"https:\/\/pepiniere-bio.ch\/wp-content\/uploads\/2026\/02\/pommier-Goldlane-colonnaire-.jpg","contentUrl":"https:\/\/pepiniere-bio.ch\/wp-content\/uploads\/2026\/02\/pommier-Goldlane-colonnaire-.jpg","width":500,"height":500},{"@type":"BreadcrumbList","@id":"https:\/\/pepiniere-bio.ch\/de\/Produkt\/saulenapfel-goldlane\/#breadcrumb","itemListElement":[{"@type":"ListItem","position":1,"name":"Accueil","item":"https:\/\/pepiniere-bio.ch\/de\/"},{"@type":"ListItem","position":2,"name":"Shop","item":"https:\/\/pepiniere-bio.ch\/de\/shop\/"},{"@type":"ListItem","position":3,"name":"S\u00e4ulenapfel Goldlane"}]},{"@type":"WebSite","@id":"https:\/\/pepiniere-bio.ch\/de\/#website","url":"https:\/\/pepiniere-bio.ch\/de\/","name":"P\u00e9pini\u00e8re fruiti\u00e8re suisse","description":"La p\u00e9pini\u00e8re fruiti\u00e8re suisse","publisher":{"@id":"https:\/\/pepiniere-bio.ch\/de\/#organization"},"alternateName":"P\u00e9pini\u00e8re fruiti\u00e8re suisse","potentialAction":[{"@type":"SearchAction","target":{"@type":"EntryPoint","urlTemplate":"https:\/\/pepiniere-bio.ch\/de\/?s={search_term_string}"},"query-input":{"@type":"PropertyValueSpecification","valueRequired":true,"valueName":"search_term_string"}}],"inLanguage":"de"},{"@type":"Organization","@id":"https:\/\/pepiniere-bio.ch\/de\/#organization","name":"La p\u00e9pini\u00e8re fruiti\u00e8re","alternateName":"La p\u00e9pini\u00e8re fruiti\u00e8re","url":"https:\/\/pepiniere-bio.ch\/de\/","logo":{"@type":"ImageObject","inLanguage":"de","@id":"https:\/\/pepiniere-bio.ch\/de\/#\/schema\/logo\/image\/","url":"http:\/\/new.pepiniere-bio.ch\/wp-content\/uploads\/2026\/01\/logo-300.png","contentUrl":"http:\/\/new.pepiniere-bio.ch\/wp-content\/uploads\/2026\/01\/logo-300.png","width":300,"height":300,"caption":"La p\u00e9pini\u00e8re fruiti\u00e8re"},"image":{"@id":"https:\/\/pepiniere-bio.ch\/de\/#\/schema\/logo\/image\/"},"sameAs":["https:\/\/www.facebook.com\/profile.php?id=61565115227971","https:\/\/www.instagram.com\/pepinierebio?igsh=cmR2aGdsMjZ1ZnNn"]}]}},"jetpack_sharing_enabled":true,"_links":{"self":[{"href":"https:\/\/pepiniere-bio.ch\/de\/wp-json\/wp\/v2\/product\/6070","targetHints":{"allow":["GET"]}}],"collection":[{"href":"https:\/\/pepiniere-bio.ch\/de\/wp-json\/wp\/v2\/product"}],"about":[{"href":"https:\/\/pepiniere-bio.ch\/de\/wp-json\/wp\/v2\/types\/product"}],"replies":[{"embeddable":true,"href":"https:\/\/pepiniere-bio.ch\/de\/wp-json\/wp\/v2\/comments?post=6070"}],"wp:featuredmedia":[{"embeddable":true,"href":"https:\/\/pepiniere-bio.ch\/de\/wp-json\/wp\/v2\/media\/6226"}],"wp:attachment":[{"href":"https:\/\/pepiniere-bio.ch\/de\/wp-json\/wp\/v2\/media?parent=6070"}],"wp:term":[{"taxonomy":"product_brand","embeddable":true,"href":"https:\/\/pepiniere-bio.ch\/de\/wp-json\/wp\/v2\/product_brand?post=6070"},{"taxonomy":"product_cat","embeddable":true,"href":"https:\/\/pepiniere-bio.ch\/de\/wp-json\/wp\/v2\/product_cat?post=6070"},{"taxonomy":"product_tag","embeddable":true,"href":"https:\/\/pepiniere-bio.ch\/de\/wp-json\/wp\/v2\/product_tag?post=6070"}],"curies":[{"name":"wp","href":"https:\/\/api.w.org\/{rel}","templated":true}]}}