{"id":6058,"date":"2026-02-18T08:47:14","date_gmt":"2026-02-18T08:47:14","guid":{"rendered":"https:\/\/pepiniere-bio.ch\/?post_type=product&#038;p=6058"},"modified":"2026-03-06T19:52:50","modified_gmt":"2026-03-06T19:52:50","slug":"saulenapfel-lambada","status":"publish","type":"product","link":"https:\/\/pepiniere-bio.ch\/de\/Produkt\/saulenapfel-lambada\/","title":{"rendered":"S\u00e4ulenapfel Lambada"},"content":{"rendered":"<div>\n<p data-start=\"378\" data-end=\"642\">Der <strong data-start=\"381\" data-end=\"404\">Apfelbaum Lambada<\/strong> ist eine fr\u00fche s\u00e4ulenf\u00f6rmige Sorte, die sich perfekt f\u00fcr kleine G\u00e4rten, Balkone oder Obsthecken eignet. Sein <strong data-start=\"507\" data-end=\"543\">kompakter und aufrechter Wuchs<\/strong> macht ihn zur idealen Wahl f\u00fcr den Anbau auf engem Raum, sei es im Freiland oder im Topf.<\/p>\n<p data-start=\"647\" data-end=\"940\">Die \u00c4pfel werden <strong data-start=\"672\" data-end=\"691\">ab Ende August<\/strong> geerntet, lange vor den Herbstsorten. Die Fr\u00fcchte sind <strong data-start=\"743\" data-end=\"770\">mittelgro\u00df bis gro\u00df<\/strong> und haben eine <strong data-start=\"787\" data-end=\"825\">gelb-gr\u00fcne Schale mit orangefarbener Flamme<\/strong>. Das <strong data-start=\"832\" data-end=\"877\">Fruchtfleisch ist fein, knackig und sehr saftig<\/strong>, mit einem s\u00fc\u00dfen und ausgewogenen Geschmack, der von der ganzen Familie gesch\u00e4tzt wird.<\/p>\n<p data-start=\"945\" data-end=\"1102\">Diese Sorte ist <strong data-start=\"963\" data-end=\"991\">resistent gegen Schorf<\/strong> und <strong data-start=\"995\" data-end=\"1022\">wenig anf\u00e4llig f\u00fcr Mehltau<\/strong>, was sie zu einer ausgezeichneten Wahl f\u00fcr den biologischen Anbau ohne Spritzmittel macht.<\/p>\n<\/div>\n<div><strong>Herbst- und Lagerapfel<\/strong><\/div>\n<div><strong>Wuchs<\/strong>: mittelgro\u00df und s\u00e4ulenf\u00f6rmig, diploid<br \/>\nErnte: Anfang Oktober<br \/>\n<strong>Lagerung:<\/strong> bis M\u00e4rz Januar in einem guten Naturkeller<br \/>\n<strong>Frucht: <\/strong> mittelgro\u00df, gelbgr\u00fcn, manchmal leicht orange geflammt<br \/>\n<strong>Fruchtfleisch<\/strong>: fest, knackig, saftig, fein, typisches Aroma<br \/>\n<strong>Krankheiten:<\/strong> resistent gegen Schorf, wenig anf\u00e4llig f\u00fcr Mehltau<br \/>\n<strong>Besonderheiten:<\/strong> resistente Sorte, ideal f\u00fcr Bio-Bauernh\u00f6fe, Direktvermarktung, Gro\u00dfhandel und Hausgarten, lange Haltbarkeit<br \/>\n<strong>Verwendung<\/strong>: Tafelapfel, Apfelsaft, K\u00fcche<\/div>\n","protected":false},"excerpt":{"rendered":"<div>\n<div>\n<div><strong>Herbst- und Lagerapfel<\/strong><\/div>\n<div><strong>Ernte<\/strong>: Anfang Oktober<br \/>\n<strong>Lagerung:<\/strong> Oktober bis M\u00e4rz<br \/>\n<strong>Frucht<\/strong>fleisch: fest, knackig, saftig, fein, typisches Aroma<br \/>\n<strong>Besonderheiten:<\/strong> widerstandsf\u00e4hige Sorte, lange Lagerung<br \/>\n<strong>Verwendung:<\/strong> Tafelapfel, Apfelsaft, K\u00fcche<\/div>\n<div>\n<p data-start=\"445\" data-end=\"545\">Topfpflanzen werden innert 5\u20137 Tagen geliefert.<\/p>\n<p>Die Pflanzen\u00a0 \u201eWurzelnackt\u201c\u00a0 wird ab dem 20. Oktober bis Ende M\u00e4rz ausgeliefert<\/p>\n<\/div>\n<\/div>\n<div><\/div>\n<div><\/div>\n<\/div>\n<div><\/div>\n","protected":false},"featured_media":6224,"comment_status":"open","ping_status":"closed","template":"","meta":{"_acf_changed":false},"product_brand":[229],"product_cat":[144,226,218,223,143],"product_tag":[145,126,149,135,147],"class_list":{"0":"post-6058","1":"product","2":"type-product","3":"status-publish","4":"has-post-thumbnail","6":"product_brand-pepiniere-fruitiere","7":"product_cat-herbstaepfel","8":"product_cat-obstbaeume-fuer-anfaenger-pflegeleichte-obstbaeume","9":"product_cat-obstbaeume-fuer-kleine-gaerten","10":"product_cat-obstbaeume-resistent-gegen-krankheiten","11":"product_cat-saeulenapfelbaum","12":"product_tag-fuer-lager","13":"product_tag-gelb","14":"product_tag-herbstaepfel","15":"product_tag-saeule","16":"product_tag-widerstandsfaehig","18":"first","19":"instock","20":"taxable","21":"shipping-taxable","22":"purchasable","23":"product-type-variable"},"acf":[],"yoast_head":"<!-- This site is optimized with the Yoast SEO plugin v27.3 - https:\/\/yoast.com\/product\/yoast-seo-wordpress\/ -->\n<title>Apfelbaum Lambada - Fr\u00fche und widerstandsf\u00e4hige S\u00e4ulenfrucht<\/title>\n<meta name=\"description\" content=\"Entdecken Sie den Apfelbaum Lambada: eine fr\u00fche und saftige S\u00e4ulensorte. Ernte Ende August, ideal f\u00fcr kleine G\u00e4rten und Balkone. Widerstandsf\u00e4hig\" \/>\n<meta name=\"robots\" content=\"index, follow, max-snippet:-1, max-image-preview:large, max-video-preview:-1\" \/>\n<link rel=\"canonical\" href=\"https:\/\/pepiniere-bio.ch\/de\/Produkt\/saulenapfel-lambada\/\" \/>\n<meta property=\"og:locale\" content=\"de_DE\" \/>\n<meta property=\"og:type\" content=\"article\" \/>\n<meta property=\"og:title\" content=\"Apfelbaum Lambada - Fr\u00fche und widerstandsf\u00e4hige S\u00e4ulenfrucht\" \/>\n<meta property=\"og:description\" content=\"Entdecken Sie den Apfelbaum Lambada: eine fr\u00fche und saftige S\u00e4ulensorte. Ernte Ende August, ideal f\u00fcr kleine G\u00e4rten und Balkone. Widerstandsf\u00e4hig\" \/>\n<meta property=\"og:url\" content=\"https:\/\/pepiniere-bio.ch\/de\/Produkt\/saulenapfel-lambada\/\" \/>\n<meta property=\"og:site_name\" content=\"Die Obstbaumschule\" \/>\n<meta property=\"article:publisher\" content=\"https:\/\/www.facebook.com\/profile.php?id=61565115227971\" \/>\n<meta property=\"article:modified_time\" content=\"2026-03-06T19:52:50+00:00\" \/>\n<meta property=\"og:image\" content=\"https:\/\/pepiniere-bio.ch\/wp-content\/uploads\/2026\/02\/pommier-colonnaire-lambada-.jpg\" \/>\n\t<meta property=\"og:image:width\" content=\"500\" \/>\n\t<meta property=\"og:image:height\" content=\"500\" \/>\n\t<meta property=\"og:image:type\" content=\"image\/jpeg\" \/>\n<meta name=\"twitter:card\" content=\"summary_large_image\" \/>\n<meta name=\"twitter:label1\" content=\"Gesch\u00e4tzte Lesezeit\" \/>\n\t<meta name=\"twitter:data1\" content=\"2\u00a0Minuten\" \/>\n<script type=\"application\/ld+json\" class=\"yoast-schema-graph\">{\"@context\":\"https:\\\/\\\/schema.org\",\"@graph\":[{\"@type\":\"WebPage\",\"@id\":\"https:\\\/\\\/pepiniere-bio.ch\\\/de\\\/Produkt\\\/saulenapfel-lambada\\\/\",\"url\":\"https:\\\/\\\/pepiniere-bio.ch\\\/de\\\/Produkt\\\/saulenapfel-lambada\\\/\",\"name\":\"Apfelbaum Lambada - Fr\u00fche und widerstandsf\u00e4hige S\u00e4ulenfrucht\",\"isPartOf\":{\"@id\":\"https:\\\/\\\/pepiniere-bio.ch\\\/de\\\/#website\"},\"primaryImageOfPage\":{\"@id\":\"https:\\\/\\\/pepiniere-bio.ch\\\/de\\\/Produkt\\\/saulenapfel-lambada\\\/#primaryimage\"},\"image\":{\"@id\":\"https:\\\/\\\/pepiniere-bio.ch\\\/de\\\/Produkt\\\/saulenapfel-lambada\\\/#primaryimage\"},\"thumbnailUrl\":\"https:\\\/\\\/pepiniere-bio.ch\\\/wp-content\\\/uploads\\\/2026\\\/02\\\/pommier-colonnaire-lambada-.jpg\",\"datePublished\":\"2026-02-18T08:47:14+00:00\",\"dateModified\":\"2026-03-06T19:52:50+00:00\",\"description\":\"Entdecken Sie den Apfelbaum Lambada: eine fr\u00fche und saftige S\u00e4ulensorte. Ernte Ende August, ideal f\u00fcr kleine G\u00e4rten und Balkone. Widerstandsf\u00e4hig\",\"breadcrumb\":{\"@id\":\"https:\\\/\\\/pepiniere-bio.ch\\\/de\\\/Produkt\\\/saulenapfel-lambada\\\/#breadcrumb\"},\"inLanguage\":\"de\",\"potentialAction\":[{\"@type\":\"ReadAction\",\"target\":[\"https:\\\/\\\/pepiniere-bio.ch\\\/de\\\/Produkt\\\/saulenapfel-lambada\\\/\"]}]},{\"@type\":\"ImageObject\",\"inLanguage\":\"de\",\"@id\":\"https:\\\/\\\/pepiniere-bio.ch\\\/de\\\/Produkt\\\/saulenapfel-lambada\\\/#primaryimage\",\"url\":\"https:\\\/\\\/pepiniere-bio.ch\\\/wp-content\\\/uploads\\\/2026\\\/02\\\/pommier-colonnaire-lambada-.jpg\",\"contentUrl\":\"https:\\\/\\\/pepiniere-bio.ch\\\/wp-content\\\/uploads\\\/2026\\\/02\\\/pommier-colonnaire-lambada-.jpg\",\"width\":500,\"height\":500},{\"@type\":\"BreadcrumbList\",\"@id\":\"https:\\\/\\\/pepiniere-bio.ch\\\/de\\\/Produkt\\\/saulenapfel-lambada\\\/#breadcrumb\",\"itemListElement\":[{\"@type\":\"ListItem\",\"position\":1,\"name\":\"Accueil\",\"item\":\"https:\\\/\\\/pepiniere-bio.ch\\\/de\\\/\"},{\"@type\":\"ListItem\",\"position\":2,\"name\":\"Shop\",\"item\":\"https:\\\/\\\/pepiniere-bio.ch\\\/de\\\/shop\\\/\"},{\"@type\":\"ListItem\",\"position\":3,\"name\":\"S\u00e4ulenapfel Lambada\"}]},{\"@type\":\"WebSite\",\"@id\":\"https:\\\/\\\/pepiniere-bio.ch\\\/de\\\/#website\",\"url\":\"https:\\\/\\\/pepiniere-bio.ch\\\/de\\\/\",\"name\":\"P\u00e9pini\u00e8re fruiti\u00e8re suisse\",\"description\":\"La p\u00e9pini\u00e8re fruiti\u00e8re suisse\",\"publisher\":{\"@id\":\"https:\\\/\\\/pepiniere-bio.ch\\\/de\\\/#organization\"},\"alternateName\":\"P\u00e9pini\u00e8re fruiti\u00e8re suisse\",\"potentialAction\":[{\"@type\":\"SearchAction\",\"target\":{\"@type\":\"EntryPoint\",\"urlTemplate\":\"https:\\\/\\\/pepiniere-bio.ch\\\/de\\\/?s={search_term_string}\"},\"query-input\":{\"@type\":\"PropertyValueSpecification\",\"valueRequired\":true,\"valueName\":\"search_term_string\"}}],\"inLanguage\":\"de\"},{\"@type\":\"Organization\",\"@id\":\"https:\\\/\\\/pepiniere-bio.ch\\\/de\\\/#organization\",\"name\":\"La p\u00e9pini\u00e8re fruiti\u00e8re\",\"alternateName\":\"La p\u00e9pini\u00e8re fruiti\u00e8re\",\"url\":\"https:\\\/\\\/pepiniere-bio.ch\\\/de\\\/\",\"logo\":{\"@type\":\"ImageObject\",\"inLanguage\":\"de\",\"@id\":\"https:\\\/\\\/pepiniere-bio.ch\\\/de\\\/#\\\/schema\\\/logo\\\/image\\\/\",\"url\":\"http:\\\/\\\/new.pepiniere-bio.ch\\\/wp-content\\\/uploads\\\/2026\\\/01\\\/logo-300.png\",\"contentUrl\":\"http:\\\/\\\/new.pepiniere-bio.ch\\\/wp-content\\\/uploads\\\/2026\\\/01\\\/logo-300.png\",\"width\":300,\"height\":300,\"caption\":\"La p\u00e9pini\u00e8re fruiti\u00e8re\"},\"image\":{\"@id\":\"https:\\\/\\\/pepiniere-bio.ch\\\/de\\\/#\\\/schema\\\/logo\\\/image\\\/\"},\"sameAs\":[\"https:\\\/\\\/www.facebook.com\\\/profile.php?id=61565115227971\",\"https:\\\/\\\/www.instagram.com\\\/pepinierebio?igsh=cmR2aGdsMjZ1ZnNn\"]}]}<\/script>\n<!-- \/ Yoast SEO plugin. -->","yoast_head_json":{"title":"Apfelbaum Lambada - Fr\u00fche und widerstandsf\u00e4hige S\u00e4ulenfrucht","description":"Entdecken Sie den Apfelbaum Lambada: eine fr\u00fche und saftige S\u00e4ulensorte. Ernte Ende August, ideal f\u00fcr kleine G\u00e4rten und Balkone. Widerstandsf\u00e4hig","robots":{"index":"index","follow":"follow","max-snippet":"max-snippet:-1","max-image-preview":"max-image-preview:large","max-video-preview":"max-video-preview:-1"},"canonical":"https:\/\/pepiniere-bio.ch\/de\/Produkt\/saulenapfel-lambada\/","og_locale":"de_DE","og_type":"article","og_title":"Apfelbaum Lambada - Fr\u00fche und widerstandsf\u00e4hige S\u00e4ulenfrucht","og_description":"Entdecken Sie den Apfelbaum Lambada: eine fr\u00fche und saftige S\u00e4ulensorte. Ernte Ende August, ideal f\u00fcr kleine G\u00e4rten und Balkone. Widerstandsf\u00e4hig","og_url":"https:\/\/pepiniere-bio.ch\/de\/Produkt\/saulenapfel-lambada\/","og_site_name":"Die Obstbaumschule","article_publisher":"https:\/\/www.facebook.com\/profile.php?id=61565115227971","article_modified_time":"2026-03-06T19:52:50+00:00","og_image":[{"width":500,"height":500,"url":"https:\/\/pepiniere-bio.ch\/wp-content\/uploads\/2026\/02\/pommier-colonnaire-lambada-.jpg","type":"image\/jpeg"}],"twitter_card":"summary_large_image","twitter_misc":{"Gesch\u00e4tzte Lesezeit":"2\u00a0Minuten"},"schema":{"@context":"https:\/\/schema.org","@graph":[{"@type":"WebPage","@id":"https:\/\/pepiniere-bio.ch\/de\/Produkt\/saulenapfel-lambada\/","url":"https:\/\/pepiniere-bio.ch\/de\/Produkt\/saulenapfel-lambada\/","name":"Apfelbaum Lambada - Fr\u00fche und widerstandsf\u00e4hige S\u00e4ulenfrucht","isPartOf":{"@id":"https:\/\/pepiniere-bio.ch\/de\/#website"},"primaryImageOfPage":{"@id":"https:\/\/pepiniere-bio.ch\/de\/Produkt\/saulenapfel-lambada\/#primaryimage"},"image":{"@id":"https:\/\/pepiniere-bio.ch\/de\/Produkt\/saulenapfel-lambada\/#primaryimage"},"thumbnailUrl":"https:\/\/pepiniere-bio.ch\/wp-content\/uploads\/2026\/02\/pommier-colonnaire-lambada-.jpg","datePublished":"2026-02-18T08:47:14+00:00","dateModified":"2026-03-06T19:52:50+00:00","description":"Entdecken Sie den Apfelbaum Lambada: eine fr\u00fche und saftige S\u00e4ulensorte. Ernte Ende August, ideal f\u00fcr kleine G\u00e4rten und Balkone. Widerstandsf\u00e4hig","breadcrumb":{"@id":"https:\/\/pepiniere-bio.ch\/de\/Produkt\/saulenapfel-lambada\/#breadcrumb"},"inLanguage":"de","potentialAction":[{"@type":"ReadAction","target":["https:\/\/pepiniere-bio.ch\/de\/Produkt\/saulenapfel-lambada\/"]}]},{"@type":"ImageObject","inLanguage":"de","@id":"https:\/\/pepiniere-bio.ch\/de\/Produkt\/saulenapfel-lambada\/#primaryimage","url":"https:\/\/pepiniere-bio.ch\/wp-content\/uploads\/2026\/02\/pommier-colonnaire-lambada-.jpg","contentUrl":"https:\/\/pepiniere-bio.ch\/wp-content\/uploads\/2026\/02\/pommier-colonnaire-lambada-.jpg","width":500,"height":500},{"@type":"BreadcrumbList","@id":"https:\/\/pepiniere-bio.ch\/de\/Produkt\/saulenapfel-lambada\/#breadcrumb","itemListElement":[{"@type":"ListItem","position":1,"name":"Accueil","item":"https:\/\/pepiniere-bio.ch\/de\/"},{"@type":"ListItem","position":2,"name":"Shop","item":"https:\/\/pepiniere-bio.ch\/de\/shop\/"},{"@type":"ListItem","position":3,"name":"S\u00e4ulenapfel Lambada"}]},{"@type":"WebSite","@id":"https:\/\/pepiniere-bio.ch\/de\/#website","url":"https:\/\/pepiniere-bio.ch\/de\/","name":"P\u00e9pini\u00e8re fruiti\u00e8re suisse","description":"La p\u00e9pini\u00e8re fruiti\u00e8re suisse","publisher":{"@id":"https:\/\/pepiniere-bio.ch\/de\/#organization"},"alternateName":"P\u00e9pini\u00e8re fruiti\u00e8re suisse","potentialAction":[{"@type":"SearchAction","target":{"@type":"EntryPoint","urlTemplate":"https:\/\/pepiniere-bio.ch\/de\/?s={search_term_string}"},"query-input":{"@type":"PropertyValueSpecification","valueRequired":true,"valueName":"search_term_string"}}],"inLanguage":"de"},{"@type":"Organization","@id":"https:\/\/pepiniere-bio.ch\/de\/#organization","name":"La p\u00e9pini\u00e8re fruiti\u00e8re","alternateName":"La p\u00e9pini\u00e8re fruiti\u00e8re","url":"https:\/\/pepiniere-bio.ch\/de\/","logo":{"@type":"ImageObject","inLanguage":"de","@id":"https:\/\/pepiniere-bio.ch\/de\/#\/schema\/logo\/image\/","url":"http:\/\/new.pepiniere-bio.ch\/wp-content\/uploads\/2026\/01\/logo-300.png","contentUrl":"http:\/\/new.pepiniere-bio.ch\/wp-content\/uploads\/2026\/01\/logo-300.png","width":300,"height":300,"caption":"La p\u00e9pini\u00e8re fruiti\u00e8re"},"image":{"@id":"https:\/\/pepiniere-bio.ch\/de\/#\/schema\/logo\/image\/"},"sameAs":["https:\/\/www.facebook.com\/profile.php?id=61565115227971","https:\/\/www.instagram.com\/pepinierebio?igsh=cmR2aGdsMjZ1ZnNn"]}]}},"jetpack_sharing_enabled":true,"_links":{"self":[{"href":"https:\/\/pepiniere-bio.ch\/de\/wp-json\/wp\/v2\/product\/6058","targetHints":{"allow":["GET"]}}],"collection":[{"href":"https:\/\/pepiniere-bio.ch\/de\/wp-json\/wp\/v2\/product"}],"about":[{"href":"https:\/\/pepiniere-bio.ch\/de\/wp-json\/wp\/v2\/types\/product"}],"replies":[{"embeddable":true,"href":"https:\/\/pepiniere-bio.ch\/de\/wp-json\/wp\/v2\/comments?post=6058"}],"wp:featuredmedia":[{"embeddable":true,"href":"https:\/\/pepiniere-bio.ch\/de\/wp-json\/wp\/v2\/media\/6224"}],"wp:attachment":[{"href":"https:\/\/pepiniere-bio.ch\/de\/wp-json\/wp\/v2\/media?parent=6058"}],"wp:term":[{"taxonomy":"product_brand","embeddable":true,"href":"https:\/\/pepiniere-bio.ch\/de\/wp-json\/wp\/v2\/product_brand?post=6058"},{"taxonomy":"product_cat","embeddable":true,"href":"https:\/\/pepiniere-bio.ch\/de\/wp-json\/wp\/v2\/product_cat?post=6058"},{"taxonomy":"product_tag","embeddable":true,"href":"https:\/\/pepiniere-bio.ch\/de\/wp-json\/wp\/v2\/product_tag?post=6058"}],"curies":[{"name":"wp","href":"https:\/\/api.w.org\/{rel}","templated":true}]}}