{"id":6047,"date":"2026-02-18T08:28:57","date_gmt":"2026-02-18T08:28:57","guid":{"rendered":"https:\/\/pepiniere-bio.ch\/?post_type=product&#038;p=6047"},"modified":"2026-03-06T19:52:50","modified_gmt":"2026-03-06T19:52:50","slug":"saulenapfel-red-spring","status":"publish","type":"product","link":"https:\/\/pepiniere-bio.ch\/de\/Produkt\/saulenapfel-red-spring\/","title":{"rendered":"S\u00e4ulenapfel Red Spring"},"content":{"rendered":"<div>\n<h2 data-start=\"260\" data-end=\"356\">Apfelbaum RedSpring &#8211; s\u00e4ulenf\u00f6rmige Herbstsorte mit sch\u00f6nem Aroma und langer Haltbarkeit<\/h2>\n<p data-start=\"358\" data-end=\"736\">Der <strong data-start=\"361\" data-end=\"386\">Apfelbaum RedSpring<\/strong> ist eine robuste, s\u00e4ulenf\u00f6rmige Sorte, die sich perfekt f\u00fcr kleine G\u00e4rten oder Obsthecken eignet. Mit seinem <strong data-start=\"492\" data-end=\"527\">mittelstarken und kompakten Wuchs<\/strong> passt er sich leicht an enge Platzverh\u00e4ltnisse an und liefert dennoch einen gro\u00dfz\u00fcgigen Ertrag. Die <strong data-start=\"620\" data-end=\"644\">mittelsp\u00e4te Bl\u00fcte<\/strong> (diploid) sorgt f\u00fcr eine zuverl\u00e4ssige Best\u00e4ubung, auch bei k\u00fchleren Wetterbedingungen.<\/p>\n<p data-start=\"738\" data-end=\"1081\">Sie ernten die \u00c4pfel <strong data-start=\"763\" data-end=\"780\">Anfang Oktober<\/strong>, wenn sie voll ausgereift sind. Schon wenige Tage nach der Ernte genie\u00dfen Sie <strong data-start=\"858\" data-end=\"904\">schmackhafte, knackige und sehr saftige Fr\u00fcchte<\/strong> mit gelbgr\u00fcner Schale, die weitgehend rot \u00fcberzogen ist. Das <strong data-start=\"961\" data-end=\"994\">feine, mittelfeste Fruchtfleisch<\/strong> hat ein <strong data-start=\"1005\" data-end=\"1047\">typisches, harmonisches und ausgewogenes Aroma<\/strong>, das als Tafelapfel sehr gesch\u00e4tzt wird.<\/p>\n<h3 data-start=\"1088\" data-end=\"1158\">Eine widerstandsf\u00e4hige Bio-Sorte, perfekt f\u00fcr Kleing\u00e4rten.<\/h3>\n<p data-start=\"1160\" data-end=\"1466\">RedSpring hat eine <strong data-start=\"1182\" data-end=\"1221\">ausgezeichnete Resistenz gegen Schorf<\/strong> und ist wenig anf\u00e4llig f\u00fcr Mehltau. Er eignet sich daher hervorragend f\u00fcr den <strong data-start=\"1293\" data-end=\"1315\">biologischen Anbau<\/strong> ohne chemische Behandlung. Dank seiner geraden, s\u00e4ulenf\u00f6rmigen Form kann er als Solit\u00e4r, in einer Obsthecke oder sogar in einem kleinen gemischten Obstgarten gepflanzt werden.<\/p>\n<hr data-start=\"1468\" data-end=\"1471\" \/>\n<h3 data-start=\"1473\" data-end=\"1496\">Zusammenfassung der St\u00e4rken<\/h3>\n<ul data-start=\"1498\" data-end=\"1970\">\n<li data-start=\"1498\" data-end=\"1529\">\n<p data-start=\"1500\" data-end=\"1529\"><strong data-start=\"1500\" data-end=\"1511\">Ernte<\/strong>: Anfang Oktober<\/p>\n<\/li>\n<li data-start=\"1530\" data-end=\"1585\">\n<p data-start=\"1532\" data-end=\"1585\"><strong data-start=\"1532\" data-end=\"1548\">Verzehr<\/strong>: einige Tage nach der Ernte<\/p>\n<\/li>\n<li data-start=\"1586\" data-end=\"1639\">\n<p data-start=\"1588\" data-end=\"1639\"><strong data-start=\"1588\" data-end=\"1604\">Lagerung<\/strong>: bis M\u00e4rz im Naturkeller<\/p>\n<\/li>\n<li data-start=\"1640\" data-end=\"1704\">\n<p data-start=\"1642\" data-end=\"1704\"><strong data-start=\"1642\" data-end=\"1651\">Frucht<\/strong>: gro\u00df, rund, gelb-gr\u00fcn mit rot, typisches Aroma<\/p>\n<\/li>\n<li data-start=\"1705\" data-end=\"1764\">\n<p data-start=\"1707\" data-end=\"1764\"><strong data-start=\"1707\" data-end=\"1716\">Fruchtfleisch<\/strong>: saftig, knackig, d\u00fcnn, mittelfest<\/p>\n<\/li>\n<li data-start=\"1765\" data-end=\"1816\">\n<p data-start=\"1767\" data-end=\"1816\"><strong data-start=\"1767\" data-end=\"1781\">Wuchs<\/strong>: s\u00e4ulenf\u00f6rmig, mittelstark, kompakt<\/p>\n<\/li>\n<li data-start=\"1817\" data-end=\"1857\">\n<p data-start=\"1819\" data-end=\"1857\"><strong data-start=\"1819\" data-end=\"1832\">Bl\u00fctezeit<\/strong>: mittelsp\u00e4t, diploid<\/p>\n<\/li>\n<li data-start=\"1858\" data-end=\"1894\">\n<p data-start=\"1860\" data-end=\"1894\"><strong data-start=\"1860\" data-end=\"1875\">Verwendung<\/strong>: Tafelapfel<\/p>\n<\/li>\n<li data-start=\"1895\" data-end=\"1970\">\n<p data-start=\"1897\" data-end=\"1970\"><strong data-start=\"1897\" data-end=\"1911\">Resistenz<\/strong>: sehr gut gegen Schorf, wenig anf\u00e4llig f\u00fcr Mehltau<\/p>\n<\/li>\n<\/ul>\n<p data-start=\"1977\" data-end=\"2108\"><strong data-start=\"1980\" data-end=\"2108\">RedSpring vereint Geschmack, Lagerf\u00e4higkeit und einfache Kultivierung: eine ideale Wahl f\u00fcr den unbehandelten Familienanbau.<\/strong><\/p>\n<\/div>\n<div><\/div>\n<div>\n<div><\/div>\n<\/div>\n","protected":false},"excerpt":{"rendered":"<div>\n<div>\n<div><strong>Herbst- und Lagerapfel <\/strong><\/div>\n<div><strong>Verbrauch:<\/strong> Oktober bis M\u00e4rz<br \/>\nFruchtfleisch: mittelfest, knackig, sehr saftig, fein, harmonisch mit typischem Aroma<br \/>\n<strong>Besonderheiten:<\/strong> widerstandsf\u00e4hige Sorte, ideal f\u00fcr den Hausgarten, mit sch\u00f6nem Aroma<br \/>\n<strong>Verwendung:<\/strong> Tafelapfel<\/div>\n<div>\n<p data-start=\"445\" data-end=\"545\">Topfpflanzen werden innert 5\u20137 Tagen geliefert.<\/p>\n<p>Die Pflanzen\u00a0 \u201eWurzelnackt\u201c\u00a0 wird ab dem 20. Oktober bis Ende M\u00e4rz ausgeliefert<\/p>\n<\/div>\n<\/div>\n<div><\/div>\n<div><\/div>\n<\/div>\n<div><\/div>\n","protected":false},"featured_media":6222,"comment_status":"open","ping_status":"closed","template":"","meta":{"_acf_changed":false},"product_brand":[229],"product_cat":[144,226,218,223,143],"product_tag":[145,149,148,135,147],"class_list":{"0":"post-6047","1":"product","2":"type-product","3":"status-publish","4":"has-post-thumbnail","6":"product_brand-pepiniere-fruitiere","7":"product_cat-herbstaepfel","8":"product_cat-obstbaeume-fuer-anfaenger-pflegeleichte-obstbaeume","9":"product_cat-obstbaeume-fuer-kleine-gaerten","10":"product_cat-obstbaeume-resistent-gegen-krankheiten","11":"product_cat-saeulenapfelbaum","12":"product_tag-fuer-lager","13":"product_tag-herbstaepfel","14":"product_tag-rot","15":"product_tag-saeule","16":"product_tag-widerstandsfaehig","18":"first","19":"instock","20":"taxable","21":"shipping-taxable","22":"purchasable","23":"product-type-variable"},"acf":[],"yoast_head":"<!-- This site is optimized with the Yoast SEO plugin v27.3 - https:\/\/yoast.com\/product\/yoast-seo-wordpress\/ -->\n<title>Apfelbaum RedSpring - S\u00e4ulenf\u00f6rmige Sorte mit langer Haltbarkeit<\/title>\n<meta name=\"description\" content=\"Bestellen Sie den Apfelbaum RedSpring: Eine s\u00e4ulenf\u00f6rmige, saftige und aromatische Sorte. Ernte Anfang Oktober, Lagerung bis M\u00e4rz. Ideal f\u00fcr Familieng\u00e4rten.\" \/>\n<meta name=\"robots\" content=\"index, follow, max-snippet:-1, max-image-preview:large, max-video-preview:-1\" \/>\n<link rel=\"canonical\" href=\"https:\/\/pepiniere-bio.ch\/de\/Produkt\/saulenapfel-red-spring\/\" \/>\n<meta property=\"og:locale\" content=\"de_DE\" \/>\n<meta property=\"og:type\" content=\"article\" \/>\n<meta property=\"og:title\" content=\"Apfelbaum RedSpring - S\u00e4ulenf\u00f6rmige Sorte mit langer Haltbarkeit\" \/>\n<meta property=\"og:description\" content=\"Bestellen Sie den Apfelbaum RedSpring: Eine s\u00e4ulenf\u00f6rmige, saftige und aromatische Sorte. Ernte Anfang Oktober, Lagerung bis M\u00e4rz. Ideal f\u00fcr Familieng\u00e4rten.\" \/>\n<meta property=\"og:url\" content=\"https:\/\/pepiniere-bio.ch\/de\/Produkt\/saulenapfel-red-spring\/\" \/>\n<meta property=\"og:site_name\" content=\"Die Obstbaumschule\" \/>\n<meta property=\"article:publisher\" content=\"https:\/\/www.facebook.com\/profile.php?id=61565115227971\" \/>\n<meta property=\"article:modified_time\" content=\"2026-03-06T19:52:50+00:00\" \/>\n<meta property=\"og:image\" content=\"https:\/\/pepiniere-bio.ch\/wp-content\/uploads\/2026\/02\/pommier-colonnaire-redspring-rouge.jpg\" \/>\n\t<meta property=\"og:image:width\" content=\"500\" \/>\n\t<meta property=\"og:image:height\" content=\"500\" \/>\n\t<meta property=\"og:image:type\" content=\"image\/jpeg\" \/>\n<meta name=\"twitter:card\" content=\"summary_large_image\" \/>\n<meta name=\"twitter:label1\" content=\"Gesch\u00e4tzte Lesezeit\" \/>\n\t<meta name=\"twitter:data1\" content=\"2\u00a0Minuten\" \/>\n<script type=\"application\/ld+json\" class=\"yoast-schema-graph\">{\"@context\":\"https:\\\/\\\/schema.org\",\"@graph\":[{\"@type\":\"WebPage\",\"@id\":\"https:\\\/\\\/pepiniere-bio.ch\\\/de\\\/Produkt\\\/saulenapfel-red-spring\\\/\",\"url\":\"https:\\\/\\\/pepiniere-bio.ch\\\/de\\\/Produkt\\\/saulenapfel-red-spring\\\/\",\"name\":\"Apfelbaum RedSpring - S\u00e4ulenf\u00f6rmige Sorte mit langer Haltbarkeit\",\"isPartOf\":{\"@id\":\"https:\\\/\\\/pepiniere-bio.ch\\\/de\\\/#website\"},\"primaryImageOfPage\":{\"@id\":\"https:\\\/\\\/pepiniere-bio.ch\\\/de\\\/Produkt\\\/saulenapfel-red-spring\\\/#primaryimage\"},\"image\":{\"@id\":\"https:\\\/\\\/pepiniere-bio.ch\\\/de\\\/Produkt\\\/saulenapfel-red-spring\\\/#primaryimage\"},\"thumbnailUrl\":\"https:\\\/\\\/pepiniere-bio.ch\\\/wp-content\\\/uploads\\\/2026\\\/02\\\/pommier-colonnaire-redspring-rouge.jpg\",\"datePublished\":\"2026-02-18T08:28:57+00:00\",\"dateModified\":\"2026-03-06T19:52:50+00:00\",\"description\":\"Bestellen Sie den Apfelbaum RedSpring: Eine s\u00e4ulenf\u00f6rmige, saftige und aromatische Sorte. Ernte Anfang Oktober, Lagerung bis M\u00e4rz. Ideal f\u00fcr Familieng\u00e4rten.\",\"breadcrumb\":{\"@id\":\"https:\\\/\\\/pepiniere-bio.ch\\\/de\\\/Produkt\\\/saulenapfel-red-spring\\\/#breadcrumb\"},\"inLanguage\":\"de\",\"potentialAction\":[{\"@type\":\"ReadAction\",\"target\":[\"https:\\\/\\\/pepiniere-bio.ch\\\/de\\\/Produkt\\\/saulenapfel-red-spring\\\/\"]}]},{\"@type\":\"ImageObject\",\"inLanguage\":\"de\",\"@id\":\"https:\\\/\\\/pepiniere-bio.ch\\\/de\\\/Produkt\\\/saulenapfel-red-spring\\\/#primaryimage\",\"url\":\"https:\\\/\\\/pepiniere-bio.ch\\\/wp-content\\\/uploads\\\/2026\\\/02\\\/pommier-colonnaire-redspring-rouge.jpg\",\"contentUrl\":\"https:\\\/\\\/pepiniere-bio.ch\\\/wp-content\\\/uploads\\\/2026\\\/02\\\/pommier-colonnaire-redspring-rouge.jpg\",\"width\":500,\"height\":500},{\"@type\":\"BreadcrumbList\",\"@id\":\"https:\\\/\\\/pepiniere-bio.ch\\\/de\\\/Produkt\\\/saulenapfel-red-spring\\\/#breadcrumb\",\"itemListElement\":[{\"@type\":\"ListItem\",\"position\":1,\"name\":\"Accueil\",\"item\":\"https:\\\/\\\/pepiniere-bio.ch\\\/de\\\/\"},{\"@type\":\"ListItem\",\"position\":2,\"name\":\"Shop\",\"item\":\"https:\\\/\\\/pepiniere-bio.ch\\\/de\\\/shop\\\/\"},{\"@type\":\"ListItem\",\"position\":3,\"name\":\"S\u00e4ulenapfel Red Spring\"}]},{\"@type\":\"WebSite\",\"@id\":\"https:\\\/\\\/pepiniere-bio.ch\\\/de\\\/#website\",\"url\":\"https:\\\/\\\/pepiniere-bio.ch\\\/de\\\/\",\"name\":\"P\u00e9pini\u00e8re fruiti\u00e8re suisse\",\"description\":\"La p\u00e9pini\u00e8re fruiti\u00e8re suisse\",\"publisher\":{\"@id\":\"https:\\\/\\\/pepiniere-bio.ch\\\/de\\\/#organization\"},\"alternateName\":\"P\u00e9pini\u00e8re fruiti\u00e8re suisse\",\"potentialAction\":[{\"@type\":\"SearchAction\",\"target\":{\"@type\":\"EntryPoint\",\"urlTemplate\":\"https:\\\/\\\/pepiniere-bio.ch\\\/de\\\/?s={search_term_string}\"},\"query-input\":{\"@type\":\"PropertyValueSpecification\",\"valueRequired\":true,\"valueName\":\"search_term_string\"}}],\"inLanguage\":\"de\"},{\"@type\":\"Organization\",\"@id\":\"https:\\\/\\\/pepiniere-bio.ch\\\/de\\\/#organization\",\"name\":\"La p\u00e9pini\u00e8re fruiti\u00e8re\",\"alternateName\":\"La p\u00e9pini\u00e8re fruiti\u00e8re\",\"url\":\"https:\\\/\\\/pepiniere-bio.ch\\\/de\\\/\",\"logo\":{\"@type\":\"ImageObject\",\"inLanguage\":\"de\",\"@id\":\"https:\\\/\\\/pepiniere-bio.ch\\\/de\\\/#\\\/schema\\\/logo\\\/image\\\/\",\"url\":\"http:\\\/\\\/new.pepiniere-bio.ch\\\/wp-content\\\/uploads\\\/2026\\\/01\\\/logo-300.png\",\"contentUrl\":\"http:\\\/\\\/new.pepiniere-bio.ch\\\/wp-content\\\/uploads\\\/2026\\\/01\\\/logo-300.png\",\"width\":300,\"height\":300,\"caption\":\"La p\u00e9pini\u00e8re fruiti\u00e8re\"},\"image\":{\"@id\":\"https:\\\/\\\/pepiniere-bio.ch\\\/de\\\/#\\\/schema\\\/logo\\\/image\\\/\"},\"sameAs\":[\"https:\\\/\\\/www.facebook.com\\\/profile.php?id=61565115227971\",\"https:\\\/\\\/www.instagram.com\\\/pepinierebio?igsh=cmR2aGdsMjZ1ZnNn\"]}]}<\/script>\n<!-- \/ Yoast SEO plugin. -->","yoast_head_json":{"title":"Apfelbaum RedSpring - S\u00e4ulenf\u00f6rmige Sorte mit langer Haltbarkeit","description":"Bestellen Sie den Apfelbaum RedSpring: Eine s\u00e4ulenf\u00f6rmige, saftige und aromatische Sorte. Ernte Anfang Oktober, Lagerung bis M\u00e4rz. Ideal f\u00fcr Familieng\u00e4rten.","robots":{"index":"index","follow":"follow","max-snippet":"max-snippet:-1","max-image-preview":"max-image-preview:large","max-video-preview":"max-video-preview:-1"},"canonical":"https:\/\/pepiniere-bio.ch\/de\/Produkt\/saulenapfel-red-spring\/","og_locale":"de_DE","og_type":"article","og_title":"Apfelbaum RedSpring - S\u00e4ulenf\u00f6rmige Sorte mit langer Haltbarkeit","og_description":"Bestellen Sie den Apfelbaum RedSpring: Eine s\u00e4ulenf\u00f6rmige, saftige und aromatische Sorte. Ernte Anfang Oktober, Lagerung bis M\u00e4rz. Ideal f\u00fcr Familieng\u00e4rten.","og_url":"https:\/\/pepiniere-bio.ch\/de\/Produkt\/saulenapfel-red-spring\/","og_site_name":"Die Obstbaumschule","article_publisher":"https:\/\/www.facebook.com\/profile.php?id=61565115227971","article_modified_time":"2026-03-06T19:52:50+00:00","og_image":[{"width":500,"height":500,"url":"https:\/\/pepiniere-bio.ch\/wp-content\/uploads\/2026\/02\/pommier-colonnaire-redspring-rouge.jpg","type":"image\/jpeg"}],"twitter_card":"summary_large_image","twitter_misc":{"Gesch\u00e4tzte Lesezeit":"2\u00a0Minuten"},"schema":{"@context":"https:\/\/schema.org","@graph":[{"@type":"WebPage","@id":"https:\/\/pepiniere-bio.ch\/de\/Produkt\/saulenapfel-red-spring\/","url":"https:\/\/pepiniere-bio.ch\/de\/Produkt\/saulenapfel-red-spring\/","name":"Apfelbaum RedSpring - S\u00e4ulenf\u00f6rmige Sorte mit langer Haltbarkeit","isPartOf":{"@id":"https:\/\/pepiniere-bio.ch\/de\/#website"},"primaryImageOfPage":{"@id":"https:\/\/pepiniere-bio.ch\/de\/Produkt\/saulenapfel-red-spring\/#primaryimage"},"image":{"@id":"https:\/\/pepiniere-bio.ch\/de\/Produkt\/saulenapfel-red-spring\/#primaryimage"},"thumbnailUrl":"https:\/\/pepiniere-bio.ch\/wp-content\/uploads\/2026\/02\/pommier-colonnaire-redspring-rouge.jpg","datePublished":"2026-02-18T08:28:57+00:00","dateModified":"2026-03-06T19:52:50+00:00","description":"Bestellen Sie den Apfelbaum RedSpring: Eine s\u00e4ulenf\u00f6rmige, saftige und aromatische Sorte. Ernte Anfang Oktober, Lagerung bis M\u00e4rz. Ideal f\u00fcr Familieng\u00e4rten.","breadcrumb":{"@id":"https:\/\/pepiniere-bio.ch\/de\/Produkt\/saulenapfel-red-spring\/#breadcrumb"},"inLanguage":"de","potentialAction":[{"@type":"ReadAction","target":["https:\/\/pepiniere-bio.ch\/de\/Produkt\/saulenapfel-red-spring\/"]}]},{"@type":"ImageObject","inLanguage":"de","@id":"https:\/\/pepiniere-bio.ch\/de\/Produkt\/saulenapfel-red-spring\/#primaryimage","url":"https:\/\/pepiniere-bio.ch\/wp-content\/uploads\/2026\/02\/pommier-colonnaire-redspring-rouge.jpg","contentUrl":"https:\/\/pepiniere-bio.ch\/wp-content\/uploads\/2026\/02\/pommier-colonnaire-redspring-rouge.jpg","width":500,"height":500},{"@type":"BreadcrumbList","@id":"https:\/\/pepiniere-bio.ch\/de\/Produkt\/saulenapfel-red-spring\/#breadcrumb","itemListElement":[{"@type":"ListItem","position":1,"name":"Accueil","item":"https:\/\/pepiniere-bio.ch\/de\/"},{"@type":"ListItem","position":2,"name":"Shop","item":"https:\/\/pepiniere-bio.ch\/de\/shop\/"},{"@type":"ListItem","position":3,"name":"S\u00e4ulenapfel Red Spring"}]},{"@type":"WebSite","@id":"https:\/\/pepiniere-bio.ch\/de\/#website","url":"https:\/\/pepiniere-bio.ch\/de\/","name":"P\u00e9pini\u00e8re fruiti\u00e8re suisse","description":"La p\u00e9pini\u00e8re fruiti\u00e8re suisse","publisher":{"@id":"https:\/\/pepiniere-bio.ch\/de\/#organization"},"alternateName":"P\u00e9pini\u00e8re fruiti\u00e8re suisse","potentialAction":[{"@type":"SearchAction","target":{"@type":"EntryPoint","urlTemplate":"https:\/\/pepiniere-bio.ch\/de\/?s={search_term_string}"},"query-input":{"@type":"PropertyValueSpecification","valueRequired":true,"valueName":"search_term_string"}}],"inLanguage":"de"},{"@type":"Organization","@id":"https:\/\/pepiniere-bio.ch\/de\/#organization","name":"La p\u00e9pini\u00e8re fruiti\u00e8re","alternateName":"La p\u00e9pini\u00e8re fruiti\u00e8re","url":"https:\/\/pepiniere-bio.ch\/de\/","logo":{"@type":"ImageObject","inLanguage":"de","@id":"https:\/\/pepiniere-bio.ch\/de\/#\/schema\/logo\/image\/","url":"http:\/\/new.pepiniere-bio.ch\/wp-content\/uploads\/2026\/01\/logo-300.png","contentUrl":"http:\/\/new.pepiniere-bio.ch\/wp-content\/uploads\/2026\/01\/logo-300.png","width":300,"height":300,"caption":"La p\u00e9pini\u00e8re fruiti\u00e8re"},"image":{"@id":"https:\/\/pepiniere-bio.ch\/de\/#\/schema\/logo\/image\/"},"sameAs":["https:\/\/www.facebook.com\/profile.php?id=61565115227971","https:\/\/www.instagram.com\/pepinierebio?igsh=cmR2aGdsMjZ1ZnNn"]}]}},"jetpack_sharing_enabled":true,"_links":{"self":[{"href":"https:\/\/pepiniere-bio.ch\/de\/wp-json\/wp\/v2\/product\/6047","targetHints":{"allow":["GET"]}}],"collection":[{"href":"https:\/\/pepiniere-bio.ch\/de\/wp-json\/wp\/v2\/product"}],"about":[{"href":"https:\/\/pepiniere-bio.ch\/de\/wp-json\/wp\/v2\/types\/product"}],"replies":[{"embeddable":true,"href":"https:\/\/pepiniere-bio.ch\/de\/wp-json\/wp\/v2\/comments?post=6047"}],"wp:featuredmedia":[{"embeddable":true,"href":"https:\/\/pepiniere-bio.ch\/de\/wp-json\/wp\/v2\/media\/6222"}],"wp:attachment":[{"href":"https:\/\/pepiniere-bio.ch\/de\/wp-json\/wp\/v2\/media?parent=6047"}],"wp:term":[{"taxonomy":"product_brand","embeddable":true,"href":"https:\/\/pepiniere-bio.ch\/de\/wp-json\/wp\/v2\/product_brand?post=6047"},{"taxonomy":"product_cat","embeddable":true,"href":"https:\/\/pepiniere-bio.ch\/de\/wp-json\/wp\/v2\/product_cat?post=6047"},{"taxonomy":"product_tag","embeddable":true,"href":"https:\/\/pepiniere-bio.ch\/de\/wp-json\/wp\/v2\/product_tag?post=6047"}],"curies":[{"name":"wp","href":"https:\/\/api.w.org\/{rel}","templated":true}]}}