{"id":6035,"date":"2026-02-18T08:21:53","date_gmt":"2026-02-18T08:21:53","guid":{"rendered":"https:\/\/pepiniere-bio.ch\/?post_type=product&#038;p=6035"},"modified":"2026-03-06T19:52:50","modified_gmt":"2026-03-06T19:52:50","slug":"saulenapfel-moonlight","status":"publish","type":"product","link":"https:\/\/pepiniere-bio.ch\/de\/Produkt\/saulenapfel-moonlight\/","title":{"rendered":"S\u00e4ulenapfel Moonlight"},"content":{"rendered":"<div><\/div>\n<div>\n<h2 data-start=\"201\" data-end=\"289\">Apfelbaum Moonlight &#8211; s\u00e4ulenf\u00f6rmige Sorte mit hellem, s\u00fc\u00dfem Fruchtfleisch f\u00fcr die \u00dcbergangszeit<\/h2>\n<p data-start=\"291\" data-end=\"581\">Der <strong data-start=\"294\" data-end=\"319\">Apfelbaum Moonlight<\/strong> besticht durch seine <strong data-start=\"334\" data-end=\"363\">kompakte s\u00e4ulenf\u00f6rmige Form<\/strong>, die ideal f\u00fcr kleine G\u00e4rten, Terrassen oder Obsthecken ist. Durch seinen aufrechten und gleichm\u00e4\u00dfigen Wuchs passt er gut in kleine R\u00e4ume und liefert dennoch einen <strong data-start=\"556\" data-end=\"580\">gro\u00dfz\u00fcgigen Ertrag.<\/strong><\/p>\n<p data-start=\"583\" data-end=\"894\">Sie ernten die Fr\u00fcchte <strong data-start=\"608\" data-end=\"647\">zwischen Mitte September und Anfang Oktober<\/strong>. Die \u00c4pfel sind <strong data-start=\"668\" data-end=\"695\">mittelgro\u00df bis gro\u00df<\/strong>, mit einer <strong data-start=\"706\" data-end=\"742\">blassgelben, leicht rosafarbenen Schale<\/strong>, die an das sanfte Licht des Mondes erinnert. Ihr <strong data-start=\"787\" data-end=\"843\">knackiges, sehr saftiges und zart s\u00fc\u00dfes Fruchtfleisch<\/strong> bietet ein feines und ausgewogenes Geschmackserlebnis.<\/p>\n<h3 data-start=\"901\" data-end=\"938\">Einfach zu kultivieren, auch in T\u00f6pfen<\/h3>\n<p data-start=\"940\" data-end=\"1223\">Moonlight ist eine <strong data-start=\"966\" data-end=\"983\">anspruchslose<\/strong> Sorte, die sich hervorragend f\u00fcr den biologischen Anbau eignet. Sie ist von Natur aus schorfresistent und ben\u00f6tigt nur wenig Pflege. Sie k\u00f6nnen die Pflanze im Freiland oder in einem gro\u00dfen Topf pflanzen, um ihre Vorz\u00fcge auch auf einem Balkon oder einer Terrasse zu genie\u00dfen.<\/p>\n<hr data-start=\"1225\" data-end=\"1228\" \/>\n<h3 data-start=\"1230\" data-end=\"1253\">Zusammenfassung der St\u00e4rken<\/h3>\n<ul data-start=\"1255\" data-end=\"1630\">\n<li data-start=\"1255\" data-end=\"1301\">\n<p data-start=\"1257\" data-end=\"1301\"><strong data-start=\"1257\" data-end=\"1268\">Ernte<\/strong>: Mitte September bis Anfang Oktober<\/p>\n<\/li>\n<li data-start=\"1302\" data-end=\"1339\">\n<p data-start=\"1304\" data-end=\"1339\"><strong data-start=\"1304\" data-end=\"1320\">Verzehr<\/strong>: ab der Ernte<\/p>\n<\/li>\n<li data-start=\"1340\" data-end=\"1398\">\n<p data-start=\"1342\" data-end=\"1398\"><strong data-start=\"1342\" data-end=\"1351\">Frucht<\/strong>: hellgelb, saftig, s\u00fc\u00df, zarter Duft<\/p>\n<\/li>\n<li data-start=\"1399\" data-end=\"1475\">\n<p data-start=\"1401\" data-end=\"1475\"><strong data-start=\"1401\" data-end=\"1415\">Wuchs<\/strong>: s\u00e4ulenf\u00f6rmig, kompakt, perfekt f\u00fcr kleine G\u00e4rten oder T\u00f6pfe<\/p>\n<\/li>\n<li data-start=\"1476\" data-end=\"1505\">\n<p data-start=\"1478\" data-end=\"1505\"><strong data-start=\"1478\" data-end=\"1491\">Bl\u00fctezeit<\/strong>: Mittelsaison<\/p>\n<\/li>\n<li data-start=\"1506\" data-end=\"1551\">\n<p data-start=\"1508\" data-end=\"1551\"><strong data-start=\"1508\" data-end=\"1522\">Widerstand<\/strong>: gut gegen Schorf<\/p>\n<\/li>\n<li data-start=\"1552\" data-end=\"1630\">\n<p data-start=\"1554\" data-end=\"1630\"><strong data-start=\"1554\" data-end=\"1569\">Verwendung<\/strong>: Tafelapfel, ideal f\u00fcr den Stadt- und Familienanbau<\/p>\n<\/li>\n<\/ul>\n<hr data-start=\"1632\" data-end=\"1635\" \/>\n<p data-start=\"1637\" data-end=\"1818\"><strong data-start=\"1640\" data-end=\"1818\">W\u00e4hlen Sie den Apfelbaum Moonlight, wenn Sie einen eleganten, produktiven Bio-Obstbaum suchen, der sich f\u00fcr kleine Fl\u00e4chen eignet. Er vereint \u00c4sthetik, einfache Kultivierung und Geschmackserlebnis.<\/strong><\/p>\n<\/div>\n<div><\/div>\n<div><strong>Wachapfel<\/strong><\/div>\n<div><strong>Wuchs:<\/strong> mittelstark und s\u00e4ulenf\u00f6rmig, kompakt, mittelsp\u00e4t bl\u00fchend diploid<br \/>\n<strong>Konsum:<\/strong> ab November<br \/>\n<strong>Ernte:<\/strong> Anfang Oktober<br \/>\n<strong>Lagerung:<\/strong> bis Februar M\u00e4rz in einem guten Naturkeller<br \/>\n<strong>Frucht:<\/strong> gro\u00df, rund, gelbgr\u00fcn, manchmal mit rotem \u00dcberzug<br \/>\n<strong>Fleisch:<\/strong> gelblich, mittelfest, knackig, saftig, fein, mit typischem Aroma.<br \/>\n<strong>Krankheiten:<\/strong> resistent gegen Schorf, wenig anf\u00e4llig f\u00fcr Mehltau<br \/>\n<strong>Besonderheiten<\/strong>: widerstandsf\u00e4hige Sorte, ideal f\u00fcr den Hausgarten,<br \/>\n<strong>Verwendung:<\/strong> Tafelapfel, Apfelsaft und Verarbeitung<\/div>\n<div>\n<div><\/div>\n<\/div>\n","protected":false},"excerpt":{"rendered":"<div>\n<div>\n<div><strong>Wachapfel<\/strong><\/div>\n<div><strong>Verbrauch:<\/strong> November bis Februar<br \/>\n<strong>Frucht<\/strong> fleisch: gelblich, mittelfest, knackig, saftig, fein, mit typischem Aroma<br \/>\n<strong>Besonderheiten<\/strong>: widerstandsf\u00e4hige Sorte, ideal f\u00fcr den Hausgarten<br \/>\n<strong>Verwendung<\/strong>: Tafelapfel, Apfelsaft und Verarbeitung<\/div>\n<div>\n<p data-start=\"445\" data-end=\"545\">Topfpflanzen werden innert 5\u20137 Tagen geliefert.<\/p>\n<p>Die Pflanzen\u00a0 \u201eWurzelnackt\u201c\u00a0 wird ab dem 20. Oktoberbis Ende M\u00e4rz\u00a0 ausgeliefert<\/p>\n<\/div>\n<\/div>\n<div><\/div>\n<div><\/div>\n<\/div>\n<div><\/div>\n","protected":false},"featured_media":6220,"comment_status":"open","ping_status":"closed","template":"","meta":{"_acf_changed":false},"product_brand":[229],"product_cat":[150,151,218,223,143],"product_tag":[145,126,149,135,147],"class_list":{"0":"post-6035","1":"product","2":"type-product","3":"status-publish","4":"has-post-thumbnail","6":"product_brand-pepiniere-fruitiere","7":"product_cat-apfelbaum","8":"product_cat-herbst-und-lageraepfel","9":"product_cat-obstbaeume-fuer-kleine-gaerten","10":"product_cat-obstbaeume-resistent-gegen-krankheiten","11":"product_cat-saeulenapfelbaum","12":"product_tag-fuer-lager","13":"product_tag-gelb","14":"product_tag-herbstaepfel","15":"product_tag-saeule","16":"product_tag-widerstandsfaehig","18":"first","19":"instock","20":"taxable","21":"shipping-taxable","22":"purchasable","23":"product-type-variable"},"acf":[],"yoast_head":"<!-- This site is optimized with the Yoast SEO plugin v27.3 - https:\/\/yoast.com\/product\/yoast-seo-wordpress\/ -->\n<title>Apfelbaum Moonlight \u2013 S\u00fc\u00dfer S\u00e4ulenbaum f\u00fcr kleine G\u00e4rten<\/title>\n<meta name=\"description\" content=\"Entdecken Sie den Apfelbaum Moonlight, eine s\u00e4ulenf\u00f6rmige Sorte, die ideal f\u00fcr kleine G\u00e4rten und Balkone ist. Mitte September geerntet.\" \/>\n<meta name=\"robots\" content=\"index, follow, max-snippet:-1, max-image-preview:large, max-video-preview:-1\" \/>\n<link rel=\"canonical\" href=\"https:\/\/pepiniere-bio.ch\/de\/Produkt\/saulenapfel-moonlight\/\" \/>\n<meta property=\"og:locale\" content=\"de_DE\" \/>\n<meta property=\"og:type\" content=\"article\" \/>\n<meta property=\"og:title\" content=\"Apfelbaum Moonlight \u2013 S\u00fc\u00dfer S\u00e4ulenbaum f\u00fcr kleine G\u00e4rten\" \/>\n<meta property=\"og:description\" content=\"Entdecken Sie den Apfelbaum Moonlight, eine s\u00e4ulenf\u00f6rmige Sorte, die ideal f\u00fcr kleine G\u00e4rten und Balkone ist. Mitte September geerntet.\" \/>\n<meta property=\"og:url\" content=\"https:\/\/pepiniere-bio.ch\/de\/Produkt\/saulenapfel-moonlight\/\" \/>\n<meta property=\"og:site_name\" content=\"Die Obstbaumschule\" \/>\n<meta property=\"article:publisher\" content=\"https:\/\/www.facebook.com\/profile.php?id=61565115227971\" \/>\n<meta property=\"article:modified_time\" content=\"2026-03-06T19:52:50+00:00\" \/>\n<meta property=\"og:image\" content=\"https:\/\/pepiniere-bio.ch\/wp-content\/uploads\/2026\/02\/pommier-colonnaire-Moonlight.jpg\" \/>\n\t<meta property=\"og:image:width\" content=\"500\" \/>\n\t<meta property=\"og:image:height\" content=\"500\" \/>\n\t<meta property=\"og:image:type\" content=\"image\/jpeg\" \/>\n<meta name=\"twitter:card\" content=\"summary_large_image\" \/>\n<meta name=\"twitter:label1\" content=\"Gesch\u00e4tzte Lesezeit\" \/>\n\t<meta name=\"twitter:data1\" content=\"2\u00a0Minuten\" \/>\n<script type=\"application\/ld+json\" class=\"yoast-schema-graph\">{\"@context\":\"https:\\\/\\\/schema.org\",\"@graph\":[{\"@type\":\"WebPage\",\"@id\":\"https:\\\/\\\/pepiniere-bio.ch\\\/de\\\/Produkt\\\/saulenapfel-moonlight\\\/\",\"url\":\"https:\\\/\\\/pepiniere-bio.ch\\\/de\\\/Produkt\\\/saulenapfel-moonlight\\\/\",\"name\":\"Apfelbaum Moonlight \u2013 S\u00fc\u00dfer S\u00e4ulenbaum f\u00fcr kleine G\u00e4rten\",\"isPartOf\":{\"@id\":\"https:\\\/\\\/pepiniere-bio.ch\\\/de\\\/#website\"},\"primaryImageOfPage\":{\"@id\":\"https:\\\/\\\/pepiniere-bio.ch\\\/de\\\/Produkt\\\/saulenapfel-moonlight\\\/#primaryimage\"},\"image\":{\"@id\":\"https:\\\/\\\/pepiniere-bio.ch\\\/de\\\/Produkt\\\/saulenapfel-moonlight\\\/#primaryimage\"},\"thumbnailUrl\":\"https:\\\/\\\/pepiniere-bio.ch\\\/wp-content\\\/uploads\\\/2026\\\/02\\\/pommier-colonnaire-Moonlight.jpg\",\"datePublished\":\"2026-02-18T08:21:53+00:00\",\"dateModified\":\"2026-03-06T19:52:50+00:00\",\"description\":\"Entdecken Sie den Apfelbaum Moonlight, eine s\u00e4ulenf\u00f6rmige Sorte, die ideal f\u00fcr kleine G\u00e4rten und Balkone ist. Mitte September geerntet.\",\"breadcrumb\":{\"@id\":\"https:\\\/\\\/pepiniere-bio.ch\\\/de\\\/Produkt\\\/saulenapfel-moonlight\\\/#breadcrumb\"},\"inLanguage\":\"de\",\"potentialAction\":[{\"@type\":\"ReadAction\",\"target\":[\"https:\\\/\\\/pepiniere-bio.ch\\\/de\\\/Produkt\\\/saulenapfel-moonlight\\\/\"]}]},{\"@type\":\"ImageObject\",\"inLanguage\":\"de\",\"@id\":\"https:\\\/\\\/pepiniere-bio.ch\\\/de\\\/Produkt\\\/saulenapfel-moonlight\\\/#primaryimage\",\"url\":\"https:\\\/\\\/pepiniere-bio.ch\\\/wp-content\\\/uploads\\\/2026\\\/02\\\/pommier-colonnaire-Moonlight.jpg\",\"contentUrl\":\"https:\\\/\\\/pepiniere-bio.ch\\\/wp-content\\\/uploads\\\/2026\\\/02\\\/pommier-colonnaire-Moonlight.jpg\",\"width\":500,\"height\":500},{\"@type\":\"BreadcrumbList\",\"@id\":\"https:\\\/\\\/pepiniere-bio.ch\\\/de\\\/Produkt\\\/saulenapfel-moonlight\\\/#breadcrumb\",\"itemListElement\":[{\"@type\":\"ListItem\",\"position\":1,\"name\":\"Accueil\",\"item\":\"https:\\\/\\\/pepiniere-bio.ch\\\/de\\\/\"},{\"@type\":\"ListItem\",\"position\":2,\"name\":\"Shop\",\"item\":\"https:\\\/\\\/pepiniere-bio.ch\\\/de\\\/shop\\\/\"},{\"@type\":\"ListItem\",\"position\":3,\"name\":\"S\u00e4ulenapfel Moonlight\"}]},{\"@type\":\"WebSite\",\"@id\":\"https:\\\/\\\/pepiniere-bio.ch\\\/de\\\/#website\",\"url\":\"https:\\\/\\\/pepiniere-bio.ch\\\/de\\\/\",\"name\":\"P\u00e9pini\u00e8re fruiti\u00e8re suisse\",\"description\":\"La p\u00e9pini\u00e8re fruiti\u00e8re suisse\",\"publisher\":{\"@id\":\"https:\\\/\\\/pepiniere-bio.ch\\\/de\\\/#organization\"},\"alternateName\":\"P\u00e9pini\u00e8re fruiti\u00e8re suisse\",\"potentialAction\":[{\"@type\":\"SearchAction\",\"target\":{\"@type\":\"EntryPoint\",\"urlTemplate\":\"https:\\\/\\\/pepiniere-bio.ch\\\/de\\\/?s={search_term_string}\"},\"query-input\":{\"@type\":\"PropertyValueSpecification\",\"valueRequired\":true,\"valueName\":\"search_term_string\"}}],\"inLanguage\":\"de\"},{\"@type\":\"Organization\",\"@id\":\"https:\\\/\\\/pepiniere-bio.ch\\\/de\\\/#organization\",\"name\":\"La p\u00e9pini\u00e8re fruiti\u00e8re\",\"alternateName\":\"La p\u00e9pini\u00e8re fruiti\u00e8re\",\"url\":\"https:\\\/\\\/pepiniere-bio.ch\\\/de\\\/\",\"logo\":{\"@type\":\"ImageObject\",\"inLanguage\":\"de\",\"@id\":\"https:\\\/\\\/pepiniere-bio.ch\\\/de\\\/#\\\/schema\\\/logo\\\/image\\\/\",\"url\":\"http:\\\/\\\/new.pepiniere-bio.ch\\\/wp-content\\\/uploads\\\/2026\\\/01\\\/logo-300.png\",\"contentUrl\":\"http:\\\/\\\/new.pepiniere-bio.ch\\\/wp-content\\\/uploads\\\/2026\\\/01\\\/logo-300.png\",\"width\":300,\"height\":300,\"caption\":\"La p\u00e9pini\u00e8re fruiti\u00e8re\"},\"image\":{\"@id\":\"https:\\\/\\\/pepiniere-bio.ch\\\/de\\\/#\\\/schema\\\/logo\\\/image\\\/\"},\"sameAs\":[\"https:\\\/\\\/www.facebook.com\\\/profile.php?id=61565115227971\",\"https:\\\/\\\/www.instagram.com\\\/pepinierebio?igsh=cmR2aGdsMjZ1ZnNn\"]}]}<\/script>\n<!-- \/ Yoast SEO plugin. -->","yoast_head_json":{"title":"Apfelbaum Moonlight \u2013 S\u00fc\u00dfer S\u00e4ulenbaum f\u00fcr kleine G\u00e4rten","description":"Entdecken Sie den Apfelbaum Moonlight, eine s\u00e4ulenf\u00f6rmige Sorte, die ideal f\u00fcr kleine G\u00e4rten und Balkone ist. Mitte September geerntet.","robots":{"index":"index","follow":"follow","max-snippet":"max-snippet:-1","max-image-preview":"max-image-preview:large","max-video-preview":"max-video-preview:-1"},"canonical":"https:\/\/pepiniere-bio.ch\/de\/Produkt\/saulenapfel-moonlight\/","og_locale":"de_DE","og_type":"article","og_title":"Apfelbaum Moonlight \u2013 S\u00fc\u00dfer S\u00e4ulenbaum f\u00fcr kleine G\u00e4rten","og_description":"Entdecken Sie den Apfelbaum Moonlight, eine s\u00e4ulenf\u00f6rmige Sorte, die ideal f\u00fcr kleine G\u00e4rten und Balkone ist. Mitte September geerntet.","og_url":"https:\/\/pepiniere-bio.ch\/de\/Produkt\/saulenapfel-moonlight\/","og_site_name":"Die Obstbaumschule","article_publisher":"https:\/\/www.facebook.com\/profile.php?id=61565115227971","article_modified_time":"2026-03-06T19:52:50+00:00","og_image":[{"width":500,"height":500,"url":"https:\/\/pepiniere-bio.ch\/wp-content\/uploads\/2026\/02\/pommier-colonnaire-Moonlight.jpg","type":"image\/jpeg"}],"twitter_card":"summary_large_image","twitter_misc":{"Gesch\u00e4tzte Lesezeit":"2\u00a0Minuten"},"schema":{"@context":"https:\/\/schema.org","@graph":[{"@type":"WebPage","@id":"https:\/\/pepiniere-bio.ch\/de\/Produkt\/saulenapfel-moonlight\/","url":"https:\/\/pepiniere-bio.ch\/de\/Produkt\/saulenapfel-moonlight\/","name":"Apfelbaum Moonlight \u2013 S\u00fc\u00dfer S\u00e4ulenbaum f\u00fcr kleine G\u00e4rten","isPartOf":{"@id":"https:\/\/pepiniere-bio.ch\/de\/#website"},"primaryImageOfPage":{"@id":"https:\/\/pepiniere-bio.ch\/de\/Produkt\/saulenapfel-moonlight\/#primaryimage"},"image":{"@id":"https:\/\/pepiniere-bio.ch\/de\/Produkt\/saulenapfel-moonlight\/#primaryimage"},"thumbnailUrl":"https:\/\/pepiniere-bio.ch\/wp-content\/uploads\/2026\/02\/pommier-colonnaire-Moonlight.jpg","datePublished":"2026-02-18T08:21:53+00:00","dateModified":"2026-03-06T19:52:50+00:00","description":"Entdecken Sie den Apfelbaum Moonlight, eine s\u00e4ulenf\u00f6rmige Sorte, die ideal f\u00fcr kleine G\u00e4rten und Balkone ist. Mitte September geerntet.","breadcrumb":{"@id":"https:\/\/pepiniere-bio.ch\/de\/Produkt\/saulenapfel-moonlight\/#breadcrumb"},"inLanguage":"de","potentialAction":[{"@type":"ReadAction","target":["https:\/\/pepiniere-bio.ch\/de\/Produkt\/saulenapfel-moonlight\/"]}]},{"@type":"ImageObject","inLanguage":"de","@id":"https:\/\/pepiniere-bio.ch\/de\/Produkt\/saulenapfel-moonlight\/#primaryimage","url":"https:\/\/pepiniere-bio.ch\/wp-content\/uploads\/2026\/02\/pommier-colonnaire-Moonlight.jpg","contentUrl":"https:\/\/pepiniere-bio.ch\/wp-content\/uploads\/2026\/02\/pommier-colonnaire-Moonlight.jpg","width":500,"height":500},{"@type":"BreadcrumbList","@id":"https:\/\/pepiniere-bio.ch\/de\/Produkt\/saulenapfel-moonlight\/#breadcrumb","itemListElement":[{"@type":"ListItem","position":1,"name":"Accueil","item":"https:\/\/pepiniere-bio.ch\/de\/"},{"@type":"ListItem","position":2,"name":"Shop","item":"https:\/\/pepiniere-bio.ch\/de\/shop\/"},{"@type":"ListItem","position":3,"name":"S\u00e4ulenapfel Moonlight"}]},{"@type":"WebSite","@id":"https:\/\/pepiniere-bio.ch\/de\/#website","url":"https:\/\/pepiniere-bio.ch\/de\/","name":"P\u00e9pini\u00e8re fruiti\u00e8re suisse","description":"La p\u00e9pini\u00e8re fruiti\u00e8re suisse","publisher":{"@id":"https:\/\/pepiniere-bio.ch\/de\/#organization"},"alternateName":"P\u00e9pini\u00e8re fruiti\u00e8re suisse","potentialAction":[{"@type":"SearchAction","target":{"@type":"EntryPoint","urlTemplate":"https:\/\/pepiniere-bio.ch\/de\/?s={search_term_string}"},"query-input":{"@type":"PropertyValueSpecification","valueRequired":true,"valueName":"search_term_string"}}],"inLanguage":"de"},{"@type":"Organization","@id":"https:\/\/pepiniere-bio.ch\/de\/#organization","name":"La p\u00e9pini\u00e8re fruiti\u00e8re","alternateName":"La p\u00e9pini\u00e8re fruiti\u00e8re","url":"https:\/\/pepiniere-bio.ch\/de\/","logo":{"@type":"ImageObject","inLanguage":"de","@id":"https:\/\/pepiniere-bio.ch\/de\/#\/schema\/logo\/image\/","url":"http:\/\/new.pepiniere-bio.ch\/wp-content\/uploads\/2026\/01\/logo-300.png","contentUrl":"http:\/\/new.pepiniere-bio.ch\/wp-content\/uploads\/2026\/01\/logo-300.png","width":300,"height":300,"caption":"La p\u00e9pini\u00e8re fruiti\u00e8re"},"image":{"@id":"https:\/\/pepiniere-bio.ch\/de\/#\/schema\/logo\/image\/"},"sameAs":["https:\/\/www.facebook.com\/profile.php?id=61565115227971","https:\/\/www.instagram.com\/pepinierebio?igsh=cmR2aGdsMjZ1ZnNn"]}]}},"jetpack_sharing_enabled":true,"_links":{"self":[{"href":"https:\/\/pepiniere-bio.ch\/de\/wp-json\/wp\/v2\/product\/6035","targetHints":{"allow":["GET"]}}],"collection":[{"href":"https:\/\/pepiniere-bio.ch\/de\/wp-json\/wp\/v2\/product"}],"about":[{"href":"https:\/\/pepiniere-bio.ch\/de\/wp-json\/wp\/v2\/types\/product"}],"replies":[{"embeddable":true,"href":"https:\/\/pepiniere-bio.ch\/de\/wp-json\/wp\/v2\/comments?post=6035"}],"wp:featuredmedia":[{"embeddable":true,"href":"https:\/\/pepiniere-bio.ch\/de\/wp-json\/wp\/v2\/media\/6220"}],"wp:attachment":[{"href":"https:\/\/pepiniere-bio.ch\/de\/wp-json\/wp\/v2\/media?parent=6035"}],"wp:term":[{"taxonomy":"product_brand","embeddable":true,"href":"https:\/\/pepiniere-bio.ch\/de\/wp-json\/wp\/v2\/product_brand?post=6035"},{"taxonomy":"product_cat","embeddable":true,"href":"https:\/\/pepiniere-bio.ch\/de\/wp-json\/wp\/v2\/product_cat?post=6035"},{"taxonomy":"product_tag","embeddable":true,"href":"https:\/\/pepiniere-bio.ch\/de\/wp-json\/wp\/v2\/product_tag?post=6035"}],"curies":[{"name":"wp","href":"https:\/\/api.w.org\/{rel}","templated":true}]}}