{"id":6023,"date":"2026-02-18T08:12:31","date_gmt":"2026-02-18T08:12:31","guid":{"rendered":"https:\/\/pepiniere-bio.ch\/?post_type=product&#038;p=6023"},"modified":"2026-03-06T19:52:50","modified_gmt":"2026-03-06T19:52:50","slug":"saulenapfel-rondo","status":"publish","type":"product","link":"https:\/\/pepiniere-bio.ch\/de\/Produkt\/saulenapfel-rondo\/","title":{"rendered":"S\u00e4ulenapfel Rondo"},"content":{"rendered":"<div>\n<h2 data-start=\"217\" data-end=\"298\">Apfelbaum Rondo &#8211; Eine s\u00e4ulenf\u00f6rmige Herbstsorte, widerstandsf\u00e4hig und harmonisch<\/h2>\n<p data-start=\"300\" data-end=\"591\">Der <strong>Apfelbaum Rondo<\/strong> ist eine ideale Herbstsorte f\u00fcr kleine G\u00e4rten, Obsthecken oder den biologischen Anbau auf engem Raum. Mit seinem <strong data-start=\"461\" data-end=\"507\">mittelstarken, s\u00e4ulenf\u00f6rmigen Wuchs<\/strong> l\u00e4sst er sich leicht in einen <strong data-start=\"542\" data-end=\"561\">Familienobstgarten<\/strong> integrieren, selbst auf einer kleinen Fl\u00e4che.<\/p>\n<p data-start=\"593\" data-end=\"983\">Die Bl\u00fctezeit ist <strong data-start=\"610\" data-end=\"624\">mittelfr\u00fch<\/strong> und <strong data-start=\"634\" data-end=\"646\">diploid<\/strong>, was die Kreuzbest\u00e4ubung mit anderen Bio-Apfelb\u00e4umen erleichtert. Die Ernte erfolgt <strong data-start=\"739\" data-end=\"755\">Mitte September<\/strong>, wenn die <strong data-start=\"780\" data-end=\"827\">gro\u00dfen, gelbgr\u00fcnen Fr\u00fcchte mit rotem \u00dcberzug<\/strong> voll ausgereift sind. Die <strong data-start=\"932\" data-end=\"952\">Fr\u00fcchte<\/strong> sind <strong data-start=\"870\" data-end=\"905\">sofort verzehrfertig<\/strong> und k\u00f6nnen in einem guten Naturkeller <strong data-start=\"932\" data-end=\"952\">bis Januar<\/strong> gelagert werden.<\/p>\n<p data-start=\"985\" data-end=\"1203\">Das <strong data-start=\"988\" data-end=\"1035\">Fruchtfleisch ist sehr saftig, knackig und s\u00fc\u00df<\/strong>, mit einem leichten Hauch von S\u00e4ure, die ihm einen <strong data-start=\"1088\" data-end=\"1121\">ausgewogenen und raffinierten Geschmack<\/strong> verleiht. Er ist ein <strong data-start=\"1133\" data-end=\"1162\">ausgezeichneter Tafelapfel<\/strong>, der sowohl zum Bei\u00dfen als auch zum Teilen geeignet ist.<\/p>\n<hr data-start=\"1205\" data-end=\"1208\" \/>\n<h3 data-start=\"1210\" data-end=\"1262\">Eine rustikale und leicht zu kultivierende Bio-Sorte<\/h3>\n<p data-start=\"1264\" data-end=\"1537\">Rondo ist <strong data-start=\"1274\" data-end=\"1301\">resistent gegen Schorf<\/strong> und wenig anf\u00e4llig f\u00fcr Mehltau, wodurch er sich hervorragend f\u00fcr den <strong data-start=\"1370\" data-end=\"1392\">biologischen Anbau<\/strong> ohne chemische Behandlung eignet. Seine Struktur <strong data-start=\"1449\" data-end=\"1482\">ist ideal f\u00fcr kleine Fl\u00e4chen<\/strong>, Naturg\u00e4rten oder Permakultur-Gem\u00fcseg\u00e4rten.<\/p>\n<h3 data-start=\"1544\" data-end=\"1567\">Zusammenfassung der St\u00e4rken<\/h3>\n<ul data-start=\"1569\" data-end=\"1957\">\n<li data-start=\"1569\" data-end=\"1612\">\n<p data-start=\"1571\" data-end=\"1612\"><strong data-start=\"1571\" data-end=\"1597\">Ernte &amp; Verbrauch<\/strong>: Mitte September<\/p>\n<\/li>\n<li data-start=\"1613\" data-end=\"1667\">\n<p data-start=\"1615\" data-end=\"1667\"><strong data-start=\"1615\" data-end=\"1631\">Lagerung<\/strong>: bis Januar im Naturkeller<\/p>\n<\/li>\n<li data-start=\"1668\" data-end=\"1735\">\n<p data-start=\"1670\" data-end=\"1735\"><strong data-start=\"1670\" data-end=\"1679\">Frucht<\/strong>: gro\u00df, saftig, knackig, mit s\u00fc\u00dfem und s\u00e4uerlichem Geschmack<\/p>\n<\/li>\n<li data-start=\"1736\" data-end=\"1803\">\n<p data-start=\"1738\" data-end=\"1803\"><strong data-start=\"1738\" data-end=\"1752\">Wuchs<\/strong>: s\u00e4ulenf\u00f6rmig, kompakt, f\u00fcr kleine G\u00e4rten geeignet<\/p>\n<\/li>\n<li data-start=\"1804\" data-end=\"1842\">\n<p data-start=\"1806\" data-end=\"1842\"><strong data-start=\"1806\" data-end=\"1819\">Bl\u00fctezeit<\/strong>: mittelfr\u00fch, diploid<\/p>\n<\/li>\n<li data-start=\"1843\" data-end=\"1888\">\n<p data-start=\"1845\" data-end=\"1888\"><strong data-start=\"1845\" data-end=\"1860\">Verwendung<\/strong>: Qualit\u00e4ts-Tafelapfel<\/p>\n<\/li>\n<li data-start=\"1889\" data-end=\"1957\">\n<p data-start=\"1891\" data-end=\"1957\"><strong data-start=\"1891\" data-end=\"1905\">Resistenz<\/strong>: stark gegen Schorf, wenig anf\u00e4llig f\u00fcr Mehltau<\/p>\n<\/li>\n<\/ul>\n<\/div>\n<div>\n<div class=\"wp-menu-name\">Ein Apfelbaum ist perfekt f\u00fcr den Familiengarten geeignet und kombiniert \u00c4sthetik, Geschmack und nat\u00fcrliche Widerstandsf\u00e4higkeit.<\/div>\n<\/div>\n<div><\/div>\n<div><strong>FAQ:<\/strong><\/div>\n<div><\/div>\n<div>\n<p data-start=\"1435\" data-end=\"1583\"><strong data-start=\"1435\" data-end=\"1490\">Wann ist die Erntezeit des Rondo-Apfelbaums?<\/strong><br data-start=\"1490\" data-end=\"1493\" \/>Die Ernte erfolgt Mitte September mit Fr\u00fcchten, die sofort verzehrt werden k\u00f6nnen.<\/p>\n<p data-start=\"1585\" data-end=\"1711\"><strong data-start=\"1585\" data-end=\"1625\">Kann man Rondo \u00c4pfel aufbewahren?<\/strong><br data-start=\"1625\" data-end=\"1628\" \/>Ja, in einem nat\u00fcrlichen Keller k\u00f6nnen die Fr\u00fcchte problemlos bis Januar aufbewahrt werden.<\/p>\n<p data-start=\"1713\" data-end=\"1872\"><strong data-start=\"1713\" data-end=\"1768\">Ist der Rondo-Apfelbaum f\u00fcr kleine G\u00e4rten geeignet?<\/strong><br data-start=\"1768\" data-end=\"1771\" \/>Ja, ihr s\u00e4ulenf\u00f6rmiger und kompakter Wuchs macht sie ideal f\u00fcr kleine Fl\u00e4chen und Solit\u00e4rkulturen.<\/p>\n<p data-start=\"1874\" data-end=\"2012\"><strong data-start=\"1874\" data-end=\"1912\">Muss der Apfelbaum Rondo behandelt werden?<\/strong><br data-start=\"1912\" data-end=\"1915\" \/>Nein, es handelt sich um eine schorfresistente Sorte mit geringer Anf\u00e4lligkeit f\u00fcr Mehltau, die perfekt f\u00fcr Bio geeignet ist.<\/p>\n<\/div>\n","protected":false},"excerpt":{"rendered":"<div>\n<div>\n<div><strong>Herbstapfel <\/strong><\/div>\n<div><strong>Verbrauch:<\/strong> Mitte September bis Januar<br \/>\n<strong>Frucht<\/strong> fleisch: mittelfest, knackig, sehr saftig, s\u00fc\u00df mit einem Hauch von S\u00e4ure, fein, harmonisch<br \/>\n<strong>Besonderheiten:<\/strong> widerstandsf\u00e4hige Sorte, ideal f\u00fcr den Hausgarten<br \/>\n<strong>Verwendung:<\/strong> Tafelapfel<\/div>\n<div>\n<p data-start=\"445\" data-end=\"545\">Topfpflanzen werden innert 5\u20137 Tagen geliefert.<\/p>\n<p>Die Pflanzen\u00a0 \u201eWurzelnackt\u201c\u00a0 wird ab dem 20. Oktober bis Ende M\u00e4rz ausgeliefert<\/p>\n<\/div>\n<\/div>\n<div><\/div>\n<div><\/div>\n<\/div>\n<div><\/div>\n","protected":false},"featured_media":6218,"comment_status":"open","ping_status":"closed","template":"","meta":{"_acf_changed":false},"product_brand":[229],"product_cat":[144,218,223,143],"product_tag":[126,149,135,147],"class_list":{"0":"post-6023","1":"product","2":"type-product","3":"status-publish","4":"has-post-thumbnail","6":"product_brand-pepiniere-fruitiere","7":"product_cat-herbstaepfel","8":"product_cat-obstbaeume-fuer-kleine-gaerten","9":"product_cat-obstbaeume-resistent-gegen-krankheiten","10":"product_cat-saeulenapfelbaum","11":"product_tag-gelb","12":"product_tag-herbstaepfel","13":"product_tag-saeule","14":"product_tag-widerstandsfaehig","16":"first","17":"instock","18":"taxable","19":"shipping-taxable","20":"purchasable","21":"product-type-variable"},"acf":[],"yoast_head":"<!-- This site is optimized with the Yoast SEO plugin v27.3 - https:\/\/yoast.com\/product\/yoast-seo-wordpress\/ -->\n<title>Apfelbaum Rondo - S\u00fc\u00dfe Herbstfr\u00fcchte | Baumschule-Bio.ch<\/title>\n<meta name=\"description\" content=\"Wir produzieren in der Schweiz eine gro\u00dfe Auswahl an s\u00e4ulenf\u00f6rmigen und krankheitsresistenten Apfelb\u00e4umen f\u00fcr Ihren Garten. \u00c4pfel f\u00fcr jeden Geschmack...\" \/>\n<meta name=\"robots\" content=\"index, follow, max-snippet:-1, max-image-preview:large, max-video-preview:-1\" \/>\n<link rel=\"canonical\" href=\"https:\/\/pepiniere-bio.ch\/de\/Produkt\/saulenapfel-rondo\/\" \/>\n<meta property=\"og:locale\" content=\"de_DE\" \/>\n<meta property=\"og:type\" content=\"article\" \/>\n<meta property=\"og:title\" content=\"Apfelbaum Rondo - S\u00fc\u00dfe Herbstfr\u00fcchte | Baumschule-Bio.ch\" \/>\n<meta property=\"og:description\" content=\"Wir produzieren in der Schweiz eine gro\u00dfe Auswahl an s\u00e4ulenf\u00f6rmigen und krankheitsresistenten Apfelb\u00e4umen f\u00fcr Ihren Garten. \u00c4pfel f\u00fcr jeden Geschmack...\" \/>\n<meta property=\"og:url\" content=\"https:\/\/pepiniere-bio.ch\/de\/Produkt\/saulenapfel-rondo\/\" \/>\n<meta property=\"og:site_name\" content=\"Die Obstbaumschule\" \/>\n<meta property=\"article:publisher\" content=\"https:\/\/www.facebook.com\/profile.php?id=61565115227971\" \/>\n<meta property=\"article:modified_time\" content=\"2026-03-06T19:52:50+00:00\" \/>\n<meta property=\"og:image\" content=\"https:\/\/pepiniere-bio.ch\/wp-content\/uploads\/2026\/02\/pomme-rondo-colonnaire.jpg\" \/>\n\t<meta property=\"og:image:width\" content=\"500\" \/>\n\t<meta property=\"og:image:height\" content=\"500\" \/>\n\t<meta property=\"og:image:type\" content=\"image\/jpeg\" \/>\n<meta name=\"twitter:card\" content=\"summary_large_image\" \/>\n<meta name=\"twitter:label1\" content=\"Gesch\u00e4tzte Lesezeit\" \/>\n\t<meta name=\"twitter:data1\" content=\"2\u00a0Minuten\" \/>\n<script type=\"application\/ld+json\" class=\"yoast-schema-graph\">{\"@context\":\"https:\\\/\\\/schema.org\",\"@graph\":[{\"@type\":\"WebPage\",\"@id\":\"https:\\\/\\\/pepiniere-bio.ch\\\/de\\\/Produkt\\\/saulenapfel-rondo\\\/\",\"url\":\"https:\\\/\\\/pepiniere-bio.ch\\\/de\\\/Produkt\\\/saulenapfel-rondo\\\/\",\"name\":\"Apfelbaum Rondo - S\u00fc\u00dfe Herbstfr\u00fcchte | Baumschule-Bio.ch\",\"isPartOf\":{\"@id\":\"https:\\\/\\\/pepiniere-bio.ch\\\/de\\\/#website\"},\"primaryImageOfPage\":{\"@id\":\"https:\\\/\\\/pepiniere-bio.ch\\\/de\\\/Produkt\\\/saulenapfel-rondo\\\/#primaryimage\"},\"image\":{\"@id\":\"https:\\\/\\\/pepiniere-bio.ch\\\/de\\\/Produkt\\\/saulenapfel-rondo\\\/#primaryimage\"},\"thumbnailUrl\":\"https:\\\/\\\/pepiniere-bio.ch\\\/wp-content\\\/uploads\\\/2026\\\/02\\\/pomme-rondo-colonnaire.jpg\",\"datePublished\":\"2026-02-18T08:12:31+00:00\",\"dateModified\":\"2026-03-06T19:52:50+00:00\",\"description\":\"Wir produzieren in der Schweiz eine gro\u00dfe Auswahl an s\u00e4ulenf\u00f6rmigen und krankheitsresistenten Apfelb\u00e4umen f\u00fcr Ihren Garten. \u00c4pfel f\u00fcr jeden Geschmack...\",\"breadcrumb\":{\"@id\":\"https:\\\/\\\/pepiniere-bio.ch\\\/de\\\/Produkt\\\/saulenapfel-rondo\\\/#breadcrumb\"},\"inLanguage\":\"de\",\"potentialAction\":[{\"@type\":\"ReadAction\",\"target\":[\"https:\\\/\\\/pepiniere-bio.ch\\\/de\\\/Produkt\\\/saulenapfel-rondo\\\/\"]}]},{\"@type\":\"ImageObject\",\"inLanguage\":\"de\",\"@id\":\"https:\\\/\\\/pepiniere-bio.ch\\\/de\\\/Produkt\\\/saulenapfel-rondo\\\/#primaryimage\",\"url\":\"https:\\\/\\\/pepiniere-bio.ch\\\/wp-content\\\/uploads\\\/2026\\\/02\\\/pomme-rondo-colonnaire.jpg\",\"contentUrl\":\"https:\\\/\\\/pepiniere-bio.ch\\\/wp-content\\\/uploads\\\/2026\\\/02\\\/pomme-rondo-colonnaire.jpg\",\"width\":500,\"height\":500},{\"@type\":\"BreadcrumbList\",\"@id\":\"https:\\\/\\\/pepiniere-bio.ch\\\/de\\\/Produkt\\\/saulenapfel-rondo\\\/#breadcrumb\",\"itemListElement\":[{\"@type\":\"ListItem\",\"position\":1,\"name\":\"Accueil\",\"item\":\"https:\\\/\\\/pepiniere-bio.ch\\\/de\\\/\"},{\"@type\":\"ListItem\",\"position\":2,\"name\":\"Shop\",\"item\":\"https:\\\/\\\/pepiniere-bio.ch\\\/de\\\/shop\\\/\"},{\"@type\":\"ListItem\",\"position\":3,\"name\":\"S\u00e4ulenapfel Rondo\"}]},{\"@type\":\"WebSite\",\"@id\":\"https:\\\/\\\/pepiniere-bio.ch\\\/de\\\/#website\",\"url\":\"https:\\\/\\\/pepiniere-bio.ch\\\/de\\\/\",\"name\":\"P\u00e9pini\u00e8re fruiti\u00e8re suisse\",\"description\":\"La p\u00e9pini\u00e8re fruiti\u00e8re suisse\",\"publisher\":{\"@id\":\"https:\\\/\\\/pepiniere-bio.ch\\\/de\\\/#organization\"},\"alternateName\":\"P\u00e9pini\u00e8re fruiti\u00e8re suisse\",\"potentialAction\":[{\"@type\":\"SearchAction\",\"target\":{\"@type\":\"EntryPoint\",\"urlTemplate\":\"https:\\\/\\\/pepiniere-bio.ch\\\/de\\\/?s={search_term_string}\"},\"query-input\":{\"@type\":\"PropertyValueSpecification\",\"valueRequired\":true,\"valueName\":\"search_term_string\"}}],\"inLanguage\":\"de\"},{\"@type\":\"Organization\",\"@id\":\"https:\\\/\\\/pepiniere-bio.ch\\\/de\\\/#organization\",\"name\":\"La p\u00e9pini\u00e8re fruiti\u00e8re\",\"alternateName\":\"La p\u00e9pini\u00e8re fruiti\u00e8re\",\"url\":\"https:\\\/\\\/pepiniere-bio.ch\\\/de\\\/\",\"logo\":{\"@type\":\"ImageObject\",\"inLanguage\":\"de\",\"@id\":\"https:\\\/\\\/pepiniere-bio.ch\\\/de\\\/#\\\/schema\\\/logo\\\/image\\\/\",\"url\":\"http:\\\/\\\/new.pepiniere-bio.ch\\\/wp-content\\\/uploads\\\/2026\\\/01\\\/logo-300.png\",\"contentUrl\":\"http:\\\/\\\/new.pepiniere-bio.ch\\\/wp-content\\\/uploads\\\/2026\\\/01\\\/logo-300.png\",\"width\":300,\"height\":300,\"caption\":\"La p\u00e9pini\u00e8re fruiti\u00e8re\"},\"image\":{\"@id\":\"https:\\\/\\\/pepiniere-bio.ch\\\/de\\\/#\\\/schema\\\/logo\\\/image\\\/\"},\"sameAs\":[\"https:\\\/\\\/www.facebook.com\\\/profile.php?id=61565115227971\",\"https:\\\/\\\/www.instagram.com\\\/pepinierebio?igsh=cmR2aGdsMjZ1ZnNn\"]}]}<\/script>\n<!-- \/ Yoast SEO plugin. -->","yoast_head_json":{"title":"Apfelbaum Rondo - S\u00fc\u00dfe Herbstfr\u00fcchte | Baumschule-Bio.ch","description":"Wir produzieren in der Schweiz eine gro\u00dfe Auswahl an s\u00e4ulenf\u00f6rmigen und krankheitsresistenten Apfelb\u00e4umen f\u00fcr Ihren Garten. \u00c4pfel f\u00fcr jeden Geschmack...","robots":{"index":"index","follow":"follow","max-snippet":"max-snippet:-1","max-image-preview":"max-image-preview:large","max-video-preview":"max-video-preview:-1"},"canonical":"https:\/\/pepiniere-bio.ch\/de\/Produkt\/saulenapfel-rondo\/","og_locale":"de_DE","og_type":"article","og_title":"Apfelbaum Rondo - S\u00fc\u00dfe Herbstfr\u00fcchte | Baumschule-Bio.ch","og_description":"Wir produzieren in der Schweiz eine gro\u00dfe Auswahl an s\u00e4ulenf\u00f6rmigen und krankheitsresistenten Apfelb\u00e4umen f\u00fcr Ihren Garten. \u00c4pfel f\u00fcr jeden Geschmack...","og_url":"https:\/\/pepiniere-bio.ch\/de\/Produkt\/saulenapfel-rondo\/","og_site_name":"Die Obstbaumschule","article_publisher":"https:\/\/www.facebook.com\/profile.php?id=61565115227971","article_modified_time":"2026-03-06T19:52:50+00:00","og_image":[{"width":500,"height":500,"url":"https:\/\/pepiniere-bio.ch\/wp-content\/uploads\/2026\/02\/pomme-rondo-colonnaire.jpg","type":"image\/jpeg"}],"twitter_card":"summary_large_image","twitter_misc":{"Gesch\u00e4tzte Lesezeit":"2\u00a0Minuten"},"schema":{"@context":"https:\/\/schema.org","@graph":[{"@type":"WebPage","@id":"https:\/\/pepiniere-bio.ch\/de\/Produkt\/saulenapfel-rondo\/","url":"https:\/\/pepiniere-bio.ch\/de\/Produkt\/saulenapfel-rondo\/","name":"Apfelbaum Rondo - S\u00fc\u00dfe Herbstfr\u00fcchte | Baumschule-Bio.ch","isPartOf":{"@id":"https:\/\/pepiniere-bio.ch\/de\/#website"},"primaryImageOfPage":{"@id":"https:\/\/pepiniere-bio.ch\/de\/Produkt\/saulenapfel-rondo\/#primaryimage"},"image":{"@id":"https:\/\/pepiniere-bio.ch\/de\/Produkt\/saulenapfel-rondo\/#primaryimage"},"thumbnailUrl":"https:\/\/pepiniere-bio.ch\/wp-content\/uploads\/2026\/02\/pomme-rondo-colonnaire.jpg","datePublished":"2026-02-18T08:12:31+00:00","dateModified":"2026-03-06T19:52:50+00:00","description":"Wir produzieren in der Schweiz eine gro\u00dfe Auswahl an s\u00e4ulenf\u00f6rmigen und krankheitsresistenten Apfelb\u00e4umen f\u00fcr Ihren Garten. \u00c4pfel f\u00fcr jeden Geschmack...","breadcrumb":{"@id":"https:\/\/pepiniere-bio.ch\/de\/Produkt\/saulenapfel-rondo\/#breadcrumb"},"inLanguage":"de","potentialAction":[{"@type":"ReadAction","target":["https:\/\/pepiniere-bio.ch\/de\/Produkt\/saulenapfel-rondo\/"]}]},{"@type":"ImageObject","inLanguage":"de","@id":"https:\/\/pepiniere-bio.ch\/de\/Produkt\/saulenapfel-rondo\/#primaryimage","url":"https:\/\/pepiniere-bio.ch\/wp-content\/uploads\/2026\/02\/pomme-rondo-colonnaire.jpg","contentUrl":"https:\/\/pepiniere-bio.ch\/wp-content\/uploads\/2026\/02\/pomme-rondo-colonnaire.jpg","width":500,"height":500},{"@type":"BreadcrumbList","@id":"https:\/\/pepiniere-bio.ch\/de\/Produkt\/saulenapfel-rondo\/#breadcrumb","itemListElement":[{"@type":"ListItem","position":1,"name":"Accueil","item":"https:\/\/pepiniere-bio.ch\/de\/"},{"@type":"ListItem","position":2,"name":"Shop","item":"https:\/\/pepiniere-bio.ch\/de\/shop\/"},{"@type":"ListItem","position":3,"name":"S\u00e4ulenapfel Rondo"}]},{"@type":"WebSite","@id":"https:\/\/pepiniere-bio.ch\/de\/#website","url":"https:\/\/pepiniere-bio.ch\/de\/","name":"P\u00e9pini\u00e8re fruiti\u00e8re suisse","description":"La p\u00e9pini\u00e8re fruiti\u00e8re suisse","publisher":{"@id":"https:\/\/pepiniere-bio.ch\/de\/#organization"},"alternateName":"P\u00e9pini\u00e8re fruiti\u00e8re suisse","potentialAction":[{"@type":"SearchAction","target":{"@type":"EntryPoint","urlTemplate":"https:\/\/pepiniere-bio.ch\/de\/?s={search_term_string}"},"query-input":{"@type":"PropertyValueSpecification","valueRequired":true,"valueName":"search_term_string"}}],"inLanguage":"de"},{"@type":"Organization","@id":"https:\/\/pepiniere-bio.ch\/de\/#organization","name":"La p\u00e9pini\u00e8re fruiti\u00e8re","alternateName":"La p\u00e9pini\u00e8re fruiti\u00e8re","url":"https:\/\/pepiniere-bio.ch\/de\/","logo":{"@type":"ImageObject","inLanguage":"de","@id":"https:\/\/pepiniere-bio.ch\/de\/#\/schema\/logo\/image\/","url":"http:\/\/new.pepiniere-bio.ch\/wp-content\/uploads\/2026\/01\/logo-300.png","contentUrl":"http:\/\/new.pepiniere-bio.ch\/wp-content\/uploads\/2026\/01\/logo-300.png","width":300,"height":300,"caption":"La p\u00e9pini\u00e8re fruiti\u00e8re"},"image":{"@id":"https:\/\/pepiniere-bio.ch\/de\/#\/schema\/logo\/image\/"},"sameAs":["https:\/\/www.facebook.com\/profile.php?id=61565115227971","https:\/\/www.instagram.com\/pepinierebio?igsh=cmR2aGdsMjZ1ZnNn"]}]}},"jetpack_sharing_enabled":true,"_links":{"self":[{"href":"https:\/\/pepiniere-bio.ch\/de\/wp-json\/wp\/v2\/product\/6023","targetHints":{"allow":["GET"]}}],"collection":[{"href":"https:\/\/pepiniere-bio.ch\/de\/wp-json\/wp\/v2\/product"}],"about":[{"href":"https:\/\/pepiniere-bio.ch\/de\/wp-json\/wp\/v2\/types\/product"}],"replies":[{"embeddable":true,"href":"https:\/\/pepiniere-bio.ch\/de\/wp-json\/wp\/v2\/comments?post=6023"}],"wp:featuredmedia":[{"embeddable":true,"href":"https:\/\/pepiniere-bio.ch\/de\/wp-json\/wp\/v2\/media\/6218"}],"wp:attachment":[{"href":"https:\/\/pepiniere-bio.ch\/de\/wp-json\/wp\/v2\/media?parent=6023"}],"wp:term":[{"taxonomy":"product_brand","embeddable":true,"href":"https:\/\/pepiniere-bio.ch\/de\/wp-json\/wp\/v2\/product_brand?post=6023"},{"taxonomy":"product_cat","embeddable":true,"href":"https:\/\/pepiniere-bio.ch\/de\/wp-json\/wp\/v2\/product_cat?post=6023"},{"taxonomy":"product_tag","embeddable":true,"href":"https:\/\/pepiniere-bio.ch\/de\/wp-json\/wp\/v2\/product_tag?post=6023"}],"curies":[{"name":"wp","href":"https:\/\/api.w.org\/{rel}","templated":true}]}}