{"id":5783,"date":"2026-02-16T14:29:45","date_gmt":"2026-02-16T14:29:45","guid":{"rendered":"https:\/\/pepiniere-bio.ch\/?post_type=product&#038;p=5783"},"modified":"2026-03-06T19:52:38","modified_gmt":"2026-03-06T19:52:38","slug":"birnenbaum-boscs-flaschenbirne","status":"publish","type":"product","link":"https:\/\/pepiniere-bio.ch\/de\/Produkt\/birnenbaum-boscs-flaschenbirne\/","title":{"rendered":"Birnenbaum Boscs Flaschenbirne"},"content":{"rendered":"<p data-start=\"177\" data-end=\"257\"><strong data-start=\"177\" data-end=\"257\">Birnenbaum Boscs Flaschenbirne \u2013 Herbstbirne mit s\u00fc\u00dfem Aroma und langer Lagerf\u00e4higkeit<\/strong><\/p>\n<p data-start=\"259\" data-end=\"702\">Der <strong data-start=\"263\" data-end=\"287\">Bocs Flaschenbirne Birnenbaum<\/strong> ist eine traditionelle Herbstsorte, die wegen ihrer <strong data-start=\"340\" data-end=\"365\">kupferfarbenen Schale<\/strong>, <strong data-start=\"367\" data-end=\"383\">s\u00fc\u00dfen Aromen<\/strong> und <strong data-start=\"388\" data-end=\"416\">zart schmelzenden Textur<\/strong> sehr gesch\u00e4tzt wird. Mit einem <strong data-start=\"448\" data-end=\"471\">mittelstarken Wuchs<\/strong> und einer <strong data-start=\"482\" data-end=\"523\">guten nat\u00fcrlichen Krankheitsresistenz<\/strong> eignet er sich hervorragend f\u00fcr <strong data-start=\"556\" data-end=\"570\">Hausg\u00e4rten<\/strong>, <strong data-start=\"572\" data-end=\"585\">Bio-Anbau<\/strong> und Streuobstwiesen. Dank seiner langen Lagerf\u00e4higkeit kann man die k\u00f6stlichen Fr\u00fcchte auch im Winter noch genie\u00dfen.<\/p>\n<h3 data-start=\"704\" data-end=\"749\">Eine s\u00fc\u00dfe und zart schmelzende Tafelbirne<\/h3>\n<p data-start=\"751\" data-end=\"1092\">Die <strong data-start=\"755\" data-end=\"791\">Fr\u00fcchte sind mittelgro\u00df bis gro\u00df<\/strong> und an ihrer <strong data-start=\"805\" data-end=\"844\">charakteristischen kupfernen Schale<\/strong> leicht zu erkennen. Das <strong data-start=\"869\" data-end=\"896\">Fruchtfleisch ist weich<\/strong>, sehr <strong data-start=\"903\" data-end=\"910\">s\u00fc\u00df<\/strong> und verstr\u00f6mt ein <strong data-start=\"929\" data-end=\"956\">feines, elegantes Aroma<\/strong>. Die Beurr\u00e9 Bosc wird gerne <strong data-start=\"985\" data-end=\"1007\">roh als Tafelbirne<\/strong> verzehrt, ist aber auch ideal f\u00fcr <strong data-start=\"1042\" data-end=\"1052\">Kuchen<\/strong>, <strong data-start=\"1054\" data-end=\"1065\">Kompott<\/strong> oder <strong data-start=\"1071\" data-end=\"1091\">gebackene Birnen<\/strong>.<\/p>\n<h3 data-start=\"1094\" data-end=\"1134\">Ernte im Oktober, Genuss bis Februar<\/h3>\n<p data-start=\"1136\" data-end=\"1427\">Die <strong data-start=\"1140\" data-end=\"1153\">Erntezeit<\/strong> liegt im <strong data-start=\"1163\" data-end=\"1174\">Oktober<\/strong>, wenn die Fr\u00fcchte vollreif sind. In einem <strong data-start=\"1217\" data-end=\"1239\">k\u00fchlen Naturkeller<\/strong> oder gut bel\u00fcfteten Raum lassen sich die Birnen <strong data-start=\"1288\" data-end=\"1315\">bis Ende Februar lagern<\/strong>. Damit k\u00f6nnen Sie die aromatischen Fr\u00fcchte <strong data-start=\"1359\" data-end=\"1394\">den ganzen Winter \u00fcber genie\u00dfen<\/strong>, ganz ohne Konservierungsmittel.<\/p>\n<h3 data-start=\"1429\" data-end=\"1473\">Ein pflegeleichter Baum f\u00fcr jeden Garten<\/h3>\n<p data-start=\"1475\" data-end=\"1749\">Der Boscs Flaschenbirne w\u00e4chst <strong data-start=\"1498\" data-end=\"1513\">m\u00e4\u00dfig stark<\/strong> und l\u00e4sst sich leicht in G\u00e4rten integrieren. Er ist <strong data-start=\"1566\" data-end=\"1595\">wenig anf\u00e4llig f\u00fcr Schorf<\/strong>, eine der h\u00e4ufigsten Birnenkrankheiten. Mit <strong data-start=\"1640\" data-end=\"1660\">minimaler Pflege<\/strong> und regelm\u00e4\u00dfigem Schnitt liefert dieser Birnbaum <strong data-start=\"1710\" data-end=\"1748\">j\u00e4hrlich stabile und reiche Ernten<\/strong>.<\/p>\n<h3 data-start=\"1751\" data-end=\"1793\">Verf\u00fcgbare Baumformen f\u00fcr jeden Bedarf<\/h3>\n<p data-start=\"1795\" data-end=\"1850\">Dieser Birnbaum ist in verschiedenen Formen erh\u00e4ltlich:<\/p>\n<ul data-start=\"1852\" data-end=\"2086\">\n<li data-start=\"1852\" data-end=\"1926\">\n<p data-start=\"1854\" data-end=\"1926\"><strong data-start=\"1854\" data-end=\"1876\">Hochstamm (160 cm)<\/strong>: ideal f\u00fcr traditionelle Obstwiesen oder Weiden<\/p>\n<\/li>\n<li data-start=\"1927\" data-end=\"2009\">\n<p data-start=\"1929\" data-end=\"2009\"><strong data-start=\"1929\" data-end=\"1951\">Halbstamm (120 cm)<\/strong>: optimal f\u00fcr Familieng\u00e4rten und vielseitige Gr\u00fcnfl\u00e4chen<\/p>\n<\/li>\n<li data-start=\"2010\" data-end=\"2086\">\n<p data-start=\"2012\" data-end=\"2086\"><strong data-start=\"2012\" data-end=\"2033\">Buschbaum (80 cm)<\/strong>: perfekt f\u00fcr kleine G\u00e4rten, Hecken oder Topfkultur<\/p>\n<\/li>\n<\/ul>\n<p data-start=\"2088\" data-end=\"2147\">Weitere Wuchsformen oder Unterlagen auf Anfrage erh\u00e4ltlich.<\/p>\n<div>\n<h1 data-start=\"143\" data-end=\"193\">Wie w\u00e4hle oder kaufe ich einen Birnbaum?<\/h1>\n<p data-start=\"195\" data-end=\"421\">M\u00f6chten Sie einen Birnbaum in Ihrem Garten oder Obstgarten pflanzen? Hier sind unsere Tipps f\u00fcr die richtige Wahl des Obstbaums in Bezug auf den verf\u00fcgbaren Platz, die Geschwindigkeit der Fruchtbildung und die Pflegeleichtigkeit.<\/p>\n<p data-start=\"462\" data-end=\"544\">Wir bieten verschiedene Formen von Birnb\u00e4umen an, die f\u00fcr alle Gartentypen geeignet sind:<\/p>\n<h3 data-start=\"546\" data-end=\"573\">Hochst\u00e4mmiger Birnbaum<\/h3>\n<p data-start=\"574\" data-end=\"662\"><strong data-start=\"574\" data-end=\"595\">Schafth\u00f6he:<\/strong>\u00a0160-180 cm<br data-start=\"608\" data-end=\"611\" \/><strong data-start=\"611\" data-end=\"626\">Struktur:<\/strong>\u00a0Gekr\u00f6nt (4-5 Zweige) und gepfeilt<\/p>\n<p data-start=\"664\" data-end=\"1044\">Der\u00a0<strong data-start=\"667\" data-end=\"689\">Hochstamm-Birnenbaum<\/strong>\u00a0ist die st\u00e4rkste Form. Er kann eine H\u00f6he von\u00a0<strong data-start=\"756\" data-end=\"774\">10-15 m<\/strong>\u00a0erreichen und beginnt etwa\u00a0<strong data-start=\"817\" data-end=\"830\">4-6 Jahre<\/strong>\u00a0nach der Pflanzung Birnen zu produzieren (je nach Sorte).<br data-start=\"870\" data-end=\"873\" \/>Bei regelm\u00e4\u00dfigem Beschneiden kann er auf mindestens\u00a0<strong data-start=\"923\" data-end=\"937\">5-6 m<\/strong>\u00a0gehalten werden.<br data-start=\"946\" data-end=\"949\" \/>Ideal f\u00fcr\u00a0<strong data-start=\"964\" data-end=\"982\">gro\u00dfe G\u00e4rten<\/strong>,\u00a0<strong data-start=\"984\" data-end=\"997\">Weiden<\/strong>\u00a0oder um<strong data-start=\"1024\" data-end=\"1043\">nat\u00fcrliche Schattenbereiche<\/strong>\u00a0zu schaffen.<\/p>\n<h3 data-start=\"1046\" data-end=\"1070\">Birnbaum Halbstamm<\/h3>\n<p data-start=\"1071\" data-end=\"1153\"><strong data-start=\"1071\" data-end=\"1092\">Schafth\u00f6he:<\/strong>\u00a0120 cm<br data-start=\"1099\" data-end=\"1102\" \/><strong data-start=\"1102\" data-end=\"1117\">Struktur:<\/strong>\u00a0Gekr\u00f6nt (4-5 Zweige) und gepfeilt<\/p>\n<p data-start=\"1155\" data-end=\"1538\">Der\u00a0<strong data-start=\"1158\" data-end=\"1177\">Halbstamm-Birnbaum<\/strong>\u00a0hat eine mittlere Wuchsst\u00e4rke. Er kann\u00a0<strong data-start=\"1226\" data-end=\"1243\">8-10 m<\/strong>\u00a0hoch werden und beginnt nach\u00a0<strong data-start=\"1291\" data-end=\"1304\">3-4 Jahren<\/strong>\u00a0(je nach Sorte) Fr\u00fcchte zu tragen.<br data-start=\"1324\" data-end=\"1327\" \/>Bei regelm\u00e4\u00dfigem Schnitt kann er auf\u00a0<strong data-start=\"1378\" data-end=\"1392\">4-5 m<\/strong>\u00a0H\u00f6he gehalten werden.<br data-start=\"1393\" data-end=\"1396\" \/>Perfekt f\u00fcr\u00a0<strong data-start=\"1413\" data-end=\"1442\">mittelgro\u00dfe G\u00e4rten<\/strong>, am Rand oder in der\u00a0<strong data-start=\"1461\" data-end=\"1482\">Mitte eines Rasens<\/strong>, da seine H\u00f6he einen\u00a0<strong data-start=\"1505\" data-end=\"1537\">leichten Zugang zum M\u00e4hen<\/strong>\u00a0erm\u00f6glicht.<\/p>\n<h3 data-start=\"1540\" data-end=\"1577\">Buschbirne (Niederstamm)<\/h3>\n<p data-start=\"1578\" data-end=\"1659\"><strong data-start=\"1578\" data-end=\"1599\">Schafth\u00f6he:<\/strong>\u00a080 cm<br data-start=\"1605\" data-end=\"1608\" \/><strong data-start=\"1608\" data-end=\"1623\">Struktur:<\/strong>\u00a0Gekr\u00f6nt (4-5 Zweige) und gepfeilt<\/p>\n<p data-start=\"1661\" data-end=\"2112\">Die\u00a0<strong data-start=\"1664\" data-end=\"1683\">Strauchbirne<\/strong>\u00a0ist eine schwachw\u00fcchsige Form. Er wird\u00a0<strong data-start=\"1728\" data-end=\"1744\">3 bis 4 Meter<\/strong>\u00a0hoch und tr\u00e4gt bereits\u00a0<strong data-start=\"1771\" data-end=\"1784\">1 bis 2 Jahre<\/strong>\u00a0nach der Pflanzung Fr\u00fcchte (je nach Sorte).<br data-start=\"1821\" data-end=\"1824\" \/>Mit einem regelm\u00e4\u00dfigen Schnitt kann er auf\u00a0<strong data-start=\"1874\" data-end=\"1892\">2 bis 2,5 Meter<\/strong>\u00a0H\u00f6he gebracht werden.<br data-start=\"1893\" data-end=\"1896\" \/>Empfohlen f\u00fcr\u00a0<strong data-start=\"1916\" data-end=\"1934\">kleine G\u00e4rten<\/strong>,\u00a0<strong data-start=\"1940\" data-end=\"1953\">Terrassen<\/strong>, als\u00a0<strong data-start=\"1958\" data-end=\"1965\">Topfpflanze<\/strong>\u00a0oder zur Schaffung von\u00a0<strong data-start=\"1984\" data-end=\"2004\">Obsthecken<\/strong>.<br data-start=\"2005\" data-end=\"2008\" \/>Seine wichtigsten Vorteile:\u00a0<strong data-start=\"2035\" data-end=\"2059\">schneller Fruchtansatz<\/strong>,\u00a0<strong data-start=\"2061\" data-end=\"2081\">einfache Pflege<\/strong>\u00a0(Schnitt, Behandlung, Ernte).<\/p>\n<h3 data-start=\"2114\" data-end=\"2128\">Spindel<\/h3>\n<p data-start=\"2129\" data-end=\"2375\">Der\u00a0<strong data-start=\"2132\" data-end=\"2141\">S\u00e4mling<\/strong>\u00a0entspricht einem\u00a0<strong data-start=\"2158\" data-end=\"2177\">Buschbirnbaum<\/strong>, der jedoch<strong data-start=\"2186\" data-end=\"2210\">ein Jahr j\u00fcnger<\/strong>\u00a0ist. Er ben\u00f6tigt daher etwas mehr Zeit, bevor er Fr\u00fcchte tr\u00e4gt. Er ist eine gute Alternative, wenn Sie die zuk\u00fcnftige Form Ihres Baumes selbst gestalten m\u00f6chten.<\/p>\n<hr data-start=\"2377\" data-end=\"2380\" \/>\n<p data-start=\"2403\" data-end=\"2535\">Alle von uns angebotenen Obstb\u00e4ume sind von\u00a0<strong data-start=\"2449\" data-end=\"2465\">h\u00f6chster Qualit\u00e4t<\/strong>\u00a0und entsprechen den\u00a0<strong data-start=\"2481\" data-end=\"2534\">Normen des Verbandes Schweizerischer Baumschulen.<\/strong><\/p>\n<hr data-start=\"2537\" data-end=\"2540\" \/>\n<h2 data-start=\"2542\" data-end=\"2579\">Kurz gesagt: Welcher Birnbaum ist der richtige?<\/h2>\n<div class=\"_tableContainer_80l1q_1\">\n<div class=\"_tableWrapper_80l1q_14 group flex w-fit flex-col-reverse\" tabindex=\"-1\">\n<table class=\"w-fit min-w-(--thread-content-width)\" data-start=\"2581\" data-end=\"3073\">\n<thead data-start=\"2581\" data-end=\"2660\">\n<tr data-start=\"2581\" data-end=\"2660\">\n<th data-start=\"2581\" data-end=\"2599\" data-col-size=\"sm\">Art des Birnbaums<\/th>\n<th data-start=\"2599\" data-end=\"2616\" data-col-size=\"sm\">H\u00f6he des ausgewachsenen Baums<\/th>\n<th data-start=\"2616\" data-end=\"2632\" data-col-size=\"sm\">Fruchtansatz<\/th>\n<th data-start=\"2632\" data-end=\"2647\" data-col-size=\"sm\">Idealer Platz<\/th>\n<th data-start=\"2647\" data-end=\"2660\" data-col-size=\"sm\">Pflege<\/th>\n<\/tr>\n<\/thead>\n<tbody data-start=\"2741\" data-end=\"3073\">\n<tr data-start=\"2741\" data-end=\"2820\">\n<td data-start=\"2741\" data-end=\"2759\" data-col-size=\"sm\"><strong data-start=\"2743\" data-end=\"2757\">Hochstamm<\/strong><\/td>\n<td data-col-size=\"sm\" data-start=\"2759\" data-end=\"2776\">10-15 m<\/td>\n<td data-col-size=\"sm\" data-start=\"2776\" data-end=\"2792\">4-6 Jahre<\/td>\n<td data-col-size=\"sm\" data-start=\"2792\" data-end=\"2807\">Gro\u00dfer Garten<\/td>\n<td data-col-size=\"sm\" data-start=\"2807\" data-end=\"2820\">Mittel<\/td>\n<\/tr>\n<tr data-start=\"2821\" data-end=\"2900\">\n<td data-start=\"2821\" data-end=\"2839\" data-col-size=\"sm\"><strong data-start=\"2823\" data-end=\"2834\">Halbstamm<\/strong><\/td>\n<td data-col-size=\"sm\" data-start=\"2839\" data-end=\"2856\">8-10 m<\/td>\n<td data-col-size=\"sm\" data-start=\"2856\" data-end=\"2872\">3-4 Jahre<\/td>\n<td data-col-size=\"sm\" data-start=\"2872\" data-end=\"2887\">Mittelgro\u00dfer Garten<\/td>\n<td data-col-size=\"sm\" data-start=\"2887\" data-end=\"2900\">Leicht<\/td>\n<\/tr>\n<tr data-start=\"2901\" data-end=\"2987\">\n<td data-start=\"2901\" data-end=\"2919\" data-col-size=\"sm\"><strong data-start=\"2903\" data-end=\"2914\">Busch<\/strong><\/td>\n<td data-col-size=\"sm\" data-start=\"2919\" data-end=\"2936\">3-4 m<\/td>\n<td data-col-size=\"sm\" data-start=\"2936\" data-end=\"2952\">1-2 Jahre<\/td>\n<td data-col-size=\"sm\" data-start=\"2952\" data-end=\"2972\">Kleiner Garten, Topf<\/td>\n<td data-col-size=\"sm\" data-start=\"2972\" data-end=\"2987\">Sehr einfach<\/td>\n<\/tr>\n<tr data-start=\"2988\" data-end=\"3073\">\n<td data-start=\"2988\" data-end=\"3006\" data-col-size=\"sm\"><strong data-start=\"2990\" data-end=\"2999\">Spindel<\/strong><\/td>\n<td data-col-size=\"sm\" data-start=\"3006\" data-end=\"3027\">3-4 m (j\u00fcnger)<\/td>\n<td data-col-size=\"sm\" data-start=\"3027\" data-end=\"3037\">2-3 Jahre<\/td>\n<td data-col-size=\"sm\" data-start=\"3037\" data-end=\"3052\">Wie Busch<\/td>\n<td data-col-size=\"sm\" data-start=\"3052\" data-end=\"3073\">Selbst zu formen<\/td>\n<\/tr>\n<\/tbody>\n<\/table>\n<div class=\"sticky end-(--thread-content-margin) h-0 self-end select-none\">\n<div class=\"absolute end-0 flex items-end\"><\/div>\n<\/div>\n<\/div>\n<\/div>\n<hr data-start=\"3075\" data-end=\"3078\" \/>\n<p data-start=\"3080\" data-end=\"3204\">Z\u00f6gern Sie nicht, uns zu kontaktieren, um eine pers\u00f6nliche Beratung zu erhalten, die auf Ihr Grundst\u00fcck, Ihr Klima oder Ihre Sortenw\u00fcnsche abgestimmt ist!<\/p>\n<p>Andere Formen sind auf Anfrage erh\u00e4ltlich.<\/p>\n<\/div>\n","protected":false},"excerpt":{"rendered":"<p><strong>Herbst- und Lagerbirne<\/strong><\/p>\n<p><strong>Verzehr<\/strong> <strong>:<\/strong> Oktober bis Ende Februar <strong>Fleisch:<\/strong> zart schmelzend, feines Aroma, sehr s\u00fc\u00df<\/p>\n<div>\n<div><strong>Besonderheiten:<\/strong> wenig anf\u00e4llig f\u00fcr Schorf<\/div>\n<div><strong>Verwendung:<\/strong> Tischbirne<\/div>\n<\/div>\n<div>Topfpflanzen werden innert 5\u20137 Tagen geliefert.<br data-start=\"394\" data-end=\"397\" \/>Die Pflanzen\u00a0 \u201eWurzelnackt\u201c\u00a0 wird ab dem 20. Oktober\u00a0 bis Ende M\u00e4rz ausgeliefert.<\/div>\n<div><\/div>\n<div><\/div>\n<div><\/div>\n<div><\/div>\n","protected":false},"featured_media":5864,"comment_status":"open","ping_status":"closed","template":"","meta":{"_acf_changed":false},"product_brand":[229],"product_cat":[134,136,223],"product_tag":[138,137,139],"class_list":{"0":"post-5783","1":"product","2":"type-product","3":"status-publish","4":"has-post-thumbnail","6":"product_brand-pepiniere-fruitiere","7":"product_cat-herbstbirnen","8":"product_cat-lagerbirnen","9":"product_cat-obstbaeume-resistent-gegen-krankheiten","10":"product_tag-kuchen","11":"product_tag-lager","12":"product_tag-wenig-anfaellig-fuer-schorf","14":"first","15":"instock","16":"taxable","17":"shipping-taxable","18":"purchasable","19":"product-type-variable"},"acf":[],"yoast_head":"<!-- This site is optimized with the Yoast SEO plugin v27.3 - https:\/\/yoast.com\/product\/yoast-seo-wordpress\/ -->\n<title>Birnenbaum Boscs Flaschenbirne - Die Obstbaumschule<\/title>\n<meta name=\"description\" content=\"Entdecken Sie den Boscs Flaschenbirne Birnenbaum \u2013 eine robuste Herbstsorte mit kupferner Schale, s\u00fc\u00dfem Fruchtfleisch und Lagerf\u00e4higkeit bis Februar.\" \/>\n<meta name=\"robots\" content=\"index, follow, max-snippet:-1, max-image-preview:large, max-video-preview:-1\" \/>\n<link rel=\"canonical\" href=\"https:\/\/pepiniere-bio.ch\/de\/Produkt\/birnenbaum-boscs-flaschenbirne\/\" \/>\n<meta property=\"og:locale\" content=\"de_DE\" \/>\n<meta property=\"og:type\" content=\"article\" \/>\n<meta property=\"og:title\" content=\"Birnenbaum Boscs Flaschenbirne - Die Obstbaumschule\" \/>\n<meta property=\"og:description\" content=\"Entdecken Sie den Boscs Flaschenbirne Birnenbaum \u2013 eine robuste Herbstsorte mit kupferner Schale, s\u00fc\u00dfem Fruchtfleisch und Lagerf\u00e4higkeit bis Februar.\" \/>\n<meta property=\"og:url\" content=\"https:\/\/pepiniere-bio.ch\/de\/Produkt\/birnenbaum-boscs-flaschenbirne\/\" \/>\n<meta property=\"og:site_name\" content=\"Die Obstbaumschule\" \/>\n<meta property=\"article:publisher\" content=\"https:\/\/www.facebook.com\/profile.php?id=61565115227971\" \/>\n<meta property=\"article:modified_time\" content=\"2026-03-06T19:52:38+00:00\" \/>\n<meta property=\"og:image\" content=\"https:\/\/pepiniere-bio.ch\/wp-content\/uploads\/2026\/02\/poirier-beurre-bosc.jpg\" \/>\n\t<meta property=\"og:image:width\" content=\"500\" \/>\n\t<meta property=\"og:image:height\" content=\"500\" \/>\n\t<meta property=\"og:image:type\" content=\"image\/jpeg\" \/>\n<meta name=\"twitter:card\" content=\"summary_large_image\" \/>\n<meta name=\"twitter:label1\" content=\"Gesch\u00e4tzte Lesezeit\" \/>\n\t<meta name=\"twitter:data1\" content=\"4\u00a0Minuten\" \/>\n<script type=\"application\/ld+json\" class=\"yoast-schema-graph\">{\"@context\":\"https:\\\/\\\/schema.org\",\"@graph\":[{\"@type\":\"WebPage\",\"@id\":\"https:\\\/\\\/pepiniere-bio.ch\\\/de\\\/Produkt\\\/birnenbaum-boscs-flaschenbirne\\\/\",\"url\":\"https:\\\/\\\/pepiniere-bio.ch\\\/de\\\/Produkt\\\/birnenbaum-boscs-flaschenbirne\\\/\",\"name\":\"Birnenbaum Boscs Flaschenbirne - Die Obstbaumschule\",\"isPartOf\":{\"@id\":\"https:\\\/\\\/pepiniere-bio.ch\\\/de\\\/#website\"},\"primaryImageOfPage\":{\"@id\":\"https:\\\/\\\/pepiniere-bio.ch\\\/de\\\/Produkt\\\/birnenbaum-boscs-flaschenbirne\\\/#primaryimage\"},\"image\":{\"@id\":\"https:\\\/\\\/pepiniere-bio.ch\\\/de\\\/Produkt\\\/birnenbaum-boscs-flaschenbirne\\\/#primaryimage\"},\"thumbnailUrl\":\"https:\\\/\\\/pepiniere-bio.ch\\\/wp-content\\\/uploads\\\/2026\\\/02\\\/poirier-beurre-bosc.jpg\",\"datePublished\":\"2026-02-16T14:29:45+00:00\",\"dateModified\":\"2026-03-06T19:52:38+00:00\",\"description\":\"Entdecken Sie den Boscs Flaschenbirne Birnenbaum \u2013 eine robuste Herbstsorte mit kupferner Schale, s\u00fc\u00dfem Fruchtfleisch und Lagerf\u00e4higkeit bis Februar.\",\"breadcrumb\":{\"@id\":\"https:\\\/\\\/pepiniere-bio.ch\\\/de\\\/Produkt\\\/birnenbaum-boscs-flaschenbirne\\\/#breadcrumb\"},\"inLanguage\":\"de\",\"potentialAction\":[{\"@type\":\"ReadAction\",\"target\":[\"https:\\\/\\\/pepiniere-bio.ch\\\/de\\\/Produkt\\\/birnenbaum-boscs-flaschenbirne\\\/\"]}]},{\"@type\":\"ImageObject\",\"inLanguage\":\"de\",\"@id\":\"https:\\\/\\\/pepiniere-bio.ch\\\/de\\\/Produkt\\\/birnenbaum-boscs-flaschenbirne\\\/#primaryimage\",\"url\":\"https:\\\/\\\/pepiniere-bio.ch\\\/wp-content\\\/uploads\\\/2026\\\/02\\\/poirier-beurre-bosc.jpg\",\"contentUrl\":\"https:\\\/\\\/pepiniere-bio.ch\\\/wp-content\\\/uploads\\\/2026\\\/02\\\/poirier-beurre-bosc.jpg\",\"width\":500,\"height\":500},{\"@type\":\"BreadcrumbList\",\"@id\":\"https:\\\/\\\/pepiniere-bio.ch\\\/de\\\/Produkt\\\/birnenbaum-boscs-flaschenbirne\\\/#breadcrumb\",\"itemListElement\":[{\"@type\":\"ListItem\",\"position\":1,\"name\":\"Accueil\",\"item\":\"https:\\\/\\\/pepiniere-bio.ch\\\/de\\\/\"},{\"@type\":\"ListItem\",\"position\":2,\"name\":\"Shop\",\"item\":\"https:\\\/\\\/pepiniere-bio.ch\\\/de\\\/shop\\\/\"},{\"@type\":\"ListItem\",\"position\":3,\"name\":\"Birnenbaum Boscs Flaschenbirne\"}]},{\"@type\":\"WebSite\",\"@id\":\"https:\\\/\\\/pepiniere-bio.ch\\\/de\\\/#website\",\"url\":\"https:\\\/\\\/pepiniere-bio.ch\\\/de\\\/\",\"name\":\"P\u00e9pini\u00e8re fruiti\u00e8re suisse\",\"description\":\"La p\u00e9pini\u00e8re fruiti\u00e8re suisse\",\"publisher\":{\"@id\":\"https:\\\/\\\/pepiniere-bio.ch\\\/de\\\/#organization\"},\"alternateName\":\"P\u00e9pini\u00e8re fruiti\u00e8re suisse\",\"potentialAction\":[{\"@type\":\"SearchAction\",\"target\":{\"@type\":\"EntryPoint\",\"urlTemplate\":\"https:\\\/\\\/pepiniere-bio.ch\\\/de\\\/?s={search_term_string}\"},\"query-input\":{\"@type\":\"PropertyValueSpecification\",\"valueRequired\":true,\"valueName\":\"search_term_string\"}}],\"inLanguage\":\"de\"},{\"@type\":\"Organization\",\"@id\":\"https:\\\/\\\/pepiniere-bio.ch\\\/de\\\/#organization\",\"name\":\"La p\u00e9pini\u00e8re fruiti\u00e8re\",\"alternateName\":\"La p\u00e9pini\u00e8re fruiti\u00e8re\",\"url\":\"https:\\\/\\\/pepiniere-bio.ch\\\/de\\\/\",\"logo\":{\"@type\":\"ImageObject\",\"inLanguage\":\"de\",\"@id\":\"https:\\\/\\\/pepiniere-bio.ch\\\/de\\\/#\\\/schema\\\/logo\\\/image\\\/\",\"url\":\"http:\\\/\\\/new.pepiniere-bio.ch\\\/wp-content\\\/uploads\\\/2026\\\/01\\\/logo-300.png\",\"contentUrl\":\"http:\\\/\\\/new.pepiniere-bio.ch\\\/wp-content\\\/uploads\\\/2026\\\/01\\\/logo-300.png\",\"width\":300,\"height\":300,\"caption\":\"La p\u00e9pini\u00e8re fruiti\u00e8re\"},\"image\":{\"@id\":\"https:\\\/\\\/pepiniere-bio.ch\\\/de\\\/#\\\/schema\\\/logo\\\/image\\\/\"},\"sameAs\":[\"https:\\\/\\\/www.facebook.com\\\/profile.php?id=61565115227971\",\"https:\\\/\\\/www.instagram.com\\\/pepinierebio?igsh=cmR2aGdsMjZ1ZnNn\"]}]}<\/script>\n<!-- \/ Yoast SEO plugin. -->","yoast_head_json":{"title":"Birnenbaum Boscs Flaschenbirne - Die Obstbaumschule","description":"Entdecken Sie den Boscs Flaschenbirne Birnenbaum \u2013 eine robuste Herbstsorte mit kupferner Schale, s\u00fc\u00dfem Fruchtfleisch und Lagerf\u00e4higkeit bis Februar.","robots":{"index":"index","follow":"follow","max-snippet":"max-snippet:-1","max-image-preview":"max-image-preview:large","max-video-preview":"max-video-preview:-1"},"canonical":"https:\/\/pepiniere-bio.ch\/de\/Produkt\/birnenbaum-boscs-flaschenbirne\/","og_locale":"de_DE","og_type":"article","og_title":"Birnenbaum Boscs Flaschenbirne - Die Obstbaumschule","og_description":"Entdecken Sie den Boscs Flaschenbirne Birnenbaum \u2013 eine robuste Herbstsorte mit kupferner Schale, s\u00fc\u00dfem Fruchtfleisch und Lagerf\u00e4higkeit bis Februar.","og_url":"https:\/\/pepiniere-bio.ch\/de\/Produkt\/birnenbaum-boscs-flaschenbirne\/","og_site_name":"Die Obstbaumschule","article_publisher":"https:\/\/www.facebook.com\/profile.php?id=61565115227971","article_modified_time":"2026-03-06T19:52:38+00:00","og_image":[{"width":500,"height":500,"url":"https:\/\/pepiniere-bio.ch\/wp-content\/uploads\/2026\/02\/poirier-beurre-bosc.jpg","type":"image\/jpeg"}],"twitter_card":"summary_large_image","twitter_misc":{"Gesch\u00e4tzte Lesezeit":"4\u00a0Minuten"},"schema":{"@context":"https:\/\/schema.org","@graph":[{"@type":"WebPage","@id":"https:\/\/pepiniere-bio.ch\/de\/Produkt\/birnenbaum-boscs-flaschenbirne\/","url":"https:\/\/pepiniere-bio.ch\/de\/Produkt\/birnenbaum-boscs-flaschenbirne\/","name":"Birnenbaum Boscs Flaschenbirne - Die Obstbaumschule","isPartOf":{"@id":"https:\/\/pepiniere-bio.ch\/de\/#website"},"primaryImageOfPage":{"@id":"https:\/\/pepiniere-bio.ch\/de\/Produkt\/birnenbaum-boscs-flaschenbirne\/#primaryimage"},"image":{"@id":"https:\/\/pepiniere-bio.ch\/de\/Produkt\/birnenbaum-boscs-flaschenbirne\/#primaryimage"},"thumbnailUrl":"https:\/\/pepiniere-bio.ch\/wp-content\/uploads\/2026\/02\/poirier-beurre-bosc.jpg","datePublished":"2026-02-16T14:29:45+00:00","dateModified":"2026-03-06T19:52:38+00:00","description":"Entdecken Sie den Boscs Flaschenbirne Birnenbaum \u2013 eine robuste Herbstsorte mit kupferner Schale, s\u00fc\u00dfem Fruchtfleisch und Lagerf\u00e4higkeit bis Februar.","breadcrumb":{"@id":"https:\/\/pepiniere-bio.ch\/de\/Produkt\/birnenbaum-boscs-flaschenbirne\/#breadcrumb"},"inLanguage":"de","potentialAction":[{"@type":"ReadAction","target":["https:\/\/pepiniere-bio.ch\/de\/Produkt\/birnenbaum-boscs-flaschenbirne\/"]}]},{"@type":"ImageObject","inLanguage":"de","@id":"https:\/\/pepiniere-bio.ch\/de\/Produkt\/birnenbaum-boscs-flaschenbirne\/#primaryimage","url":"https:\/\/pepiniere-bio.ch\/wp-content\/uploads\/2026\/02\/poirier-beurre-bosc.jpg","contentUrl":"https:\/\/pepiniere-bio.ch\/wp-content\/uploads\/2026\/02\/poirier-beurre-bosc.jpg","width":500,"height":500},{"@type":"BreadcrumbList","@id":"https:\/\/pepiniere-bio.ch\/de\/Produkt\/birnenbaum-boscs-flaschenbirne\/#breadcrumb","itemListElement":[{"@type":"ListItem","position":1,"name":"Accueil","item":"https:\/\/pepiniere-bio.ch\/de\/"},{"@type":"ListItem","position":2,"name":"Shop","item":"https:\/\/pepiniere-bio.ch\/de\/shop\/"},{"@type":"ListItem","position":3,"name":"Birnenbaum Boscs Flaschenbirne"}]},{"@type":"WebSite","@id":"https:\/\/pepiniere-bio.ch\/de\/#website","url":"https:\/\/pepiniere-bio.ch\/de\/","name":"P\u00e9pini\u00e8re fruiti\u00e8re suisse","description":"La p\u00e9pini\u00e8re fruiti\u00e8re suisse","publisher":{"@id":"https:\/\/pepiniere-bio.ch\/de\/#organization"},"alternateName":"P\u00e9pini\u00e8re fruiti\u00e8re suisse","potentialAction":[{"@type":"SearchAction","target":{"@type":"EntryPoint","urlTemplate":"https:\/\/pepiniere-bio.ch\/de\/?s={search_term_string}"},"query-input":{"@type":"PropertyValueSpecification","valueRequired":true,"valueName":"search_term_string"}}],"inLanguage":"de"},{"@type":"Organization","@id":"https:\/\/pepiniere-bio.ch\/de\/#organization","name":"La p\u00e9pini\u00e8re fruiti\u00e8re","alternateName":"La p\u00e9pini\u00e8re fruiti\u00e8re","url":"https:\/\/pepiniere-bio.ch\/de\/","logo":{"@type":"ImageObject","inLanguage":"de","@id":"https:\/\/pepiniere-bio.ch\/de\/#\/schema\/logo\/image\/","url":"http:\/\/new.pepiniere-bio.ch\/wp-content\/uploads\/2026\/01\/logo-300.png","contentUrl":"http:\/\/new.pepiniere-bio.ch\/wp-content\/uploads\/2026\/01\/logo-300.png","width":300,"height":300,"caption":"La p\u00e9pini\u00e8re fruiti\u00e8re"},"image":{"@id":"https:\/\/pepiniere-bio.ch\/de\/#\/schema\/logo\/image\/"},"sameAs":["https:\/\/www.facebook.com\/profile.php?id=61565115227971","https:\/\/www.instagram.com\/pepinierebio?igsh=cmR2aGdsMjZ1ZnNn"]}]}},"jetpack_sharing_enabled":true,"_links":{"self":[{"href":"https:\/\/pepiniere-bio.ch\/de\/wp-json\/wp\/v2\/product\/5783","targetHints":{"allow":["GET"]}}],"collection":[{"href":"https:\/\/pepiniere-bio.ch\/de\/wp-json\/wp\/v2\/product"}],"about":[{"href":"https:\/\/pepiniere-bio.ch\/de\/wp-json\/wp\/v2\/types\/product"}],"replies":[{"embeddable":true,"href":"https:\/\/pepiniere-bio.ch\/de\/wp-json\/wp\/v2\/comments?post=5783"}],"wp:featuredmedia":[{"embeddable":true,"href":"https:\/\/pepiniere-bio.ch\/de\/wp-json\/wp\/v2\/media\/5864"}],"wp:attachment":[{"href":"https:\/\/pepiniere-bio.ch\/de\/wp-json\/wp\/v2\/media?parent=5783"}],"wp:term":[{"taxonomy":"product_brand","embeddable":true,"href":"https:\/\/pepiniere-bio.ch\/de\/wp-json\/wp\/v2\/product_brand?post=5783"},{"taxonomy":"product_cat","embeddable":true,"href":"https:\/\/pepiniere-bio.ch\/de\/wp-json\/wp\/v2\/product_cat?post=5783"},{"taxonomy":"product_tag","embeddable":true,"href":"https:\/\/pepiniere-bio.ch\/de\/wp-json\/wp\/v2\/product_tag?post=5783"}],"curies":[{"name":"wp","href":"https:\/\/api.w.org\/{rel}","templated":true}]}}