{"id":5444,"date":"2026-02-11T10:30:04","date_gmt":"2026-02-11T10:30:04","guid":{"rendered":"https:\/\/new.pepiniere-bio.ch\/?post_type=product&#038;p=5444"},"modified":"2026-03-06T19:52:00","modified_gmt":"2026-03-06T19:52:00","slug":"kirschbaum-rigi","status":"publish","type":"product","link":"https:\/\/pepiniere-bio.ch\/de\/Produkt\/kirschbaum-rigi\/","title":{"rendered":"Kirschbaum Rigi"},"content":{"rendered":"<h2 data-start=\"1332\" data-end=\"1398\">Kirschbaum Rigi \u2013 Robuste Schweizer Sorte f\u00fcr Saft &amp; Brennen<\/h2>\n<p data-start=\"1400\" data-end=\"1607\">Der <strong data-start=\"1404\" data-end=\"1423\">Rigi-Kirschbaum<\/strong> ist eine traditionelle Schweizer Sorte mit kleinem, schwarzem Fruchtansatz, besonders geeignet f\u00fcr <strong data-start=\"1523\" data-end=\"1539\">h\u00f6here Lagen<\/strong> und <strong data-start=\"1544\" data-end=\"1556\">Bioanbau<\/strong>. Ideal f\u00fcr die Verarbeitung und Kirschherstellung.<\/p>\n<h3 data-start=\"1609\" data-end=\"1632\">Fruchteigenschaften<\/h3>\n<ul data-start=\"1634\" data-end=\"1753\">\n<li data-start=\"1634\" data-end=\"1678\">\n<p data-start=\"1636\" data-end=\"1678\"><strong data-start=\"1636\" data-end=\"1649\">Erntezeit<\/strong>: mittelfr\u00fch bis mittellate<\/p>\n<\/li>\n<li data-start=\"1679\" data-end=\"1713\">\n<p data-start=\"1681\" data-end=\"1713\"><strong data-start=\"1681\" data-end=\"1691\">Frucht<\/strong>: klein, tiefschwarz<\/p>\n<\/li>\n<li data-start=\"1714\" data-end=\"1753\">\n<p data-start=\"1716\" data-end=\"1753\"><strong data-start=\"1716\" data-end=\"1733\">Fruchtfleisch<\/strong>: zart, saftig, s\u00fcss<\/p>\n<\/li>\n<\/ul>\n<h3 data-start=\"1755\" data-end=\"1777\">Besondere Merkmale<\/h3>\n<ul data-start=\"1779\" data-end=\"1911\">\n<li data-start=\"1779\" data-end=\"1807\">\n<p data-start=\"1781\" data-end=\"1807\"><strong data-start=\"1781\" data-end=\"1807\">Geeignet f\u00fcr Berglagen<\/strong><\/p>\n<\/li>\n<li data-start=\"1808\" data-end=\"1837\">\n<p data-start=\"1810\" data-end=\"1837\"><strong data-start=\"1810\" data-end=\"1837\">Robust und pflegeleicht<\/strong><\/p>\n<\/li>\n<li data-start=\"1838\" data-end=\"1911\">\n<p data-start=\"1840\" data-end=\"1855\"><strong data-start=\"1840\" data-end=\"1854\">Verwendung<\/strong>:<\/p>\n<ul data-start=\"1858\" data-end=\"1911\">\n<li data-start=\"1858\" data-end=\"1870\">\n<p data-start=\"1860\" data-end=\"1870\">Kirschsaft<\/p>\n<\/li>\n<li data-start=\"1873\" data-end=\"1884\">\n<p data-start=\"1875\" data-end=\"1884\">Marmelade<\/p>\n<\/li>\n<li data-start=\"1887\" data-end=\"1911\">\n<p data-start=\"1889\" data-end=\"1911\">Schnaps \/ Kirschwasser<\/p>\n<\/li>\n<\/ul>\n<\/li>\n<\/ul>\n<h3 data-start=\"1913\" data-end=\"1938\">Verf\u00fcgbare Baumformen<\/h3>\n<ul data-start=\"1940\" data-end=\"2050\">\n<li data-start=\"1940\" data-end=\"1966\">\n<p data-start=\"1942\" data-end=\"1966\"><strong data-start=\"1942\" data-end=\"1964\">Hochstamm (160 cm)<\/strong><\/p>\n<\/li>\n<li data-start=\"1967\" data-end=\"1993\">\n<p data-start=\"1969\" data-end=\"1993\"><strong data-start=\"1969\" data-end=\"1991\">Halbstamm (120 cm)<\/strong><\/p>\n<\/li>\n<li data-start=\"1994\" data-end=\"2021\">\n<p data-start=\"1996\" data-end=\"2021\"><strong data-start=\"1996\" data-end=\"2019\">Niederstamm (80 cm)<\/strong><\/p>\n<\/li>\n<li data-start=\"2022\" data-end=\"2050\">\n<p data-start=\"2024\" data-end=\"2050\">Weitere Formen auf Anfrage<\/p>\n<\/li>\n<\/ul>\n<div>\n<h1 data-start=\"143\" data-end=\"193\">Wie w\u00e4hle oder kaufe ich einen Kirschenbaum?<\/h1>\n<p data-start=\"195\" data-end=\"421\">M\u00f6chten Sie einen Kirschenbaum in Ihrem Garten oder Obstgarten pflanzen? Hier sind unsere Tipps f\u00fcr die richtige Wahl des Obstbaums in Bezug auf den verf\u00fcgbaren Platz, die Geschwindigkeit der Fruchtbildung und die Pflegeleichtigkeit.<\/p>\n<p data-start=\"195\" data-end=\"421\"><strong>Wir verkaufen unsere Kirschenbaum entweder im Topf oder als wurzelnackte Pflanzen. Obstb\u00e4ume im Topf k\u00f6nnen das ganze Jahr \u00fcber gepflanzt werden, w\u00e4hrend wurzelnackte Pflanzen nur von Mitte Oktober bis M\u00e4rz gepflanzt werden k\u00f6nnen.<\/strong><\/p>\n<p data-start=\"462\" data-end=\"544\">Wir bieten verschiedene Formen von Kirschenb\u00e4umen an, die f\u00fcr alle Gartentypen geeignet sind:<\/p>\n<h3 data-start=\"546\" data-end=\"573\">Hochst\u00e4mmiger Kirschenbaum<\/h3>\n<p data-start=\"574\" data-end=\"662\"><strong data-start=\"574\" data-end=\"595\">Schafth\u00f6he:<\/strong>\u00a0160-180 cm<br data-start=\"608\" data-end=\"611\" \/><strong data-start=\"611\" data-end=\"626\">Struktur:<\/strong>\u00a0Gekr\u00f6nt (4-5 Zweige) und gepfeilt<\/p>\n<p data-start=\"664\" data-end=\"1044\">Der\u00a0<strong data-start=\"667\" data-end=\"689\">Hochstamm-Kirschenbaum<\/strong>\u00a0ist die st\u00e4rkste Form. Er kann eine H\u00f6he von\u00a0<strong data-start=\"756\" data-end=\"774\">15-20 m<\/strong>\u00a0erreichen und beginnt etwa\u00a0<strong data-start=\"817\" data-end=\"830\">4-6 Jahre<\/strong> nach der Pflanzung Kirschen zu produzieren (je nach Sorte).<br data-start=\"870\" data-end=\"873\" \/>Bei regelm\u00e4\u00dfigem Beschneiden kann er auf mindestens <strong data-start=\"923\" data-end=\"937\">10-15 m<\/strong>\u00a0gehalten werden.<br data-start=\"946\" data-end=\"949\" \/>Ideal f\u00fcr\u00a0<strong data-start=\"964\" data-end=\"982\">gro\u00dfe G\u00e4rten<\/strong>,\u00a0<strong data-start=\"984\" data-end=\"997\">Weiden<\/strong>\u00a0oder um<strong data-start=\"1024\" data-end=\"1043\">nat\u00fcrliche Schattenbereiche<\/strong>\u00a0zu schaffen.<\/p>\n<h3 data-start=\"1046\" data-end=\"1070\">Kirschenbaum Halbstamm<\/h3>\n<p data-start=\"1071\" data-end=\"1153\"><strong data-start=\"1071\" data-end=\"1092\">Schafth\u00f6he:<\/strong>\u00a0120 cm<br data-start=\"1099\" data-end=\"1102\" \/><strong data-start=\"1102\" data-end=\"1117\">Struktur:<\/strong>\u00a0Gekr\u00f6nt (4-5 Zweige) und gepfeilt<\/p>\n<p data-start=\"1155\" data-end=\"1538\">Der\u00a0<strong data-start=\"1158\" data-end=\"1177\">Halbstamm-Kirschenbaum<\/strong> hat eine mittlere Wuchsst\u00e4rke. Er kann\u00a0<strong data-start=\"1226\" data-end=\"1243\">10-15 m<\/strong>\u00a0hoch werden und beginnt nach\u00a0<strong data-start=\"1291\" data-end=\"1304\">3-4 Jahren<\/strong>\u00a0(je nach Sorte) Fr\u00fcchte zu tragen.<br data-start=\"1324\" data-end=\"1327\" \/>Bei regelm\u00e4\u00dfigem Schnitt kann er auf\u00a0 <strong data-start=\"1378\" data-end=\"1392\">7-8 m<\/strong>\u00a0H\u00f6he gehalten werden.<br data-start=\"1393\" data-end=\"1396\" \/>Perfekt f\u00fcr\u00a0<strong data-start=\"1413\" data-end=\"1442\">mittelgro\u00dfe G\u00e4rten<\/strong>, am Rand oder in der\u00a0<strong data-start=\"1461\" data-end=\"1482\">Mitte eines Rasens<\/strong>, da seine H\u00f6he einen\u00a0<strong data-start=\"1505\" data-end=\"1537\">leichten Zugang zum M\u00e4hen<\/strong>\u00a0erm\u00f6glicht.<\/p>\n<h3 data-start=\"1540\" data-end=\"1577\">Kirschenbaum Busch (Niederstamm)<\/h3>\n<p data-start=\"1578\" data-end=\"1659\"><strong data-start=\"1578\" data-end=\"1599\">Schafth\u00f6he:<\/strong>\u00a080 cm<br data-start=\"1605\" data-end=\"1608\" \/><strong data-start=\"1608\" data-end=\"1623\">Struktur:<\/strong>\u00a0Gekr\u00f6nt (4-5 Zweige) und gepfeilt<\/p>\n<p data-start=\"1661\" data-end=\"2112\">Die Kirschenbaum niederstamm ist eine schwachw\u00fcchsige Form. Er wird 4<strong data-start=\"1728\" data-end=\"1744\"> bis 5 Meter<\/strong>\u00a0hoch und tr\u00e4gt bereits\u00a0<strong data-start=\"1771\" data-end=\"1784\">1 bis 2 Jahre<\/strong>\u00a0nach der Pflanzung Fr\u00fcchte (je nach Sorte).<br data-start=\"1821\" data-end=\"1824\" \/>Mit einem regelm\u00e4\u00dfigen Schnitt kann er auf\u00a0<strong data-start=\"1874\" data-end=\"1892\">2 bis 2,5 Meter<\/strong>\u00a0H\u00f6he gebracht werden.<br data-start=\"1893\" data-end=\"1896\" \/>Empfohlen f\u00fcr\u00a0<strong data-start=\"1916\" data-end=\"1934\">kleine G\u00e4rten<\/strong>,\u00a0<strong data-start=\"1940\" data-end=\"1953\">Terrassen<\/strong>, als\u00a0<strong data-start=\"1958\" data-end=\"1965\">Topfpflanze<\/strong>\u00a0oder zur Schaffung von\u00a0<strong data-start=\"1984\" data-end=\"2004\">Obsthecken<\/strong>.<br data-start=\"2005\" data-end=\"2008\" \/>Seine wichtigsten Vorteile:\u00a0<strong data-start=\"2035\" data-end=\"2059\">schneller Fruchtansatz<\/strong>,\u00a0<strong data-start=\"2061\" data-end=\"2081\">einfache Pflege<\/strong>\u00a0(Schnitt, Behandlung, Ernte).<\/p>\n<h3 data-start=\"2114\" data-end=\"2128\">Spindel<\/h3>\n<p data-start=\"2129\" data-end=\"2375\">Der\u00a0<strong data-start=\"2132\" data-end=\"2141\">S\u00e4mling<\/strong>\u00a0entspricht einem\u00a0<strong data-start=\"2158\" data-end=\"2177\">Buschkirschenbaum<\/strong>, der jedoch<strong data-start=\"2186\" data-end=\"2210\">ein Jahr j\u00fcnger<\/strong>\u00a0ist. Er ben\u00f6tigt daher etwas mehr Zeit, bevor er Fr\u00fcchte tr\u00e4gt. Er ist eine gute Alternative, wenn Sie die zuk\u00fcnftige Form Ihres Baumes selbst gestalten m\u00f6chten.<\/p>\n<hr data-start=\"2377\" data-end=\"2380\" \/>\n<p data-start=\"2403\" data-end=\"2535\">Alle von uns angebotenen Obstb\u00e4ume sind von\u00a0<strong data-start=\"2449\" data-end=\"2465\">h\u00f6chster Qualit\u00e4t<\/strong>\u00a0und entsprechen den\u00a0<strong data-start=\"2481\" data-end=\"2534\">Normen des Verbandes Schweizerischer Baumschulen.<\/strong><\/p>\n<hr data-start=\"2537\" data-end=\"2540\" \/>\n<div class=\"_tableContainer_80l1q_1\">\n<div class=\"_tableWrapper_80l1q_14 group flex w-fit flex-col-reverse\" tabindex=\"-1\">\n<table class=\"w-fit min-w-(--thread-content-width)\" data-start=\"2581\" data-end=\"3073\">\n<thead data-start=\"2581\" data-end=\"2660\">\n<tr data-start=\"2581\" data-end=\"2660\">\n<th data-start=\"2581\" data-end=\"2599\" data-col-size=\"sm\">Art des Kirschenbaum<\/th>\n<th data-start=\"2599\" data-end=\"2616\" data-col-size=\"sm\">H\u00f6he des ausgewachsenen Baums<\/th>\n<th data-start=\"2616\" data-end=\"2632\" data-col-size=\"sm\">Fruchtansatz<\/th>\n<th data-start=\"2632\" data-end=\"2647\" data-col-size=\"sm\">Idealer Platz<\/th>\n<th data-start=\"2647\" data-end=\"2660\" data-col-size=\"sm\">Pflege<\/th>\n<\/tr>\n<\/thead>\n<tbody data-start=\"2741\" data-end=\"3073\">\n<tr data-start=\"2741\" data-end=\"2820\">\n<td data-start=\"2741\" data-end=\"2759\" data-col-size=\"sm\"><strong data-start=\"2743\" data-end=\"2757\">Hochstamm<\/strong><\/td>\n<td data-col-size=\"sm\" data-start=\"2759\" data-end=\"2776\">10-15 m<\/td>\n<td data-col-size=\"sm\" data-start=\"2776\" data-end=\"2792\">4-6 Jahre<\/td>\n<td data-col-size=\"sm\" data-start=\"2792\" data-end=\"2807\">Gro\u00dfer Garten<\/td>\n<td data-col-size=\"sm\" data-start=\"2807\" data-end=\"2820\">Mittel<\/td>\n<\/tr>\n<tr data-start=\"2821\" data-end=\"2900\">\n<td data-start=\"2821\" data-end=\"2839\" data-col-size=\"sm\"><strong data-start=\"2823\" data-end=\"2834\">Halbstamm<\/strong><\/td>\n<td data-col-size=\"sm\" data-start=\"2839\" data-end=\"2856\">8-10 m<\/td>\n<td data-col-size=\"sm\" data-start=\"2856\" data-end=\"2872\">3-4 Jahre<\/td>\n<td data-col-size=\"sm\" data-start=\"2872\" data-end=\"2887\">Mittelgro\u00dfer Garten<\/td>\n<td data-col-size=\"sm\" data-start=\"2887\" data-end=\"2900\">Leicht<\/td>\n<\/tr>\n<tr data-start=\"2901\" data-end=\"2987\">\n<td data-start=\"2901\" data-end=\"2919\" data-col-size=\"sm\"><strong data-start=\"2903\" data-end=\"2914\">Busch<\/strong><\/td>\n<td data-col-size=\"sm\" data-start=\"2919\" data-end=\"2936\">3-4 m<\/td>\n<td data-col-size=\"sm\" data-start=\"2936\" data-end=\"2952\">1-2 Jahre<\/td>\n<td data-col-size=\"sm\" data-start=\"2952\" data-end=\"2972\">Kleiner Garten, Topf<\/td>\n<td data-col-size=\"sm\" data-start=\"2972\" data-end=\"2987\">Sehr einfach<\/td>\n<\/tr>\n<tr data-start=\"2988\" data-end=\"3073\">\n<td data-start=\"2988\" data-end=\"3006\" data-col-size=\"sm\"><strong data-start=\"2990\" data-end=\"2999\">Spindel<\/strong><\/td>\n<td data-col-size=\"sm\" data-start=\"3006\" data-end=\"3027\">3-4 m (j\u00fcnger)<\/td>\n<td data-col-size=\"sm\" data-start=\"3027\" data-end=\"3037\">2-3 Jahre<\/td>\n<td data-col-size=\"sm\" data-start=\"3037\" data-end=\"3052\">Wie Busch<\/td>\n<td data-col-size=\"sm\" data-start=\"3052\" data-end=\"3073\">Selbst zu formen<\/td>\n<\/tr>\n<\/tbody>\n<\/table>\n<div class=\"sticky end-(--thread-content-margin) h-0 self-end select-none\">\n<div class=\"absolute end-0 flex items-end\"><\/div>\n<\/div>\n<\/div>\n<\/div>\n<hr data-start=\"3075\" data-end=\"3078\" \/>\n<p data-start=\"3080\" data-end=\"3204\">Z\u00f6gern Sie nicht, uns zu kontaktieren, um eine pers\u00f6nliche Beratung zu erhalten, die auf Ihr Grundst\u00fcck, Ihr Klima oder Ihre Sortenw\u00fcnsche abgestimmt ist!<\/p>\n<p>Andere Formen sind auf Anfrage erh\u00e4ltlich.<\/p>\n<\/div>\n","protected":false},"excerpt":{"rendered":"<div>\n<div>\n<div>\n<p><strong>Frucht:<\/strong> mittelsp\u00e4t, klein, schwarz<\/p>\n<div>Fruchtfleisch<strong>:<\/strong> saftig, s\u00fc\u00df, zart<br \/>\n<strong>Besonderheiten:<\/strong> auch f\u00fcr H\u00f6henlagen geeignet<br \/>\n<strong>Nutzung:<\/strong> f\u00fcr Saft, Verarbeitung und Destillation, zum brennen<\/div>\n<div>Topfpflanzen werden innert 5\u20137 Tagen geliefert.<br data-start=\"394\" data-end=\"397\" \/>Die Pflanzen\u00a0 \u201eWurzelnackt\u201c\u00a0 wird ab dem 20. Oktober bis Ende M\u00e4rz ausgeliefert.<\/div>\n<div><\/div>\n<div><\/div>\n<div><\/div>\n<\/div>\n<div><\/div>\n<div><\/div>\n<div><\/div>\n<div><\/div>\n<div><\/div>\n<\/div>\n<div><\/div>\n<div><\/div>\n<div><\/div>\n<div><\/div>\n<div><\/div>\n<div><\/div>\n<\/div>\n<div><\/div>\n<div><\/div>\n<div><\/div>\n<div><\/div>\n<div><\/div>\n<div><\/div>\n","protected":false},"featured_media":5998,"comment_status":"open","ping_status":"closed","template":"","meta":{"_acf_changed":false},"product_brand":[229],"product_cat":[221,116,216],"product_tag":[118,117,119],"class_list":{"0":"post-5444","1":"product","2":"type-product","3":"status-publish","4":"has-post-thumbnail","6":"product_brand-pepiniere-fruitiere","7":"product_cat-alte-obstsorten","8":"product_cat-kirschbaum","9":"product_cat-obstbaeume-fuer-hoehenlagen","10":"product_tag-brennen","11":"product_tag-konfiserie","12":"product_tag-saft","14":"first","15":"instock","16":"taxable","17":"shipping-taxable","18":"purchasable","19":"product-type-variable"},"acf":[],"yoast_head":"<!-- This site is optimized with the Yoast SEO plugin v27.3 - https:\/\/yoast.com\/product\/yoast-seo-wordpress\/ -->\n<title>Kirschbaum Rigi - Die Obstbaumschule<\/title>\n<meta name=\"description\" content=\"Der Kirschbaum Rigi bringt kleine s\u00fcsse schwarze Kirschen \u2013 perfekt f\u00fcr Saft und Kirsch. Geeignet f\u00fcr H\u00f6henlagen. Lieferung in Schweiz\" \/>\n<meta name=\"robots\" content=\"index, follow, max-snippet:-1, max-image-preview:large, max-video-preview:-1\" \/>\n<link rel=\"canonical\" href=\"https:\/\/pepiniere-bio.ch\/de\/Produkt\/kirschbaum-rigi\/\" \/>\n<meta property=\"og:locale\" content=\"de_DE\" \/>\n<meta property=\"og:type\" content=\"article\" \/>\n<meta property=\"og:title\" content=\"Kirschbaum Rigi - Die Obstbaumschule\" \/>\n<meta property=\"og:description\" content=\"Der Kirschbaum Rigi bringt kleine s\u00fcsse schwarze Kirschen \u2013 perfekt f\u00fcr Saft und Kirsch. Geeignet f\u00fcr H\u00f6henlagen. Lieferung in Schweiz\" \/>\n<meta property=\"og:url\" content=\"https:\/\/pepiniere-bio.ch\/de\/Produkt\/kirschbaum-rigi\/\" \/>\n<meta property=\"og:site_name\" content=\"Die Obstbaumschule\" \/>\n<meta property=\"article:publisher\" content=\"https:\/\/www.facebook.com\/profile.php?id=61565115227971\" \/>\n<meta property=\"article:modified_time\" content=\"2026-03-06T19:52:00+00:00\" \/>\n<meta property=\"og:image\" content=\"https:\/\/pepiniere-bio.ch\/wp-content\/uploads\/2026\/02\/Cerise-Rigi-.jpg\" \/>\n\t<meta property=\"og:image:width\" content=\"500\" \/>\n\t<meta property=\"og:image:height\" content=\"500\" \/>\n\t<meta property=\"og:image:type\" content=\"image\/jpeg\" \/>\n<meta name=\"twitter:card\" content=\"summary_large_image\" \/>\n<meta name=\"twitter:label1\" content=\"Gesch\u00e4tzte Lesezeit\" \/>\n\t<meta name=\"twitter:data1\" content=\"3\u00a0Minuten\" \/>\n<script type=\"application\/ld+json\" class=\"yoast-schema-graph\">{\"@context\":\"https:\\\/\\\/schema.org\",\"@graph\":[{\"@type\":\"WebPage\",\"@id\":\"https:\\\/\\\/pepiniere-bio.ch\\\/de\\\/Produkt\\\/kirschbaum-rigi\\\/\",\"url\":\"https:\\\/\\\/pepiniere-bio.ch\\\/de\\\/Produkt\\\/kirschbaum-rigi\\\/\",\"name\":\"Kirschbaum Rigi - Die Obstbaumschule\",\"isPartOf\":{\"@id\":\"https:\\\/\\\/pepiniere-bio.ch\\\/de\\\/#website\"},\"primaryImageOfPage\":{\"@id\":\"https:\\\/\\\/pepiniere-bio.ch\\\/de\\\/Produkt\\\/kirschbaum-rigi\\\/#primaryimage\"},\"image\":{\"@id\":\"https:\\\/\\\/pepiniere-bio.ch\\\/de\\\/Produkt\\\/kirschbaum-rigi\\\/#primaryimage\"},\"thumbnailUrl\":\"https:\\\/\\\/pepiniere-bio.ch\\\/wp-content\\\/uploads\\\/2026\\\/02\\\/Cerise-Rigi-.jpg\",\"datePublished\":\"2026-02-11T10:30:04+00:00\",\"dateModified\":\"2026-03-06T19:52:00+00:00\",\"description\":\"Der Kirschbaum Rigi bringt kleine s\u00fcsse schwarze Kirschen \u2013 perfekt f\u00fcr Saft und Kirsch. Geeignet f\u00fcr H\u00f6henlagen. Lieferung in Schweiz\",\"breadcrumb\":{\"@id\":\"https:\\\/\\\/pepiniere-bio.ch\\\/de\\\/Produkt\\\/kirschbaum-rigi\\\/#breadcrumb\"},\"inLanguage\":\"de\",\"potentialAction\":[{\"@type\":\"ReadAction\",\"target\":[\"https:\\\/\\\/pepiniere-bio.ch\\\/de\\\/Produkt\\\/kirschbaum-rigi\\\/\"]}]},{\"@type\":\"ImageObject\",\"inLanguage\":\"de\",\"@id\":\"https:\\\/\\\/pepiniere-bio.ch\\\/de\\\/Produkt\\\/kirschbaum-rigi\\\/#primaryimage\",\"url\":\"https:\\\/\\\/pepiniere-bio.ch\\\/wp-content\\\/uploads\\\/2026\\\/02\\\/Cerise-Rigi-.jpg\",\"contentUrl\":\"https:\\\/\\\/pepiniere-bio.ch\\\/wp-content\\\/uploads\\\/2026\\\/02\\\/Cerise-Rigi-.jpg\",\"width\":500,\"height\":500},{\"@type\":\"BreadcrumbList\",\"@id\":\"https:\\\/\\\/pepiniere-bio.ch\\\/de\\\/Produkt\\\/kirschbaum-rigi\\\/#breadcrumb\",\"itemListElement\":[{\"@type\":\"ListItem\",\"position\":1,\"name\":\"Accueil\",\"item\":\"https:\\\/\\\/pepiniere-bio.ch\\\/de\\\/\"},{\"@type\":\"ListItem\",\"position\":2,\"name\":\"Shop\",\"item\":\"https:\\\/\\\/pepiniere-bio.ch\\\/de\\\/shop\\\/\"},{\"@type\":\"ListItem\",\"position\":3,\"name\":\"Kirschbaum Rigi\"}]},{\"@type\":\"WebSite\",\"@id\":\"https:\\\/\\\/pepiniere-bio.ch\\\/de\\\/#website\",\"url\":\"https:\\\/\\\/pepiniere-bio.ch\\\/de\\\/\",\"name\":\"P\u00e9pini\u00e8re fruiti\u00e8re suisse\",\"description\":\"La p\u00e9pini\u00e8re fruiti\u00e8re suisse\",\"publisher\":{\"@id\":\"https:\\\/\\\/pepiniere-bio.ch\\\/de\\\/#organization\"},\"alternateName\":\"P\u00e9pini\u00e8re fruiti\u00e8re suisse\",\"potentialAction\":[{\"@type\":\"SearchAction\",\"target\":{\"@type\":\"EntryPoint\",\"urlTemplate\":\"https:\\\/\\\/pepiniere-bio.ch\\\/de\\\/?s={search_term_string}\"},\"query-input\":{\"@type\":\"PropertyValueSpecification\",\"valueRequired\":true,\"valueName\":\"search_term_string\"}}],\"inLanguage\":\"de\"},{\"@type\":\"Organization\",\"@id\":\"https:\\\/\\\/pepiniere-bio.ch\\\/de\\\/#organization\",\"name\":\"La p\u00e9pini\u00e8re fruiti\u00e8re\",\"alternateName\":\"La p\u00e9pini\u00e8re fruiti\u00e8re\",\"url\":\"https:\\\/\\\/pepiniere-bio.ch\\\/de\\\/\",\"logo\":{\"@type\":\"ImageObject\",\"inLanguage\":\"de\",\"@id\":\"https:\\\/\\\/pepiniere-bio.ch\\\/de\\\/#\\\/schema\\\/logo\\\/image\\\/\",\"url\":\"http:\\\/\\\/new.pepiniere-bio.ch\\\/wp-content\\\/uploads\\\/2026\\\/01\\\/logo-300.png\",\"contentUrl\":\"http:\\\/\\\/new.pepiniere-bio.ch\\\/wp-content\\\/uploads\\\/2026\\\/01\\\/logo-300.png\",\"width\":300,\"height\":300,\"caption\":\"La p\u00e9pini\u00e8re fruiti\u00e8re\"},\"image\":{\"@id\":\"https:\\\/\\\/pepiniere-bio.ch\\\/de\\\/#\\\/schema\\\/logo\\\/image\\\/\"},\"sameAs\":[\"https:\\\/\\\/www.facebook.com\\\/profile.php?id=61565115227971\",\"https:\\\/\\\/www.instagram.com\\\/pepinierebio?igsh=cmR2aGdsMjZ1ZnNn\"]}]}<\/script>\n<!-- \/ Yoast SEO plugin. -->","yoast_head_json":{"title":"Kirschbaum Rigi - Die Obstbaumschule","description":"Der Kirschbaum Rigi bringt kleine s\u00fcsse schwarze Kirschen \u2013 perfekt f\u00fcr Saft und Kirsch. Geeignet f\u00fcr H\u00f6henlagen. Lieferung in Schweiz","robots":{"index":"index","follow":"follow","max-snippet":"max-snippet:-1","max-image-preview":"max-image-preview:large","max-video-preview":"max-video-preview:-1"},"canonical":"https:\/\/pepiniere-bio.ch\/de\/Produkt\/kirschbaum-rigi\/","og_locale":"de_DE","og_type":"article","og_title":"Kirschbaum Rigi - Die Obstbaumschule","og_description":"Der Kirschbaum Rigi bringt kleine s\u00fcsse schwarze Kirschen \u2013 perfekt f\u00fcr Saft und Kirsch. Geeignet f\u00fcr H\u00f6henlagen. Lieferung in Schweiz","og_url":"https:\/\/pepiniere-bio.ch\/de\/Produkt\/kirschbaum-rigi\/","og_site_name":"Die Obstbaumschule","article_publisher":"https:\/\/www.facebook.com\/profile.php?id=61565115227971","article_modified_time":"2026-03-06T19:52:00+00:00","og_image":[{"width":500,"height":500,"url":"https:\/\/pepiniere-bio.ch\/wp-content\/uploads\/2026\/02\/Cerise-Rigi-.jpg","type":"image\/jpeg"}],"twitter_card":"summary_large_image","twitter_misc":{"Gesch\u00e4tzte Lesezeit":"3\u00a0Minuten"},"schema":{"@context":"https:\/\/schema.org","@graph":[{"@type":"WebPage","@id":"https:\/\/pepiniere-bio.ch\/de\/Produkt\/kirschbaum-rigi\/","url":"https:\/\/pepiniere-bio.ch\/de\/Produkt\/kirschbaum-rigi\/","name":"Kirschbaum Rigi - Die Obstbaumschule","isPartOf":{"@id":"https:\/\/pepiniere-bio.ch\/de\/#website"},"primaryImageOfPage":{"@id":"https:\/\/pepiniere-bio.ch\/de\/Produkt\/kirschbaum-rigi\/#primaryimage"},"image":{"@id":"https:\/\/pepiniere-bio.ch\/de\/Produkt\/kirschbaum-rigi\/#primaryimage"},"thumbnailUrl":"https:\/\/pepiniere-bio.ch\/wp-content\/uploads\/2026\/02\/Cerise-Rigi-.jpg","datePublished":"2026-02-11T10:30:04+00:00","dateModified":"2026-03-06T19:52:00+00:00","description":"Der Kirschbaum Rigi bringt kleine s\u00fcsse schwarze Kirschen \u2013 perfekt f\u00fcr Saft und Kirsch. Geeignet f\u00fcr H\u00f6henlagen. Lieferung in Schweiz","breadcrumb":{"@id":"https:\/\/pepiniere-bio.ch\/de\/Produkt\/kirschbaum-rigi\/#breadcrumb"},"inLanguage":"de","potentialAction":[{"@type":"ReadAction","target":["https:\/\/pepiniere-bio.ch\/de\/Produkt\/kirschbaum-rigi\/"]}]},{"@type":"ImageObject","inLanguage":"de","@id":"https:\/\/pepiniere-bio.ch\/de\/Produkt\/kirschbaum-rigi\/#primaryimage","url":"https:\/\/pepiniere-bio.ch\/wp-content\/uploads\/2026\/02\/Cerise-Rigi-.jpg","contentUrl":"https:\/\/pepiniere-bio.ch\/wp-content\/uploads\/2026\/02\/Cerise-Rigi-.jpg","width":500,"height":500},{"@type":"BreadcrumbList","@id":"https:\/\/pepiniere-bio.ch\/de\/Produkt\/kirschbaum-rigi\/#breadcrumb","itemListElement":[{"@type":"ListItem","position":1,"name":"Accueil","item":"https:\/\/pepiniere-bio.ch\/de\/"},{"@type":"ListItem","position":2,"name":"Shop","item":"https:\/\/pepiniere-bio.ch\/de\/shop\/"},{"@type":"ListItem","position":3,"name":"Kirschbaum Rigi"}]},{"@type":"WebSite","@id":"https:\/\/pepiniere-bio.ch\/de\/#website","url":"https:\/\/pepiniere-bio.ch\/de\/","name":"P\u00e9pini\u00e8re fruiti\u00e8re suisse","description":"La p\u00e9pini\u00e8re fruiti\u00e8re suisse","publisher":{"@id":"https:\/\/pepiniere-bio.ch\/de\/#organization"},"alternateName":"P\u00e9pini\u00e8re fruiti\u00e8re suisse","potentialAction":[{"@type":"SearchAction","target":{"@type":"EntryPoint","urlTemplate":"https:\/\/pepiniere-bio.ch\/de\/?s={search_term_string}"},"query-input":{"@type":"PropertyValueSpecification","valueRequired":true,"valueName":"search_term_string"}}],"inLanguage":"de"},{"@type":"Organization","@id":"https:\/\/pepiniere-bio.ch\/de\/#organization","name":"La p\u00e9pini\u00e8re fruiti\u00e8re","alternateName":"La p\u00e9pini\u00e8re fruiti\u00e8re","url":"https:\/\/pepiniere-bio.ch\/de\/","logo":{"@type":"ImageObject","inLanguage":"de","@id":"https:\/\/pepiniere-bio.ch\/de\/#\/schema\/logo\/image\/","url":"http:\/\/new.pepiniere-bio.ch\/wp-content\/uploads\/2026\/01\/logo-300.png","contentUrl":"http:\/\/new.pepiniere-bio.ch\/wp-content\/uploads\/2026\/01\/logo-300.png","width":300,"height":300,"caption":"La p\u00e9pini\u00e8re fruiti\u00e8re"},"image":{"@id":"https:\/\/pepiniere-bio.ch\/de\/#\/schema\/logo\/image\/"},"sameAs":["https:\/\/www.facebook.com\/profile.php?id=61565115227971","https:\/\/www.instagram.com\/pepinierebio?igsh=cmR2aGdsMjZ1ZnNn"]}]}},"jetpack_sharing_enabled":true,"_links":{"self":[{"href":"https:\/\/pepiniere-bio.ch\/de\/wp-json\/wp\/v2\/product\/5444","targetHints":{"allow":["GET"]}}],"collection":[{"href":"https:\/\/pepiniere-bio.ch\/de\/wp-json\/wp\/v2\/product"}],"about":[{"href":"https:\/\/pepiniere-bio.ch\/de\/wp-json\/wp\/v2\/types\/product"}],"replies":[{"embeddable":true,"href":"https:\/\/pepiniere-bio.ch\/de\/wp-json\/wp\/v2\/comments?post=5444"}],"wp:featuredmedia":[{"embeddable":true,"href":"https:\/\/pepiniere-bio.ch\/de\/wp-json\/wp\/v2\/media\/5998"}],"wp:attachment":[{"href":"https:\/\/pepiniere-bio.ch\/de\/wp-json\/wp\/v2\/media?parent=5444"}],"wp:term":[{"taxonomy":"product_brand","embeddable":true,"href":"https:\/\/pepiniere-bio.ch\/de\/wp-json\/wp\/v2\/product_brand?post=5444"},{"taxonomy":"product_cat","embeddable":true,"href":"https:\/\/pepiniere-bio.ch\/de\/wp-json\/wp\/v2\/product_cat?post=5444"},{"taxonomy":"product_tag","embeddable":true,"href":"https:\/\/pepiniere-bio.ch\/de\/wp-json\/wp\/v2\/product_tag?post=5444"}],"curies":[{"name":"wp","href":"https:\/\/api.w.org\/{rel}","templated":true}]}}