{"id":5430,"date":"2026-02-11T10:23:25","date_gmt":"2026-02-11T10:23:25","guid":{"rendered":"https:\/\/new.pepiniere-bio.ch\/?post_type=product&#038;p=5430"},"modified":"2026-03-06T19:52:00","modified_gmt":"2026-03-06T19:52:00","slug":"sauerkirsche-schattenmorelle","status":"publish","type":"product","link":"https:\/\/pepiniere-bio.ch\/de\/Produkt\/sauerkirsche-schattenmorelle\/","title":{"rendered":"Sauerkirsche Schattenmorelle"},"content":{"rendered":"<h2 data-start=\"1260\" data-end=\"1340\">Schattenmorelle Sauerkirsche \u2013 Bew\u00e4hrte Sorte f\u00fcr Konfit\u00fcre und Kirsch<\/h2>\n<p data-start=\"1342\" data-end=\"1579\">Die <strong data-start=\"1346\" data-end=\"1369\">Schattenmorelle<\/strong> ist eine der bekanntesten Sauerkirschsorten Europas. Sie \u00fcberzeugt durch ihren <strong data-start=\"1449\" data-end=\"1503\">hohen Zuckergehalt kombiniert mit intensiver S\u00e4ure<\/strong> und einen <strong data-start=\"1514\" data-end=\"1534\">dunkelroten Saft<\/strong> \u2013 ideal f\u00fcr die Verarbeitung oder Brennerei.<\/p>\n<h3 data-start=\"1581\" data-end=\"1604\">Fruchteigenschaften<\/h3>\n<ul data-start=\"1606\" data-end=\"1797\">\n<li data-start=\"1606\" data-end=\"1643\">\n<p data-start=\"1608\" data-end=\"1643\"><strong data-start=\"1608\" data-end=\"1621\">Erntezeit<\/strong>: sp\u00e4t, ab Ende Juli<\/p>\n<\/li>\n<li data-start=\"1644\" data-end=\"1695\">\n<p data-start=\"1646\" data-end=\"1695\"><strong data-start=\"1646\" data-end=\"1656\">Frucht<\/strong>: mittelgross, dunkelrot bis rotbraun<\/p>\n<\/li>\n<li data-start=\"1696\" data-end=\"1760\">\n<p data-start=\"1698\" data-end=\"1760\"><strong data-start=\"1698\" data-end=\"1715\">Fruchtfleisch<\/strong>: zart, sehr saftig, s\u00fcss mit starker S\u00e4ure<\/p>\n<\/li>\n<li data-start=\"1761\" data-end=\"1797\">\n<p data-start=\"1763\" data-end=\"1797\"><strong data-start=\"1763\" data-end=\"1771\">Saft<\/strong>: tiefrot, geschmackvoll<\/p>\n<\/li>\n<\/ul>\n<h3 data-start=\"1799\" data-end=\"1826\">Vorteile und Verwendung<\/h3>\n<ul data-start=\"1828\" data-end=\"1962\">\n<li data-start=\"1828\" data-end=\"1851\">\n<p data-start=\"1830\" data-end=\"1851\"><strong data-start=\"1830\" data-end=\"1849\">Selbstfruchtbar<\/strong><\/p>\n<\/li>\n<li data-start=\"1852\" data-end=\"1883\">\n<p data-start=\"1854\" data-end=\"1883\"><strong data-start=\"1854\" data-end=\"1881\">Geeignet f\u00fcr H\u00f6henlagen<\/strong><\/p>\n<\/li>\n<li data-start=\"1884\" data-end=\"1962\">\n<p data-start=\"1886\" data-end=\"1903\"><strong data-start=\"1886\" data-end=\"1900\">Verwendung<\/strong>:<\/p>\n<ul data-start=\"1906\" data-end=\"1962\">\n<li data-start=\"1906\" data-end=\"1914\">\n<p data-start=\"1908\" data-end=\"1914\">Saft<\/p>\n<\/li>\n<li data-start=\"1917\" data-end=\"1930\">\n<p data-start=\"1919\" data-end=\"1930\">Konfit\u00fcre<\/p>\n<\/li>\n<li data-start=\"1933\" data-end=\"1944\">\n<p data-start=\"1935\" data-end=\"1944\">Kompott<\/p>\n<\/li>\n<li data-start=\"1947\" data-end=\"1962\">\n<p data-start=\"1949\" data-end=\"1962\">Kirschbrand<\/p>\n<\/li>\n<\/ul>\n<\/li>\n<\/ul>\n<h3 data-start=\"1964\" data-end=\"1978\">Baumformen<\/h3>\n<ul data-start=\"1980\" data-end=\"2092\">\n<li data-start=\"1980\" data-end=\"2006\">\n<p data-start=\"1982\" data-end=\"2006\"><strong data-start=\"1982\" data-end=\"2004\">Hochstamm (160 cm)<\/strong><\/p>\n<\/li>\n<li data-start=\"2007\" data-end=\"2033\">\n<p data-start=\"2009\" data-end=\"2033\"><strong data-start=\"2009\" data-end=\"2031\">Halbstamm (120 cm)<\/strong><\/p>\n<\/li>\n<li data-start=\"2034\" data-end=\"2061\">\n<p data-start=\"2036\" data-end=\"2061\"><strong data-start=\"2036\" data-end=\"2059\">Niederstamm (80 cm)<\/strong><\/p>\n<\/li>\n<li data-start=\"2062\" data-end=\"2092\">\n<p data-start=\"2064\" data-end=\"2092\">Weitere Formen auf Anfrage<\/p>\n<ul data-start=\"2392\" data-end=\"2498\">\n<li data-start=\"2468\" data-end=\"2498\">\n<h1 data-start=\"143\" data-end=\"193\">Wie w\u00e4hle oder kaufe ich einen Sauerkirschenbaum?<\/h1>\n<p data-start=\"195\" data-end=\"421\">M\u00f6chten Sie einen Sauerkirschenbaum in Ihrem Garten oder Obstgarten pflanzen? Hier sind unsere Tipps f\u00fcr die richtige Wahl des Obstbaums in Bezug auf den verf\u00fcgbaren Platz, die Geschwindigkeit der Fruchtbildung und die Pflegeleichtigkeit.<\/p>\n<p data-start=\"195\" data-end=\"421\"><strong>Wir verkaufen unsere Sauerkirschenbaum\u00a0 entweder im Topf oder als wurzelnackte Pflanzen. Obstb\u00e4ume im Topf k\u00f6nnen das ganze Jahr \u00fcber gepflanzt werden, w\u00e4hrend wurzelnackte Pflanzen nur von Mitte Oktober bis M\u00e4rz gepflanzt werden k\u00f6nnen.<\/strong><\/p>\n<p data-start=\"462\" data-end=\"544\">Wir bieten verschiedene Formen von Birnb\u00e4umen an, die f\u00fcr alle Gartentypen geeignet sind:<\/p>\n<h3 data-start=\"546\" data-end=\"573\">Hochst\u00e4mmiger\u00a0<strong>Sauerkirschenbaum<\/strong><\/h3>\n<p data-start=\"574\" data-end=\"662\"><strong data-start=\"574\" data-end=\"595\">Schafth\u00f6he:<\/strong>\u00a0160-180 cm<br data-start=\"608\" data-end=\"611\" \/><strong data-start=\"611\" data-end=\"626\">Struktur:<\/strong>\u00a0Gekr\u00f6nt (4-5 Zweige) und gepfeilt<\/p>\n<p data-start=\"664\" data-end=\"1044\">Der\u00a0<strong data-start=\"667\" data-end=\"689\">Hochstamm- Sauerkirschenbaum<\/strong>\u00a0ist die st\u00e4rkste Form. Er kann eine H\u00f6he von<strong>\u00a07-10\u00a0m<\/strong>\u00a0erreichen und beginnt etwa\u00a0<strong>2-3\u00a0Jahre<\/strong>\u00a0nach der Pflanzung Pflaumen zu produzieren (je nach Sorte).<br data-start=\"870\" data-end=\"873\" \/>Bei regelm\u00e4\u00dfigem Beschneiden kann er auf mindestens\u00a0<strong data-start=\"923\" data-end=\"937\">5-6 m<\/strong>\u00a0gehalten werden.<br data-start=\"946\" data-end=\"949\" \/>Ideal f\u00fcr\u00a0<strong data-start=\"964\" data-end=\"982\">gro\u00dfe G\u00e4rten<\/strong>,\u00a0<strong data-start=\"984\" data-end=\"997\">Weiden<\/strong>\u00a0oder um<strong data-start=\"1024\" data-end=\"1043\">nat\u00fcrliche Schattenbereiche<\/strong>\u00a0zu schaffen.<\/p>\n<h3 data-start=\"1046\" data-end=\"1070\"><strong>Sauerkirschenbaum<\/strong>\u00a0Halbstamm<\/h3>\n<p data-start=\"1071\" data-end=\"1153\"><strong data-start=\"1071\" data-end=\"1092\">Schafth\u00f6he:<\/strong>\u00a0120 cm<br data-start=\"1099\" data-end=\"1102\" \/><strong data-start=\"1102\" data-end=\"1117\">Struktur:<\/strong>\u00a0Gekr\u00f6nt (4-5 Zweige) und gepfeilt<\/p>\n<p data-start=\"1155\" data-end=\"1538\">Der\u00a0<strong data-start=\"1158\" data-end=\"1177\">Halbstamm- Sauerkirschenbaum<\/strong>\u00a0hat eine mittlere Wuchsst\u00e4rke. Er kann<strong>\u00a05-8\u00a0m<\/strong>\u00a0hoch werden und beginnt nach\u00a0<strong>2-3\u00a0Jahren\u00a0<\/strong>(je nach Sorte) Fr\u00fcchte zu tragen.<br data-start=\"1324\" data-end=\"1327\" \/>Bei regelm\u00e4\u00dfigem Schnitt kann er auf\u00a0<strong data-start=\"1378\" data-end=\"1392\">4-5 m<\/strong>\u00a0H\u00f6he gehalten werden.<br data-start=\"1393\" data-end=\"1396\" \/>Perfekt f\u00fcr\u00a0<strong data-start=\"1413\" data-end=\"1442\">mittelgro\u00dfe G\u00e4rten<\/strong>, am Rand oder in der\u00a0<strong data-start=\"1461\" data-end=\"1482\">Mitte eines Rasens<\/strong>, da seine H\u00f6he einen\u00a0<strong data-start=\"1505\" data-end=\"1537\">leichten Zugang zum M\u00e4hen<\/strong>\u00a0erm\u00f6glicht.<\/p>\n<h3 data-start=\"1046\" data-end=\"1070\"><strong>Sauerkirschenbaum\u00a0<\/strong>Busch (Niederstamm)<\/h3>\n<p data-start=\"1578\" data-end=\"1659\"><strong data-start=\"1578\" data-end=\"1599\">Schafth\u00f6he:<\/strong>\u00a080 cm<br data-start=\"1605\" data-end=\"1608\" \/><strong data-start=\"1608\" data-end=\"1623\">Struktur:<\/strong>\u00a0Gekr\u00f6nt (4-5 Zweige) und gepfeilt<\/p>\n<p data-start=\"1661\" data-end=\"2112\">Die Sauerkirschenbaum Niederstamm ist eine schwachw\u00fcchsige Form. Er wird\u00a0<strong data-start=\"1728\" data-end=\"1744\">3 bis 4 Meter<\/strong>\u00a0hoch und tr\u00e4gt bereits\u00a0<strong data-start=\"1771\" data-end=\"1784\">1 bis 2 Jahre<\/strong>\u00a0nach der Pflanzung Fr\u00fcchte (je nach Sorte).<br data-start=\"1821\" data-end=\"1824\" \/>Mit einem regelm\u00e4\u00dfigen Schnitt kann er auf\u00a0<strong data-start=\"1874\" data-end=\"1892\">2 bis 2,5 Meter<\/strong>\u00a0H\u00f6he gebracht werden.<br data-start=\"1893\" data-end=\"1896\" \/>Empfohlen f\u00fcr\u00a0<strong data-start=\"1916\" data-end=\"1934\">kleine G\u00e4rten<\/strong>,\u00a0<strong data-start=\"1940\" data-end=\"1953\">Terrassen<\/strong>, als\u00a0<strong data-start=\"1958\" data-end=\"1965\">Topfpflanze<\/strong>\u00a0oder zur Schaffung von\u00a0<strong data-start=\"1984\" data-end=\"2004\">Obsthecken<\/strong>.<br data-start=\"2005\" data-end=\"2008\" \/>Seine wichtigsten Vorteile:\u00a0<strong data-start=\"2035\" data-end=\"2059\">schneller Fruchtansatz<\/strong>,\u00a0<strong data-start=\"2061\" data-end=\"2081\">einfache Pflege<\/strong>\u00a0(Schnitt, Behandlung, Ernte).<\/p>\n<hr data-start=\"2377\" data-end=\"2380\" \/>\n<p data-start=\"2403\" data-end=\"2535\">Alle von uns angebotenen Obstb\u00e4ume sind von\u00a0<strong data-start=\"2449\" data-end=\"2465\">h\u00f6chster Qualit\u00e4t<\/strong>\u00a0und entsprechen den\u00a0<strong data-start=\"2481\" data-end=\"2534\">Normen des Verbandes Schweizerischer Baumschulen.<\/strong><\/p>\n<hr data-start=\"2537\" data-end=\"2540\" \/>\n<div class=\"_tableContainer_80l1q_1\">\n<div class=\"_tableWrapper_80l1q_14 group flex w-fit flex-col-reverse\" tabindex=\"-1\">\n<table class=\"w-fit min-w-(--thread-content-width)\" data-start=\"2581\" data-end=\"3073\">\n<thead data-start=\"2581\" data-end=\"2660\">\n<tr data-start=\"2581\" data-end=\"2660\">\n<th data-start=\"2581\" data-end=\"2599\" data-col-size=\"sm\">Art des Sauerkirschenbaum<\/p>\n<h3 data-start=\"1046\" data-end=\"1070\"><\/h3>\n<\/th>\n<th data-start=\"2599\" data-end=\"2616\" data-col-size=\"sm\">H\u00f6he des ausgewachsenen Baums<\/th>\n<th data-start=\"2616\" data-end=\"2632\" data-col-size=\"sm\">Fruchtansatz<\/th>\n<th data-start=\"2632\" data-end=\"2647\" data-col-size=\"sm\">Idealer Platz<\/th>\n<th data-start=\"2647\" data-end=\"2660\" data-col-size=\"sm\">Pflege<\/th>\n<\/tr>\n<\/thead>\n<tbody data-start=\"2741\" data-end=\"3073\">\n<tr data-start=\"2741\" data-end=\"2820\">\n<td data-start=\"2741\" data-end=\"2759\" data-col-size=\"sm\"><strong data-start=\"2743\" data-end=\"2757\">Hochstamm<\/strong><\/td>\n<td data-col-size=\"sm\" data-start=\"2759\" data-end=\"2776\">10-15 m<\/td>\n<td data-col-size=\"sm\" data-start=\"2776\" data-end=\"2792\">4-6 Jahre<\/td>\n<td data-col-size=\"sm\" data-start=\"2792\" data-end=\"2807\">Gro\u00dfer Garten<\/td>\n<td data-col-size=\"sm\" data-start=\"2807\" data-end=\"2820\">Mittel<\/td>\n<\/tr>\n<tr data-start=\"2821\" data-end=\"2900\">\n<td data-start=\"2821\" data-end=\"2839\" data-col-size=\"sm\"><strong data-start=\"2823\" data-end=\"2834\">Halbstamm<\/strong><\/td>\n<td data-col-size=\"sm\" data-start=\"2839\" data-end=\"2856\">8-10 m<\/td>\n<td data-col-size=\"sm\" data-start=\"2856\" data-end=\"2872\">3-4 Jahre<\/td>\n<td data-col-size=\"sm\" data-start=\"2872\" data-end=\"2887\">Mittelgro\u00dfer Garten<\/td>\n<td data-col-size=\"sm\" data-start=\"2887\" data-end=\"2900\">Leicht<\/td>\n<\/tr>\n<tr data-start=\"2901\" data-end=\"2987\">\n<td data-start=\"2901\" data-end=\"2919\" data-col-size=\"sm\"><strong data-start=\"2903\" data-end=\"2914\">Busch<\/strong><\/td>\n<td data-col-size=\"sm\" data-start=\"2919\" data-end=\"2936\">3-4 m<\/td>\n<td data-col-size=\"sm\" data-start=\"2936\" data-end=\"2952\">1-2 Jahre<\/td>\n<td data-col-size=\"sm\" data-start=\"2952\" data-end=\"2972\">Kleiner Garten, Topf<\/td>\n<td data-col-size=\"sm\" data-start=\"2972\" data-end=\"2987\">Sehr einfach<\/td>\n<\/tr>\n<tr data-start=\"2988\" data-end=\"3073\">\n<td data-start=\"2988\" data-end=\"3006\" data-col-size=\"sm\"><strong data-start=\"2990\" data-end=\"2999\">Spindel<\/strong><\/td>\n<td data-col-size=\"sm\" data-start=\"3006\" data-end=\"3027\">3-4 m (j\u00fcnger)<\/td>\n<td data-col-size=\"sm\" data-start=\"3027\" data-end=\"3037\">2-3 Jahre<\/td>\n<td data-col-size=\"sm\" data-start=\"3037\" data-end=\"3052\">Wie Busch<\/td>\n<td data-col-size=\"sm\" data-start=\"3052\" data-end=\"3073\">Selbst zu formen<\/td>\n<\/tr>\n<\/tbody>\n<\/table>\n<div class=\"sticky end-(--thread-content-margin) h-0 self-end select-none\">\n<div class=\"absolute end-0 flex items-end\"><\/div>\n<\/div>\n<\/div>\n<\/div>\n<hr data-start=\"3075\" data-end=\"3078\" \/>\n<p data-start=\"3080\" data-end=\"3204\">Z\u00f6gern Sie nicht, uns zu kontaktieren, um eine pers\u00f6nliche Beratung zu erhalten, die auf Ihr Grundst\u00fcck, Ihr Klima oder Ihre Sortenw\u00fcnsche abgestimmt ist!<\/p>\n<p>Andere Formen sind auf Anfrage erh\u00e4ltlich.<\/li>\n<\/ul>\n<\/li>\n<\/ul>\n","protected":false},"excerpt":{"rendered":"<div>\n<div>\n<div>\n<p><strong>Frucht:<\/strong> sp\u00e4t, mittel, rotbraun, selbstfruchtbar<\/p>\n<p><strong>Frucht<\/strong> fleisch: sehr saftig, s\u00fc\u00df, weich, mit hohem S\u00e4uregehalt, dunkelroter Saft<br \/>\n<strong>Besonderheiten:<\/strong> auch f\u00fcr H\u00f6henlagen geeignet<br \/>\n<strong>Nutzung:<\/strong> f\u00fcr Saft, Verarbeitung und Destillation, Marmelade<\/p>\n<p>Topfpflanzen werden innert 5\u20137 Tagen geliefert.<br data-start=\"394\" data-end=\"397\" \/>Die Pflanzen\u00a0 \u201eWurzelnackt\u201c\u00a0 wird ab dem 20. Oktober bis Ende M\u00e4rz ausgeliefert.<\/p>\n<p>&nbsp;<\/p>\n<div><\/div>\n<div><\/div>\n<div><\/div>\n<\/div>\n<div><\/div>\n<div><\/div>\n<div><\/div>\n<div><\/div>\n<div><\/div>\n<\/div>\n<div><\/div>\n<div><\/div>\n<\/div>\n<div><\/div>\n","protected":false},"featured_media":6000,"comment_status":"open","ping_status":"closed","template":"","meta":{"_acf_changed":false},"product_brand":[229],"product_cat":[116,226,216,218],"product_tag":[118,117,119],"class_list":{"0":"post-5430","1":"product","2":"type-product","3":"status-publish","4":"has-post-thumbnail","6":"product_brand-pepiniere-fruitiere","7":"product_cat-kirschbaum","8":"product_cat-obstbaeume-fuer-anfaenger-pflegeleichte-obstbaeume","9":"product_cat-obstbaeume-fuer-hoehenlagen","10":"product_cat-obstbaeume-fuer-kleine-gaerten","11":"product_tag-brennen","12":"product_tag-konfiserie","13":"product_tag-saft","15":"first","16":"instock","17":"taxable","18":"shipping-taxable","19":"purchasable","20":"product-type-variable"},"acf":[],"yoast_head":"<!-- This site is optimized with the Yoast SEO plugin v27.3 - https:\/\/yoast.com\/product\/yoast-seo-wordpress\/ -->\n<title>Sauerkirsche Schattenmorelle - Die Obstbaumschule<\/title>\n<meta name=\"description\" content=\"Schattenmorelle \u2013 Sauerkirsche mit dunkelrotem Saft, ideal f\u00fcr Saft, Kirsch &amp; Kompott. Jetzt Baum kaufen f\u00fcr Garten &amp; Hochlagen!\" \/>\n<meta name=\"robots\" content=\"index, follow, max-snippet:-1, max-image-preview:large, max-video-preview:-1\" \/>\n<link rel=\"canonical\" href=\"https:\/\/pepiniere-bio.ch\/de\/Produkt\/sauerkirsche-schattenmorelle\/\" \/>\n<meta property=\"og:locale\" content=\"de_DE\" \/>\n<meta property=\"og:type\" content=\"article\" \/>\n<meta property=\"og:title\" content=\"Sauerkirsche Schattenmorelle - Die Obstbaumschule\" \/>\n<meta property=\"og:description\" content=\"Schattenmorelle \u2013 Sauerkirsche mit dunkelrotem Saft, ideal f\u00fcr Saft, Kirsch &amp; Kompott. Jetzt Baum kaufen f\u00fcr Garten &amp; Hochlagen!\" \/>\n<meta property=\"og:url\" content=\"https:\/\/pepiniere-bio.ch\/de\/Produkt\/sauerkirsche-schattenmorelle\/\" \/>\n<meta property=\"og:site_name\" content=\"Die Obstbaumschule\" \/>\n<meta property=\"article:publisher\" content=\"https:\/\/www.facebook.com\/profile.php?id=61565115227971\" \/>\n<meta property=\"article:modified_time\" content=\"2026-03-06T19:52:00+00:00\" \/>\n<meta property=\"og:image\" content=\"https:\/\/pepiniere-bio.ch\/wp-content\/uploads\/2026\/02\/Griottte-Schattenmorelle.jpg\" \/>\n\t<meta property=\"og:image:width\" content=\"500\" \/>\n\t<meta property=\"og:image:height\" content=\"500\" \/>\n\t<meta property=\"og:image:type\" content=\"image\/jpeg\" \/>\n<meta name=\"twitter:card\" content=\"summary_large_image\" \/>\n<meta name=\"twitter:label1\" content=\"Gesch\u00e4tzte Lesezeit\" \/>\n\t<meta name=\"twitter:data1\" content=\"3\u00a0Minuten\" \/>\n<script type=\"application\/ld+json\" class=\"yoast-schema-graph\">{\"@context\":\"https:\\\/\\\/schema.org\",\"@graph\":[{\"@type\":\"WebPage\",\"@id\":\"https:\\\/\\\/pepiniere-bio.ch\\\/de\\\/Produkt\\\/sauerkirsche-schattenmorelle\\\/\",\"url\":\"https:\\\/\\\/pepiniere-bio.ch\\\/de\\\/Produkt\\\/sauerkirsche-schattenmorelle\\\/\",\"name\":\"Sauerkirsche Schattenmorelle - Die Obstbaumschule\",\"isPartOf\":{\"@id\":\"https:\\\/\\\/pepiniere-bio.ch\\\/de\\\/#website\"},\"primaryImageOfPage\":{\"@id\":\"https:\\\/\\\/pepiniere-bio.ch\\\/de\\\/Produkt\\\/sauerkirsche-schattenmorelle\\\/#primaryimage\"},\"image\":{\"@id\":\"https:\\\/\\\/pepiniere-bio.ch\\\/de\\\/Produkt\\\/sauerkirsche-schattenmorelle\\\/#primaryimage\"},\"thumbnailUrl\":\"https:\\\/\\\/pepiniere-bio.ch\\\/wp-content\\\/uploads\\\/2026\\\/02\\\/Griottte-Schattenmorelle.jpg\",\"datePublished\":\"2026-02-11T10:23:25+00:00\",\"dateModified\":\"2026-03-06T19:52:00+00:00\",\"description\":\"Schattenmorelle \u2013 Sauerkirsche mit dunkelrotem Saft, ideal f\u00fcr Saft, Kirsch & Kompott. Jetzt Baum kaufen f\u00fcr Garten & Hochlagen!\",\"breadcrumb\":{\"@id\":\"https:\\\/\\\/pepiniere-bio.ch\\\/de\\\/Produkt\\\/sauerkirsche-schattenmorelle\\\/#breadcrumb\"},\"inLanguage\":\"de\",\"potentialAction\":[{\"@type\":\"ReadAction\",\"target\":[\"https:\\\/\\\/pepiniere-bio.ch\\\/de\\\/Produkt\\\/sauerkirsche-schattenmorelle\\\/\"]}]},{\"@type\":\"ImageObject\",\"inLanguage\":\"de\",\"@id\":\"https:\\\/\\\/pepiniere-bio.ch\\\/de\\\/Produkt\\\/sauerkirsche-schattenmorelle\\\/#primaryimage\",\"url\":\"https:\\\/\\\/pepiniere-bio.ch\\\/wp-content\\\/uploads\\\/2026\\\/02\\\/Griottte-Schattenmorelle.jpg\",\"contentUrl\":\"https:\\\/\\\/pepiniere-bio.ch\\\/wp-content\\\/uploads\\\/2026\\\/02\\\/Griottte-Schattenmorelle.jpg\",\"width\":500,\"height\":500},{\"@type\":\"BreadcrumbList\",\"@id\":\"https:\\\/\\\/pepiniere-bio.ch\\\/de\\\/Produkt\\\/sauerkirsche-schattenmorelle\\\/#breadcrumb\",\"itemListElement\":[{\"@type\":\"ListItem\",\"position\":1,\"name\":\"Accueil\",\"item\":\"https:\\\/\\\/pepiniere-bio.ch\\\/de\\\/\"},{\"@type\":\"ListItem\",\"position\":2,\"name\":\"Shop\",\"item\":\"https:\\\/\\\/pepiniere-bio.ch\\\/de\\\/shop\\\/\"},{\"@type\":\"ListItem\",\"position\":3,\"name\":\"Sauerkirsche Schattenmorelle\"}]},{\"@type\":\"WebSite\",\"@id\":\"https:\\\/\\\/pepiniere-bio.ch\\\/de\\\/#website\",\"url\":\"https:\\\/\\\/pepiniere-bio.ch\\\/de\\\/\",\"name\":\"P\u00e9pini\u00e8re fruiti\u00e8re suisse\",\"description\":\"La p\u00e9pini\u00e8re fruiti\u00e8re suisse\",\"publisher\":{\"@id\":\"https:\\\/\\\/pepiniere-bio.ch\\\/de\\\/#organization\"},\"alternateName\":\"P\u00e9pini\u00e8re fruiti\u00e8re suisse\",\"potentialAction\":[{\"@type\":\"SearchAction\",\"target\":{\"@type\":\"EntryPoint\",\"urlTemplate\":\"https:\\\/\\\/pepiniere-bio.ch\\\/de\\\/?s={search_term_string}\"},\"query-input\":{\"@type\":\"PropertyValueSpecification\",\"valueRequired\":true,\"valueName\":\"search_term_string\"}}],\"inLanguage\":\"de\"},{\"@type\":\"Organization\",\"@id\":\"https:\\\/\\\/pepiniere-bio.ch\\\/de\\\/#organization\",\"name\":\"La p\u00e9pini\u00e8re fruiti\u00e8re\",\"alternateName\":\"La p\u00e9pini\u00e8re fruiti\u00e8re\",\"url\":\"https:\\\/\\\/pepiniere-bio.ch\\\/de\\\/\",\"logo\":{\"@type\":\"ImageObject\",\"inLanguage\":\"de\",\"@id\":\"https:\\\/\\\/pepiniere-bio.ch\\\/de\\\/#\\\/schema\\\/logo\\\/image\\\/\",\"url\":\"http:\\\/\\\/new.pepiniere-bio.ch\\\/wp-content\\\/uploads\\\/2026\\\/01\\\/logo-300.png\",\"contentUrl\":\"http:\\\/\\\/new.pepiniere-bio.ch\\\/wp-content\\\/uploads\\\/2026\\\/01\\\/logo-300.png\",\"width\":300,\"height\":300,\"caption\":\"La p\u00e9pini\u00e8re fruiti\u00e8re\"},\"image\":{\"@id\":\"https:\\\/\\\/pepiniere-bio.ch\\\/de\\\/#\\\/schema\\\/logo\\\/image\\\/\"},\"sameAs\":[\"https:\\\/\\\/www.facebook.com\\\/profile.php?id=61565115227971\",\"https:\\\/\\\/www.instagram.com\\\/pepinierebio?igsh=cmR2aGdsMjZ1ZnNn\"]}]}<\/script>\n<!-- \/ Yoast SEO plugin. -->","yoast_head_json":{"title":"Sauerkirsche Schattenmorelle - Die Obstbaumschule","description":"Schattenmorelle \u2013 Sauerkirsche mit dunkelrotem Saft, ideal f\u00fcr Saft, Kirsch & Kompott. Jetzt Baum kaufen f\u00fcr Garten & Hochlagen!","robots":{"index":"index","follow":"follow","max-snippet":"max-snippet:-1","max-image-preview":"max-image-preview:large","max-video-preview":"max-video-preview:-1"},"canonical":"https:\/\/pepiniere-bio.ch\/de\/Produkt\/sauerkirsche-schattenmorelle\/","og_locale":"de_DE","og_type":"article","og_title":"Sauerkirsche Schattenmorelle - Die Obstbaumschule","og_description":"Schattenmorelle \u2013 Sauerkirsche mit dunkelrotem Saft, ideal f\u00fcr Saft, Kirsch & Kompott. Jetzt Baum kaufen f\u00fcr Garten & Hochlagen!","og_url":"https:\/\/pepiniere-bio.ch\/de\/Produkt\/sauerkirsche-schattenmorelle\/","og_site_name":"Die Obstbaumschule","article_publisher":"https:\/\/www.facebook.com\/profile.php?id=61565115227971","article_modified_time":"2026-03-06T19:52:00+00:00","og_image":[{"width":500,"height":500,"url":"https:\/\/pepiniere-bio.ch\/wp-content\/uploads\/2026\/02\/Griottte-Schattenmorelle.jpg","type":"image\/jpeg"}],"twitter_card":"summary_large_image","twitter_misc":{"Gesch\u00e4tzte Lesezeit":"3\u00a0Minuten"},"schema":{"@context":"https:\/\/schema.org","@graph":[{"@type":"WebPage","@id":"https:\/\/pepiniere-bio.ch\/de\/Produkt\/sauerkirsche-schattenmorelle\/","url":"https:\/\/pepiniere-bio.ch\/de\/Produkt\/sauerkirsche-schattenmorelle\/","name":"Sauerkirsche Schattenmorelle - Die Obstbaumschule","isPartOf":{"@id":"https:\/\/pepiniere-bio.ch\/de\/#website"},"primaryImageOfPage":{"@id":"https:\/\/pepiniere-bio.ch\/de\/Produkt\/sauerkirsche-schattenmorelle\/#primaryimage"},"image":{"@id":"https:\/\/pepiniere-bio.ch\/de\/Produkt\/sauerkirsche-schattenmorelle\/#primaryimage"},"thumbnailUrl":"https:\/\/pepiniere-bio.ch\/wp-content\/uploads\/2026\/02\/Griottte-Schattenmorelle.jpg","datePublished":"2026-02-11T10:23:25+00:00","dateModified":"2026-03-06T19:52:00+00:00","description":"Schattenmorelle \u2013 Sauerkirsche mit dunkelrotem Saft, ideal f\u00fcr Saft, Kirsch & Kompott. Jetzt Baum kaufen f\u00fcr Garten & Hochlagen!","breadcrumb":{"@id":"https:\/\/pepiniere-bio.ch\/de\/Produkt\/sauerkirsche-schattenmorelle\/#breadcrumb"},"inLanguage":"de","potentialAction":[{"@type":"ReadAction","target":["https:\/\/pepiniere-bio.ch\/de\/Produkt\/sauerkirsche-schattenmorelle\/"]}]},{"@type":"ImageObject","inLanguage":"de","@id":"https:\/\/pepiniere-bio.ch\/de\/Produkt\/sauerkirsche-schattenmorelle\/#primaryimage","url":"https:\/\/pepiniere-bio.ch\/wp-content\/uploads\/2026\/02\/Griottte-Schattenmorelle.jpg","contentUrl":"https:\/\/pepiniere-bio.ch\/wp-content\/uploads\/2026\/02\/Griottte-Schattenmorelle.jpg","width":500,"height":500},{"@type":"BreadcrumbList","@id":"https:\/\/pepiniere-bio.ch\/de\/Produkt\/sauerkirsche-schattenmorelle\/#breadcrumb","itemListElement":[{"@type":"ListItem","position":1,"name":"Accueil","item":"https:\/\/pepiniere-bio.ch\/de\/"},{"@type":"ListItem","position":2,"name":"Shop","item":"https:\/\/pepiniere-bio.ch\/de\/shop\/"},{"@type":"ListItem","position":3,"name":"Sauerkirsche Schattenmorelle"}]},{"@type":"WebSite","@id":"https:\/\/pepiniere-bio.ch\/de\/#website","url":"https:\/\/pepiniere-bio.ch\/de\/","name":"P\u00e9pini\u00e8re fruiti\u00e8re suisse","description":"La p\u00e9pini\u00e8re fruiti\u00e8re suisse","publisher":{"@id":"https:\/\/pepiniere-bio.ch\/de\/#organization"},"alternateName":"P\u00e9pini\u00e8re fruiti\u00e8re suisse","potentialAction":[{"@type":"SearchAction","target":{"@type":"EntryPoint","urlTemplate":"https:\/\/pepiniere-bio.ch\/de\/?s={search_term_string}"},"query-input":{"@type":"PropertyValueSpecification","valueRequired":true,"valueName":"search_term_string"}}],"inLanguage":"de"},{"@type":"Organization","@id":"https:\/\/pepiniere-bio.ch\/de\/#organization","name":"La p\u00e9pini\u00e8re fruiti\u00e8re","alternateName":"La p\u00e9pini\u00e8re fruiti\u00e8re","url":"https:\/\/pepiniere-bio.ch\/de\/","logo":{"@type":"ImageObject","inLanguage":"de","@id":"https:\/\/pepiniere-bio.ch\/de\/#\/schema\/logo\/image\/","url":"http:\/\/new.pepiniere-bio.ch\/wp-content\/uploads\/2026\/01\/logo-300.png","contentUrl":"http:\/\/new.pepiniere-bio.ch\/wp-content\/uploads\/2026\/01\/logo-300.png","width":300,"height":300,"caption":"La p\u00e9pini\u00e8re fruiti\u00e8re"},"image":{"@id":"https:\/\/pepiniere-bio.ch\/de\/#\/schema\/logo\/image\/"},"sameAs":["https:\/\/www.facebook.com\/profile.php?id=61565115227971","https:\/\/www.instagram.com\/pepinierebio?igsh=cmR2aGdsMjZ1ZnNn"]}]}},"jetpack_sharing_enabled":true,"_links":{"self":[{"href":"https:\/\/pepiniere-bio.ch\/de\/wp-json\/wp\/v2\/product\/5430","targetHints":{"allow":["GET"]}}],"collection":[{"href":"https:\/\/pepiniere-bio.ch\/de\/wp-json\/wp\/v2\/product"}],"about":[{"href":"https:\/\/pepiniere-bio.ch\/de\/wp-json\/wp\/v2\/types\/product"}],"replies":[{"embeddable":true,"href":"https:\/\/pepiniere-bio.ch\/de\/wp-json\/wp\/v2\/comments?post=5430"}],"wp:featuredmedia":[{"embeddable":true,"href":"https:\/\/pepiniere-bio.ch\/de\/wp-json\/wp\/v2\/media\/6000"}],"wp:attachment":[{"href":"https:\/\/pepiniere-bio.ch\/de\/wp-json\/wp\/v2\/media?parent=5430"}],"wp:term":[{"taxonomy":"product_brand","embeddable":true,"href":"https:\/\/pepiniere-bio.ch\/de\/wp-json\/wp\/v2\/product_brand?post=5430"},{"taxonomy":"product_cat","embeddable":true,"href":"https:\/\/pepiniere-bio.ch\/de\/wp-json\/wp\/v2\/product_cat?post=5430"},{"taxonomy":"product_tag","embeddable":true,"href":"https:\/\/pepiniere-bio.ch\/de\/wp-json\/wp\/v2\/product_tag?post=5430"}],"curies":[{"name":"wp","href":"https:\/\/api.w.org\/{rel}","templated":true}]}}