{"id":5405,"date":"2026-02-11T10:11:01","date_gmt":"2026-02-11T10:11:01","guid":{"rendered":"https:\/\/new.pepiniere-bio.ch\/?post_type=product&#038;p=5405"},"modified":"2026-03-06T19:52:00","modified_gmt":"2026-03-06T19:52:00","slug":"aprikosenbaum-luizet","status":"publish","type":"product","link":"https:\/\/pepiniere-bio.ch\/de\/Produkt\/aprikosenbaum-luizet\/","title":{"rendered":"Aprikosenbaum Luizet"},"content":{"rendered":"<h2 data-start=\"208\" data-end=\"275\"><strong data-start=\"211\" data-end=\"275\">Aprikosenbaum Luizet \u2013 Die Walliser Aprikose\u00a0<\/strong><\/h2>\n<h3 data-start=\"277\" data-end=\"330\">Eine traditionelle, robuste und aromatische Sorte<\/h3>\n<p data-start=\"332\" data-end=\"713\">Der <strong data-start=\"336\" data-end=\"364\">Aprikosenbaum Luizet<\/strong> (auch bekannt als <strong data-start=\"383\" data-end=\"393\">Suchet<\/strong> oder <strong data-start=\"399\" data-end=\"420\">Aprikose vom Clos<\/strong>) ist eine alte, bew\u00e4hrte Sorte aus dem Wallis. Sie gilt als <strong data-start=\"481\" data-end=\"509\">die Aprikose der Schweiz<\/strong> \u2013 robust, zuverl\u00e4ssig und geschmacklich hervorragend. Dank ihrer <strong data-start=\"575\" data-end=\"597\">mittelfr\u00fchen Bl\u00fcte<\/strong> und <strong data-start=\"602\" data-end=\"631\">guten Selbstfruchtbarkeit<\/strong> ist sie besonders f\u00fcr <strong data-start=\"654\" data-end=\"681\">h\u00f6her gelegene Regionen<\/strong> und den <strong data-start=\"690\" data-end=\"703\">Bio-Anbau<\/strong> geeignet.<\/p>\n<p data-start=\"715\" data-end=\"831\">Selbst in alpinem Klima liefert Luizet zuverl\u00e4ssig jedes Jahr eine reiche Ernte k\u00f6stlicher, sonnengereifter Fr\u00fcchte.<\/p>\n<hr data-start=\"833\" data-end=\"836\" \/>\n<h3 data-start=\"838\" data-end=\"880\">Saftige Aprikosen mit intensivem Aroma<\/h3>\n<ul data-start=\"882\" data-end=\"1131\">\n<li data-start=\"882\" data-end=\"928\">\n<p data-start=\"884\" data-end=\"928\"><strong data-start=\"884\" data-end=\"897\">Erntezeit<\/strong>: Ende Juli bis Anfang August<\/p>\n<\/li>\n<li data-start=\"929\" data-end=\"988\">\n<p data-start=\"931\" data-end=\"988\"><strong data-start=\"931\" data-end=\"941\">Frucht<\/strong>: mittelgross bis gross, <strong data-start=\"966\" data-end=\"986\">leuchtend orange<\/strong><\/p>\n<\/li>\n<li data-start=\"989\" data-end=\"1069\">\n<p data-start=\"991\" data-end=\"1069\"><strong data-start=\"991\" data-end=\"1008\">Fruchtfleisch<\/strong>: gelb, <strong data-start=\"1016\" data-end=\"1035\">weichschmelzend<\/strong>, sehr s\u00fcss, <strong data-start=\"1048\" data-end=\"1067\">hoch aromatisch<\/strong><\/p>\n<\/li>\n<li data-start=\"1070\" data-end=\"1131\">\n<p data-start=\"1072\" data-end=\"1131\"><strong data-start=\"1072\" data-end=\"1090\">Besonderheiten<\/strong>: ausgezeichnetes Zucker-S\u00e4ure-Verh\u00e4ltnis<\/p>\n<\/li>\n<\/ul>\n<p data-start=\"1133\" data-end=\"1306\">Die Luizet-Aprikose eignet sich hervorragend als <strong data-start=\"1182\" data-end=\"1195\">Tafelobst<\/strong>, f\u00fcr <strong data-start=\"1201\" data-end=\"1214\">Konfit\u00fcre<\/strong>, <strong data-start=\"1216\" data-end=\"1226\">Kuchen<\/strong> oder zur <strong data-start=\"1236\" data-end=\"1252\">Destillation<\/strong>. Ein wahres Multitalent mit typischem Walliser Aroma.<\/p>\n<hr data-start=\"1308\" data-end=\"1311\" \/>\n<h3 data-start=\"1313\" data-end=\"1355\">Robust, pflegeleicht und ertragssicher<\/h3>\n<ul data-start=\"1357\" data-end=\"1544\">\n<li data-start=\"1357\" data-end=\"1377\">\n<p data-start=\"1359\" data-end=\"1377\"><strong data-start=\"1359\" data-end=\"1368\">Wuchs<\/strong>: kr\u00e4ftig<\/p>\n<\/li>\n<li data-start=\"1378\" data-end=\"1439\">\n<p data-start=\"1380\" data-end=\"1439\"><strong data-start=\"1380\" data-end=\"1389\">Bl\u00fcte<\/strong>: mittelfr\u00fch \u2013 bevorzugt sonnige, gesch\u00fctzte Lagen<\/p>\n<\/li>\n<li data-start=\"1440\" data-end=\"1509\">\n<p data-start=\"1442\" data-end=\"1509\"><strong data-start=\"1442\" data-end=\"1465\">Krankheitsresistenz<\/strong>: sehr gut \u2013 geeignet f\u00fcr biologischen Anbau<\/p>\n<\/li>\n<li data-start=\"1510\" data-end=\"1544\">\n<p data-start=\"1512\" data-end=\"1544\"><strong data-start=\"1512\" data-end=\"1522\">Ertrag<\/strong>: regelm\u00e4ssig und hoch<\/p>\n<\/li>\n<\/ul>\n<p data-start=\"1546\" data-end=\"1663\">Der Luizet eignet sich sowohl f\u00fcr Hobbyg\u00e4rtner als auch f\u00fcr professionelle Bio-Obstbauern \u2013 vor allem in der Schweiz.<\/p>\n<hr data-start=\"1665\" data-end=\"1668\" \/>\n<h3 data-start=\"1670\" data-end=\"1695\">Verf\u00fcgbare Baumformen<\/h3>\n<p data-start=\"1697\" data-end=\"1741\">Der Luizet Aprikosenbaum ist erh\u00e4ltlich als:<\/p>\n<ul data-start=\"1742\" data-end=\"1876\">\n<li data-start=\"1742\" data-end=\"1789\">\n<p data-start=\"1744\" data-end=\"1789\"><strong data-start=\"1744\" data-end=\"1766\">Halbstamm (120 cm)<\/strong> \u2013 ideal f\u00fcr Hausg\u00e4rten<\/p>\n<\/li>\n<li data-start=\"1790\" data-end=\"1876\">\n<p data-start=\"1792\" data-end=\"1876\"><strong data-start=\"1792\" data-end=\"1815\">Niederstamm (80 cm)<\/strong> \u2013 perfekt f\u00fcr kleinere G\u00e4rten, Spaliere oder Reihenpflanzung<\/p>\n<\/li>\n<\/ul>\n<p data-start=\"1878\" data-end=\"1927\">Andere Formen und Unterlagen auf Anfrage m\u00f6glich.<\/p>\n<hr data-start=\"1929\" data-end=\"1932\" \/>\n<h3 data-start=\"1934\" data-end=\"1958\">Warum Luizet w\u00e4hlen?<\/h3>\n<ul data-start=\"1960\" data-end=\"2165\">\n<li data-start=\"1960\" data-end=\"2005\">\n<p data-start=\"1962\" data-end=\"2005\">\u2714 Bew\u00e4hrte Schweizer Sorte aus dem Wallis<\/p>\n<\/li>\n<li data-start=\"2006\" data-end=\"2036\">\n<p data-start=\"2008\" data-end=\"2036\">\u2714 Sehr s\u00fcss und aromatisch<\/p>\n<\/li>\n<li data-start=\"2037\" data-end=\"2083\">\n<p data-start=\"2039\" data-end=\"2083\">\u2714 Ideal f\u00fcr Frischverzehr und Verarbeitung<\/p>\n<\/li>\n<li data-start=\"2084\" data-end=\"2121\">\n<p data-start=\"2086\" data-end=\"2121\">\u2714 Selbstfruchtbar und fr\u00fchtragend<\/p>\n<\/li>\n<li data-start=\"2122\" data-end=\"2165\">\n<p data-start=\"2124\" data-end=\"2165\">\u2714 Geeignet f\u00fcr H\u00f6henlagen und Bio-Anbau<\/p>\n<\/li>\n<li data-start=\"2122\" data-end=\"2165\">\n<p data-start=\"2124\" data-end=\"2165\"><strong>Wir verkaufen unsere Aprikosenbaum entweder im Topf oder als wurzelnackte Pflanzen. Obstb\u00e4ume im Topf k\u00f6nnen das ganze Jahr \u00fcber gepflanzt werden, w\u00e4hrend wurzelnackte Pflanzen nur von Mitte Oktober bis M\u00e4rz gepflanzt werden k\u00f6nnen.<\/strong><\/p>\n<\/li>\n<\/ul>\n","protected":false},"excerpt":{"rendered":"<div>\n<div><\/div>\n<p><strong>Ernte<\/strong>: Ende Juli &#8211; Anfang August<br \/>\n<strong>Frucht<\/strong>: mittelgro\u00df, orange, selbstfruchtbar, mittelfr\u00fch bl\u00fchend<br \/>\n<strong>Fruchtfleisch<\/strong>: gelb, mittelfest, schmelzend, sehr s\u00fc\u00df und sehr aromatisch<br \/>\n<strong>Besonderheiten:<\/strong> die Walliser Aprikose par excellence<br \/>\n<strong>Verwendung<\/strong>: Tafelobst, Kuchen, Marmelade, Destillation<\/p>\n<p data-start=\"445\" data-end=\"545\">Topfpflanzen werden innert 5\u20137 Tagen geliefert.<\/p>\n<p>Die Pflanzen\u00a0 \u201eWurzelnackt\u201c\u00a0 wird ab dem 20. Oktober bis Ende M\u00e4rz ausgeliefert<\/p>\n<div><\/div>\n<\/div>\n<div><\/div>\n<div><\/div>\n<div><\/div>\n<div><\/div>\n<div><\/div>\n<div><\/div>\n","protected":false},"featured_media":6004,"comment_status":"open","ping_status":"closed","template":"","meta":{"_acf_changed":false},"product_brand":[229],"product_cat":[114],"product_tag":[111,110],"class_list":{"0":"post-5405","1":"product","2":"type-product","3":"status-publish","4":"has-post-thumbnail","6":"product_brand-pepiniere-fruitiere","7":"product_cat-aprikosenbaum","8":"product_tag-fruit-de-table-de","9":"product_tag-konfituere","11":"first","12":"instock","13":"taxable","14":"shipping-taxable","15":"purchasable","16":"product-type-variable"},"acf":[],"yoast_head":"<!-- This site is optimized with the Yoast SEO plugin v27.3 - https:\/\/yoast.com\/product\/yoast-seo-wordpress\/ -->\n<title>Aprikosenbaum Luizet - Die Obstbaumschule<\/title>\n<meta name=\"description\" content=\"Aprikose Luizet aus dem Wallis \u2013 aromatisch, s\u00fcss, robust und selbstfruchtbar. Ideal f\u00fcr G\u00e4rten in der Schweiz. Jetzt Baum online kaufen!\" \/>\n<meta name=\"robots\" content=\"index, follow, max-snippet:-1, max-image-preview:large, max-video-preview:-1\" \/>\n<link rel=\"canonical\" href=\"https:\/\/pepiniere-bio.ch\/de\/Produkt\/aprikosenbaum-luizet\/\" \/>\n<meta property=\"og:locale\" content=\"de_DE\" \/>\n<meta property=\"og:type\" content=\"article\" \/>\n<meta property=\"og:title\" content=\"Aprikosenbaum Luizet - Die Obstbaumschule\" \/>\n<meta property=\"og:description\" content=\"Aprikose Luizet aus dem Wallis \u2013 aromatisch, s\u00fcss, robust und selbstfruchtbar. Ideal f\u00fcr G\u00e4rten in der Schweiz. Jetzt Baum online kaufen!\" \/>\n<meta property=\"og:url\" content=\"https:\/\/pepiniere-bio.ch\/de\/Produkt\/aprikosenbaum-luizet\/\" \/>\n<meta property=\"og:site_name\" content=\"Die Obstbaumschule\" \/>\n<meta property=\"article:publisher\" content=\"https:\/\/www.facebook.com\/profile.php?id=61565115227971\" \/>\n<meta property=\"article:modified_time\" content=\"2026-03-06T19:52:00+00:00\" \/>\n<meta property=\"og:image\" content=\"https:\/\/pepiniere-bio.ch\/wp-content\/uploads\/2026\/02\/Abricot-Luizet.jpg\" \/>\n\t<meta property=\"og:image:width\" content=\"500\" \/>\n\t<meta property=\"og:image:height\" content=\"500\" \/>\n\t<meta property=\"og:image:type\" content=\"image\/jpeg\" \/>\n<meta name=\"twitter:card\" content=\"summary_large_image\" \/>\n<meta name=\"twitter:label1\" content=\"Gesch\u00e4tzte Lesezeit\" \/>\n\t<meta name=\"twitter:data1\" content=\"2\u00a0Minuten\" \/>\n<script type=\"application\/ld+json\" class=\"yoast-schema-graph\">{\"@context\":\"https:\\\/\\\/schema.org\",\"@graph\":[{\"@type\":\"WebPage\",\"@id\":\"https:\\\/\\\/pepiniere-bio.ch\\\/de\\\/Produkt\\\/aprikosenbaum-luizet\\\/\",\"url\":\"https:\\\/\\\/pepiniere-bio.ch\\\/de\\\/Produkt\\\/aprikosenbaum-luizet\\\/\",\"name\":\"Aprikosenbaum Luizet - Die Obstbaumschule\",\"isPartOf\":{\"@id\":\"https:\\\/\\\/pepiniere-bio.ch\\\/de\\\/#website\"},\"primaryImageOfPage\":{\"@id\":\"https:\\\/\\\/pepiniere-bio.ch\\\/de\\\/Produkt\\\/aprikosenbaum-luizet\\\/#primaryimage\"},\"image\":{\"@id\":\"https:\\\/\\\/pepiniere-bio.ch\\\/de\\\/Produkt\\\/aprikosenbaum-luizet\\\/#primaryimage\"},\"thumbnailUrl\":\"https:\\\/\\\/pepiniere-bio.ch\\\/wp-content\\\/uploads\\\/2026\\\/02\\\/Abricot-Luizet.jpg\",\"datePublished\":\"2026-02-11T10:11:01+00:00\",\"dateModified\":\"2026-03-06T19:52:00+00:00\",\"description\":\"Aprikose Luizet aus dem Wallis \u2013 aromatisch, s\u00fcss, robust und selbstfruchtbar. Ideal f\u00fcr G\u00e4rten in der Schweiz. Jetzt Baum online kaufen!\",\"breadcrumb\":{\"@id\":\"https:\\\/\\\/pepiniere-bio.ch\\\/de\\\/Produkt\\\/aprikosenbaum-luizet\\\/#breadcrumb\"},\"inLanguage\":\"de\",\"potentialAction\":[{\"@type\":\"ReadAction\",\"target\":[\"https:\\\/\\\/pepiniere-bio.ch\\\/de\\\/Produkt\\\/aprikosenbaum-luizet\\\/\"]}]},{\"@type\":\"ImageObject\",\"inLanguage\":\"de\",\"@id\":\"https:\\\/\\\/pepiniere-bio.ch\\\/de\\\/Produkt\\\/aprikosenbaum-luizet\\\/#primaryimage\",\"url\":\"https:\\\/\\\/pepiniere-bio.ch\\\/wp-content\\\/uploads\\\/2026\\\/02\\\/Abricot-Luizet.jpg\",\"contentUrl\":\"https:\\\/\\\/pepiniere-bio.ch\\\/wp-content\\\/uploads\\\/2026\\\/02\\\/Abricot-Luizet.jpg\",\"width\":500,\"height\":500},{\"@type\":\"BreadcrumbList\",\"@id\":\"https:\\\/\\\/pepiniere-bio.ch\\\/de\\\/Produkt\\\/aprikosenbaum-luizet\\\/#breadcrumb\",\"itemListElement\":[{\"@type\":\"ListItem\",\"position\":1,\"name\":\"Accueil\",\"item\":\"https:\\\/\\\/pepiniere-bio.ch\\\/de\\\/\"},{\"@type\":\"ListItem\",\"position\":2,\"name\":\"Shop\",\"item\":\"https:\\\/\\\/pepiniere-bio.ch\\\/de\\\/shop\\\/\"},{\"@type\":\"ListItem\",\"position\":3,\"name\":\"Aprikosenbaum Luizet\"}]},{\"@type\":\"WebSite\",\"@id\":\"https:\\\/\\\/pepiniere-bio.ch\\\/de\\\/#website\",\"url\":\"https:\\\/\\\/pepiniere-bio.ch\\\/de\\\/\",\"name\":\"P\u00e9pini\u00e8re fruiti\u00e8re suisse\",\"description\":\"La p\u00e9pini\u00e8re fruiti\u00e8re suisse\",\"publisher\":{\"@id\":\"https:\\\/\\\/pepiniere-bio.ch\\\/de\\\/#organization\"},\"alternateName\":\"P\u00e9pini\u00e8re fruiti\u00e8re suisse\",\"potentialAction\":[{\"@type\":\"SearchAction\",\"target\":{\"@type\":\"EntryPoint\",\"urlTemplate\":\"https:\\\/\\\/pepiniere-bio.ch\\\/de\\\/?s={search_term_string}\"},\"query-input\":{\"@type\":\"PropertyValueSpecification\",\"valueRequired\":true,\"valueName\":\"search_term_string\"}}],\"inLanguage\":\"de\"},{\"@type\":\"Organization\",\"@id\":\"https:\\\/\\\/pepiniere-bio.ch\\\/de\\\/#organization\",\"name\":\"La p\u00e9pini\u00e8re fruiti\u00e8re\",\"alternateName\":\"La p\u00e9pini\u00e8re fruiti\u00e8re\",\"url\":\"https:\\\/\\\/pepiniere-bio.ch\\\/de\\\/\",\"logo\":{\"@type\":\"ImageObject\",\"inLanguage\":\"de\",\"@id\":\"https:\\\/\\\/pepiniere-bio.ch\\\/de\\\/#\\\/schema\\\/logo\\\/image\\\/\",\"url\":\"http:\\\/\\\/new.pepiniere-bio.ch\\\/wp-content\\\/uploads\\\/2026\\\/01\\\/logo-300.png\",\"contentUrl\":\"http:\\\/\\\/new.pepiniere-bio.ch\\\/wp-content\\\/uploads\\\/2026\\\/01\\\/logo-300.png\",\"width\":300,\"height\":300,\"caption\":\"La p\u00e9pini\u00e8re fruiti\u00e8re\"},\"image\":{\"@id\":\"https:\\\/\\\/pepiniere-bio.ch\\\/de\\\/#\\\/schema\\\/logo\\\/image\\\/\"},\"sameAs\":[\"https:\\\/\\\/www.facebook.com\\\/profile.php?id=61565115227971\",\"https:\\\/\\\/www.instagram.com\\\/pepinierebio?igsh=cmR2aGdsMjZ1ZnNn\"]}]}<\/script>\n<!-- \/ Yoast SEO plugin. -->","yoast_head_json":{"title":"Aprikosenbaum Luizet - Die Obstbaumschule","description":"Aprikose Luizet aus dem Wallis \u2013 aromatisch, s\u00fcss, robust und selbstfruchtbar. Ideal f\u00fcr G\u00e4rten in der Schweiz. Jetzt Baum online kaufen!","robots":{"index":"index","follow":"follow","max-snippet":"max-snippet:-1","max-image-preview":"max-image-preview:large","max-video-preview":"max-video-preview:-1"},"canonical":"https:\/\/pepiniere-bio.ch\/de\/Produkt\/aprikosenbaum-luizet\/","og_locale":"de_DE","og_type":"article","og_title":"Aprikosenbaum Luizet - Die Obstbaumschule","og_description":"Aprikose Luizet aus dem Wallis \u2013 aromatisch, s\u00fcss, robust und selbstfruchtbar. Ideal f\u00fcr G\u00e4rten in der Schweiz. Jetzt Baum online kaufen!","og_url":"https:\/\/pepiniere-bio.ch\/de\/Produkt\/aprikosenbaum-luizet\/","og_site_name":"Die Obstbaumschule","article_publisher":"https:\/\/www.facebook.com\/profile.php?id=61565115227971","article_modified_time":"2026-03-06T19:52:00+00:00","og_image":[{"width":500,"height":500,"url":"https:\/\/pepiniere-bio.ch\/wp-content\/uploads\/2026\/02\/Abricot-Luizet.jpg","type":"image\/jpeg"}],"twitter_card":"summary_large_image","twitter_misc":{"Gesch\u00e4tzte Lesezeit":"2\u00a0Minuten"},"schema":{"@context":"https:\/\/schema.org","@graph":[{"@type":"WebPage","@id":"https:\/\/pepiniere-bio.ch\/de\/Produkt\/aprikosenbaum-luizet\/","url":"https:\/\/pepiniere-bio.ch\/de\/Produkt\/aprikosenbaum-luizet\/","name":"Aprikosenbaum Luizet - Die Obstbaumschule","isPartOf":{"@id":"https:\/\/pepiniere-bio.ch\/de\/#website"},"primaryImageOfPage":{"@id":"https:\/\/pepiniere-bio.ch\/de\/Produkt\/aprikosenbaum-luizet\/#primaryimage"},"image":{"@id":"https:\/\/pepiniere-bio.ch\/de\/Produkt\/aprikosenbaum-luizet\/#primaryimage"},"thumbnailUrl":"https:\/\/pepiniere-bio.ch\/wp-content\/uploads\/2026\/02\/Abricot-Luizet.jpg","datePublished":"2026-02-11T10:11:01+00:00","dateModified":"2026-03-06T19:52:00+00:00","description":"Aprikose Luizet aus dem Wallis \u2013 aromatisch, s\u00fcss, robust und selbstfruchtbar. Ideal f\u00fcr G\u00e4rten in der Schweiz. Jetzt Baum online kaufen!","breadcrumb":{"@id":"https:\/\/pepiniere-bio.ch\/de\/Produkt\/aprikosenbaum-luizet\/#breadcrumb"},"inLanguage":"de","potentialAction":[{"@type":"ReadAction","target":["https:\/\/pepiniere-bio.ch\/de\/Produkt\/aprikosenbaum-luizet\/"]}]},{"@type":"ImageObject","inLanguage":"de","@id":"https:\/\/pepiniere-bio.ch\/de\/Produkt\/aprikosenbaum-luizet\/#primaryimage","url":"https:\/\/pepiniere-bio.ch\/wp-content\/uploads\/2026\/02\/Abricot-Luizet.jpg","contentUrl":"https:\/\/pepiniere-bio.ch\/wp-content\/uploads\/2026\/02\/Abricot-Luizet.jpg","width":500,"height":500},{"@type":"BreadcrumbList","@id":"https:\/\/pepiniere-bio.ch\/de\/Produkt\/aprikosenbaum-luizet\/#breadcrumb","itemListElement":[{"@type":"ListItem","position":1,"name":"Accueil","item":"https:\/\/pepiniere-bio.ch\/de\/"},{"@type":"ListItem","position":2,"name":"Shop","item":"https:\/\/pepiniere-bio.ch\/de\/shop\/"},{"@type":"ListItem","position":3,"name":"Aprikosenbaum Luizet"}]},{"@type":"WebSite","@id":"https:\/\/pepiniere-bio.ch\/de\/#website","url":"https:\/\/pepiniere-bio.ch\/de\/","name":"P\u00e9pini\u00e8re fruiti\u00e8re suisse","description":"La p\u00e9pini\u00e8re fruiti\u00e8re suisse","publisher":{"@id":"https:\/\/pepiniere-bio.ch\/de\/#organization"},"alternateName":"P\u00e9pini\u00e8re fruiti\u00e8re suisse","potentialAction":[{"@type":"SearchAction","target":{"@type":"EntryPoint","urlTemplate":"https:\/\/pepiniere-bio.ch\/de\/?s={search_term_string}"},"query-input":{"@type":"PropertyValueSpecification","valueRequired":true,"valueName":"search_term_string"}}],"inLanguage":"de"},{"@type":"Organization","@id":"https:\/\/pepiniere-bio.ch\/de\/#organization","name":"La p\u00e9pini\u00e8re fruiti\u00e8re","alternateName":"La p\u00e9pini\u00e8re fruiti\u00e8re","url":"https:\/\/pepiniere-bio.ch\/de\/","logo":{"@type":"ImageObject","inLanguage":"de","@id":"https:\/\/pepiniere-bio.ch\/de\/#\/schema\/logo\/image\/","url":"http:\/\/new.pepiniere-bio.ch\/wp-content\/uploads\/2026\/01\/logo-300.png","contentUrl":"http:\/\/new.pepiniere-bio.ch\/wp-content\/uploads\/2026\/01\/logo-300.png","width":300,"height":300,"caption":"La p\u00e9pini\u00e8re fruiti\u00e8re"},"image":{"@id":"https:\/\/pepiniere-bio.ch\/de\/#\/schema\/logo\/image\/"},"sameAs":["https:\/\/www.facebook.com\/profile.php?id=61565115227971","https:\/\/www.instagram.com\/pepinierebio?igsh=cmR2aGdsMjZ1ZnNn"]}]}},"jetpack_sharing_enabled":true,"_links":{"self":[{"href":"https:\/\/pepiniere-bio.ch\/de\/wp-json\/wp\/v2\/product\/5405","targetHints":{"allow":["GET"]}}],"collection":[{"href":"https:\/\/pepiniere-bio.ch\/de\/wp-json\/wp\/v2\/product"}],"about":[{"href":"https:\/\/pepiniere-bio.ch\/de\/wp-json\/wp\/v2\/types\/product"}],"replies":[{"embeddable":true,"href":"https:\/\/pepiniere-bio.ch\/de\/wp-json\/wp\/v2\/comments?post=5405"}],"wp:featuredmedia":[{"embeddable":true,"href":"https:\/\/pepiniere-bio.ch\/de\/wp-json\/wp\/v2\/media\/6004"}],"wp:attachment":[{"href":"https:\/\/pepiniere-bio.ch\/de\/wp-json\/wp\/v2\/media?parent=5405"}],"wp:term":[{"taxonomy":"product_brand","embeddable":true,"href":"https:\/\/pepiniere-bio.ch\/de\/wp-json\/wp\/v2\/product_brand?post=5405"},{"taxonomy":"product_cat","embeddable":true,"href":"https:\/\/pepiniere-bio.ch\/de\/wp-json\/wp\/v2\/product_cat?post=5405"},{"taxonomy":"product_tag","embeddable":true,"href":"https:\/\/pepiniere-bio.ch\/de\/wp-json\/wp\/v2\/product_tag?post=5405"}],"curies":[{"name":"wp","href":"https:\/\/api.w.org\/{rel}","templated":true}]}}