{"id":5400,"date":"2026-02-11T10:04:11","date_gmt":"2026-02-11T10:04:11","guid":{"rendered":"https:\/\/new.pepiniere-bio.ch\/?post_type=product&#038;p=5400"},"modified":"2026-03-18T09:58:28","modified_gmt":"2026-03-18T09:58:28","slug":"aprikosenbaum-bergarouge","status":"publish","type":"product","link":"https:\/\/pepiniere-bio.ch\/de\/Produkt\/aprikosenbaum-bergarouge\/","title":{"rendered":"Aprikosenbaum Bergarouge"},"content":{"rendered":"<h2 data-start=\"2498\" data-end=\"2583\"><strong data-start=\"2506\" data-end=\"2583\">Aprikosenbaum Bergarouge\u2013 Sp\u00e4te, aromatische Sorte mit kr\u00e4ftigem Wuchs<\/strong><\/h2>\n<p data-start=\"2585\" data-end=\"2927\">Der <strong data-start=\"2589\" data-end=\"2619\">Aprikosenbaum Bergarouge<\/strong>\u00a0ist eine der <strong data-start=\"2633\" data-end=\"2653\">sp\u00e4testen Sorten<\/strong>, die dennoch zuverl\u00e4ssig und kr\u00e4ftig tr\u00e4gt. Dank seiner <strong data-start=\"2710\" data-end=\"2744\">mittleren bis sp\u00e4ten Bl\u00fctezeit<\/strong> eignet er sich gut f\u00fcr <strong data-start=\"2768\" data-end=\"2785\">k\u00fchlere Lagen<\/strong> oder Standorte mit Sp\u00e4tfrostgefahr. Die Sorte ist <strong data-start=\"2836\" data-end=\"2855\">selbstfruchtbar<\/strong> und \u00fcberzeugt im Bio-Anbau mit <strong data-start=\"2887\" data-end=\"2905\">gesundem Wuchs<\/strong> und <strong data-start=\"2910\" data-end=\"2926\">hohem Ertrag<\/strong>.<\/p>\n<h3 data-start=\"2929\" data-end=\"2975\">Ein aromatischer und vielseitiger Aprikose<\/h3>\n<p data-start=\"2977\" data-end=\"3186\">Die Fr\u00fcchte sind <strong data-start=\"2994\" data-end=\"3017\">mittelgro\u00df bis gro\u00df<\/strong>, mit einer <strong data-start=\"3029\" data-end=\"3052\">safrangelben Schale<\/strong>, oft leicht orange gef\u00e4rbt.<br data-start=\"3080\" data-end=\"3083\" \/>Das Fruchtfleisch ist <strong data-start=\"3105\" data-end=\"3148\">zart, saftig, s\u00fc\u00df mit einem Hauch S\u00e4ure<\/strong> \u2013 perfekt ausbalanciert.<br data-start=\"3173\" data-end=\"3176\" \/>Ideal f\u00fcr:<\/p>\n<ul data-start=\"3188\" data-end=\"3258\">\n<li data-start=\"3188\" data-end=\"3207\">\n<p data-start=\"3190\" data-end=\"3207\"><strong data-start=\"3190\" data-end=\"3207\">Frischverzehr<\/strong><\/p>\n<\/li>\n<li data-start=\"3208\" data-end=\"3239\">\n<p data-start=\"3210\" data-end=\"3239\"><strong data-start=\"3210\" data-end=\"3239\">Konfit\u00fcre, Kuchen, Tartes<\/strong><\/p>\n<\/li>\n<li data-start=\"3240\" data-end=\"3258\">\n<p data-start=\"3242\" data-end=\"3258\"><strong data-start=\"3242\" data-end=\"3258\">Destillation<\/strong><\/p>\n<\/li>\n<\/ul>\n<h3 data-start=\"3260\" data-end=\"3280\">Ernte &amp; Lagerung<\/h3>\n<ul data-start=\"3282\" data-end=\"3390\">\n<li data-start=\"3282\" data-end=\"3307\">\n<p data-start=\"3284\" data-end=\"3307\"><strong data-start=\"3284\" data-end=\"3297\">Erntezeit<\/strong>: August<\/p>\n<\/li>\n<li data-start=\"3308\" data-end=\"3339\">\n<p data-start=\"3310\" data-end=\"3339\"><strong data-start=\"3310\" data-end=\"3323\">Bl\u00fctezeit<\/strong>: mitteltardiv<\/p>\n<\/li>\n<li data-start=\"3340\" data-end=\"3390\">\n<p data-start=\"3342\" data-end=\"3390\"><strong data-start=\"3342\" data-end=\"3354\">Lagerung<\/strong>: einige Tage im K\u00fchlschrank m\u00f6glich<\/p>\n<\/li>\n<\/ul>\n<p data-start=\"3392\" data-end=\"3477\">Der Bergeron ist bekannt f\u00fcr seine <strong data-start=\"3427\" data-end=\"3446\">lange Erntezeit<\/strong> und das <strong data-start=\"3455\" data-end=\"3476\">ausgepr\u00e4gte Aroma<\/strong>.<\/p>\n<h3 data-start=\"3479\" data-end=\"3504\">Verf\u00fcgbare Baumformen<\/h3>\n<ul data-start=\"3506\" data-end=\"3674\">\n<li data-start=\"3574\" data-end=\"3641\">\n<p data-start=\"3576\" data-end=\"3641\"><strong data-start=\"3576\" data-end=\"3599\">Niederstamm (80 cm)<\/strong>: ideal f\u00fcr kleine G\u00e4rten oder Hochbeete<\/p>\n<\/li>\n<li data-start=\"3642\" data-end=\"3674\">\n<p data-start=\"3644\" data-end=\"3674\"><strong data-start=\"3644\" data-end=\"3662\">Weitere Formen<\/strong> auf Anfrage<\/p>\n<\/li>\n<li data-start=\"2122\" data-end=\"2165\">\n<p data-start=\"2124\" data-end=\"2165\"><strong>Wir verkaufen unsere Aprikosenbaum entweder im Topf oder als wurzelnackte Pflanzen. Obstb\u00e4ume im Topf k\u00f6nnen das ganze Jahr \u00fcber gepflanzt werden, w\u00e4hrend wurzelnackte Pflanzen nur von Mitte Oktober bis M\u00e4rz gepflanzt werden k\u00f6nnen.<\/strong><\/p>\n<h3 data-start=\"3681\" data-end=\"3727\">Vorteile des Aprikosenbaums Bergeron<\/h3>\n<ul data-start=\"3729\" data-end=\"3892\">\n<li data-start=\"3729\" data-end=\"3780\">\n<p data-start=\"3731\" data-end=\"3780\">Sp\u00e4te Reife \u2013 ideal zur Verl\u00e4ngerung der Saison<\/p>\n<\/li>\n<li data-start=\"3781\" data-end=\"3829\">\n<p data-start=\"3783\" data-end=\"3829\">Sehr aromatisch mit guter S\u00fc\u00dfe-S\u00e4ure-Balance<\/p>\n<\/li>\n<li data-start=\"3830\" data-end=\"3864\">\n<p data-start=\"3832\" data-end=\"3864\">Hohe Ertr\u00e4ge auch im Bio-Anbau<\/p>\n<\/li>\n<li data-start=\"3865\" data-end=\"3892\">\n<p data-start=\"3867\" data-end=\"3892\">Geeignet f\u00fcr h\u00f6here Lagen<\/p>\n<\/li>\n<\/ul>\n<\/li>\n<\/ul>\n","protected":false},"excerpt":{"rendered":"<div>\n<div><strong>D<\/strong><\/div>\n<p><strong>Ernte<\/strong>: Ende Juli &#8211; Anfang August<br \/>\n<strong>Frucht:<\/strong> mittelgro\u00df, orange, selbstfruchtbar, mittelfr\u00fch bl\u00fchend<br \/>\nFruchtfleisch<strong>:<\/strong> gelb, mittelfest, schmelzend, sehr s\u00fc\u00df und sehr aromatisch<br \/>\n<strong>Besondere Merkmale:<\/strong> die Walliser Aprikose par excellence<br \/>\n<strong>Verwendung<\/strong>: Tafelobst, Kuchen, Marmelade, Destillation<\/p>\n<p data-start=\"445\" data-end=\"545\">Topfpflanzen werden innert 5\u20137 Tagen geliefert.<\/p>\n<p>Die Pflanzen\u00a0 \u201eWurzelnackt\u201c\u00a0 wird ab dem 20. Oktober bis Ende M\u00e4rz\u00a0 ausgeliefert<\/p>\n<div><\/div>\n<\/div>\n<div><\/div>\n<div><\/div>\n<div><\/div>\n<div><\/div>\n<div><\/div>\n<div><\/div>\n","protected":false},"featured_media":6008,"comment_status":"open","ping_status":"closed","template":"","meta":{"_acf_changed":false},"product_brand":[229],"product_cat":[114],"product_tag":[111,110],"class_list":{"0":"post-5400","1":"product","2":"type-product","3":"status-publish","4":"has-post-thumbnail","6":"product_brand-pepiniere-fruitiere","7":"product_cat-aprikosenbaum","8":"product_tag-fruit-de-table-de","9":"product_tag-konfituere","11":"first","12":"instock","13":"taxable","14":"shipping-taxable","15":"purchasable","16":"product-type-variable"},"acf":[],"yoast_head":"<!-- This site is optimized with the Yoast SEO plugin v27.5 - https:\/\/yoast.com\/product\/yoast-seo-wordpress\/ -->\n<title>Aprikosenbaum Bergarouge - Die Obstbaumschule<\/title>\n<meta name=\"description\" content=\"Der Aprikosenbaum Bergarouge tr\u00e4gt im August gro\u00dfe, saftige Fr\u00fcchte mit feinem Aroma. Perfekt f\u00fcr Frischverzehr und Verarbeitung. Jetzt entdecken.\" \/>\n<meta name=\"robots\" content=\"index, follow, max-snippet:-1, max-image-preview:large, max-video-preview:-1\" \/>\n<link rel=\"canonical\" href=\"https:\/\/pepiniere-bio.ch\/de\/Produkt\/aprikosenbaum-bergarouge\/\" \/>\n<meta property=\"og:locale\" content=\"de_DE\" \/>\n<meta property=\"og:type\" content=\"article\" \/>\n<meta property=\"og:title\" content=\"Aprikosenbaum Bergarouge - Die Obstbaumschule\" \/>\n<meta property=\"og:description\" content=\"Der Aprikosenbaum Bergarouge tr\u00e4gt im August gro\u00dfe, saftige Fr\u00fcchte mit feinem Aroma. Perfekt f\u00fcr Frischverzehr und Verarbeitung. Jetzt entdecken.\" \/>\n<meta property=\"og:url\" content=\"https:\/\/pepiniere-bio.ch\/de\/Produkt\/aprikosenbaum-bergarouge\/\" \/>\n<meta property=\"og:site_name\" content=\"Die Obstbaumschule\" \/>\n<meta property=\"article:publisher\" content=\"https:\/\/www.facebook.com\/profile.php?id=61565115227971\" \/>\n<meta property=\"article:modified_time\" content=\"2026-03-18T09:58:28+00:00\" \/>\n<meta property=\"og:image\" content=\"https:\/\/pepiniere-bio.ch\/wp-content\/uploads\/2026\/02\/Abricot-Bergeron.png\" \/>\n\t<meta property=\"og:image:width\" content=\"500\" \/>\n\t<meta property=\"og:image:height\" content=\"500\" \/>\n\t<meta property=\"og:image:type\" content=\"image\/png\" \/>\n<meta name=\"twitter:card\" content=\"summary_large_image\" \/>\n<meta name=\"twitter:label1\" content=\"Gesch\u00e4tzte Lesezeit\" \/>\n\t<meta name=\"twitter:data1\" content=\"2\u00a0Minuten\" \/>\n<script type=\"application\/ld+json\" class=\"yoast-schema-graph\">{\"@context\":\"https:\\\/\\\/schema.org\",\"@graph\":[{\"@type\":\"WebPage\",\"@id\":\"https:\\\/\\\/pepiniere-bio.ch\\\/de\\\/Produkt\\\/aprikosenbaum-bergarouge\\\/\",\"url\":\"https:\\\/\\\/pepiniere-bio.ch\\\/de\\\/Produkt\\\/aprikosenbaum-bergarouge\\\/\",\"name\":\"Aprikosenbaum Bergarouge - Die Obstbaumschule\",\"isPartOf\":{\"@id\":\"https:\\\/\\\/pepiniere-bio.ch\\\/de\\\/#website\"},\"primaryImageOfPage\":{\"@id\":\"https:\\\/\\\/pepiniere-bio.ch\\\/de\\\/Produkt\\\/aprikosenbaum-bergarouge\\\/#primaryimage\"},\"image\":{\"@id\":\"https:\\\/\\\/pepiniere-bio.ch\\\/de\\\/Produkt\\\/aprikosenbaum-bergarouge\\\/#primaryimage\"},\"thumbnailUrl\":\"https:\\\/\\\/pepiniere-bio.ch\\\/wp-content\\\/uploads\\\/2026\\\/02\\\/Abricot-Bergeron.png\",\"datePublished\":\"2026-02-11T10:04:11+00:00\",\"dateModified\":\"2026-03-18T09:58:28+00:00\",\"description\":\"Der Aprikosenbaum Bergarouge tr\u00e4gt im August gro\u00dfe, saftige Fr\u00fcchte mit feinem Aroma. Perfekt f\u00fcr Frischverzehr und Verarbeitung. Jetzt entdecken.\",\"breadcrumb\":{\"@id\":\"https:\\\/\\\/pepiniere-bio.ch\\\/de\\\/Produkt\\\/aprikosenbaum-bergarouge\\\/#breadcrumb\"},\"inLanguage\":\"de\",\"potentialAction\":[{\"@type\":\"ReadAction\",\"target\":[\"https:\\\/\\\/pepiniere-bio.ch\\\/de\\\/Produkt\\\/aprikosenbaum-bergarouge\\\/\"]}]},{\"@type\":\"ImageObject\",\"inLanguage\":\"de\",\"@id\":\"https:\\\/\\\/pepiniere-bio.ch\\\/de\\\/Produkt\\\/aprikosenbaum-bergarouge\\\/#primaryimage\",\"url\":\"https:\\\/\\\/pepiniere-bio.ch\\\/wp-content\\\/uploads\\\/2026\\\/02\\\/Abricot-Bergeron.png\",\"contentUrl\":\"https:\\\/\\\/pepiniere-bio.ch\\\/wp-content\\\/uploads\\\/2026\\\/02\\\/Abricot-Bergeron.png\",\"width\":500,\"height\":500},{\"@type\":\"BreadcrumbList\",\"@id\":\"https:\\\/\\\/pepiniere-bio.ch\\\/de\\\/Produkt\\\/aprikosenbaum-bergarouge\\\/#breadcrumb\",\"itemListElement\":[{\"@type\":\"ListItem\",\"position\":1,\"name\":\"Accueil\",\"item\":\"https:\\\/\\\/pepiniere-bio.ch\\\/de\\\/\"},{\"@type\":\"ListItem\",\"position\":2,\"name\":\"Shop\",\"item\":\"https:\\\/\\\/pepiniere-bio.ch\\\/de\\\/shop\\\/\"},{\"@type\":\"ListItem\",\"position\":3,\"name\":\"Aprikosenbaum Bergarouge\"}]},{\"@type\":\"WebSite\",\"@id\":\"https:\\\/\\\/pepiniere-bio.ch\\\/de\\\/#website\",\"url\":\"https:\\\/\\\/pepiniere-bio.ch\\\/de\\\/\",\"name\":\"P\u00e9pini\u00e8re fruiti\u00e8re suisse\",\"description\":\"La p\u00e9pini\u00e8re fruiti\u00e8re suisse\",\"publisher\":{\"@id\":\"https:\\\/\\\/pepiniere-bio.ch\\\/de\\\/#organization\"},\"alternateName\":\"P\u00e9pini\u00e8re fruiti\u00e8re suisse\",\"potentialAction\":[{\"@type\":\"SearchAction\",\"target\":{\"@type\":\"EntryPoint\",\"urlTemplate\":\"https:\\\/\\\/pepiniere-bio.ch\\\/de\\\/?s={search_term_string}\"},\"query-input\":{\"@type\":\"PropertyValueSpecification\",\"valueRequired\":true,\"valueName\":\"search_term_string\"}}],\"inLanguage\":\"de\"},{\"@type\":\"Organization\",\"@id\":\"https:\\\/\\\/pepiniere-bio.ch\\\/de\\\/#organization\",\"name\":\"La p\u00e9pini\u00e8re fruiti\u00e8re\",\"alternateName\":\"La p\u00e9pini\u00e8re fruiti\u00e8re\",\"url\":\"https:\\\/\\\/pepiniere-bio.ch\\\/de\\\/\",\"logo\":{\"@type\":\"ImageObject\",\"inLanguage\":\"de\",\"@id\":\"https:\\\/\\\/pepiniere-bio.ch\\\/de\\\/#\\\/schema\\\/logo\\\/image\\\/\",\"url\":\"http:\\\/\\\/new.pepiniere-bio.ch\\\/wp-content\\\/uploads\\\/2026\\\/01\\\/logo-300.png\",\"contentUrl\":\"http:\\\/\\\/new.pepiniere-bio.ch\\\/wp-content\\\/uploads\\\/2026\\\/01\\\/logo-300.png\",\"width\":300,\"height\":300,\"caption\":\"La p\u00e9pini\u00e8re fruiti\u00e8re\"},\"image\":{\"@id\":\"https:\\\/\\\/pepiniere-bio.ch\\\/de\\\/#\\\/schema\\\/logo\\\/image\\\/\"},\"sameAs\":[\"https:\\\/\\\/www.facebook.com\\\/profile.php?id=61565115227971\",\"https:\\\/\\\/www.instagram.com\\\/pepinierebio?igsh=cmR2aGdsMjZ1ZnNn\"]}]}<\/script>\n<!-- \/ Yoast SEO plugin. -->","yoast_head_json":{"title":"Aprikosenbaum Bergarouge - Die Obstbaumschule","description":"Der Aprikosenbaum Bergarouge tr\u00e4gt im August gro\u00dfe, saftige Fr\u00fcchte mit feinem Aroma. Perfekt f\u00fcr Frischverzehr und Verarbeitung. Jetzt entdecken.","robots":{"index":"index","follow":"follow","max-snippet":"max-snippet:-1","max-image-preview":"max-image-preview:large","max-video-preview":"max-video-preview:-1"},"canonical":"https:\/\/pepiniere-bio.ch\/de\/Produkt\/aprikosenbaum-bergarouge\/","og_locale":"de_DE","og_type":"article","og_title":"Aprikosenbaum Bergarouge - Die Obstbaumschule","og_description":"Der Aprikosenbaum Bergarouge tr\u00e4gt im August gro\u00dfe, saftige Fr\u00fcchte mit feinem Aroma. Perfekt f\u00fcr Frischverzehr und Verarbeitung. Jetzt entdecken.","og_url":"https:\/\/pepiniere-bio.ch\/de\/Produkt\/aprikosenbaum-bergarouge\/","og_site_name":"Die Obstbaumschule","article_publisher":"https:\/\/www.facebook.com\/profile.php?id=61565115227971","article_modified_time":"2026-03-18T09:58:28+00:00","og_image":[{"width":500,"height":500,"url":"https:\/\/pepiniere-bio.ch\/wp-content\/uploads\/2026\/02\/Abricot-Bergeron.png","type":"image\/png"}],"twitter_card":"summary_large_image","twitter_misc":{"Gesch\u00e4tzte Lesezeit":"2\u00a0Minuten"},"schema":{"@context":"https:\/\/schema.org","@graph":[{"@type":"WebPage","@id":"https:\/\/pepiniere-bio.ch\/de\/Produkt\/aprikosenbaum-bergarouge\/","url":"https:\/\/pepiniere-bio.ch\/de\/Produkt\/aprikosenbaum-bergarouge\/","name":"Aprikosenbaum Bergarouge - Die Obstbaumschule","isPartOf":{"@id":"https:\/\/pepiniere-bio.ch\/de\/#website"},"primaryImageOfPage":{"@id":"https:\/\/pepiniere-bio.ch\/de\/Produkt\/aprikosenbaum-bergarouge\/#primaryimage"},"image":{"@id":"https:\/\/pepiniere-bio.ch\/de\/Produkt\/aprikosenbaum-bergarouge\/#primaryimage"},"thumbnailUrl":"https:\/\/pepiniere-bio.ch\/wp-content\/uploads\/2026\/02\/Abricot-Bergeron.png","datePublished":"2026-02-11T10:04:11+00:00","dateModified":"2026-03-18T09:58:28+00:00","description":"Der Aprikosenbaum Bergarouge tr\u00e4gt im August gro\u00dfe, saftige Fr\u00fcchte mit feinem Aroma. Perfekt f\u00fcr Frischverzehr und Verarbeitung. Jetzt entdecken.","breadcrumb":{"@id":"https:\/\/pepiniere-bio.ch\/de\/Produkt\/aprikosenbaum-bergarouge\/#breadcrumb"},"inLanguage":"de","potentialAction":[{"@type":"ReadAction","target":["https:\/\/pepiniere-bio.ch\/de\/Produkt\/aprikosenbaum-bergarouge\/"]}]},{"@type":"ImageObject","inLanguage":"de","@id":"https:\/\/pepiniere-bio.ch\/de\/Produkt\/aprikosenbaum-bergarouge\/#primaryimage","url":"https:\/\/pepiniere-bio.ch\/wp-content\/uploads\/2026\/02\/Abricot-Bergeron.png","contentUrl":"https:\/\/pepiniere-bio.ch\/wp-content\/uploads\/2026\/02\/Abricot-Bergeron.png","width":500,"height":500},{"@type":"BreadcrumbList","@id":"https:\/\/pepiniere-bio.ch\/de\/Produkt\/aprikosenbaum-bergarouge\/#breadcrumb","itemListElement":[{"@type":"ListItem","position":1,"name":"Accueil","item":"https:\/\/pepiniere-bio.ch\/de\/"},{"@type":"ListItem","position":2,"name":"Shop","item":"https:\/\/pepiniere-bio.ch\/de\/shop\/"},{"@type":"ListItem","position":3,"name":"Aprikosenbaum Bergarouge"}]},{"@type":"WebSite","@id":"https:\/\/pepiniere-bio.ch\/de\/#website","url":"https:\/\/pepiniere-bio.ch\/de\/","name":"P\u00e9pini\u00e8re fruiti\u00e8re suisse","description":"La p\u00e9pini\u00e8re fruiti\u00e8re suisse","publisher":{"@id":"https:\/\/pepiniere-bio.ch\/de\/#organization"},"alternateName":"P\u00e9pini\u00e8re fruiti\u00e8re suisse","potentialAction":[{"@type":"SearchAction","target":{"@type":"EntryPoint","urlTemplate":"https:\/\/pepiniere-bio.ch\/de\/?s={search_term_string}"},"query-input":{"@type":"PropertyValueSpecification","valueRequired":true,"valueName":"search_term_string"}}],"inLanguage":"de"},{"@type":"Organization","@id":"https:\/\/pepiniere-bio.ch\/de\/#organization","name":"La p\u00e9pini\u00e8re fruiti\u00e8re","alternateName":"La p\u00e9pini\u00e8re fruiti\u00e8re","url":"https:\/\/pepiniere-bio.ch\/de\/","logo":{"@type":"ImageObject","inLanguage":"de","@id":"https:\/\/pepiniere-bio.ch\/de\/#\/schema\/logo\/image\/","url":"http:\/\/new.pepiniere-bio.ch\/wp-content\/uploads\/2026\/01\/logo-300.png","contentUrl":"http:\/\/new.pepiniere-bio.ch\/wp-content\/uploads\/2026\/01\/logo-300.png","width":300,"height":300,"caption":"La p\u00e9pini\u00e8re fruiti\u00e8re"},"image":{"@id":"https:\/\/pepiniere-bio.ch\/de\/#\/schema\/logo\/image\/"},"sameAs":["https:\/\/www.facebook.com\/profile.php?id=61565115227971","https:\/\/www.instagram.com\/pepinierebio?igsh=cmR2aGdsMjZ1ZnNn"]}]}},"jetpack_sharing_enabled":true,"_links":{"self":[{"href":"https:\/\/pepiniere-bio.ch\/de\/wp-json\/wp\/v2\/product\/5400","targetHints":{"allow":["GET"]}}],"collection":[{"href":"https:\/\/pepiniere-bio.ch\/de\/wp-json\/wp\/v2\/product"}],"about":[{"href":"https:\/\/pepiniere-bio.ch\/de\/wp-json\/wp\/v2\/types\/product"}],"replies":[{"embeddable":true,"href":"https:\/\/pepiniere-bio.ch\/de\/wp-json\/wp\/v2\/comments?post=5400"}],"wp:featuredmedia":[{"embeddable":true,"href":"https:\/\/pepiniere-bio.ch\/de\/wp-json\/wp\/v2\/media\/6008"}],"wp:attachment":[{"href":"https:\/\/pepiniere-bio.ch\/de\/wp-json\/wp\/v2\/media?parent=5400"}],"wp:term":[{"taxonomy":"product_brand","embeddable":true,"href":"https:\/\/pepiniere-bio.ch\/de\/wp-json\/wp\/v2\/product_brand?post=5400"},{"taxonomy":"product_cat","embeddable":true,"href":"https:\/\/pepiniere-bio.ch\/de\/wp-json\/wp\/v2\/product_cat?post=5400"},{"taxonomy":"product_tag","embeddable":true,"href":"https:\/\/pepiniere-bio.ch\/de\/wp-json\/wp\/v2\/product_tag?post=5400"}],"curies":[{"name":"wp","href":"https:\/\/api.w.org\/{rel}","templated":true}]}}