{"id":5394,"date":"2026-02-10T13:59:44","date_gmt":"2026-02-10T13:59:44","guid":{"rendered":"https:\/\/new.pepiniere-bio.ch\/?post_type=product&#038;p=5394"},"modified":"2026-03-06T19:51:47","modified_gmt":"2026-03-06T19:51:47","slug":"pfirsichbaum-red-haven","status":"publish","type":"product","link":"https:\/\/pepiniere-bio.ch\/de\/Produkt\/pfirsichbaum-red-haven\/","title":{"rendered":"Pfirsichbaum Red Haven"},"content":{"rendered":"<h2 data-start=\"163\" data-end=\"236\">Pfirsichbaum Red Haven \u2013 S\u00fc\u00dfer gelber Pfirsich mit kr\u00e4ftigem Wuchs<\/h2>\n<p data-start=\"238\" data-end=\"563\">Der <strong data-start=\"242\" data-end=\"272\">Pfirsichbaum Red Haven<\/strong> ist eine bew\u00e4hrte Sorte f\u00fcr alle, die auf <strong data-start=\"315\" data-end=\"367\">nat\u00fcrliche Weise und ohne chemische Behandlungen<\/strong> aromatische Pfirsiche ernten m\u00f6chten. Mit seinem kr\u00e4ftigen Wuchs, seinem regelm\u00e4\u00dfigen Ertrag und seiner Robustheit ist er sowohl f\u00fcr Hobbyg\u00e4rtner als auch f\u00fcr den professionellen Bio-Anbau ideal.<\/p>\n<h3 data-start=\"565\" data-end=\"622\">Saftiger, s\u00fc\u00dfer Sommerpfirsich mit leuchtenden Farben<\/h3>\n<p data-start=\"624\" data-end=\"965\">Die <strong data-start=\"628\" data-end=\"637\">Ernte<\/strong> erfolgt im <strong data-start=\"649\" data-end=\"659\">August<\/strong>, wenn die Fr\u00fcchte voll ausgereift sind. Sie sind <strong data-start=\"709\" data-end=\"717\">gro\u00df<\/strong>, mit einer attraktiven, <strong data-start=\"742\" data-end=\"790\">orangefarbenen Schale, die rot gestreift ist<\/strong> \u2013 ein echter Hingucker am Baum und im Korb.<br data-start=\"834\" data-end=\"837\" \/>Das <strong data-start=\"841\" data-end=\"858\">Fruchtfleisch<\/strong> ist <strong data-start=\"863\" data-end=\"899\">gelb, saftig, s\u00fc\u00df und aromatisch<\/strong>, ideal f\u00fcr alle, die einen intensiven Pfirsichgeschmack sch\u00e4tzen.<\/p>\n<p data-start=\"967\" data-end=\"1120\">Der Red Haven eignet sich hervorragend als <strong data-start=\"1010\" data-end=\"1023\">Tafelobst<\/strong>, ist aber auch ideal f\u00fcr die <strong data-start=\"1053\" data-end=\"1069\">Verarbeitung<\/strong> zu <strong data-start=\"1073\" data-end=\"1119\">Kompott, Konfit\u00fcre, Kuchen oder Fruchtsaft<\/strong>.<\/p>\n<h3 data-start=\"1122\" data-end=\"1167\">Kr\u00e4ftiger Wuchs und zuverl\u00e4ssig im Ertrag<\/h3>\n<p data-start=\"1169\" data-end=\"1513\">Dieser Pfirsichbaum zeichnet sich durch seinen <strong data-start=\"1216\" data-end=\"1249\">kr\u00e4ftigen und kompakten Wuchs<\/strong> sowie eine <strong data-start=\"1261\" data-end=\"1282\">mittelsp\u00e4te Bl\u00fcte<\/strong> aus, die ihn weniger empfindlich gegen\u00fcber Sp\u00e4tfrost macht.<br data-start=\"1342\" data-end=\"1345\" \/>Er ist <strong data-start=\"1352\" data-end=\"1371\">selbstfruchtbar<\/strong>, also auch f\u00fcr Einzelstellung geeignet.<br data-start=\"1411\" data-end=\"1414\" \/>Dank seiner Robustheit ist er gut an das mitteleurop\u00e4ische Klima \u2013 auch in der Schweiz \u2013 angepasst.<\/p>\n<hr data-start=\"1515\" data-end=\"1518\" \/>\n<h3 data-start=\"1520\" data-end=\"1545\">Verf\u00fcgbare Baumformen<\/h3>\n<ul data-start=\"1547\" data-end=\"1688\">\n<li data-start=\"1547\" data-end=\"1629\">\n<p data-start=\"1549\" data-end=\"1629\"><strong data-start=\"1549\" data-end=\"1572\">Niederstamm (80 cm)<\/strong>: perfekt f\u00fcr kleine G\u00e4rten, Hochbeete oder gro\u00dfe T\u00f6pfe<\/p>\n<\/li>\n<li data-start=\"1630\" data-end=\"1688\">\n<p data-start=\"1632\" data-end=\"1688\"><strong data-start=\"1632\" data-end=\"1688\">Weitere Formen und Unterlagen auf Anfrage erh\u00e4ltlich<\/strong><\/p>\n<\/li>\n<\/ul>\n<hr data-start=\"1690\" data-end=\"1693\" \/>\n<h3 data-start=\"1695\" data-end=\"1713\">Pflanzhinweise<\/h3>\n<p data-start=\"1715\" data-end=\"1776\">Wir bieten unsere <strong data-start=\"1733\" data-end=\"1754\">Pfirsichb\u00e4ume<\/strong> in zwei Varianten an:<\/p>\n<ul data-start=\"1778\" data-end=\"1880\">\n<li data-start=\"1778\" data-end=\"1815\">\n<p data-start=\"1780\" data-end=\"1815\"><strong data-start=\"1780\" data-end=\"1791\">Im Topf<\/strong>: ganzj\u00e4hrig pflanzbar<\/p>\n<\/li>\n<li data-start=\"1816\" data-end=\"1880\">\n<p data-start=\"1818\" data-end=\"1880\"><strong data-start=\"1818\" data-end=\"1832\">Wurzelware<\/strong>: Pflanzzeit von <strong data-start=\"1849\" data-end=\"1880\">Mitte Oktober bis Ende M\u00e4rz<\/strong><\/p>\n<\/li>\n<\/ul>\n","protected":false},"excerpt":{"rendered":"<div>\n<div><\/div>\n<p><strong>Ernte<\/strong>: August<br \/>\n<strong>Frucht:<\/strong> gro\u00df, orange mit roten Streifen, selbstfruchtbar, mittelsp\u00e4t bl\u00fchend.<br \/>\nFruchtfleisch<strong>:<\/strong> gelb, s\u00fc\u00df<br \/>\n<strong>Besonderheiten:<\/strong> produktiv<\/p>\n<div><strong>Verwendung;<\/strong> Tafelobst<\/div>\n<div>Die Pflanzen\u00a0 \u201eWurzelnackt\u201c\u00a0 wird ab dem 20. Oktober bis Ende M\u00e4rz ausgeliefert<\/div>\n<div><\/div>\n<div><\/div>\n<\/div>\n<div><\/div>\n<div><\/div>\n<div><\/div>\n<div><\/div>\n<div><\/div>\n<div><\/div>\n","protected":false},"featured_media":6010,"comment_status":"open","ping_status":"closed","template":"","meta":{"_acf_changed":false},"product_brand":[229],"product_cat":[218,109],"product_tag":[111,110],"class_list":{"0":"post-5394","1":"product","2":"type-product","3":"status-publish","4":"has-post-thumbnail","6":"product_brand-pepiniere-fruitiere","7":"product_cat-obstbaeume-fuer-kleine-gaerten","8":"product_cat-pfirsichbaum","9":"product_tag-fruit-de-table-de","10":"product_tag-konfituere","12":"first","13":"instock","14":"taxable","15":"shipping-taxable","16":"purchasable","17":"product-type-variable"},"acf":[],"yoast_head":"<!-- This site is optimized with the Yoast SEO plugin v27.3 - https:\/\/yoast.com\/product\/yoast-seo-wordpress\/ -->\n<title>Pfirsichbaum Red Haven - Die Obstbaumschule<\/title>\n<meta name=\"description\" content=\"Der Red Haven Pfirsichbaum liefert gro\u00dfe, saftige Fr\u00fcchte mit kr\u00e4ftigem Aroma. Ideal als Tafelobst oder zur Verarbeitung. Jetzt bestellen\" \/>\n<meta name=\"robots\" content=\"index, follow, max-snippet:-1, max-image-preview:large, max-video-preview:-1\" \/>\n<link rel=\"canonical\" href=\"https:\/\/pepiniere-bio.ch\/de\/Produkt\/pfirsichbaum-red-haven\/\" \/>\n<meta property=\"og:locale\" content=\"de_DE\" \/>\n<meta property=\"og:type\" content=\"article\" \/>\n<meta property=\"og:title\" content=\"Pfirsichbaum Red Haven - Die Obstbaumschule\" \/>\n<meta property=\"og:description\" content=\"Der Red Haven Pfirsichbaum liefert gro\u00dfe, saftige Fr\u00fcchte mit kr\u00e4ftigem Aroma. Ideal als Tafelobst oder zur Verarbeitung. Jetzt bestellen\" \/>\n<meta property=\"og:url\" content=\"https:\/\/pepiniere-bio.ch\/de\/Produkt\/pfirsichbaum-red-haven\/\" \/>\n<meta property=\"og:site_name\" content=\"Die Obstbaumschule\" \/>\n<meta property=\"article:publisher\" content=\"https:\/\/www.facebook.com\/profile.php?id=61565115227971\" \/>\n<meta property=\"article:modified_time\" content=\"2026-03-06T19:51:47+00:00\" \/>\n<meta property=\"og:image\" content=\"https:\/\/pepiniere-bio.ch\/wp-content\/uploads\/2026\/02\/peche-red-haven.jpg\" \/>\n\t<meta property=\"og:image:width\" content=\"500\" \/>\n\t<meta property=\"og:image:height\" content=\"500\" \/>\n\t<meta property=\"og:image:type\" content=\"image\/jpeg\" \/>\n<meta name=\"twitter:card\" content=\"summary_large_image\" \/>\n<meta name=\"twitter:label1\" content=\"Gesch\u00e4tzte Lesezeit\" \/>\n\t<meta name=\"twitter:data1\" content=\"2\u00a0Minuten\" \/>\n<script type=\"application\/ld+json\" class=\"yoast-schema-graph\">{\"@context\":\"https:\\\/\\\/schema.org\",\"@graph\":[{\"@type\":\"WebPage\",\"@id\":\"https:\\\/\\\/pepiniere-bio.ch\\\/de\\\/Produkt\\\/pfirsichbaum-red-haven\\\/\",\"url\":\"https:\\\/\\\/pepiniere-bio.ch\\\/de\\\/Produkt\\\/pfirsichbaum-red-haven\\\/\",\"name\":\"Pfirsichbaum Red Haven - Die Obstbaumschule\",\"isPartOf\":{\"@id\":\"https:\\\/\\\/pepiniere-bio.ch\\\/de\\\/#website\"},\"primaryImageOfPage\":{\"@id\":\"https:\\\/\\\/pepiniere-bio.ch\\\/de\\\/Produkt\\\/pfirsichbaum-red-haven\\\/#primaryimage\"},\"image\":{\"@id\":\"https:\\\/\\\/pepiniere-bio.ch\\\/de\\\/Produkt\\\/pfirsichbaum-red-haven\\\/#primaryimage\"},\"thumbnailUrl\":\"https:\\\/\\\/pepiniere-bio.ch\\\/wp-content\\\/uploads\\\/2026\\\/02\\\/peche-red-haven.jpg\",\"datePublished\":\"2026-02-10T13:59:44+00:00\",\"dateModified\":\"2026-03-06T19:51:47+00:00\",\"description\":\"Der Red Haven Pfirsichbaum liefert gro\u00dfe, saftige Fr\u00fcchte mit kr\u00e4ftigem Aroma. Ideal als Tafelobst oder zur Verarbeitung. Jetzt bestellen\",\"breadcrumb\":{\"@id\":\"https:\\\/\\\/pepiniere-bio.ch\\\/de\\\/Produkt\\\/pfirsichbaum-red-haven\\\/#breadcrumb\"},\"inLanguage\":\"de\",\"potentialAction\":[{\"@type\":\"ReadAction\",\"target\":[\"https:\\\/\\\/pepiniere-bio.ch\\\/de\\\/Produkt\\\/pfirsichbaum-red-haven\\\/\"]}]},{\"@type\":\"ImageObject\",\"inLanguage\":\"de\",\"@id\":\"https:\\\/\\\/pepiniere-bio.ch\\\/de\\\/Produkt\\\/pfirsichbaum-red-haven\\\/#primaryimage\",\"url\":\"https:\\\/\\\/pepiniere-bio.ch\\\/wp-content\\\/uploads\\\/2026\\\/02\\\/peche-red-haven.jpg\",\"contentUrl\":\"https:\\\/\\\/pepiniere-bio.ch\\\/wp-content\\\/uploads\\\/2026\\\/02\\\/peche-red-haven.jpg\",\"width\":500,\"height\":500},{\"@type\":\"BreadcrumbList\",\"@id\":\"https:\\\/\\\/pepiniere-bio.ch\\\/de\\\/Produkt\\\/pfirsichbaum-red-haven\\\/#breadcrumb\",\"itemListElement\":[{\"@type\":\"ListItem\",\"position\":1,\"name\":\"Accueil\",\"item\":\"https:\\\/\\\/pepiniere-bio.ch\\\/de\\\/\"},{\"@type\":\"ListItem\",\"position\":2,\"name\":\"Shop\",\"item\":\"https:\\\/\\\/pepiniere-bio.ch\\\/de\\\/shop\\\/\"},{\"@type\":\"ListItem\",\"position\":3,\"name\":\"Pfirsichbaum Red Haven\"}]},{\"@type\":\"WebSite\",\"@id\":\"https:\\\/\\\/pepiniere-bio.ch\\\/de\\\/#website\",\"url\":\"https:\\\/\\\/pepiniere-bio.ch\\\/de\\\/\",\"name\":\"P\u00e9pini\u00e8re fruiti\u00e8re suisse\",\"description\":\"La p\u00e9pini\u00e8re fruiti\u00e8re suisse\",\"publisher\":{\"@id\":\"https:\\\/\\\/pepiniere-bio.ch\\\/de\\\/#organization\"},\"alternateName\":\"P\u00e9pini\u00e8re fruiti\u00e8re suisse\",\"potentialAction\":[{\"@type\":\"SearchAction\",\"target\":{\"@type\":\"EntryPoint\",\"urlTemplate\":\"https:\\\/\\\/pepiniere-bio.ch\\\/de\\\/?s={search_term_string}\"},\"query-input\":{\"@type\":\"PropertyValueSpecification\",\"valueRequired\":true,\"valueName\":\"search_term_string\"}}],\"inLanguage\":\"de\"},{\"@type\":\"Organization\",\"@id\":\"https:\\\/\\\/pepiniere-bio.ch\\\/de\\\/#organization\",\"name\":\"La p\u00e9pini\u00e8re fruiti\u00e8re\",\"alternateName\":\"La p\u00e9pini\u00e8re fruiti\u00e8re\",\"url\":\"https:\\\/\\\/pepiniere-bio.ch\\\/de\\\/\",\"logo\":{\"@type\":\"ImageObject\",\"inLanguage\":\"de\",\"@id\":\"https:\\\/\\\/pepiniere-bio.ch\\\/de\\\/#\\\/schema\\\/logo\\\/image\\\/\",\"url\":\"http:\\\/\\\/new.pepiniere-bio.ch\\\/wp-content\\\/uploads\\\/2026\\\/01\\\/logo-300.png\",\"contentUrl\":\"http:\\\/\\\/new.pepiniere-bio.ch\\\/wp-content\\\/uploads\\\/2026\\\/01\\\/logo-300.png\",\"width\":300,\"height\":300,\"caption\":\"La p\u00e9pini\u00e8re fruiti\u00e8re\"},\"image\":{\"@id\":\"https:\\\/\\\/pepiniere-bio.ch\\\/de\\\/#\\\/schema\\\/logo\\\/image\\\/\"},\"sameAs\":[\"https:\\\/\\\/www.facebook.com\\\/profile.php?id=61565115227971\",\"https:\\\/\\\/www.instagram.com\\\/pepinierebio?igsh=cmR2aGdsMjZ1ZnNn\"]}]}<\/script>\n<!-- \/ Yoast SEO plugin. -->","yoast_head_json":{"title":"Pfirsichbaum Red Haven - Die Obstbaumschule","description":"Der Red Haven Pfirsichbaum liefert gro\u00dfe, saftige Fr\u00fcchte mit kr\u00e4ftigem Aroma. Ideal als Tafelobst oder zur Verarbeitung. Jetzt bestellen","robots":{"index":"index","follow":"follow","max-snippet":"max-snippet:-1","max-image-preview":"max-image-preview:large","max-video-preview":"max-video-preview:-1"},"canonical":"https:\/\/pepiniere-bio.ch\/de\/Produkt\/pfirsichbaum-red-haven\/","og_locale":"de_DE","og_type":"article","og_title":"Pfirsichbaum Red Haven - Die Obstbaumschule","og_description":"Der Red Haven Pfirsichbaum liefert gro\u00dfe, saftige Fr\u00fcchte mit kr\u00e4ftigem Aroma. Ideal als Tafelobst oder zur Verarbeitung. Jetzt bestellen","og_url":"https:\/\/pepiniere-bio.ch\/de\/Produkt\/pfirsichbaum-red-haven\/","og_site_name":"Die Obstbaumschule","article_publisher":"https:\/\/www.facebook.com\/profile.php?id=61565115227971","article_modified_time":"2026-03-06T19:51:47+00:00","og_image":[{"width":500,"height":500,"url":"https:\/\/pepiniere-bio.ch\/wp-content\/uploads\/2026\/02\/peche-red-haven.jpg","type":"image\/jpeg"}],"twitter_card":"summary_large_image","twitter_misc":{"Gesch\u00e4tzte Lesezeit":"2\u00a0Minuten"},"schema":{"@context":"https:\/\/schema.org","@graph":[{"@type":"WebPage","@id":"https:\/\/pepiniere-bio.ch\/de\/Produkt\/pfirsichbaum-red-haven\/","url":"https:\/\/pepiniere-bio.ch\/de\/Produkt\/pfirsichbaum-red-haven\/","name":"Pfirsichbaum Red Haven - Die Obstbaumschule","isPartOf":{"@id":"https:\/\/pepiniere-bio.ch\/de\/#website"},"primaryImageOfPage":{"@id":"https:\/\/pepiniere-bio.ch\/de\/Produkt\/pfirsichbaum-red-haven\/#primaryimage"},"image":{"@id":"https:\/\/pepiniere-bio.ch\/de\/Produkt\/pfirsichbaum-red-haven\/#primaryimage"},"thumbnailUrl":"https:\/\/pepiniere-bio.ch\/wp-content\/uploads\/2026\/02\/peche-red-haven.jpg","datePublished":"2026-02-10T13:59:44+00:00","dateModified":"2026-03-06T19:51:47+00:00","description":"Der Red Haven Pfirsichbaum liefert gro\u00dfe, saftige Fr\u00fcchte mit kr\u00e4ftigem Aroma. Ideal als Tafelobst oder zur Verarbeitung. Jetzt bestellen","breadcrumb":{"@id":"https:\/\/pepiniere-bio.ch\/de\/Produkt\/pfirsichbaum-red-haven\/#breadcrumb"},"inLanguage":"de","potentialAction":[{"@type":"ReadAction","target":["https:\/\/pepiniere-bio.ch\/de\/Produkt\/pfirsichbaum-red-haven\/"]}]},{"@type":"ImageObject","inLanguage":"de","@id":"https:\/\/pepiniere-bio.ch\/de\/Produkt\/pfirsichbaum-red-haven\/#primaryimage","url":"https:\/\/pepiniere-bio.ch\/wp-content\/uploads\/2026\/02\/peche-red-haven.jpg","contentUrl":"https:\/\/pepiniere-bio.ch\/wp-content\/uploads\/2026\/02\/peche-red-haven.jpg","width":500,"height":500},{"@type":"BreadcrumbList","@id":"https:\/\/pepiniere-bio.ch\/de\/Produkt\/pfirsichbaum-red-haven\/#breadcrumb","itemListElement":[{"@type":"ListItem","position":1,"name":"Accueil","item":"https:\/\/pepiniere-bio.ch\/de\/"},{"@type":"ListItem","position":2,"name":"Shop","item":"https:\/\/pepiniere-bio.ch\/de\/shop\/"},{"@type":"ListItem","position":3,"name":"Pfirsichbaum Red Haven"}]},{"@type":"WebSite","@id":"https:\/\/pepiniere-bio.ch\/de\/#website","url":"https:\/\/pepiniere-bio.ch\/de\/","name":"P\u00e9pini\u00e8re fruiti\u00e8re suisse","description":"La p\u00e9pini\u00e8re fruiti\u00e8re suisse","publisher":{"@id":"https:\/\/pepiniere-bio.ch\/de\/#organization"},"alternateName":"P\u00e9pini\u00e8re fruiti\u00e8re suisse","potentialAction":[{"@type":"SearchAction","target":{"@type":"EntryPoint","urlTemplate":"https:\/\/pepiniere-bio.ch\/de\/?s={search_term_string}"},"query-input":{"@type":"PropertyValueSpecification","valueRequired":true,"valueName":"search_term_string"}}],"inLanguage":"de"},{"@type":"Organization","@id":"https:\/\/pepiniere-bio.ch\/de\/#organization","name":"La p\u00e9pini\u00e8re fruiti\u00e8re","alternateName":"La p\u00e9pini\u00e8re fruiti\u00e8re","url":"https:\/\/pepiniere-bio.ch\/de\/","logo":{"@type":"ImageObject","inLanguage":"de","@id":"https:\/\/pepiniere-bio.ch\/de\/#\/schema\/logo\/image\/","url":"http:\/\/new.pepiniere-bio.ch\/wp-content\/uploads\/2026\/01\/logo-300.png","contentUrl":"http:\/\/new.pepiniere-bio.ch\/wp-content\/uploads\/2026\/01\/logo-300.png","width":300,"height":300,"caption":"La p\u00e9pini\u00e8re fruiti\u00e8re"},"image":{"@id":"https:\/\/pepiniere-bio.ch\/de\/#\/schema\/logo\/image\/"},"sameAs":["https:\/\/www.facebook.com\/profile.php?id=61565115227971","https:\/\/www.instagram.com\/pepinierebio?igsh=cmR2aGdsMjZ1ZnNn"]}]}},"jetpack_sharing_enabled":true,"_links":{"self":[{"href":"https:\/\/pepiniere-bio.ch\/de\/wp-json\/wp\/v2\/product\/5394","targetHints":{"allow":["GET"]}}],"collection":[{"href":"https:\/\/pepiniere-bio.ch\/de\/wp-json\/wp\/v2\/product"}],"about":[{"href":"https:\/\/pepiniere-bio.ch\/de\/wp-json\/wp\/v2\/types\/product"}],"replies":[{"embeddable":true,"href":"https:\/\/pepiniere-bio.ch\/de\/wp-json\/wp\/v2\/comments?post=5394"}],"wp:featuredmedia":[{"embeddable":true,"href":"https:\/\/pepiniere-bio.ch\/de\/wp-json\/wp\/v2\/media\/6010"}],"wp:attachment":[{"href":"https:\/\/pepiniere-bio.ch\/de\/wp-json\/wp\/v2\/media?parent=5394"}],"wp:term":[{"taxonomy":"product_brand","embeddable":true,"href":"https:\/\/pepiniere-bio.ch\/de\/wp-json\/wp\/v2\/product_brand?post=5394"},{"taxonomy":"product_cat","embeddable":true,"href":"https:\/\/pepiniere-bio.ch\/de\/wp-json\/wp\/v2\/product_cat?post=5394"},{"taxonomy":"product_tag","embeddable":true,"href":"https:\/\/pepiniere-bio.ch\/de\/wp-json\/wp\/v2\/product_tag?post=5394"}],"curies":[{"name":"wp","href":"https:\/\/api.w.org\/{rel}","templated":true}]}}