{"id":5363,"date":"2026-02-10T12:40:47","date_gmt":"2026-02-10T12:40:47","guid":{"rendered":"https:\/\/new.pepiniere-bio.ch\/?post_type=product&#038;p=5363"},"modified":"2026-03-04T20:40:23","modified_gmt":"2026-03-04T20:40:23","slug":"johannisbeeren-rovada-2","status":"publish","type":"product","link":"https:\/\/pepiniere-bio.ch\/de\/Produkt\/johannisbeeren-rovada-2\/","title":{"rendered":"Johannisbeeren Rovada"},"content":{"rendered":"<h2 data-start=\"2187\" data-end=\"2276\">Johannisbeeren &#8218;Rovada&#8216; \u2013 Sp\u00e4te, ertragreiche rote Ribisel f\u00fcr Garten &amp; Balkon<\/h2>\n<p data-start=\"2278\" data-end=\"2577\">Die <strong data-start=\"2282\" data-end=\"2317\">rote Johannisbeeren &#8218;Rovada&#8216;<\/strong>\u00a0geh\u00f6rt zu den <strong data-start=\"2332\" data-end=\"2370\">produktivsten und sp\u00e4testen Sorten<\/strong>. Sie ist bekannt f\u00fcr ihre <strong data-start=\"2397\" data-end=\"2431\">besonders langen Fruchttrauben<\/strong>, ihren <strong data-start=\"2439\" data-end=\"2458\">kr\u00e4ftigen Wuchs<\/strong> und die <strong data-start=\"2467\" data-end=\"2489\">gleichm\u00e4\u00dfige Ernte<\/strong>. Ideal f\u00fcr den <strong data-start=\"2505\" data-end=\"2519\">Hausgarten<\/strong>, den <strong data-start=\"2525\" data-end=\"2553\">Topfanbau auf dem Balkon<\/strong> oder als <strong data-start=\"2563\" data-end=\"2576\">Obsthecke<\/strong>.<\/p>\n<h3 data-start=\"2579\" data-end=\"2622\">Lange Trauben mit aromatischen Fr\u00fcchten<\/h3>\n<ul data-start=\"2624\" data-end=\"2783\">\n<li data-start=\"2624\" data-end=\"2656\">\n<p data-start=\"2626\" data-end=\"2656\"><strong data-start=\"2626\" data-end=\"2639\">Erntezeit<\/strong>: Juli bis August<\/p>\n<\/li>\n<li data-start=\"2657\" data-end=\"2722\">\n<p data-start=\"2659\" data-end=\"2722\"><strong data-start=\"2659\" data-end=\"2670\">Fr\u00fcchte<\/strong>: gro\u00df, leuchtend rot, in langen dekorativen Trauben<\/p>\n<\/li>\n<li data-start=\"2723\" data-end=\"2783\">\n<p data-start=\"2725\" data-end=\"2783\"><strong data-start=\"2725\" data-end=\"2742\">Fruchtfleisch<\/strong>: rot, s\u00e4uerlich-fruchtig und sehr saftig<\/p>\n<\/li>\n<\/ul>\n<p data-start=\"2785\" data-end=\"2840\">Die Rovada-Johannisbeeren eignen sich hervorragend f\u00fcr:<\/p>\n<ul data-start=\"2842\" data-end=\"2964\">\n<li data-start=\"2842\" data-end=\"2861\">\n<p data-start=\"2844\" data-end=\"2861\"><strong data-start=\"2844\" data-end=\"2861\">Frischverzehr<\/strong><\/p>\n<\/li>\n<li data-start=\"2862\" data-end=\"2887\">\n<p data-start=\"2864\" data-end=\"2887\"><strong data-start=\"2864\" data-end=\"2887\">Marmelade und Gelee<\/strong><\/p>\n<\/li>\n<li data-start=\"2888\" data-end=\"2930\">\n<p data-start=\"2890\" data-end=\"2930\"><strong data-start=\"2890\" data-end=\"2900\">Backen<\/strong> (z.\u202fB. rote Ribiselschnitten)<\/p>\n<\/li>\n<li data-start=\"2931\" data-end=\"2964\">\n<p data-start=\"2933\" data-end=\"2964\"><strong data-start=\"2933\" data-end=\"2964\">Sirup, Saft oder Einfrieren<\/strong><\/p>\n<\/li>\n<\/ul>\n<h3 data-start=\"2966\" data-end=\"3002\">Gesund und zuverl\u00e4ssig im Ertrag<\/h3>\n<p data-start=\"3004\" data-end=\"3074\">Diese Sorte bringt auch in h\u00f6heren Lagen zuverl\u00e4ssig Fr\u00fcchte. Sie ist:<\/p>\n<ul data-start=\"3076\" data-end=\"3213\">\n<li data-start=\"3076\" data-end=\"3097\">\n<p data-start=\"3078\" data-end=\"3097\"><strong data-start=\"3078\" data-end=\"3097\">Selbstfruchtbar<\/strong><\/p>\n<\/li>\n<li data-start=\"3098\" data-end=\"3134\">\n<p data-start=\"3100\" data-end=\"3134\"><strong data-start=\"3100\" data-end=\"3134\">Wenig anf\u00e4llig f\u00fcr Krankheiten<\/strong><\/p>\n<\/li>\n<li data-start=\"3135\" data-end=\"3170\">\n<p data-start=\"3137\" data-end=\"3170\"><strong data-start=\"3137\" data-end=\"3154\">Starkwachsend<\/strong>, bis 1,5 m hoch<\/p>\n<\/li>\n<li data-start=\"3171\" data-end=\"3213\">\n<p data-start=\"3173\" data-end=\"3213\">Perfekt f\u00fcr Gartenbeete oder gro\u00dfe T\u00f6pfe<\/p>\n<\/li>\n<\/ul>\n<h3 data-start=\"3215\" data-end=\"3240\">Pflanzung &amp; Lieferung<\/h3>\n<p data-start=\"3242\" data-end=\"3425\">Die Rovada-Johannisbeere wird <strong data-start=\"3272\" data-end=\"3293\">im Topf geliefert<\/strong> und kann so <strong data-start=\"3306\" data-end=\"3337\">ganzj\u00e4hrig gepflanzt werden<\/strong>. Sie liebt <strong data-start=\"3349\" data-end=\"3388\">n\u00e4hrstoffreiche, durchl\u00e4ssige B\u00f6den<\/strong> in sonniger bis halbschattiger Lage.<\/p>\n<div><\/div>\n<div><\/div>\n","protected":false},"excerpt":{"rendered":"<div>\n<div>\n<p><strong>Ernte: <\/strong>Juli bis August<br \/>\n<strong>Frucht:<\/strong> gro\u00dfe rote Frucht<br \/>\n<strong>Fleisch<\/strong>: s\u00e4uerlich-rot<br \/>\n<strong>Besonderheiten:<\/strong> sp\u00e4t mit reichem Ertrag<\/p>\n<div><strong>Verwendung: <\/strong>Direktverzehr, Marmelade, Kuchen, etc. Balkon<\/div>\n<div>Wird in einem Topf geliefert<\/div>\n<div><\/div>\n<\/div>\n<\/div>\n<div><\/div>\n<div><\/div>\n<div><\/div>\n<div><\/div>\n","protected":false},"featured_media":6018,"comment_status":"open","ping_status":"closed","template":"","meta":{"_acf_changed":false},"product_brand":[229],"product_cat":[226,216,218,223,177],"product_tag":[111,110],"class_list":{"0":"post-5363","1":"product","2":"type-product","3":"status-publish","4":"has-post-thumbnail","6":"product_brand-pepiniere-fruitiere","7":"product_cat-obstbaeume-fuer-anfaenger-pflegeleichte-obstbaeume","8":"product_cat-obstbaeume-fuer-hoehenlagen","9":"product_cat-obstbaeume-fuer-kleine-gaerten","10":"product_cat-obstbaeume-resistent-gegen-krankheiten","11":"product_cat-reben-und-beerenobst","12":"product_tag-fruit-de-table-de","13":"product_tag-konfituere","15":"first","16":"instock","17":"taxable","18":"shipping-taxable","19":"purchasable","20":"product-type-variable"},"acf":[],"yoast_head":"<!-- This site is optimized with the Yoast SEO plugin v27.3 - https:\/\/yoast.com\/product\/yoast-seo-wordpress\/ -->\n<title>Johannisbeeren Rovada - Die Obstbaumschule<\/title>\n<meta name=\"description\" content=\"Kauf von Johannisbeeren Rovada, die in der Schweiz angebaut und in T\u00f6pfen geliefert werden. Gro\u00dfe Auswahl an Obstb\u00e4umen f\u00fcr Garten\" \/>\n<meta name=\"robots\" content=\"index, follow, max-snippet:-1, max-image-preview:large, max-video-preview:-1\" \/>\n<link rel=\"canonical\" href=\"https:\/\/pepiniere-bio.ch\/de\/Produkt\/johannisbeeren-rovada-2\/\" \/>\n<meta property=\"og:locale\" content=\"de_DE\" \/>\n<meta property=\"og:type\" content=\"article\" \/>\n<meta property=\"og:title\" content=\"Johannisbeeren Rovada - Die Obstbaumschule\" \/>\n<meta property=\"og:description\" content=\"Kauf von Johannisbeeren Rovada, die in der Schweiz angebaut und in T\u00f6pfen geliefert werden. Gro\u00dfe Auswahl an Obstb\u00e4umen f\u00fcr Garten\" \/>\n<meta property=\"og:url\" content=\"https:\/\/pepiniere-bio.ch\/de\/Produkt\/johannisbeeren-rovada-2\/\" \/>\n<meta property=\"og:site_name\" content=\"Die Obstbaumschule\" \/>\n<meta property=\"article:publisher\" content=\"https:\/\/www.facebook.com\/profile.php?id=61565115227971\" \/>\n<meta property=\"article:modified_time\" content=\"2026-03-04T20:40:23+00:00\" \/>\n<meta property=\"og:image\" content=\"https:\/\/pepiniere-bio.ch\/wp-content\/uploads\/2026\/02\/Raisinet-rovada.jpg\" \/>\n\t<meta property=\"og:image:width\" content=\"500\" \/>\n\t<meta property=\"og:image:height\" content=\"500\" \/>\n\t<meta property=\"og:image:type\" content=\"image\/jpeg\" \/>\n<meta name=\"twitter:card\" content=\"summary_large_image\" \/>\n<meta name=\"twitter:label1\" content=\"Gesch\u00e4tzte Lesezeit\" \/>\n\t<meta name=\"twitter:data1\" content=\"1\u00a0Minute\" \/>\n<script type=\"application\/ld+json\" class=\"yoast-schema-graph\">{\"@context\":\"https:\\\/\\\/schema.org\",\"@graph\":[{\"@type\":\"WebPage\",\"@id\":\"https:\\\/\\\/pepiniere-bio.ch\\\/de\\\/Produkt\\\/johannisbeeren-rovada-2\\\/\",\"url\":\"https:\\\/\\\/pepiniere-bio.ch\\\/de\\\/Produkt\\\/johannisbeeren-rovada-2\\\/\",\"name\":\"Johannisbeeren Rovada - Die Obstbaumschule\",\"isPartOf\":{\"@id\":\"https:\\\/\\\/pepiniere-bio.ch\\\/de\\\/#website\"},\"primaryImageOfPage\":{\"@id\":\"https:\\\/\\\/pepiniere-bio.ch\\\/de\\\/Produkt\\\/johannisbeeren-rovada-2\\\/#primaryimage\"},\"image\":{\"@id\":\"https:\\\/\\\/pepiniere-bio.ch\\\/de\\\/Produkt\\\/johannisbeeren-rovada-2\\\/#primaryimage\"},\"thumbnailUrl\":\"https:\\\/\\\/pepiniere-bio.ch\\\/wp-content\\\/uploads\\\/2026\\\/02\\\/Raisinet-rovada.jpg\",\"datePublished\":\"2026-02-10T12:40:47+00:00\",\"dateModified\":\"2026-03-04T20:40:23+00:00\",\"description\":\"Kauf von Johannisbeeren Rovada, die in der Schweiz angebaut und in T\u00f6pfen geliefert werden. Gro\u00dfe Auswahl an Obstb\u00e4umen f\u00fcr Garten\",\"breadcrumb\":{\"@id\":\"https:\\\/\\\/pepiniere-bio.ch\\\/de\\\/Produkt\\\/johannisbeeren-rovada-2\\\/#breadcrumb\"},\"inLanguage\":\"de\",\"potentialAction\":[{\"@type\":\"ReadAction\",\"target\":[\"https:\\\/\\\/pepiniere-bio.ch\\\/de\\\/Produkt\\\/johannisbeeren-rovada-2\\\/\"]}]},{\"@type\":\"ImageObject\",\"inLanguage\":\"de\",\"@id\":\"https:\\\/\\\/pepiniere-bio.ch\\\/de\\\/Produkt\\\/johannisbeeren-rovada-2\\\/#primaryimage\",\"url\":\"https:\\\/\\\/pepiniere-bio.ch\\\/wp-content\\\/uploads\\\/2026\\\/02\\\/Raisinet-rovada.jpg\",\"contentUrl\":\"https:\\\/\\\/pepiniere-bio.ch\\\/wp-content\\\/uploads\\\/2026\\\/02\\\/Raisinet-rovada.jpg\",\"width\":500,\"height\":500},{\"@type\":\"BreadcrumbList\",\"@id\":\"https:\\\/\\\/pepiniere-bio.ch\\\/de\\\/Produkt\\\/johannisbeeren-rovada-2\\\/#breadcrumb\",\"itemListElement\":[{\"@type\":\"ListItem\",\"position\":1,\"name\":\"Accueil\",\"item\":\"https:\\\/\\\/pepiniere-bio.ch\\\/de\\\/\"},{\"@type\":\"ListItem\",\"position\":2,\"name\":\"Shop\",\"item\":\"https:\\\/\\\/pepiniere-bio.ch\\\/de\\\/shop\\\/\"},{\"@type\":\"ListItem\",\"position\":3,\"name\":\"Johannisbeeren Rovada\"}]},{\"@type\":\"WebSite\",\"@id\":\"https:\\\/\\\/pepiniere-bio.ch\\\/de\\\/#website\",\"url\":\"https:\\\/\\\/pepiniere-bio.ch\\\/de\\\/\",\"name\":\"P\u00e9pini\u00e8re fruiti\u00e8re suisse\",\"description\":\"La p\u00e9pini\u00e8re fruiti\u00e8re suisse\",\"publisher\":{\"@id\":\"https:\\\/\\\/pepiniere-bio.ch\\\/de\\\/#organization\"},\"alternateName\":\"P\u00e9pini\u00e8re fruiti\u00e8re suisse\",\"potentialAction\":[{\"@type\":\"SearchAction\",\"target\":{\"@type\":\"EntryPoint\",\"urlTemplate\":\"https:\\\/\\\/pepiniere-bio.ch\\\/de\\\/?s={search_term_string}\"},\"query-input\":{\"@type\":\"PropertyValueSpecification\",\"valueRequired\":true,\"valueName\":\"search_term_string\"}}],\"inLanguage\":\"de\"},{\"@type\":\"Organization\",\"@id\":\"https:\\\/\\\/pepiniere-bio.ch\\\/de\\\/#organization\",\"name\":\"La p\u00e9pini\u00e8re fruiti\u00e8re\",\"alternateName\":\"La p\u00e9pini\u00e8re fruiti\u00e8re\",\"url\":\"https:\\\/\\\/pepiniere-bio.ch\\\/de\\\/\",\"logo\":{\"@type\":\"ImageObject\",\"inLanguage\":\"de\",\"@id\":\"https:\\\/\\\/pepiniere-bio.ch\\\/de\\\/#\\\/schema\\\/logo\\\/image\\\/\",\"url\":\"http:\\\/\\\/new.pepiniere-bio.ch\\\/wp-content\\\/uploads\\\/2026\\\/01\\\/logo-300.png\",\"contentUrl\":\"http:\\\/\\\/new.pepiniere-bio.ch\\\/wp-content\\\/uploads\\\/2026\\\/01\\\/logo-300.png\",\"width\":300,\"height\":300,\"caption\":\"La p\u00e9pini\u00e8re fruiti\u00e8re\"},\"image\":{\"@id\":\"https:\\\/\\\/pepiniere-bio.ch\\\/de\\\/#\\\/schema\\\/logo\\\/image\\\/\"},\"sameAs\":[\"https:\\\/\\\/www.facebook.com\\\/profile.php?id=61565115227971\",\"https:\\\/\\\/www.instagram.com\\\/pepinierebio?igsh=cmR2aGdsMjZ1ZnNn\"]}]}<\/script>\n<!-- \/ Yoast SEO plugin. -->","yoast_head_json":{"title":"Johannisbeeren Rovada - Die Obstbaumschule","description":"Kauf von Johannisbeeren Rovada, die in der Schweiz angebaut und in T\u00f6pfen geliefert werden. Gro\u00dfe Auswahl an Obstb\u00e4umen f\u00fcr Garten","robots":{"index":"index","follow":"follow","max-snippet":"max-snippet:-1","max-image-preview":"max-image-preview:large","max-video-preview":"max-video-preview:-1"},"canonical":"https:\/\/pepiniere-bio.ch\/de\/Produkt\/johannisbeeren-rovada-2\/","og_locale":"de_DE","og_type":"article","og_title":"Johannisbeeren Rovada - Die Obstbaumschule","og_description":"Kauf von Johannisbeeren Rovada, die in der Schweiz angebaut und in T\u00f6pfen geliefert werden. Gro\u00dfe Auswahl an Obstb\u00e4umen f\u00fcr Garten","og_url":"https:\/\/pepiniere-bio.ch\/de\/Produkt\/johannisbeeren-rovada-2\/","og_site_name":"Die Obstbaumschule","article_publisher":"https:\/\/www.facebook.com\/profile.php?id=61565115227971","article_modified_time":"2026-03-04T20:40:23+00:00","og_image":[{"width":500,"height":500,"url":"https:\/\/pepiniere-bio.ch\/wp-content\/uploads\/2026\/02\/Raisinet-rovada.jpg","type":"image\/jpeg"}],"twitter_card":"summary_large_image","twitter_misc":{"Gesch\u00e4tzte Lesezeit":"1\u00a0Minute"},"schema":{"@context":"https:\/\/schema.org","@graph":[{"@type":"WebPage","@id":"https:\/\/pepiniere-bio.ch\/de\/Produkt\/johannisbeeren-rovada-2\/","url":"https:\/\/pepiniere-bio.ch\/de\/Produkt\/johannisbeeren-rovada-2\/","name":"Johannisbeeren Rovada - Die Obstbaumschule","isPartOf":{"@id":"https:\/\/pepiniere-bio.ch\/de\/#website"},"primaryImageOfPage":{"@id":"https:\/\/pepiniere-bio.ch\/de\/Produkt\/johannisbeeren-rovada-2\/#primaryimage"},"image":{"@id":"https:\/\/pepiniere-bio.ch\/de\/Produkt\/johannisbeeren-rovada-2\/#primaryimage"},"thumbnailUrl":"https:\/\/pepiniere-bio.ch\/wp-content\/uploads\/2026\/02\/Raisinet-rovada.jpg","datePublished":"2026-02-10T12:40:47+00:00","dateModified":"2026-03-04T20:40:23+00:00","description":"Kauf von Johannisbeeren Rovada, die in der Schweiz angebaut und in T\u00f6pfen geliefert werden. Gro\u00dfe Auswahl an Obstb\u00e4umen f\u00fcr Garten","breadcrumb":{"@id":"https:\/\/pepiniere-bio.ch\/de\/Produkt\/johannisbeeren-rovada-2\/#breadcrumb"},"inLanguage":"de","potentialAction":[{"@type":"ReadAction","target":["https:\/\/pepiniere-bio.ch\/de\/Produkt\/johannisbeeren-rovada-2\/"]}]},{"@type":"ImageObject","inLanguage":"de","@id":"https:\/\/pepiniere-bio.ch\/de\/Produkt\/johannisbeeren-rovada-2\/#primaryimage","url":"https:\/\/pepiniere-bio.ch\/wp-content\/uploads\/2026\/02\/Raisinet-rovada.jpg","contentUrl":"https:\/\/pepiniere-bio.ch\/wp-content\/uploads\/2026\/02\/Raisinet-rovada.jpg","width":500,"height":500},{"@type":"BreadcrumbList","@id":"https:\/\/pepiniere-bio.ch\/de\/Produkt\/johannisbeeren-rovada-2\/#breadcrumb","itemListElement":[{"@type":"ListItem","position":1,"name":"Accueil","item":"https:\/\/pepiniere-bio.ch\/de\/"},{"@type":"ListItem","position":2,"name":"Shop","item":"https:\/\/pepiniere-bio.ch\/de\/shop\/"},{"@type":"ListItem","position":3,"name":"Johannisbeeren Rovada"}]},{"@type":"WebSite","@id":"https:\/\/pepiniere-bio.ch\/de\/#website","url":"https:\/\/pepiniere-bio.ch\/de\/","name":"P\u00e9pini\u00e8re fruiti\u00e8re suisse","description":"La p\u00e9pini\u00e8re fruiti\u00e8re suisse","publisher":{"@id":"https:\/\/pepiniere-bio.ch\/de\/#organization"},"alternateName":"P\u00e9pini\u00e8re fruiti\u00e8re suisse","potentialAction":[{"@type":"SearchAction","target":{"@type":"EntryPoint","urlTemplate":"https:\/\/pepiniere-bio.ch\/de\/?s={search_term_string}"},"query-input":{"@type":"PropertyValueSpecification","valueRequired":true,"valueName":"search_term_string"}}],"inLanguage":"de"},{"@type":"Organization","@id":"https:\/\/pepiniere-bio.ch\/de\/#organization","name":"La p\u00e9pini\u00e8re fruiti\u00e8re","alternateName":"La p\u00e9pini\u00e8re fruiti\u00e8re","url":"https:\/\/pepiniere-bio.ch\/de\/","logo":{"@type":"ImageObject","inLanguage":"de","@id":"https:\/\/pepiniere-bio.ch\/de\/#\/schema\/logo\/image\/","url":"http:\/\/new.pepiniere-bio.ch\/wp-content\/uploads\/2026\/01\/logo-300.png","contentUrl":"http:\/\/new.pepiniere-bio.ch\/wp-content\/uploads\/2026\/01\/logo-300.png","width":300,"height":300,"caption":"La p\u00e9pini\u00e8re fruiti\u00e8re"},"image":{"@id":"https:\/\/pepiniere-bio.ch\/de\/#\/schema\/logo\/image\/"},"sameAs":["https:\/\/www.facebook.com\/profile.php?id=61565115227971","https:\/\/www.instagram.com\/pepinierebio?igsh=cmR2aGdsMjZ1ZnNn"]}]}},"jetpack_sharing_enabled":true,"_links":{"self":[{"href":"https:\/\/pepiniere-bio.ch\/de\/wp-json\/wp\/v2\/product\/5363","targetHints":{"allow":["GET"]}}],"collection":[{"href":"https:\/\/pepiniere-bio.ch\/de\/wp-json\/wp\/v2\/product"}],"about":[{"href":"https:\/\/pepiniere-bio.ch\/de\/wp-json\/wp\/v2\/types\/product"}],"replies":[{"embeddable":true,"href":"https:\/\/pepiniere-bio.ch\/de\/wp-json\/wp\/v2\/comments?post=5363"}],"wp:featuredmedia":[{"embeddable":true,"href":"https:\/\/pepiniere-bio.ch\/de\/wp-json\/wp\/v2\/media\/6018"}],"wp:attachment":[{"href":"https:\/\/pepiniere-bio.ch\/de\/wp-json\/wp\/v2\/media?parent=5363"}],"wp:term":[{"taxonomy":"product_brand","embeddable":true,"href":"https:\/\/pepiniere-bio.ch\/de\/wp-json\/wp\/v2\/product_brand?post=5363"},{"taxonomy":"product_cat","embeddable":true,"href":"https:\/\/pepiniere-bio.ch\/de\/wp-json\/wp\/v2\/product_cat?post=5363"},{"taxonomy":"product_tag","embeddable":true,"href":"https:\/\/pepiniere-bio.ch\/de\/wp-json\/wp\/v2\/product_tag?post=5363"}],"curies":[{"name":"wp","href":"https:\/\/api.w.org\/{rel}","templated":true}]}}