{"id":5357,"date":"2026-02-10T12:28:15","date_gmt":"2026-02-10T12:28:15","guid":{"rendered":"https:\/\/new.pepiniere-bio.ch\/?post_type=product&#038;p=5357"},"modified":"2026-03-04T20:40:23","modified_gmt":"2026-03-04T20:40:23","slug":"schwarze-johannisbeere-titania","status":"publish","type":"product","link":"https:\/\/pepiniere-bio.ch\/de\/Produkt\/schwarze-johannisbeere-titania\/","title":{"rendered":"Schwarze Johannisbeere Titania"},"content":{"rendered":"<h1 data-start=\"195\" data-end=\"274\"><strong data-start=\"197\" data-end=\"274\">Schwarze Johannisbeere &#8218;Titania&#8216; \u2013 Ertragreich, robust und aromatisch<\/strong><\/h1>\n<p data-start=\"276\" data-end=\"638\">Die <strong data-start=\"280\" data-end=\"316\">schwarze Johannisbeere &#8218;Titania&#8216;<\/strong> ist eine besonders widerstandsf\u00e4hige Sorte, die sich hervorragend f\u00fcr den <strong data-start=\"391\" data-end=\"413\">biologischen Anbau<\/strong> eignet. Dank ihrer <strong data-start=\"433\" data-end=\"466\">gesunden, kr\u00e4ftigen Wuchsform<\/strong>, ihrer <strong data-start=\"474\" data-end=\"503\">hohen Krankheitsresistenz<\/strong> und einem <strong data-start=\"514\" data-end=\"546\">regelm\u00e4\u00dfigen, reichen Ertrag<\/strong> ist sie ideal f\u00fcr Hausg\u00e4rten, H\u00f6henlagen sowie den Anbau im K\u00fcbel auf Balkon oder Terrasse.<\/p>\n<h3 data-start=\"640\" data-end=\"697\">Gro\u00dfe, aromatische Fr\u00fcchte mit hohem Vitamin-C-Gehalt<\/h3>\n<p data-start=\"699\" data-end=\"1031\">Die Ernte erfolgt <strong data-start=\"717\" data-end=\"745\">zwischen Juli und August<\/strong>. Die Sorte &#8218;Titania&#8216; liefert <strong data-start=\"775\" data-end=\"805\">gro\u00dfe, tiefschwarze Beeren<\/strong>, die in dichten Trauben wachsen. Ihr Geschmack ist <strong data-start=\"857\" data-end=\"904\">intensiv, leicht s\u00e4uerlich und angenehm s\u00fc\u00df<\/strong>. Die Beeren sind reich an <strong data-start=\"931\" data-end=\"979\">Vitamin C, Antioxidantien und Mineralstoffen<\/strong>, was sie zu einem echten Gesundheits-Booster macht.<\/p>\n<p data-start=\"1033\" data-end=\"1092\">Die Beeren eignen sich ideal f\u00fcr verschiedene Verwendungen:<\/p>\n<ul data-start=\"1094\" data-end=\"1294\">\n<li data-start=\"1094\" data-end=\"1146\">\n<p data-start=\"1096\" data-end=\"1146\"><strong data-start=\"1096\" data-end=\"1113\">Frischverzehr<\/strong> f\u00fcr Liebhaber kr\u00e4ftiger Aromen<\/p>\n<\/li>\n<li data-start=\"1147\" data-end=\"1189\">\n<p data-start=\"1149\" data-end=\"1189\"><strong data-start=\"1149\" data-end=\"1169\">Konfit\u00fcre, Gelee<\/strong> oder <strong data-start=\"1175\" data-end=\"1187\">Kompotte<\/strong><\/p>\n<\/li>\n<li data-start=\"1190\" data-end=\"1220\">\n<p data-start=\"1192\" data-end=\"1220\"><strong data-start=\"1192\" data-end=\"1218\">Kuchenbelag oder Tarte<\/strong><\/p>\n<\/li>\n<li data-start=\"1221\" data-end=\"1252\">\n<p data-start=\"1223\" data-end=\"1252\"><strong data-start=\"1223\" data-end=\"1250\">Coulis, Sirup oder Saft<\/strong><\/p>\n<\/li>\n<li data-start=\"1253\" data-end=\"1294\">\n<p data-start=\"1255\" data-end=\"1294\"><strong data-start=\"1255\" data-end=\"1294\">Hausgemachte Lik\u00f6re und Spirituosen<\/strong><\/p>\n<\/li>\n<\/ul>\n<h3 data-start=\"1296\" data-end=\"1334\">Gesundes Wachstum und pflegeleicht<\/h3>\n<p data-start=\"1336\" data-end=\"1631\">&#8218;Titania&#8216; ist eine schwedische Z\u00fcchtung mit ausgezeichneter <strong data-start=\"1396\" data-end=\"1454\">Resistenz gegen Mehltau, Rost und Blattfallkrankheiten<\/strong>. Sie w\u00e4chst kr\u00e4ftig in Strauchform und erreicht eine H\u00f6he von <strong data-start=\"1517\" data-end=\"1539\">1,2 bis 1,5 Metern<\/strong>. Die Pflanze ist <strong data-start=\"1557\" data-end=\"1576\">selbstfruchtbar<\/strong> und tr\u00e4gt <strong data-start=\"1587\" data-end=\"1630\">ab dem zweiten Jahr zuverl\u00e4ssig Fr\u00fcchte<\/strong>.<\/p>\n<p data-start=\"1633\" data-end=\"1712\">Dank des kompakten Wuchses eignet sich die Johannisbeere auch hervorragend f\u00fcr:<\/p>\n<ul data-start=\"1714\" data-end=\"1797\">\n<li data-start=\"1714\" data-end=\"1733\">\n<p data-start=\"1716\" data-end=\"1733\"><strong data-start=\"1716\" data-end=\"1733\">Kleine G\u00e4rten<\/strong><\/p>\n<\/li>\n<li data-start=\"1734\" data-end=\"1752\">\n<p data-start=\"1736\" data-end=\"1752\"><strong data-start=\"1736\" data-end=\"1752\">Beerenhecken<\/strong><\/p>\n<\/li>\n<li data-start=\"1753\" data-end=\"1797\">\n<p data-start=\"1755\" data-end=\"1797\"><strong data-start=\"1755\" data-end=\"1780\">Hochbeete und Balkone<\/strong> in gro\u00dfen T\u00f6pfen<\/p>\n<\/li>\n<\/ul>\n<h3 data-start=\"1799\" data-end=\"1819\">Technische Daten<\/h3>\n<ul data-start=\"1821\" data-end=\"2079\">\n<li data-start=\"1821\" data-end=\"1855\">\n<p data-start=\"1823\" data-end=\"1855\"><strong data-start=\"1823\" data-end=\"1836\">Erntezeit<\/strong>: Juli bis August<\/p>\n<\/li>\n<li data-start=\"1856\" data-end=\"1900\">\n<p data-start=\"1858\" data-end=\"1900\"><strong data-start=\"1858\" data-end=\"1868\">Frucht<\/strong>: Gro\u00df, schwarz, traubenf\u00f6rmig<\/p>\n<\/li>\n<li data-start=\"1901\" data-end=\"1941\">\n<p data-start=\"1903\" data-end=\"1941\"><strong data-start=\"1903\" data-end=\"1912\">Wuchs<\/strong>: Kr\u00e4ftig, kompakt, buschig<\/p>\n<\/li>\n<li data-start=\"1942\" data-end=\"1970\">\n<p data-start=\"1944\" data-end=\"1970\"><strong data-start=\"1944\" data-end=\"1957\">Resistenz<\/strong>: Sehr hoch<\/p>\n<\/li>\n<li data-start=\"1971\" data-end=\"1994\">\n<p data-start=\"1973\" data-end=\"1994\"><strong data-start=\"1973\" data-end=\"1981\">H\u00f6he<\/strong>: Bis 1,5 m<\/p>\n<\/li>\n<li data-start=\"1995\" data-end=\"2022\">\n<p data-start=\"1997\" data-end=\"2022\"><strong data-start=\"1997\" data-end=\"2016\">Selbstfruchtbar<\/strong>: Ja<\/p>\n<\/li>\n<li data-start=\"2023\" data-end=\"2079\">\n<p data-start=\"2025\" data-end=\"2079\"><strong data-start=\"2025\" data-end=\"2039\">Verwendung<\/strong>: Frisch, verarbeitet oder eingefroren<\/p>\n<\/li>\n<\/ul>\n<h3 data-start=\"2081\" data-end=\"2106\">Lieferung &amp; Pflanzung<\/h3>\n<p data-start=\"2108\" data-end=\"2375\">Die schwarze Johannisbeere &#8218;Titania&#8216; wird <strong data-start=\"2150\" data-end=\"2171\">im Topf geliefert<\/strong>, was eine <strong data-start=\"2182\" data-end=\"2207\">ganzj\u00e4hrige Pflanzung<\/strong> (au\u00dfer bei Frost) erm\u00f6glicht. Sie gedeiht in fast allen B\u00f6den, bevorzugt aber <strong data-start=\"2286\" data-end=\"2328\">gut durchl\u00e4ssige, n\u00e4hrstoffreiche Erde<\/strong> an einem sonnigen bis halbschattigen Standort.<\/p>\n","protected":false},"excerpt":{"rendered":"<p class=\"\" data-start=\"125\" data-end=\"258\"><strong data-start=\"125\" data-end=\"135\">Ernte:<\/strong> Juli\u2013August<br data-start=\"147\" data-end=\"150\" \/><strong data-start=\"150\" data-end=\"161\">Frucht:<\/strong> Grosse, schwarze Beeren<br data-start=\"185\" data-end=\"188\" \/><strong data-start=\"188\" data-end=\"207\">Besonderheiten:<\/strong> Regelm\u00e4ssiger und reicher Ertrag, gesunder Wuchs<\/p>\n<p class=\"\" data-start=\"260\" data-end=\"367\"><strong data-start=\"260\" data-end=\"275\">Verwendung:<\/strong> Frischverzehr, Konfit\u00fcre, Kuchen usw., auch f\u00fcr den Balkon geeignet<br data-start=\"343\" data-end=\"346\" \/>Geliefert im Topf<\/p>\n","protected":false},"featured_media":6196,"comment_status":"open","ping_status":"closed","template":"","meta":{"_acf_changed":false},"product_brand":[229],"product_cat":[226,216,218,177],"product_tag":[111,110],"class_list":{"0":"post-5357","1":"product","2":"type-product","3":"status-publish","4":"has-post-thumbnail","6":"product_brand-pepiniere-fruitiere","7":"product_cat-obstbaeume-fuer-anfaenger-pflegeleichte-obstbaeume","8":"product_cat-obstbaeume-fuer-hoehenlagen","9":"product_cat-obstbaeume-fuer-kleine-gaerten","10":"product_cat-reben-und-beerenobst","11":"product_tag-fruit-de-table-de","12":"product_tag-konfituere","14":"first","15":"instock","16":"taxable","17":"shipping-taxable","18":"purchasable","19":"product-type-variable"},"acf":[],"yoast_head":"<!-- This site is optimized with the Yoast SEO plugin v27.3 - https:\/\/yoast.com\/product\/yoast-seo-wordpress\/ -->\n<title>Schwarze Johannisbeere Titania - Die Obstbaumschule<\/title>\n<meta name=\"description\" content=\"Entdecken Sie die Schwarze Johannisbeere Titania \u2013 robust, ertragreich, resistent. Ideal f\u00fcr Frischverzehr, Marmelade oder Saft.\" \/>\n<meta name=\"robots\" content=\"index, follow, max-snippet:-1, max-image-preview:large, max-video-preview:-1\" \/>\n<link rel=\"canonical\" href=\"https:\/\/pepiniere-bio.ch\/de\/Produkt\/schwarze-johannisbeere-titania\/\" \/>\n<meta property=\"og:locale\" content=\"de_DE\" \/>\n<meta property=\"og:type\" content=\"article\" \/>\n<meta property=\"og:title\" content=\"Schwarze Johannisbeere Titania - Die Obstbaumschule\" \/>\n<meta property=\"og:description\" content=\"Entdecken Sie die Schwarze Johannisbeere Titania \u2013 robust, ertragreich, resistent. Ideal f\u00fcr Frischverzehr, Marmelade oder Saft.\" \/>\n<meta property=\"og:url\" content=\"https:\/\/pepiniere-bio.ch\/de\/Produkt\/schwarze-johannisbeere-titania\/\" \/>\n<meta property=\"og:site_name\" content=\"Die Obstbaumschule\" \/>\n<meta property=\"article:publisher\" content=\"https:\/\/www.facebook.com\/profile.php?id=61565115227971\" \/>\n<meta property=\"article:modified_time\" content=\"2026-03-04T20:40:23+00:00\" \/>\n<meta property=\"og:image\" content=\"https:\/\/pepiniere-bio.ch\/wp-content\/uploads\/2026\/02\/cassis-titania.jpg\" \/>\n\t<meta property=\"og:image:width\" content=\"500\" \/>\n\t<meta property=\"og:image:height\" content=\"500\" \/>\n\t<meta property=\"og:image:type\" content=\"image\/jpeg\" \/>\n<meta name=\"twitter:card\" content=\"summary_large_image\" \/>\n<meta name=\"twitter:label1\" content=\"Gesch\u00e4tzte Lesezeit\" \/>\n\t<meta name=\"twitter:data1\" content=\"2\u00a0Minuten\" \/>\n<script type=\"application\/ld+json\" class=\"yoast-schema-graph\">{\"@context\":\"https:\\\/\\\/schema.org\",\"@graph\":[{\"@type\":\"WebPage\",\"@id\":\"https:\\\/\\\/pepiniere-bio.ch\\\/de\\\/Produkt\\\/schwarze-johannisbeere-titania\\\/\",\"url\":\"https:\\\/\\\/pepiniere-bio.ch\\\/de\\\/Produkt\\\/schwarze-johannisbeere-titania\\\/\",\"name\":\"Schwarze Johannisbeere Titania - Die Obstbaumschule\",\"isPartOf\":{\"@id\":\"https:\\\/\\\/pepiniere-bio.ch\\\/de\\\/#website\"},\"primaryImageOfPage\":{\"@id\":\"https:\\\/\\\/pepiniere-bio.ch\\\/de\\\/Produkt\\\/schwarze-johannisbeere-titania\\\/#primaryimage\"},\"image\":{\"@id\":\"https:\\\/\\\/pepiniere-bio.ch\\\/de\\\/Produkt\\\/schwarze-johannisbeere-titania\\\/#primaryimage\"},\"thumbnailUrl\":\"https:\\\/\\\/pepiniere-bio.ch\\\/wp-content\\\/uploads\\\/2026\\\/02\\\/cassis-titania.jpg\",\"datePublished\":\"2026-02-10T12:28:15+00:00\",\"dateModified\":\"2026-03-04T20:40:23+00:00\",\"description\":\"Entdecken Sie die Schwarze Johannisbeere Titania \u2013 robust, ertragreich, resistent. Ideal f\u00fcr Frischverzehr, Marmelade oder Saft.\",\"breadcrumb\":{\"@id\":\"https:\\\/\\\/pepiniere-bio.ch\\\/de\\\/Produkt\\\/schwarze-johannisbeere-titania\\\/#breadcrumb\"},\"inLanguage\":\"de\",\"potentialAction\":[{\"@type\":\"ReadAction\",\"target\":[\"https:\\\/\\\/pepiniere-bio.ch\\\/de\\\/Produkt\\\/schwarze-johannisbeere-titania\\\/\"]}]},{\"@type\":\"ImageObject\",\"inLanguage\":\"de\",\"@id\":\"https:\\\/\\\/pepiniere-bio.ch\\\/de\\\/Produkt\\\/schwarze-johannisbeere-titania\\\/#primaryimage\",\"url\":\"https:\\\/\\\/pepiniere-bio.ch\\\/wp-content\\\/uploads\\\/2026\\\/02\\\/cassis-titania.jpg\",\"contentUrl\":\"https:\\\/\\\/pepiniere-bio.ch\\\/wp-content\\\/uploads\\\/2026\\\/02\\\/cassis-titania.jpg\",\"width\":500,\"height\":500},{\"@type\":\"BreadcrumbList\",\"@id\":\"https:\\\/\\\/pepiniere-bio.ch\\\/de\\\/Produkt\\\/schwarze-johannisbeere-titania\\\/#breadcrumb\",\"itemListElement\":[{\"@type\":\"ListItem\",\"position\":1,\"name\":\"Accueil\",\"item\":\"https:\\\/\\\/pepiniere-bio.ch\\\/de\\\/\"},{\"@type\":\"ListItem\",\"position\":2,\"name\":\"Shop\",\"item\":\"https:\\\/\\\/pepiniere-bio.ch\\\/de\\\/shop\\\/\"},{\"@type\":\"ListItem\",\"position\":3,\"name\":\"Schwarze Johannisbeere Titania\"}]},{\"@type\":\"WebSite\",\"@id\":\"https:\\\/\\\/pepiniere-bio.ch\\\/de\\\/#website\",\"url\":\"https:\\\/\\\/pepiniere-bio.ch\\\/de\\\/\",\"name\":\"P\u00e9pini\u00e8re fruiti\u00e8re suisse\",\"description\":\"La p\u00e9pini\u00e8re fruiti\u00e8re suisse\",\"publisher\":{\"@id\":\"https:\\\/\\\/pepiniere-bio.ch\\\/de\\\/#organization\"},\"alternateName\":\"P\u00e9pini\u00e8re fruiti\u00e8re suisse\",\"potentialAction\":[{\"@type\":\"SearchAction\",\"target\":{\"@type\":\"EntryPoint\",\"urlTemplate\":\"https:\\\/\\\/pepiniere-bio.ch\\\/de\\\/?s={search_term_string}\"},\"query-input\":{\"@type\":\"PropertyValueSpecification\",\"valueRequired\":true,\"valueName\":\"search_term_string\"}}],\"inLanguage\":\"de\"},{\"@type\":\"Organization\",\"@id\":\"https:\\\/\\\/pepiniere-bio.ch\\\/de\\\/#organization\",\"name\":\"La p\u00e9pini\u00e8re fruiti\u00e8re\",\"alternateName\":\"La p\u00e9pini\u00e8re fruiti\u00e8re\",\"url\":\"https:\\\/\\\/pepiniere-bio.ch\\\/de\\\/\",\"logo\":{\"@type\":\"ImageObject\",\"inLanguage\":\"de\",\"@id\":\"https:\\\/\\\/pepiniere-bio.ch\\\/de\\\/#\\\/schema\\\/logo\\\/image\\\/\",\"url\":\"http:\\\/\\\/new.pepiniere-bio.ch\\\/wp-content\\\/uploads\\\/2026\\\/01\\\/logo-300.png\",\"contentUrl\":\"http:\\\/\\\/new.pepiniere-bio.ch\\\/wp-content\\\/uploads\\\/2026\\\/01\\\/logo-300.png\",\"width\":300,\"height\":300,\"caption\":\"La p\u00e9pini\u00e8re fruiti\u00e8re\"},\"image\":{\"@id\":\"https:\\\/\\\/pepiniere-bio.ch\\\/de\\\/#\\\/schema\\\/logo\\\/image\\\/\"},\"sameAs\":[\"https:\\\/\\\/www.facebook.com\\\/profile.php?id=61565115227971\",\"https:\\\/\\\/www.instagram.com\\\/pepinierebio?igsh=cmR2aGdsMjZ1ZnNn\"]}]}<\/script>\n<!-- \/ Yoast SEO plugin. -->","yoast_head_json":{"title":"Schwarze Johannisbeere Titania - Die Obstbaumschule","description":"Entdecken Sie die Schwarze Johannisbeere Titania \u2013 robust, ertragreich, resistent. Ideal f\u00fcr Frischverzehr, Marmelade oder Saft.","robots":{"index":"index","follow":"follow","max-snippet":"max-snippet:-1","max-image-preview":"max-image-preview:large","max-video-preview":"max-video-preview:-1"},"canonical":"https:\/\/pepiniere-bio.ch\/de\/Produkt\/schwarze-johannisbeere-titania\/","og_locale":"de_DE","og_type":"article","og_title":"Schwarze Johannisbeere Titania - Die Obstbaumschule","og_description":"Entdecken Sie die Schwarze Johannisbeere Titania \u2013 robust, ertragreich, resistent. Ideal f\u00fcr Frischverzehr, Marmelade oder Saft.","og_url":"https:\/\/pepiniere-bio.ch\/de\/Produkt\/schwarze-johannisbeere-titania\/","og_site_name":"Die Obstbaumschule","article_publisher":"https:\/\/www.facebook.com\/profile.php?id=61565115227971","article_modified_time":"2026-03-04T20:40:23+00:00","og_image":[{"width":500,"height":500,"url":"https:\/\/pepiniere-bio.ch\/wp-content\/uploads\/2026\/02\/cassis-titania.jpg","type":"image\/jpeg"}],"twitter_card":"summary_large_image","twitter_misc":{"Gesch\u00e4tzte Lesezeit":"2\u00a0Minuten"},"schema":{"@context":"https:\/\/schema.org","@graph":[{"@type":"WebPage","@id":"https:\/\/pepiniere-bio.ch\/de\/Produkt\/schwarze-johannisbeere-titania\/","url":"https:\/\/pepiniere-bio.ch\/de\/Produkt\/schwarze-johannisbeere-titania\/","name":"Schwarze Johannisbeere Titania - Die Obstbaumschule","isPartOf":{"@id":"https:\/\/pepiniere-bio.ch\/de\/#website"},"primaryImageOfPage":{"@id":"https:\/\/pepiniere-bio.ch\/de\/Produkt\/schwarze-johannisbeere-titania\/#primaryimage"},"image":{"@id":"https:\/\/pepiniere-bio.ch\/de\/Produkt\/schwarze-johannisbeere-titania\/#primaryimage"},"thumbnailUrl":"https:\/\/pepiniere-bio.ch\/wp-content\/uploads\/2026\/02\/cassis-titania.jpg","datePublished":"2026-02-10T12:28:15+00:00","dateModified":"2026-03-04T20:40:23+00:00","description":"Entdecken Sie die Schwarze Johannisbeere Titania \u2013 robust, ertragreich, resistent. Ideal f\u00fcr Frischverzehr, Marmelade oder Saft.","breadcrumb":{"@id":"https:\/\/pepiniere-bio.ch\/de\/Produkt\/schwarze-johannisbeere-titania\/#breadcrumb"},"inLanguage":"de","potentialAction":[{"@type":"ReadAction","target":["https:\/\/pepiniere-bio.ch\/de\/Produkt\/schwarze-johannisbeere-titania\/"]}]},{"@type":"ImageObject","inLanguage":"de","@id":"https:\/\/pepiniere-bio.ch\/de\/Produkt\/schwarze-johannisbeere-titania\/#primaryimage","url":"https:\/\/pepiniere-bio.ch\/wp-content\/uploads\/2026\/02\/cassis-titania.jpg","contentUrl":"https:\/\/pepiniere-bio.ch\/wp-content\/uploads\/2026\/02\/cassis-titania.jpg","width":500,"height":500},{"@type":"BreadcrumbList","@id":"https:\/\/pepiniere-bio.ch\/de\/Produkt\/schwarze-johannisbeere-titania\/#breadcrumb","itemListElement":[{"@type":"ListItem","position":1,"name":"Accueil","item":"https:\/\/pepiniere-bio.ch\/de\/"},{"@type":"ListItem","position":2,"name":"Shop","item":"https:\/\/pepiniere-bio.ch\/de\/shop\/"},{"@type":"ListItem","position":3,"name":"Schwarze Johannisbeere Titania"}]},{"@type":"WebSite","@id":"https:\/\/pepiniere-bio.ch\/de\/#website","url":"https:\/\/pepiniere-bio.ch\/de\/","name":"P\u00e9pini\u00e8re fruiti\u00e8re suisse","description":"La p\u00e9pini\u00e8re fruiti\u00e8re suisse","publisher":{"@id":"https:\/\/pepiniere-bio.ch\/de\/#organization"},"alternateName":"P\u00e9pini\u00e8re fruiti\u00e8re suisse","potentialAction":[{"@type":"SearchAction","target":{"@type":"EntryPoint","urlTemplate":"https:\/\/pepiniere-bio.ch\/de\/?s={search_term_string}"},"query-input":{"@type":"PropertyValueSpecification","valueRequired":true,"valueName":"search_term_string"}}],"inLanguage":"de"},{"@type":"Organization","@id":"https:\/\/pepiniere-bio.ch\/de\/#organization","name":"La p\u00e9pini\u00e8re fruiti\u00e8re","alternateName":"La p\u00e9pini\u00e8re fruiti\u00e8re","url":"https:\/\/pepiniere-bio.ch\/de\/","logo":{"@type":"ImageObject","inLanguage":"de","@id":"https:\/\/pepiniere-bio.ch\/de\/#\/schema\/logo\/image\/","url":"http:\/\/new.pepiniere-bio.ch\/wp-content\/uploads\/2026\/01\/logo-300.png","contentUrl":"http:\/\/new.pepiniere-bio.ch\/wp-content\/uploads\/2026\/01\/logo-300.png","width":300,"height":300,"caption":"La p\u00e9pini\u00e8re fruiti\u00e8re"},"image":{"@id":"https:\/\/pepiniere-bio.ch\/de\/#\/schema\/logo\/image\/"},"sameAs":["https:\/\/www.facebook.com\/profile.php?id=61565115227971","https:\/\/www.instagram.com\/pepinierebio?igsh=cmR2aGdsMjZ1ZnNn"]}]}},"jetpack_sharing_enabled":true,"_links":{"self":[{"href":"https:\/\/pepiniere-bio.ch\/de\/wp-json\/wp\/v2\/product\/5357","targetHints":{"allow":["GET"]}}],"collection":[{"href":"https:\/\/pepiniere-bio.ch\/de\/wp-json\/wp\/v2\/product"}],"about":[{"href":"https:\/\/pepiniere-bio.ch\/de\/wp-json\/wp\/v2\/types\/product"}],"replies":[{"embeddable":true,"href":"https:\/\/pepiniere-bio.ch\/de\/wp-json\/wp\/v2\/comments?post=5357"}],"wp:featuredmedia":[{"embeddable":true,"href":"https:\/\/pepiniere-bio.ch\/de\/wp-json\/wp\/v2\/media\/6196"}],"wp:attachment":[{"href":"https:\/\/pepiniere-bio.ch\/de\/wp-json\/wp\/v2\/media?parent=5357"}],"wp:term":[{"taxonomy":"product_brand","embeddable":true,"href":"https:\/\/pepiniere-bio.ch\/de\/wp-json\/wp\/v2\/product_brand?post=5357"},{"taxonomy":"product_cat","embeddable":true,"href":"https:\/\/pepiniere-bio.ch\/de\/wp-json\/wp\/v2\/product_cat?post=5357"},{"taxonomy":"product_tag","embeddable":true,"href":"https:\/\/pepiniere-bio.ch\/de\/wp-json\/wp\/v2\/product_tag?post=5357"}],"curies":[{"name":"wp","href":"https:\/\/api.w.org\/{rel}","templated":true}]}}