{"id":5350,"date":"2026-02-10T10:19:46","date_gmt":"2026-02-10T10:19:46","guid":{"rendered":"https:\/\/new.pepiniere-bio.ch\/?post_type=product&#038;p=5350"},"modified":"2026-03-04T20:40:23","modified_gmt":"2026-03-04T20:40:23","slug":"rebe-bio-robust-muscat-bleu-garnier-copie","status":"publish","type":"product","link":"https:\/\/pepiniere-bio.ch\/de\/Produkt\/rebe-bio-robust-muscat-bleu-garnier-copie\/","title":{"rendered":"Rebe Robust Muscat Bleu Garnier"},"content":{"rendered":"<h2 data-start=\"268\" data-end=\"345\">Rebe Robust Muscat bleu Garnier &#8211; Dunkle, muskatartige und widerstandsf\u00e4hige Traube<\/h2>\n<p data-start=\"347\" data-end=\"816\">Die <strong data-start=\"350\" data-end=\"383\">Rebe Muscat bleu Garnier<\/strong> ist eine <strong data-start=\"392\" data-end=\"426\">winterharte und schmackhafte Sorte<\/strong>, die <strong data-start=\"440\" data-end=\"472\">sehr s\u00fc\u00dfe, dunkelblaue Trauben<\/strong> mit saftigem, duftendem Fruchtfleisch liefert. <strong data-start=\"506\" data-end=\"533\">Vom ersten Bissen<\/strong> an verf\u00fchrt ihr <strong data-start=\"539\" data-end=\"566\">zartes Muskataroma<\/strong> die Liebhaber aromatischer Trauben.<br data-start=\"610\" data-end=\"613\" \/><strong data-start=\"613\" data-end=\"629\">Au\u00dferdem<\/strong> eignet sie sich aufgrund ihrer hohen nat\u00fcrlichen Widerstandsf\u00e4higkeit gegen Krankheiten hervorragend f\u00fcr <strong data-start=\"718\" data-end=\"739\">Hausg\u00e4rten<\/strong>, <strong data-start=\"745\" data-end=\"769\">biologischen Anbau<\/strong> und <strong data-start=\"777\" data-end=\"815\">Fl\u00e4chen, die nicht mit chemischen Mitteln<\/strong> behandelt werden.<\/p>\n<p data-start=\"818\" data-end=\"1116\">Diese Rebe ist nicht <strong data-start=\"818\" data-end=\"847\">nur produktiv<\/strong>, sondern <strong data-start=\"865\" data-end=\"885\">auch dekorativ<\/strong>. Sie kann leicht an einer <strong data-start=\"922\" data-end=\"933\">Pergola<\/strong>, als <strong data-start=\"938\" data-end=\"964\">Spalier an einer Mauer<\/strong> oder <strong data-start=\"969\" data-end=\"1004\">als Solit\u00e4r an einem Pfahl gepflanzt<\/strong> werden. <br data-start=\"1005\" data-end=\"1008\" \/><strong data-start=\"1008\" data-end=\"1019\">Dar\u00fcber hinaus<\/strong> passt sie sich gut an verschiedene Bodentypen an und ist auch f\u00fcr <strong data-start=\"1093\" data-end=\"1115\">h\u00f6her gelegene Regionen<\/strong> geeignet.<\/p>\n<hr data-start=\"1118\" data-end=\"1121\" \/>\n<h3 data-start=\"1123\" data-end=\"1168\">Eine dunkelblaue Traube mit au\u00dfergew\u00f6hnlichem Geschmack<\/h3>\n<p data-start=\"1170\" data-end=\"1545\">Die <strong data-start=\"1174\" data-end=\"1214\">Trauben sind kompakt und regelm\u00e4\u00dfig<\/strong> mit <strong data-start=\"1234\" data-end=\"1261\">mittelgro\u00dfen bis gro\u00dfen<\/strong> <strong data-start=\"1268\" data-end=\"1290\">, tief dunkelblauen<\/strong> Beeren.<br data-start=\"1291\" data-end=\"1294\" \/><strong data-start=\"1294\" data-end=\"1316\">Unter der festen Schale<\/strong> befindet sich ein <strong data-start=\"1334\" data-end=\"1364\">s\u00fc\u00dfes und aromatisches Fruchtfleisch<\/strong> mit einer <strong data-start=\"1382\" data-end=\"1429\">sehr charakteristischen blumigen Muskatnote<\/strong>.<br data-start=\"1430\" data-end=\"1433\" \/>Diese Traube kann <strong data-start=\"1453\" data-end=\"1479\">frisch am Tisch verzehrt<\/strong>, <strong data-start=\"1481\" data-end=\"1498\">zu Saft gepresst<\/strong> oder <strong data-start=\"1503\" data-end=\"1544\">in Dessertrezepten verwendet<\/strong> werden.<\/p>\n<p data-start=\"1547\" data-end=\"1663\">Sein reiches Aroma, seine nat\u00fcrliche S\u00fc\u00dfe und seine Vielseitigkeit machen ihn zu einer <strong data-start=\"1625\" data-end=\"1662\">ausgezeichneten Wahl f\u00fcr Familien<\/strong><strong data-start=\"1547\" data-end=\"1556\">.<\/strong><\/p>\n<hr data-start=\"1665\" data-end=\"1668\" \/>\n<h3 data-start=\"1670\" data-end=\"1701\">Einfache Ernte im September<\/h3>\n<p data-start=\"1703\" data-end=\"2038\">Die Ernte findet <strong data-start=\"1721\" data-end=\"1737\">im September<\/strong> statt, wenn die Trauben ihre volle Reife erreicht haben.<br data-start=\"1792\" data-end=\"1795\" \/><strong data-start=\"1795\" data-end=\"1811\">Jedes Jahr<\/strong> produziert der Weinberg regelm\u00e4\u00dfig mit wenig Pflege und garantiert eine <strong data-start=\"1888\" data-end=\"1923\">schmackhafte und reiche Ernte<\/strong>.<br data-start=\"1924\" data-end=\"1927\" \/><strong data-start=\"1927\" data-end=\"1945\">Daher<\/strong> ist er ideal f\u00fcr diejenigen, die <strong data-start=\"2022\" data-end=\"2037\">m\u00fchelos<\/strong> qualitativ hochwertige Bio-Trauben ernten m\u00f6chten.<\/p>\n","protected":false},"excerpt":{"rendered":"<div>\n<p><strong>Ernte: <\/strong>September<br \/>\n<strong>Frucht:<\/strong> dunkelblaue, sehr s\u00fc\u00dfe Frucht mit einem zarten Muskataroma<br \/>\n<strong>Besondere Merkmale:<\/strong> Sehr krankheitsresistent, ideal f\u00fcr den Kleingarten.<\/p>\n<div><strong>Verwendung: <\/strong>Tafeltrauben, Traubensaft, f\u00fcr Pergola, Spalier oder als Solit\u00e4r.<\/div>\n<div>Wird in einem Topf mit einer H\u00f6he von 100-140 cm geliefert.<\/div>\n<div><\/div>\n<div><\/div>\n<div><\/div>\n<\/div>\n<div><\/div>\n<div><\/div>\n<div><\/div>\n<div><\/div>\n","protected":false},"featured_media":6198,"comment_status":"open","ping_status":"closed","template":"","meta":{"_acf_changed":false},"product_brand":[229],"product_cat":[226,216,218,223,177],"product_tag":[111,110],"class_list":{"0":"post-5350","1":"product","2":"type-product","3":"status-publish","4":"has-post-thumbnail","6":"product_brand-pepiniere-fruitiere","7":"product_cat-obstbaeume-fuer-anfaenger-pflegeleichte-obstbaeume","8":"product_cat-obstbaeume-fuer-hoehenlagen","9":"product_cat-obstbaeume-fuer-kleine-gaerten","10":"product_cat-obstbaeume-resistent-gegen-krankheiten","11":"product_cat-reben-und-beerenobst","12":"product_tag-fruit-de-table-de","13":"product_tag-konfituere","15":"first","16":"instock","17":"taxable","18":"shipping-taxable","19":"purchasable","20":"product-type-variable"},"acf":[],"yoast_head":"<!-- This site is optimized with the Yoast SEO plugin v27.3 - https:\/\/yoast.com\/product\/yoast-seo-wordpress\/ -->\n<title>Rebe Muscat bleu Garnier - Dunkle Muskattraube und robust<\/title>\n<meta name=\"description\" content=\"Kaufen Sie die Rebe Robust Muscat bleu Garnier: s\u00fc\u00dfe dunkle Trauben, Muskataroma, sehr widerstandsf\u00e4hig, ideal f\u00fcr Pergola, Kleingarten oder Bio-Anbau.\" \/>\n<meta name=\"robots\" content=\"index, follow, max-snippet:-1, max-image-preview:large, max-video-preview:-1\" \/>\n<link rel=\"canonical\" href=\"https:\/\/pepiniere-bio.ch\/de\/Produkt\/rebe-bio-robust-muscat-bleu-garnier-copie\/\" \/>\n<meta property=\"og:locale\" content=\"de_DE\" \/>\n<meta property=\"og:type\" content=\"article\" \/>\n<meta property=\"og:title\" content=\"Rebe Muscat bleu Garnier - Dunkle Muskattraube und robust\" \/>\n<meta property=\"og:description\" content=\"Kaufen Sie die Rebe Robust Muscat bleu Garnier: s\u00fc\u00dfe dunkle Trauben, Muskataroma, sehr widerstandsf\u00e4hig, ideal f\u00fcr Pergola, Kleingarten oder Bio-Anbau.\" \/>\n<meta property=\"og:url\" content=\"https:\/\/pepiniere-bio.ch\/de\/Produkt\/rebe-bio-robust-muscat-bleu-garnier-copie\/\" \/>\n<meta property=\"og:site_name\" content=\"Die Obstbaumschule\" \/>\n<meta property=\"article:publisher\" content=\"https:\/\/www.facebook.com\/profile.php?id=61565115227971\" \/>\n<meta property=\"article:modified_time\" content=\"2026-03-04T20:40:23+00:00\" \/>\n<meta property=\"og:image\" content=\"https:\/\/mlwedunmuulh.i.optimole.com\/w:540\/h:540\/q:mauto\/f:best\/https:\/\/pepiniere-bio.ch\/wp-content\/uploads\/2025\/07\/vigne-bio-muscat-bleu-garnier-raisin-fonce.jpg\" \/>\n\t<meta property=\"og:image:width\" content=\"540\" \/>\n\t<meta property=\"og:image:height\" content=\"540\" \/>\n\t<meta property=\"og:image:type\" content=\"image\/jpeg\" \/>\n<meta name=\"twitter:card\" content=\"summary_large_image\" \/>\n<meta name=\"twitter:label1\" content=\"Gesch\u00e4tzte Lesezeit\" \/>\n\t<meta name=\"twitter:data1\" content=\"2\u00a0Minuten\" \/>\n<script type=\"application\/ld+json\" class=\"yoast-schema-graph\">{\"@context\":\"https:\\\/\\\/schema.org\",\"@graph\":[{\"@type\":\"WebPage\",\"@id\":\"https:\\\/\\\/pepiniere-bio.ch\\\/de\\\/Produkt\\\/rebe-bio-robust-muscat-bleu-garnier-copie\\\/\",\"url\":\"https:\\\/\\\/pepiniere-bio.ch\\\/de\\\/Produkt\\\/rebe-bio-robust-muscat-bleu-garnier-copie\\\/\",\"name\":\"Rebe Muscat bleu Garnier - Dunkle Muskattraube und robust\",\"isPartOf\":{\"@id\":\"https:\\\/\\\/pepiniere-bio.ch\\\/de\\\/#website\"},\"primaryImageOfPage\":{\"@id\":\"https:\\\/\\\/pepiniere-bio.ch\\\/de\\\/Produkt\\\/rebe-bio-robust-muscat-bleu-garnier-copie\\\/#primaryimage\"},\"image\":{\"@id\":\"https:\\\/\\\/pepiniere-bio.ch\\\/de\\\/Produkt\\\/rebe-bio-robust-muscat-bleu-garnier-copie\\\/#primaryimage\"},\"thumbnailUrl\":\"https:\\\/\\\/pepiniere-bio.ch\\\/wp-content\\\/uploads\\\/2026\\\/02\\\/vigne-muscat-bleu.jpg\",\"datePublished\":\"2026-02-10T10:19:46+00:00\",\"dateModified\":\"2026-03-04T20:40:23+00:00\",\"description\":\"Kaufen Sie die Rebe Robust Muscat bleu Garnier: s\u00fc\u00dfe dunkle Trauben, Muskataroma, sehr widerstandsf\u00e4hig, ideal f\u00fcr Pergola, Kleingarten oder Bio-Anbau.\",\"breadcrumb\":{\"@id\":\"https:\\\/\\\/pepiniere-bio.ch\\\/de\\\/Produkt\\\/rebe-bio-robust-muscat-bleu-garnier-copie\\\/#breadcrumb\"},\"inLanguage\":\"de\",\"potentialAction\":[{\"@type\":\"ReadAction\",\"target\":[\"https:\\\/\\\/pepiniere-bio.ch\\\/de\\\/Produkt\\\/rebe-bio-robust-muscat-bleu-garnier-copie\\\/\"]}]},{\"@type\":\"ImageObject\",\"inLanguage\":\"de\",\"@id\":\"https:\\\/\\\/pepiniere-bio.ch\\\/de\\\/Produkt\\\/rebe-bio-robust-muscat-bleu-garnier-copie\\\/#primaryimage\",\"url\":\"https:\\\/\\\/pepiniere-bio.ch\\\/wp-content\\\/uploads\\\/2026\\\/02\\\/vigne-muscat-bleu.jpg\",\"contentUrl\":\"https:\\\/\\\/pepiniere-bio.ch\\\/wp-content\\\/uploads\\\/2026\\\/02\\\/vigne-muscat-bleu.jpg\",\"width\":500,\"height\":500},{\"@type\":\"BreadcrumbList\",\"@id\":\"https:\\\/\\\/pepiniere-bio.ch\\\/de\\\/Produkt\\\/rebe-bio-robust-muscat-bleu-garnier-copie\\\/#breadcrumb\",\"itemListElement\":[{\"@type\":\"ListItem\",\"position\":1,\"name\":\"Accueil\",\"item\":\"https:\\\/\\\/pepiniere-bio.ch\\\/de\\\/\"},{\"@type\":\"ListItem\",\"position\":2,\"name\":\"Shop\",\"item\":\"https:\\\/\\\/pepiniere-bio.ch\\\/de\\\/shop\\\/\"},{\"@type\":\"ListItem\",\"position\":3,\"name\":\"Rebe Robust Muscat Bleu Garnier\"}]},{\"@type\":\"WebSite\",\"@id\":\"https:\\\/\\\/pepiniere-bio.ch\\\/de\\\/#website\",\"url\":\"https:\\\/\\\/pepiniere-bio.ch\\\/de\\\/\",\"name\":\"P\u00e9pini\u00e8re fruiti\u00e8re suisse\",\"description\":\"La p\u00e9pini\u00e8re fruiti\u00e8re suisse\",\"publisher\":{\"@id\":\"https:\\\/\\\/pepiniere-bio.ch\\\/de\\\/#organization\"},\"alternateName\":\"P\u00e9pini\u00e8re fruiti\u00e8re suisse\",\"potentialAction\":[{\"@type\":\"SearchAction\",\"target\":{\"@type\":\"EntryPoint\",\"urlTemplate\":\"https:\\\/\\\/pepiniere-bio.ch\\\/de\\\/?s={search_term_string}\"},\"query-input\":{\"@type\":\"PropertyValueSpecification\",\"valueRequired\":true,\"valueName\":\"search_term_string\"}}],\"inLanguage\":\"de\"},{\"@type\":\"Organization\",\"@id\":\"https:\\\/\\\/pepiniere-bio.ch\\\/de\\\/#organization\",\"name\":\"La p\u00e9pini\u00e8re fruiti\u00e8re\",\"alternateName\":\"La p\u00e9pini\u00e8re fruiti\u00e8re\",\"url\":\"https:\\\/\\\/pepiniere-bio.ch\\\/de\\\/\",\"logo\":{\"@type\":\"ImageObject\",\"inLanguage\":\"de\",\"@id\":\"https:\\\/\\\/pepiniere-bio.ch\\\/de\\\/#\\\/schema\\\/logo\\\/image\\\/\",\"url\":\"http:\\\/\\\/new.pepiniere-bio.ch\\\/wp-content\\\/uploads\\\/2026\\\/01\\\/logo-300.png\",\"contentUrl\":\"http:\\\/\\\/new.pepiniere-bio.ch\\\/wp-content\\\/uploads\\\/2026\\\/01\\\/logo-300.png\",\"width\":300,\"height\":300,\"caption\":\"La p\u00e9pini\u00e8re fruiti\u00e8re\"},\"image\":{\"@id\":\"https:\\\/\\\/pepiniere-bio.ch\\\/de\\\/#\\\/schema\\\/logo\\\/image\\\/\"},\"sameAs\":[\"https:\\\/\\\/www.facebook.com\\\/profile.php?id=61565115227971\",\"https:\\\/\\\/www.instagram.com\\\/pepinierebio?igsh=cmR2aGdsMjZ1ZnNn\"]}]}<\/script>\n<!-- \/ Yoast SEO plugin. -->","yoast_head_json":{"title":"Rebe Muscat bleu Garnier - Dunkle Muskattraube und robust","description":"Kaufen Sie die Rebe Robust Muscat bleu Garnier: s\u00fc\u00dfe dunkle Trauben, Muskataroma, sehr widerstandsf\u00e4hig, ideal f\u00fcr Pergola, Kleingarten oder Bio-Anbau.","robots":{"index":"index","follow":"follow","max-snippet":"max-snippet:-1","max-image-preview":"max-image-preview:large","max-video-preview":"max-video-preview:-1"},"canonical":"https:\/\/pepiniere-bio.ch\/de\/Produkt\/rebe-bio-robust-muscat-bleu-garnier-copie\/","og_locale":"de_DE","og_type":"article","og_title":"Rebe Muscat bleu Garnier - Dunkle Muskattraube und robust","og_description":"Kaufen Sie die Rebe Robust Muscat bleu Garnier: s\u00fc\u00dfe dunkle Trauben, Muskataroma, sehr widerstandsf\u00e4hig, ideal f\u00fcr Pergola, Kleingarten oder Bio-Anbau.","og_url":"https:\/\/pepiniere-bio.ch\/de\/Produkt\/rebe-bio-robust-muscat-bleu-garnier-copie\/","og_site_name":"Die Obstbaumschule","article_publisher":"https:\/\/www.facebook.com\/profile.php?id=61565115227971","article_modified_time":"2026-03-04T20:40:23+00:00","og_image":[{"width":540,"height":540,"url":"https:\/\/mlwedunmuulh.i.optimole.com\/w:540\/h:540\/q:mauto\/f:best\/https:\/\/pepiniere-bio.ch\/wp-content\/uploads\/2025\/07\/vigne-bio-muscat-bleu-garnier-raisin-fonce.jpg","type":"image\/jpeg"}],"twitter_card":"summary_large_image","twitter_misc":{"Gesch\u00e4tzte Lesezeit":"2\u00a0Minuten"},"schema":{"@context":"https:\/\/schema.org","@graph":[{"@type":"WebPage","@id":"https:\/\/pepiniere-bio.ch\/de\/Produkt\/rebe-bio-robust-muscat-bleu-garnier-copie\/","url":"https:\/\/pepiniere-bio.ch\/de\/Produkt\/rebe-bio-robust-muscat-bleu-garnier-copie\/","name":"Rebe Muscat bleu Garnier - Dunkle Muskattraube und robust","isPartOf":{"@id":"https:\/\/pepiniere-bio.ch\/de\/#website"},"primaryImageOfPage":{"@id":"https:\/\/pepiniere-bio.ch\/de\/Produkt\/rebe-bio-robust-muscat-bleu-garnier-copie\/#primaryimage"},"image":{"@id":"https:\/\/pepiniere-bio.ch\/de\/Produkt\/rebe-bio-robust-muscat-bleu-garnier-copie\/#primaryimage"},"thumbnailUrl":"https:\/\/pepiniere-bio.ch\/wp-content\/uploads\/2026\/02\/vigne-muscat-bleu.jpg","datePublished":"2026-02-10T10:19:46+00:00","dateModified":"2026-03-04T20:40:23+00:00","description":"Kaufen Sie die Rebe Robust Muscat bleu Garnier: s\u00fc\u00dfe dunkle Trauben, Muskataroma, sehr widerstandsf\u00e4hig, ideal f\u00fcr Pergola, Kleingarten oder Bio-Anbau.","breadcrumb":{"@id":"https:\/\/pepiniere-bio.ch\/de\/Produkt\/rebe-bio-robust-muscat-bleu-garnier-copie\/#breadcrumb"},"inLanguage":"de","potentialAction":[{"@type":"ReadAction","target":["https:\/\/pepiniere-bio.ch\/de\/Produkt\/rebe-bio-robust-muscat-bleu-garnier-copie\/"]}]},{"@type":"ImageObject","inLanguage":"de","@id":"https:\/\/pepiniere-bio.ch\/de\/Produkt\/rebe-bio-robust-muscat-bleu-garnier-copie\/#primaryimage","url":"https:\/\/pepiniere-bio.ch\/wp-content\/uploads\/2026\/02\/vigne-muscat-bleu.jpg","contentUrl":"https:\/\/pepiniere-bio.ch\/wp-content\/uploads\/2026\/02\/vigne-muscat-bleu.jpg","width":500,"height":500},{"@type":"BreadcrumbList","@id":"https:\/\/pepiniere-bio.ch\/de\/Produkt\/rebe-bio-robust-muscat-bleu-garnier-copie\/#breadcrumb","itemListElement":[{"@type":"ListItem","position":1,"name":"Accueil","item":"https:\/\/pepiniere-bio.ch\/de\/"},{"@type":"ListItem","position":2,"name":"Shop","item":"https:\/\/pepiniere-bio.ch\/de\/shop\/"},{"@type":"ListItem","position":3,"name":"Rebe Robust Muscat Bleu Garnier"}]},{"@type":"WebSite","@id":"https:\/\/pepiniere-bio.ch\/de\/#website","url":"https:\/\/pepiniere-bio.ch\/de\/","name":"P\u00e9pini\u00e8re fruiti\u00e8re suisse","description":"La p\u00e9pini\u00e8re fruiti\u00e8re suisse","publisher":{"@id":"https:\/\/pepiniere-bio.ch\/de\/#organization"},"alternateName":"P\u00e9pini\u00e8re fruiti\u00e8re suisse","potentialAction":[{"@type":"SearchAction","target":{"@type":"EntryPoint","urlTemplate":"https:\/\/pepiniere-bio.ch\/de\/?s={search_term_string}"},"query-input":{"@type":"PropertyValueSpecification","valueRequired":true,"valueName":"search_term_string"}}],"inLanguage":"de"},{"@type":"Organization","@id":"https:\/\/pepiniere-bio.ch\/de\/#organization","name":"La p\u00e9pini\u00e8re fruiti\u00e8re","alternateName":"La p\u00e9pini\u00e8re fruiti\u00e8re","url":"https:\/\/pepiniere-bio.ch\/de\/","logo":{"@type":"ImageObject","inLanguage":"de","@id":"https:\/\/pepiniere-bio.ch\/de\/#\/schema\/logo\/image\/","url":"http:\/\/new.pepiniere-bio.ch\/wp-content\/uploads\/2026\/01\/logo-300.png","contentUrl":"http:\/\/new.pepiniere-bio.ch\/wp-content\/uploads\/2026\/01\/logo-300.png","width":300,"height":300,"caption":"La p\u00e9pini\u00e8re fruiti\u00e8re"},"image":{"@id":"https:\/\/pepiniere-bio.ch\/de\/#\/schema\/logo\/image\/"},"sameAs":["https:\/\/www.facebook.com\/profile.php?id=61565115227971","https:\/\/www.instagram.com\/pepinierebio?igsh=cmR2aGdsMjZ1ZnNn"]}]}},"jetpack_sharing_enabled":true,"_links":{"self":[{"href":"https:\/\/pepiniere-bio.ch\/de\/wp-json\/wp\/v2\/product\/5350","targetHints":{"allow":["GET"]}}],"collection":[{"href":"https:\/\/pepiniere-bio.ch\/de\/wp-json\/wp\/v2\/product"}],"about":[{"href":"https:\/\/pepiniere-bio.ch\/de\/wp-json\/wp\/v2\/types\/product"}],"replies":[{"embeddable":true,"href":"https:\/\/pepiniere-bio.ch\/de\/wp-json\/wp\/v2\/comments?post=5350"}],"wp:featuredmedia":[{"embeddable":true,"href":"https:\/\/pepiniere-bio.ch\/de\/wp-json\/wp\/v2\/media\/6198"}],"wp:attachment":[{"href":"https:\/\/pepiniere-bio.ch\/de\/wp-json\/wp\/v2\/media?parent=5350"}],"wp:term":[{"taxonomy":"product_brand","embeddable":true,"href":"https:\/\/pepiniere-bio.ch\/de\/wp-json\/wp\/v2\/product_brand?post=5350"},{"taxonomy":"product_cat","embeddable":true,"href":"https:\/\/pepiniere-bio.ch\/de\/wp-json\/wp\/v2\/product_cat?post=5350"},{"taxonomy":"product_tag","embeddable":true,"href":"https:\/\/pepiniere-bio.ch\/de\/wp-json\/wp\/v2\/product_tag?post=5350"}],"curies":[{"name":"wp","href":"https:\/\/api.w.org\/{rel}","templated":true}]}}