{"id":5337,"date":"2026-02-10T09:41:21","date_gmt":"2026-02-10T09:41:21","guid":{"rendered":"https:\/\/new.pepiniere-bio.ch\/?post_type=product&#038;p=5337"},"modified":"2026-03-04T20:40:23","modified_gmt":"2026-03-04T20:40:23","slug":"robuste-rebe-palatina-copie","status":"publish","type":"product","link":"https:\/\/pepiniere-bio.ch\/de\/Produkt\/robuste-rebe-palatina-copie\/","title":{"rendered":"Robuste Rebe Palatina"},"content":{"rendered":"<h2 data-start=\"250\" data-end=\"323\">Robuste Rebe Palatina &#8211; Goldgelbe, s\u00fc\u00dfe und unbeschwerte wei\u00dfe Traube<\/h2>\n<p data-start=\"325\" data-end=\"802\">Die <strong data-start=\"328\" data-end=\"350\">Rebe Palatina<\/strong> ist eine s\u00fc\u00dfe, rustikale und sehr einfach zu kultivierende <strong data-start=\"359\" data-end=\"395\">wei\u00dfe Tafeltraube<\/strong>.<br data-start=\"440\" data-end=\"443\" \/>Sie bringt <strong data-start=\"457\" data-end=\"482\">sch\u00f6ne goldene Trauben<\/strong> hervor, die sehr s\u00fc\u00df sind und nur wenige Kerne enthalten.<br data-start=\"523\" data-end=\"526\" \/>Dank ihrer <strong data-start=\"537\" data-end=\"574\">nat\u00fcrlichen Resistenz gegen Krankheiten<\/strong> ist sie perfekt f\u00fcr <strong data-start=\"603\" data-end=\"624\">Kleing\u00e4rten<\/strong>, <strong data-start=\"630\" data-end=\"642\">Pergolen<\/strong>, <strong data-start=\"648\" data-end=\"661\">Spaliere<\/strong> oder sogar als Solit\u00e4rpflanze geeignet.<br data-start=\"699\" data-end=\"702\" \/>Dar\u00fcber hinaus ist diese Rebe <strong data-start=\"723\" data-end=\"751\">h\u00f6henvertr\u00e4glich<\/strong>, was sie in vielen Regionen ideal macht.<\/p>\n<h3 data-start=\"804\" data-end=\"857\">Eine goldgelbe, wei\u00dfe Traube, die s\u00fc\u00df und angenehm zu kauen ist.<\/h3>\n<p data-start=\"859\" data-end=\"1215\">Die <strong data-start=\"862\" data-end=\"881\">Palatina-Traube<\/strong> ist <strong data-start=\"886\" data-end=\"902\">wei\u00df bis goldfarben<\/strong>, mit einer d\u00fcnnen Haut und einem s\u00fc\u00dfen Fruchtfleisch.<br data-start=\"948\" data-end=\"951\" \/>Der Geschmack ist s\u00fc\u00df, angenehm und bei Kindern und Erwachsenen gleicherma\u00dfen beliebt.<br data-start=\"1030\" data-end=\"1033\" \/>Die <strong data-start=\"1036\" data-end=\"1065\">geringe Anzahl an Kernen<\/strong> macht sie zu einer Frucht, die jederzeit leicht zu genie\u00dfen ist.<br data-start=\"1115\" data-end=\"1118\" \/>Sie k\u00f6nnen sie <strong data-start=\"1143\" data-end=\"1171\">frisch als Tafeltraube<\/strong> essen oder einen <strong data-start=\"1187\" data-end=\"1214\">k\u00f6stlichen Traubensaft<\/strong> daraus herstellen.<\/p>\n<h3 data-start=\"1217\" data-end=\"1248\">Ernte ab Mitte September<\/h3>\n<p data-start=\"1250\" data-end=\"1511\">Die <strong data-start=\"1253\" data-end=\"1298\">Ernte des Palatina beginnt Mitte September<\/strong>, wenn die Trauben reif sind.<br data-start=\"1334\" data-end=\"1337\" \/>Jedes Jahr <strong data-start=\"1360\" data-end=\"1394\">liefert<\/strong> der Weinberg <strong data-start=\"1360\" data-end=\"1394\">einen gleichm\u00e4\u00dfigen Ertrag<\/strong> mit sch\u00f6nen Fr\u00fcchten.<br data-start=\"1417\" data-end=\"1420\" \/>So kommen Sie <strong data-start=\"1464\" data-end=\"1485\">im Sp\u00e4tsommer<\/strong> in den Genuss von Qualit\u00e4tstrauben ohne chemische Behandlung.<\/p>\n<h3 data-start=\"1513\" data-end=\"1551\">Ein einfacher und dekorativer Bio-Weinberg<\/h3>\n<p data-start=\"1553\" data-end=\"1908\">Die <strong data-start=\"1556\" data-end=\"1574\">Palatina-Rebe<\/strong> ist <strong data-start=\"1579\" data-end=\"1621\">sehr widerstandsf\u00e4hig gegen Pilzkrankheiten<\/strong> wie Mehltau oder Falscher Mehltau.<br data-start=\"1651\" data-end=\"1654\" \/>Sie w\u00e4chst auch <strong data-start=\"1671\" data-end=\"1690\">ohne Behandlung<\/strong> gut, selbst unter feuchten Bedingungen oder in H\u00f6henlagen.<br data-start=\"1740\" data-end=\"1743\" \/>Sie k\u00f6nnen sie in einer <strong data-start=\"1768\" data-end=\"1807\">Pergola, einem Spalier oder an einem Pfahl<\/strong> f\u00fchren, je nach verf\u00fcgbarem Platz.<br data-start=\"1835\" data-end=\"1838\" \/>Ihr dichtes Laubwerk verleiht dem Garten auch einen <strong data-start=\"1874\" data-end=\"1897\">sch\u00f6nen dekorativen Effekt<\/strong>.<\/p>\n<h3 data-start=\"1910\" data-end=\"1929\">Bereit zum Anpflanzen<\/h3>\n<p data-start=\"1931\" data-end=\"2176\">Die <strong data-start=\"1934\" data-end=\"1974\">Rebe Palatina wird im Topf geliefert<\/strong>, mit einer H\u00f6he von <strong data-start=\"1996\" data-end=\"2012\">100 bis 140 cm<\/strong>.<br data-start=\"2013\" data-end=\"2016\" \/>Sie ist bereit, direkt in Ihren Garten gepflanzt zu werden.<br data-start=\"2076\" data-end=\"2079\" \/>Sie wird Ihnen eine <strong data-start=\"2101\" data-end=\"2175\">gro\u00dfz\u00fcgige Ernte, s\u00fc\u00dfen Genuss und einen Hauch von nat\u00fcrlicher Eleganz<\/strong> bieten.<\/p>\n<p data-start=\"1931\" data-end=\"2176\">Wir stehen Ihnen f\u00fcr alle Fragen zur Verf\u00fcgung.<\/p>\n","protected":false},"excerpt":{"rendered":"<div>\n<p><strong>Ernte: <\/strong>Mitte September<br \/>\n<strong>Frucht:<\/strong> Wei\u00dfe, goldene, sehr s\u00fc\u00dfe Trauben, regelm\u00e4\u00dfige Produktion, mit wenigen Kernen.<br \/>\n<strong>Besonderheiten:<\/strong> sehr krankheitsresistent, ideal f\u00fcr den Hausgarten, Tafeltraube<\/p>\n<div><strong>Verwendung: <\/strong>Tafeltraube, Traubensaft, f\u00fcr Pergola, Spalier oder als Solit\u00e4r, h\u00f6henvertr\u00e4glich<\/div>\n<div>Wird in einem Topf mit einer H\u00f6he von 100-140 cm geliefert.<\/div>\n<\/div>\n<div><\/div>\n","protected":false},"featured_media":6202,"comment_status":"open","ping_status":"closed","template":"","meta":{"_acf_changed":false},"product_brand":[229],"product_cat":[226,216,218,223,177],"product_tag":[111,124],"class_list":{"0":"post-5337","1":"product","2":"type-product","3":"status-publish","4":"has-post-thumbnail","6":"product_brand-pepiniere-fruitiere","7":"product_cat-obstbaeume-fuer-anfaenger-pflegeleichte-obstbaeume","8":"product_cat-obstbaeume-fuer-hoehenlagen","9":"product_cat-obstbaeume-fuer-kleine-gaerten","10":"product_cat-obstbaeume-resistent-gegen-krankheiten","11":"product_cat-reben-und-beerenobst","12":"product_tag-fruit-de-table-de","13":"product_tag-fuer-berglage","15":"first","16":"instock","17":"taxable","18":"shipping-taxable","19":"purchasable","20":"product-type-variable"},"acf":[],"yoast_head":"<!-- This site is optimized with the Yoast SEO plugin v27.3 - https:\/\/yoast.com\/product\/yoast-seo-wordpress\/ -->\n<title>Robuster Rebstock Palatina - Goldgelbe, wei\u00dfe, s\u00fc\u00dfe Traube<\/title>\n<meta name=\"description\" content=\"Kaufen Sie die Rebe Robuste Palatina: gold-wei\u00dfe Trauben, sehr s\u00fc\u00df, wenig Kerne. Widerstandsf\u00e4hige Rebe, ideal f\u00fcr H\u00f6henlagen, Pergola oder Kleingarten.\" \/>\n<meta name=\"robots\" content=\"index, follow, max-snippet:-1, max-image-preview:large, max-video-preview:-1\" \/>\n<link rel=\"canonical\" href=\"https:\/\/pepiniere-bio.ch\/de\/Produkt\/robuste-rebe-palatina-copie\/\" \/>\n<meta property=\"og:locale\" content=\"de_DE\" \/>\n<meta property=\"og:type\" content=\"article\" \/>\n<meta property=\"og:title\" content=\"Robuster Rebstock Palatina - Goldgelbe, wei\u00dfe, s\u00fc\u00dfe Traube\" \/>\n<meta property=\"og:description\" content=\"Kaufen Sie die Rebe Robuste Palatina: gold-wei\u00dfe Trauben, sehr s\u00fc\u00df, wenig Kerne. Widerstandsf\u00e4hige Rebe, ideal f\u00fcr H\u00f6henlagen, Pergola oder Kleingarten.\" \/>\n<meta property=\"og:url\" content=\"https:\/\/pepiniere-bio.ch\/de\/Produkt\/robuste-rebe-palatina-copie\/\" \/>\n<meta property=\"og:site_name\" content=\"Die Obstbaumschule\" \/>\n<meta property=\"article:publisher\" content=\"https:\/\/www.facebook.com\/profile.php?id=61565115227971\" \/>\n<meta property=\"article:modified_time\" content=\"2026-03-04T20:40:23+00:00\" \/>\n<meta property=\"og:image\" content=\"https:\/\/pepiniere-bio.ch\/wp-content\/uploads\/2026\/02\/Vigne-Pallatina.jpg\" \/>\n\t<meta property=\"og:image:width\" content=\"500\" \/>\n\t<meta property=\"og:image:height\" content=\"500\" \/>\n\t<meta property=\"og:image:type\" content=\"image\/jpeg\" \/>\n<meta name=\"twitter:card\" content=\"summary_large_image\" \/>\n<meta name=\"twitter:label1\" content=\"Gesch\u00e4tzte Lesezeit\" \/>\n\t<meta name=\"twitter:data1\" content=\"2\u00a0Minuten\" \/>\n<script type=\"application\/ld+json\" class=\"yoast-schema-graph\">{\"@context\":\"https:\\\/\\\/schema.org\",\"@graph\":[{\"@type\":\"WebPage\",\"@id\":\"https:\\\/\\\/pepiniere-bio.ch\\\/de\\\/Produkt\\\/robuste-rebe-palatina-copie\\\/\",\"url\":\"https:\\\/\\\/pepiniere-bio.ch\\\/de\\\/Produkt\\\/robuste-rebe-palatina-copie\\\/\",\"name\":\"Robuster Rebstock Palatina - Goldgelbe, wei\u00dfe, s\u00fc\u00dfe Traube\",\"isPartOf\":{\"@id\":\"https:\\\/\\\/pepiniere-bio.ch\\\/de\\\/#website\"},\"primaryImageOfPage\":{\"@id\":\"https:\\\/\\\/pepiniere-bio.ch\\\/de\\\/Produkt\\\/robuste-rebe-palatina-copie\\\/#primaryimage\"},\"image\":{\"@id\":\"https:\\\/\\\/pepiniere-bio.ch\\\/de\\\/Produkt\\\/robuste-rebe-palatina-copie\\\/#primaryimage\"},\"thumbnailUrl\":\"https:\\\/\\\/pepiniere-bio.ch\\\/wp-content\\\/uploads\\\/2026\\\/02\\\/Vigne-Pallatina.jpg\",\"datePublished\":\"2026-02-10T09:41:21+00:00\",\"dateModified\":\"2026-03-04T20:40:23+00:00\",\"description\":\"Kaufen Sie die Rebe Robuste Palatina: gold-wei\u00dfe Trauben, sehr s\u00fc\u00df, wenig Kerne. Widerstandsf\u00e4hige Rebe, ideal f\u00fcr H\u00f6henlagen, Pergola oder Kleingarten.\",\"breadcrumb\":{\"@id\":\"https:\\\/\\\/pepiniere-bio.ch\\\/de\\\/Produkt\\\/robuste-rebe-palatina-copie\\\/#breadcrumb\"},\"inLanguage\":\"de\",\"potentialAction\":[{\"@type\":\"ReadAction\",\"target\":[\"https:\\\/\\\/pepiniere-bio.ch\\\/de\\\/Produkt\\\/robuste-rebe-palatina-copie\\\/\"]}]},{\"@type\":\"ImageObject\",\"inLanguage\":\"de\",\"@id\":\"https:\\\/\\\/pepiniere-bio.ch\\\/de\\\/Produkt\\\/robuste-rebe-palatina-copie\\\/#primaryimage\",\"url\":\"https:\\\/\\\/pepiniere-bio.ch\\\/wp-content\\\/uploads\\\/2026\\\/02\\\/Vigne-Pallatina.jpg\",\"contentUrl\":\"https:\\\/\\\/pepiniere-bio.ch\\\/wp-content\\\/uploads\\\/2026\\\/02\\\/Vigne-Pallatina.jpg\",\"width\":500,\"height\":500},{\"@type\":\"BreadcrumbList\",\"@id\":\"https:\\\/\\\/pepiniere-bio.ch\\\/de\\\/Produkt\\\/robuste-rebe-palatina-copie\\\/#breadcrumb\",\"itemListElement\":[{\"@type\":\"ListItem\",\"position\":1,\"name\":\"Accueil\",\"item\":\"https:\\\/\\\/pepiniere-bio.ch\\\/de\\\/\"},{\"@type\":\"ListItem\",\"position\":2,\"name\":\"Shop\",\"item\":\"https:\\\/\\\/pepiniere-bio.ch\\\/de\\\/shop\\\/\"},{\"@type\":\"ListItem\",\"position\":3,\"name\":\"Robuste Rebe Palatina\"}]},{\"@type\":\"WebSite\",\"@id\":\"https:\\\/\\\/pepiniere-bio.ch\\\/de\\\/#website\",\"url\":\"https:\\\/\\\/pepiniere-bio.ch\\\/de\\\/\",\"name\":\"P\u00e9pini\u00e8re fruiti\u00e8re suisse\",\"description\":\"La p\u00e9pini\u00e8re fruiti\u00e8re suisse\",\"publisher\":{\"@id\":\"https:\\\/\\\/pepiniere-bio.ch\\\/de\\\/#organization\"},\"alternateName\":\"P\u00e9pini\u00e8re fruiti\u00e8re suisse\",\"potentialAction\":[{\"@type\":\"SearchAction\",\"target\":{\"@type\":\"EntryPoint\",\"urlTemplate\":\"https:\\\/\\\/pepiniere-bio.ch\\\/de\\\/?s={search_term_string}\"},\"query-input\":{\"@type\":\"PropertyValueSpecification\",\"valueRequired\":true,\"valueName\":\"search_term_string\"}}],\"inLanguage\":\"de\"},{\"@type\":\"Organization\",\"@id\":\"https:\\\/\\\/pepiniere-bio.ch\\\/de\\\/#organization\",\"name\":\"La p\u00e9pini\u00e8re fruiti\u00e8re\",\"alternateName\":\"La p\u00e9pini\u00e8re fruiti\u00e8re\",\"url\":\"https:\\\/\\\/pepiniere-bio.ch\\\/de\\\/\",\"logo\":{\"@type\":\"ImageObject\",\"inLanguage\":\"de\",\"@id\":\"https:\\\/\\\/pepiniere-bio.ch\\\/de\\\/#\\\/schema\\\/logo\\\/image\\\/\",\"url\":\"http:\\\/\\\/new.pepiniere-bio.ch\\\/wp-content\\\/uploads\\\/2026\\\/01\\\/logo-300.png\",\"contentUrl\":\"http:\\\/\\\/new.pepiniere-bio.ch\\\/wp-content\\\/uploads\\\/2026\\\/01\\\/logo-300.png\",\"width\":300,\"height\":300,\"caption\":\"La p\u00e9pini\u00e8re fruiti\u00e8re\"},\"image\":{\"@id\":\"https:\\\/\\\/pepiniere-bio.ch\\\/de\\\/#\\\/schema\\\/logo\\\/image\\\/\"},\"sameAs\":[\"https:\\\/\\\/www.facebook.com\\\/profile.php?id=61565115227971\",\"https:\\\/\\\/www.instagram.com\\\/pepinierebio?igsh=cmR2aGdsMjZ1ZnNn\"]}]}<\/script>\n<!-- \/ Yoast SEO plugin. -->","yoast_head_json":{"title":"Robuster Rebstock Palatina - Goldgelbe, wei\u00dfe, s\u00fc\u00dfe Traube","description":"Kaufen Sie die Rebe Robuste Palatina: gold-wei\u00dfe Trauben, sehr s\u00fc\u00df, wenig Kerne. Widerstandsf\u00e4hige Rebe, ideal f\u00fcr H\u00f6henlagen, Pergola oder Kleingarten.","robots":{"index":"index","follow":"follow","max-snippet":"max-snippet:-1","max-image-preview":"max-image-preview:large","max-video-preview":"max-video-preview:-1"},"canonical":"https:\/\/pepiniere-bio.ch\/de\/Produkt\/robuste-rebe-palatina-copie\/","og_locale":"de_DE","og_type":"article","og_title":"Robuster Rebstock Palatina - Goldgelbe, wei\u00dfe, s\u00fc\u00dfe Traube","og_description":"Kaufen Sie die Rebe Robuste Palatina: gold-wei\u00dfe Trauben, sehr s\u00fc\u00df, wenig Kerne. Widerstandsf\u00e4hige Rebe, ideal f\u00fcr H\u00f6henlagen, Pergola oder Kleingarten.","og_url":"https:\/\/pepiniere-bio.ch\/de\/Produkt\/robuste-rebe-palatina-copie\/","og_site_name":"Die Obstbaumschule","article_publisher":"https:\/\/www.facebook.com\/profile.php?id=61565115227971","article_modified_time":"2026-03-04T20:40:23+00:00","og_image":[{"width":500,"height":500,"url":"https:\/\/pepiniere-bio.ch\/wp-content\/uploads\/2026\/02\/Vigne-Pallatina.jpg","type":"image\/jpeg"}],"twitter_card":"summary_large_image","twitter_misc":{"Gesch\u00e4tzte Lesezeit":"2\u00a0Minuten"},"schema":{"@context":"https:\/\/schema.org","@graph":[{"@type":"WebPage","@id":"https:\/\/pepiniere-bio.ch\/de\/Produkt\/robuste-rebe-palatina-copie\/","url":"https:\/\/pepiniere-bio.ch\/de\/Produkt\/robuste-rebe-palatina-copie\/","name":"Robuster Rebstock Palatina - Goldgelbe, wei\u00dfe, s\u00fc\u00dfe Traube","isPartOf":{"@id":"https:\/\/pepiniere-bio.ch\/de\/#website"},"primaryImageOfPage":{"@id":"https:\/\/pepiniere-bio.ch\/de\/Produkt\/robuste-rebe-palatina-copie\/#primaryimage"},"image":{"@id":"https:\/\/pepiniere-bio.ch\/de\/Produkt\/robuste-rebe-palatina-copie\/#primaryimage"},"thumbnailUrl":"https:\/\/pepiniere-bio.ch\/wp-content\/uploads\/2026\/02\/Vigne-Pallatina.jpg","datePublished":"2026-02-10T09:41:21+00:00","dateModified":"2026-03-04T20:40:23+00:00","description":"Kaufen Sie die Rebe Robuste Palatina: gold-wei\u00dfe Trauben, sehr s\u00fc\u00df, wenig Kerne. Widerstandsf\u00e4hige Rebe, ideal f\u00fcr H\u00f6henlagen, Pergola oder Kleingarten.","breadcrumb":{"@id":"https:\/\/pepiniere-bio.ch\/de\/Produkt\/robuste-rebe-palatina-copie\/#breadcrumb"},"inLanguage":"de","potentialAction":[{"@type":"ReadAction","target":["https:\/\/pepiniere-bio.ch\/de\/Produkt\/robuste-rebe-palatina-copie\/"]}]},{"@type":"ImageObject","inLanguage":"de","@id":"https:\/\/pepiniere-bio.ch\/de\/Produkt\/robuste-rebe-palatina-copie\/#primaryimage","url":"https:\/\/pepiniere-bio.ch\/wp-content\/uploads\/2026\/02\/Vigne-Pallatina.jpg","contentUrl":"https:\/\/pepiniere-bio.ch\/wp-content\/uploads\/2026\/02\/Vigne-Pallatina.jpg","width":500,"height":500},{"@type":"BreadcrumbList","@id":"https:\/\/pepiniere-bio.ch\/de\/Produkt\/robuste-rebe-palatina-copie\/#breadcrumb","itemListElement":[{"@type":"ListItem","position":1,"name":"Accueil","item":"https:\/\/pepiniere-bio.ch\/de\/"},{"@type":"ListItem","position":2,"name":"Shop","item":"https:\/\/pepiniere-bio.ch\/de\/shop\/"},{"@type":"ListItem","position":3,"name":"Robuste Rebe Palatina"}]},{"@type":"WebSite","@id":"https:\/\/pepiniere-bio.ch\/de\/#website","url":"https:\/\/pepiniere-bio.ch\/de\/","name":"P\u00e9pini\u00e8re fruiti\u00e8re suisse","description":"La p\u00e9pini\u00e8re fruiti\u00e8re suisse","publisher":{"@id":"https:\/\/pepiniere-bio.ch\/de\/#organization"},"alternateName":"P\u00e9pini\u00e8re fruiti\u00e8re suisse","potentialAction":[{"@type":"SearchAction","target":{"@type":"EntryPoint","urlTemplate":"https:\/\/pepiniere-bio.ch\/de\/?s={search_term_string}"},"query-input":{"@type":"PropertyValueSpecification","valueRequired":true,"valueName":"search_term_string"}}],"inLanguage":"de"},{"@type":"Organization","@id":"https:\/\/pepiniere-bio.ch\/de\/#organization","name":"La p\u00e9pini\u00e8re fruiti\u00e8re","alternateName":"La p\u00e9pini\u00e8re fruiti\u00e8re","url":"https:\/\/pepiniere-bio.ch\/de\/","logo":{"@type":"ImageObject","inLanguage":"de","@id":"https:\/\/pepiniere-bio.ch\/de\/#\/schema\/logo\/image\/","url":"http:\/\/new.pepiniere-bio.ch\/wp-content\/uploads\/2026\/01\/logo-300.png","contentUrl":"http:\/\/new.pepiniere-bio.ch\/wp-content\/uploads\/2026\/01\/logo-300.png","width":300,"height":300,"caption":"La p\u00e9pini\u00e8re fruiti\u00e8re"},"image":{"@id":"https:\/\/pepiniere-bio.ch\/de\/#\/schema\/logo\/image\/"},"sameAs":["https:\/\/www.facebook.com\/profile.php?id=61565115227971","https:\/\/www.instagram.com\/pepinierebio?igsh=cmR2aGdsMjZ1ZnNn"]}]}},"jetpack_sharing_enabled":true,"_links":{"self":[{"href":"https:\/\/pepiniere-bio.ch\/de\/wp-json\/wp\/v2\/product\/5337","targetHints":{"allow":["GET"]}}],"collection":[{"href":"https:\/\/pepiniere-bio.ch\/de\/wp-json\/wp\/v2\/product"}],"about":[{"href":"https:\/\/pepiniere-bio.ch\/de\/wp-json\/wp\/v2\/types\/product"}],"replies":[{"embeddable":true,"href":"https:\/\/pepiniere-bio.ch\/de\/wp-json\/wp\/v2\/comments?post=5337"}],"wp:featuredmedia":[{"embeddable":true,"href":"https:\/\/pepiniere-bio.ch\/de\/wp-json\/wp\/v2\/media\/6202"}],"wp:attachment":[{"href":"https:\/\/pepiniere-bio.ch\/de\/wp-json\/wp\/v2\/media?parent=5337"}],"wp:term":[{"taxonomy":"product_brand","embeddable":true,"href":"https:\/\/pepiniere-bio.ch\/de\/wp-json\/wp\/v2\/product_brand?post=5337"},{"taxonomy":"product_cat","embeddable":true,"href":"https:\/\/pepiniere-bio.ch\/de\/wp-json\/wp\/v2\/product_cat?post=5337"},{"taxonomy":"product_tag","embeddable":true,"href":"https:\/\/pepiniere-bio.ch\/de\/wp-json\/wp\/v2\/product_tag?post=5337"}],"curies":[{"name":"wp","href":"https:\/\/api.w.org\/{rel}","templated":true}]}}