{"id":5330,"date":"2026-02-10T09:23:38","date_gmt":"2026-02-10T09:23:38","guid":{"rendered":"https:\/\/new.pepiniere-bio.ch\/?post_type=product&#038;p=5330"},"modified":"2026-03-04T20:40:23","modified_gmt":"2026-03-04T20:40:23","slug":"robuster-bio-rebstock-nero-copie","status":"publish","type":"product","link":"https:\/\/pepiniere-bio.ch\/de\/Produkt\/robuster-bio-rebstock-nero-copie\/","title":{"rendered":"Robuster Rebstock Nero"},"content":{"rendered":"<h2 data-start=\"325\" data-end=\"398\">Robuster Rebstock Nero &#8211; Knackige, s\u00fc\u00dfe und sehr widerstandsf\u00e4hige blaue Traube<\/h2>\n<p data-start=\"400\" data-end=\"832\">Die <strong data-start=\"403\" data-end=\"421\">robuste Rebe Nero<\/strong> ist eine <strong data-start=\"430\" data-end=\"449\">fr\u00fche Sorte<\/strong> von Tafeltrauben. Sie produziert ab August wundersch\u00f6ne <strong data-start=\"509\" data-end=\"524\">blaue Trauben<\/strong>.<br data-start=\"544\" data-end=\"547\" \/>Dank ihrer <strong data-start=\"558\" data-end=\"595\">nat\u00fcrlichen Resistenz gegen Krankheiten<\/strong> ist sie ideal f\u00fcr den <strong data-start=\"621\" data-end=\"640\">Hausgarten<\/strong>.<br data-start=\"641\" data-end=\"644\" \/>Sie k\u00f6nnen sie <strong data-start=\"668\" data-end=\"696\">ohne chemische Behandlung<\/strong> anbauen, auch wenn Sie Anf\u00e4nger sind.<br data-start=\"719\" data-end=\"722\" \/>Sie eignet sich perfekt f\u00fcr den Anbau in einer <strong data-start=\"766\" data-end=\"777\">Pergola<\/strong>, an einem <strong data-start=\"782\" data-end=\"794\">Spalier<\/strong> oder <strong data-start=\"799\" data-end=\"831\">allein in einer Ecke des Gartens<\/strong>.<\/p>\n<h3 data-start=\"834\" data-end=\"876\">Eine s\u00fc\u00dfe und aromatische Tafeltraube<\/h3>\n<p data-start=\"878\" data-end=\"1261\">Die Nero-Traube ist <strong data-start=\"897\" data-end=\"923\">knackig und sehr s\u00fc\u00df<\/strong>. Ihre Haut ist dunkelblau und fest.<br data-start=\"959\" data-end=\"962\" \/>Das Fruchtfleisch ist saftig und verstr\u00f6mt ein <strong data-start=\"996\" data-end=\"1026\">angenehmes fruchtiges Aroma<\/strong>.<br data-start=\"1027\" data-end=\"1030\" \/>Sie ist eine <strong data-start=\"1039\" data-end=\"1068\">ausgezeichnete Tafeltraube<\/strong>, die sofort nach der Ernte frisch verzehrt werden sollte.<br data-start=\"1103\" data-end=\"1106\" \/>Sie k\u00f6nnen sie auch f\u00fcr die Herstellung von <strong data-start=\"1149\" data-end=\"1173\">hausgemachtem Traubensaft<\/strong> verwenden.<br data-start=\"1174\" data-end=\"1177\" \/>Schlie\u00dflich eignet sie sich auch als <strong data-start=\"1212\" data-end=\"1230\">Keltertraube<\/strong>, f\u00fcr eine eher handwerkliche Verwendung.<\/p>\n<h3 data-start=\"1263\" data-end=\"1299\">Eine fr\u00fche und regelm\u00e4\u00dfige Ernte<\/h3>\n<p data-start=\"1301\" data-end=\"1559\">Diese Rebe bietet <strong data-start=\"1323\" data-end=\"1363\">ab August<\/strong> eine <strong data-start=\"1323\" data-end=\"1363\">gro\u00dfz\u00fcgige Ernte<\/strong>.<br data-start=\"1364\" data-end=\"1367\" \/>Die Trauben sind sch\u00f6n, homogen und gut geformt.<br data-start=\"1418\" data-end=\"1421\" \/>Sie produziert <strong data-start=\"1434\" data-end=\"1450\">jedes Jahr<\/strong>, auch bei geringer Pflege.<br data-start=\"1478\" data-end=\"1481\" \/>So erm\u00f6glicht sie es, <strong data-start=\"1503\" data-end=\"1558\">sehr fr\u00fch in den Genuss der ersten Trauben der Saison<\/strong> zu kommen.<\/p>\n<h3 data-start=\"1561\" data-end=\"1605\">Ein einfach und nat\u00fcrlich zu kultivierender Weinberg<\/h3>\n<p data-start=\"1607\" data-end=\"1959\">Die <strong data-start=\"1610\" data-end=\"1669\">Nero-Rebe ist sehr widerstandsf\u00e4hig gegen Mehltau und Falschen Mehltau<\/strong>.<br data-start=\"1670\" data-end=\"1673\" \/>Sie muss auch in feuchtem Klima nicht gespritzt werden.<br data-start=\"1734\" data-end=\"1737\" \/>Sie gedeiht gut im <strong data-start=\"1757\" data-end=\"1779\">biologischen Anbau<\/strong>, ohne komplizierte Pflege.<br data-start=\"1803\" data-end=\"1806\" \/>Ihr Laub ist dicht, was sie auch zu einem <strong data-start=\"1855\" data-end=\"1876\">dekorativen Element<\/strong> macht.<br data-start=\"1877\" data-end=\"1880\" \/>Au\u00dferdem eignet sie sich hervorragend f\u00fcr kleine Fl\u00e4chen oder eine Obsthecke.<\/p>\n<h3 data-start=\"1961\" data-end=\"1987\">Wird pflanzenfertig geliefert<\/h3>\n<p data-start=\"1989\" data-end=\"2188\">Die <strong data-start=\"1992\" data-end=\"2028\">Rebe Nero wird im Topf geliefert<\/strong>, mit einer H\u00f6he von <strong data-start=\"2050\" data-end=\"2066\">100 bis 140 cm<\/strong>.<br data-start=\"2067\" data-end=\"2070\" \/>Sie ist sofort nach Erhalt pflanzfertig.<br data-start=\"2117\" data-end=\"2120\" \/>Sie vereint <strong data-start=\"2131\" data-end=\"2187\">Geschmackserlebnis, Robustheit und nat\u00fcrliche \u00c4sthetik<\/strong>.<\/p>\n","protected":false},"excerpt":{"rendered":"<div>\n<p><strong>Ernte:<\/strong> August<br \/>\n<strong>Frucht:<\/strong> blaue Trauben. gro\u00df, knackig, sehr s\u00fc\u00df, sehr aromatisch.<br \/>\n<strong>Besondere Merkmale:<\/strong> Sehr krankheitsresistent, ideal f\u00fcr den Hausgarten, Tafel- und Keltertrauben.<\/p>\n<div><strong>Verwendung: <\/strong>Tafeltrauben, Traubensaft, f\u00fcr Pergola, Spalier oder als Solit\u00e4r.<\/div>\n<div>Wird in einem Topf mit einer H\u00f6he von 100-140 cm geliefert.<\/div>\n<div><\/div>\n<\/div>\n<div><\/div>\n","protected":false},"featured_media":6204,"comment_status":"open","ping_status":"closed","template":"","meta":{"_acf_changed":false},"product_brand":[229],"product_cat":[226,216,218,223,177],"product_tag":[111,124],"class_list":{"0":"post-5330","1":"product","2":"type-product","3":"status-publish","4":"has-post-thumbnail","6":"product_brand-pepiniere-fruitiere","7":"product_cat-obstbaeume-fuer-anfaenger-pflegeleichte-obstbaeume","8":"product_cat-obstbaeume-fuer-hoehenlagen","9":"product_cat-obstbaeume-fuer-kleine-gaerten","10":"product_cat-obstbaeume-resistent-gegen-krankheiten","11":"product_cat-reben-und-beerenobst","12":"product_tag-fruit-de-table-de","13":"product_tag-fuer-berglage","15":"first","16":"instock","17":"taxable","18":"shipping-taxable","19":"purchasable","20":"product-type-variable"},"acf":[],"yoast_head":"<!-- This site is optimized with the Yoast SEO plugin v27.3 - https:\/\/yoast.com\/product\/yoast-seo-wordpress\/ -->\n<title>Rebe Nero - S\u00fc\u00dfe, knackige und robuste blaue Traube<\/title>\n<meta name=\"description\" content=\"Kaufen Sie die robuste Bio-Weinrebe Nero: knackige blaue Trauben, sehr s\u00fc\u00df und aromatisch. Widerstandsf\u00e4hige Sorte, ideal f\u00fcr Pergola, Spalier oder Kleingarten.\" \/>\n<meta name=\"robots\" content=\"index, follow, max-snippet:-1, max-image-preview:large, max-video-preview:-1\" \/>\n<link rel=\"canonical\" href=\"https:\/\/pepiniere-bio.ch\/de\/Produkt\/robuster-bio-rebstock-nero-copie\/\" \/>\n<meta property=\"og:locale\" content=\"de_DE\" \/>\n<meta property=\"og:type\" content=\"article\" \/>\n<meta property=\"og:title\" content=\"Rebe Nero - S\u00fc\u00dfe, knackige und robuste blaue Traube\" \/>\n<meta property=\"og:description\" content=\"Kaufen Sie die robuste Bio-Weinrebe Nero: knackige blaue Trauben, sehr s\u00fc\u00df und aromatisch. Widerstandsf\u00e4hige Sorte, ideal f\u00fcr Pergola, Spalier oder Kleingarten.\" \/>\n<meta property=\"og:url\" content=\"https:\/\/pepiniere-bio.ch\/de\/Produkt\/robuster-bio-rebstock-nero-copie\/\" \/>\n<meta property=\"og:site_name\" content=\"Die Obstbaumschule\" \/>\n<meta property=\"article:publisher\" content=\"https:\/\/www.facebook.com\/profile.php?id=61565115227971\" \/>\n<meta property=\"article:modified_time\" content=\"2026-03-04T20:40:23+00:00\" \/>\n<meta property=\"og:image\" content=\"https:\/\/pepiniere-bio.ch\/wp-content\/uploads\/2026\/02\/Vigne-robuste-Nero-bleu.jpg\" \/>\n\t<meta property=\"og:image:width\" content=\"500\" \/>\n\t<meta property=\"og:image:height\" content=\"500\" \/>\n\t<meta property=\"og:image:type\" content=\"image\/jpeg\" \/>\n<meta name=\"twitter:card\" content=\"summary_large_image\" \/>\n<meta name=\"twitter:label1\" content=\"Gesch\u00e4tzte Lesezeit\" \/>\n\t<meta name=\"twitter:data1\" content=\"2\u00a0Minuten\" \/>\n<script type=\"application\/ld+json\" class=\"yoast-schema-graph\">{\"@context\":\"https:\\\/\\\/schema.org\",\"@graph\":[{\"@type\":\"WebPage\",\"@id\":\"https:\\\/\\\/pepiniere-bio.ch\\\/de\\\/Produkt\\\/robuster-bio-rebstock-nero-copie\\\/\",\"url\":\"https:\\\/\\\/pepiniere-bio.ch\\\/de\\\/Produkt\\\/robuster-bio-rebstock-nero-copie\\\/\",\"name\":\"Rebe Nero - S\u00fc\u00dfe, knackige und robuste blaue Traube\",\"isPartOf\":{\"@id\":\"https:\\\/\\\/pepiniere-bio.ch\\\/de\\\/#website\"},\"primaryImageOfPage\":{\"@id\":\"https:\\\/\\\/pepiniere-bio.ch\\\/de\\\/Produkt\\\/robuster-bio-rebstock-nero-copie\\\/#primaryimage\"},\"image\":{\"@id\":\"https:\\\/\\\/pepiniere-bio.ch\\\/de\\\/Produkt\\\/robuster-bio-rebstock-nero-copie\\\/#primaryimage\"},\"thumbnailUrl\":\"https:\\\/\\\/pepiniere-bio.ch\\\/wp-content\\\/uploads\\\/2026\\\/02\\\/Vigne-robuste-Nero-bleu.jpg\",\"datePublished\":\"2026-02-10T09:23:38+00:00\",\"dateModified\":\"2026-03-04T20:40:23+00:00\",\"description\":\"Kaufen Sie die robuste Bio-Weinrebe Nero: knackige blaue Trauben, sehr s\u00fc\u00df und aromatisch. Widerstandsf\u00e4hige Sorte, ideal f\u00fcr Pergola, Spalier oder Kleingarten.\",\"breadcrumb\":{\"@id\":\"https:\\\/\\\/pepiniere-bio.ch\\\/de\\\/Produkt\\\/robuster-bio-rebstock-nero-copie\\\/#breadcrumb\"},\"inLanguage\":\"de\",\"potentialAction\":[{\"@type\":\"ReadAction\",\"target\":[\"https:\\\/\\\/pepiniere-bio.ch\\\/de\\\/Produkt\\\/robuster-bio-rebstock-nero-copie\\\/\"]}]},{\"@type\":\"ImageObject\",\"inLanguage\":\"de\",\"@id\":\"https:\\\/\\\/pepiniere-bio.ch\\\/de\\\/Produkt\\\/robuster-bio-rebstock-nero-copie\\\/#primaryimage\",\"url\":\"https:\\\/\\\/pepiniere-bio.ch\\\/wp-content\\\/uploads\\\/2026\\\/02\\\/Vigne-robuste-Nero-bleu.jpg\",\"contentUrl\":\"https:\\\/\\\/pepiniere-bio.ch\\\/wp-content\\\/uploads\\\/2026\\\/02\\\/Vigne-robuste-Nero-bleu.jpg\",\"width\":500,\"height\":500},{\"@type\":\"BreadcrumbList\",\"@id\":\"https:\\\/\\\/pepiniere-bio.ch\\\/de\\\/Produkt\\\/robuster-bio-rebstock-nero-copie\\\/#breadcrumb\",\"itemListElement\":[{\"@type\":\"ListItem\",\"position\":1,\"name\":\"Accueil\",\"item\":\"https:\\\/\\\/pepiniere-bio.ch\\\/de\\\/\"},{\"@type\":\"ListItem\",\"position\":2,\"name\":\"Shop\",\"item\":\"https:\\\/\\\/pepiniere-bio.ch\\\/de\\\/shop\\\/\"},{\"@type\":\"ListItem\",\"position\":3,\"name\":\"Robuster Rebstock Nero\"}]},{\"@type\":\"WebSite\",\"@id\":\"https:\\\/\\\/pepiniere-bio.ch\\\/de\\\/#website\",\"url\":\"https:\\\/\\\/pepiniere-bio.ch\\\/de\\\/\",\"name\":\"P\u00e9pini\u00e8re fruiti\u00e8re suisse\",\"description\":\"La p\u00e9pini\u00e8re fruiti\u00e8re suisse\",\"publisher\":{\"@id\":\"https:\\\/\\\/pepiniere-bio.ch\\\/de\\\/#organization\"},\"alternateName\":\"P\u00e9pini\u00e8re fruiti\u00e8re suisse\",\"potentialAction\":[{\"@type\":\"SearchAction\",\"target\":{\"@type\":\"EntryPoint\",\"urlTemplate\":\"https:\\\/\\\/pepiniere-bio.ch\\\/de\\\/?s={search_term_string}\"},\"query-input\":{\"@type\":\"PropertyValueSpecification\",\"valueRequired\":true,\"valueName\":\"search_term_string\"}}],\"inLanguage\":\"de\"},{\"@type\":\"Organization\",\"@id\":\"https:\\\/\\\/pepiniere-bio.ch\\\/de\\\/#organization\",\"name\":\"La p\u00e9pini\u00e8re fruiti\u00e8re\",\"alternateName\":\"La p\u00e9pini\u00e8re fruiti\u00e8re\",\"url\":\"https:\\\/\\\/pepiniere-bio.ch\\\/de\\\/\",\"logo\":{\"@type\":\"ImageObject\",\"inLanguage\":\"de\",\"@id\":\"https:\\\/\\\/pepiniere-bio.ch\\\/de\\\/#\\\/schema\\\/logo\\\/image\\\/\",\"url\":\"http:\\\/\\\/new.pepiniere-bio.ch\\\/wp-content\\\/uploads\\\/2026\\\/01\\\/logo-300.png\",\"contentUrl\":\"http:\\\/\\\/new.pepiniere-bio.ch\\\/wp-content\\\/uploads\\\/2026\\\/01\\\/logo-300.png\",\"width\":300,\"height\":300,\"caption\":\"La p\u00e9pini\u00e8re fruiti\u00e8re\"},\"image\":{\"@id\":\"https:\\\/\\\/pepiniere-bio.ch\\\/de\\\/#\\\/schema\\\/logo\\\/image\\\/\"},\"sameAs\":[\"https:\\\/\\\/www.facebook.com\\\/profile.php?id=61565115227971\",\"https:\\\/\\\/www.instagram.com\\\/pepinierebio?igsh=cmR2aGdsMjZ1ZnNn\"]}]}<\/script>\n<!-- \/ Yoast SEO plugin. -->","yoast_head_json":{"title":"Rebe Nero - S\u00fc\u00dfe, knackige und robuste blaue Traube","description":"Kaufen Sie die robuste Bio-Weinrebe Nero: knackige blaue Trauben, sehr s\u00fc\u00df und aromatisch. Widerstandsf\u00e4hige Sorte, ideal f\u00fcr Pergola, Spalier oder Kleingarten.","robots":{"index":"index","follow":"follow","max-snippet":"max-snippet:-1","max-image-preview":"max-image-preview:large","max-video-preview":"max-video-preview:-1"},"canonical":"https:\/\/pepiniere-bio.ch\/de\/Produkt\/robuster-bio-rebstock-nero-copie\/","og_locale":"de_DE","og_type":"article","og_title":"Rebe Nero - S\u00fc\u00dfe, knackige und robuste blaue Traube","og_description":"Kaufen Sie die robuste Bio-Weinrebe Nero: knackige blaue Trauben, sehr s\u00fc\u00df und aromatisch. Widerstandsf\u00e4hige Sorte, ideal f\u00fcr Pergola, Spalier oder Kleingarten.","og_url":"https:\/\/pepiniere-bio.ch\/de\/Produkt\/robuster-bio-rebstock-nero-copie\/","og_site_name":"Die Obstbaumschule","article_publisher":"https:\/\/www.facebook.com\/profile.php?id=61565115227971","article_modified_time":"2026-03-04T20:40:23+00:00","og_image":[{"width":500,"height":500,"url":"https:\/\/pepiniere-bio.ch\/wp-content\/uploads\/2026\/02\/Vigne-robuste-Nero-bleu.jpg","type":"image\/jpeg"}],"twitter_card":"summary_large_image","twitter_misc":{"Gesch\u00e4tzte Lesezeit":"2\u00a0Minuten"},"schema":{"@context":"https:\/\/schema.org","@graph":[{"@type":"WebPage","@id":"https:\/\/pepiniere-bio.ch\/de\/Produkt\/robuster-bio-rebstock-nero-copie\/","url":"https:\/\/pepiniere-bio.ch\/de\/Produkt\/robuster-bio-rebstock-nero-copie\/","name":"Rebe Nero - S\u00fc\u00dfe, knackige und robuste blaue Traube","isPartOf":{"@id":"https:\/\/pepiniere-bio.ch\/de\/#website"},"primaryImageOfPage":{"@id":"https:\/\/pepiniere-bio.ch\/de\/Produkt\/robuster-bio-rebstock-nero-copie\/#primaryimage"},"image":{"@id":"https:\/\/pepiniere-bio.ch\/de\/Produkt\/robuster-bio-rebstock-nero-copie\/#primaryimage"},"thumbnailUrl":"https:\/\/pepiniere-bio.ch\/wp-content\/uploads\/2026\/02\/Vigne-robuste-Nero-bleu.jpg","datePublished":"2026-02-10T09:23:38+00:00","dateModified":"2026-03-04T20:40:23+00:00","description":"Kaufen Sie die robuste Bio-Weinrebe Nero: knackige blaue Trauben, sehr s\u00fc\u00df und aromatisch. Widerstandsf\u00e4hige Sorte, ideal f\u00fcr Pergola, Spalier oder Kleingarten.","breadcrumb":{"@id":"https:\/\/pepiniere-bio.ch\/de\/Produkt\/robuster-bio-rebstock-nero-copie\/#breadcrumb"},"inLanguage":"de","potentialAction":[{"@type":"ReadAction","target":["https:\/\/pepiniere-bio.ch\/de\/Produkt\/robuster-bio-rebstock-nero-copie\/"]}]},{"@type":"ImageObject","inLanguage":"de","@id":"https:\/\/pepiniere-bio.ch\/de\/Produkt\/robuster-bio-rebstock-nero-copie\/#primaryimage","url":"https:\/\/pepiniere-bio.ch\/wp-content\/uploads\/2026\/02\/Vigne-robuste-Nero-bleu.jpg","contentUrl":"https:\/\/pepiniere-bio.ch\/wp-content\/uploads\/2026\/02\/Vigne-robuste-Nero-bleu.jpg","width":500,"height":500},{"@type":"BreadcrumbList","@id":"https:\/\/pepiniere-bio.ch\/de\/Produkt\/robuster-bio-rebstock-nero-copie\/#breadcrumb","itemListElement":[{"@type":"ListItem","position":1,"name":"Accueil","item":"https:\/\/pepiniere-bio.ch\/de\/"},{"@type":"ListItem","position":2,"name":"Shop","item":"https:\/\/pepiniere-bio.ch\/de\/shop\/"},{"@type":"ListItem","position":3,"name":"Robuster Rebstock Nero"}]},{"@type":"WebSite","@id":"https:\/\/pepiniere-bio.ch\/de\/#website","url":"https:\/\/pepiniere-bio.ch\/de\/","name":"P\u00e9pini\u00e8re fruiti\u00e8re suisse","description":"La p\u00e9pini\u00e8re fruiti\u00e8re suisse","publisher":{"@id":"https:\/\/pepiniere-bio.ch\/de\/#organization"},"alternateName":"P\u00e9pini\u00e8re fruiti\u00e8re suisse","potentialAction":[{"@type":"SearchAction","target":{"@type":"EntryPoint","urlTemplate":"https:\/\/pepiniere-bio.ch\/de\/?s={search_term_string}"},"query-input":{"@type":"PropertyValueSpecification","valueRequired":true,"valueName":"search_term_string"}}],"inLanguage":"de"},{"@type":"Organization","@id":"https:\/\/pepiniere-bio.ch\/de\/#organization","name":"La p\u00e9pini\u00e8re fruiti\u00e8re","alternateName":"La p\u00e9pini\u00e8re fruiti\u00e8re","url":"https:\/\/pepiniere-bio.ch\/de\/","logo":{"@type":"ImageObject","inLanguage":"de","@id":"https:\/\/pepiniere-bio.ch\/de\/#\/schema\/logo\/image\/","url":"http:\/\/new.pepiniere-bio.ch\/wp-content\/uploads\/2026\/01\/logo-300.png","contentUrl":"http:\/\/new.pepiniere-bio.ch\/wp-content\/uploads\/2026\/01\/logo-300.png","width":300,"height":300,"caption":"La p\u00e9pini\u00e8re fruiti\u00e8re"},"image":{"@id":"https:\/\/pepiniere-bio.ch\/de\/#\/schema\/logo\/image\/"},"sameAs":["https:\/\/www.facebook.com\/profile.php?id=61565115227971","https:\/\/www.instagram.com\/pepinierebio?igsh=cmR2aGdsMjZ1ZnNn"]}]}},"jetpack_sharing_enabled":true,"_links":{"self":[{"href":"https:\/\/pepiniere-bio.ch\/de\/wp-json\/wp\/v2\/product\/5330","targetHints":{"allow":["GET"]}}],"collection":[{"href":"https:\/\/pepiniere-bio.ch\/de\/wp-json\/wp\/v2\/product"}],"about":[{"href":"https:\/\/pepiniere-bio.ch\/de\/wp-json\/wp\/v2\/types\/product"}],"replies":[{"embeddable":true,"href":"https:\/\/pepiniere-bio.ch\/de\/wp-json\/wp\/v2\/comments?post=5330"}],"wp:featuredmedia":[{"embeddable":true,"href":"https:\/\/pepiniere-bio.ch\/de\/wp-json\/wp\/v2\/media\/6204"}],"wp:attachment":[{"href":"https:\/\/pepiniere-bio.ch\/de\/wp-json\/wp\/v2\/media?parent=5330"}],"wp:term":[{"taxonomy":"product_brand","embeddable":true,"href":"https:\/\/pepiniere-bio.ch\/de\/wp-json\/wp\/v2\/product_brand?post=5330"},{"taxonomy":"product_cat","embeddable":true,"href":"https:\/\/pepiniere-bio.ch\/de\/wp-json\/wp\/v2\/product_cat?post=5330"},{"taxonomy":"product_tag","embeddable":true,"href":"https:\/\/pepiniere-bio.ch\/de\/wp-json\/wp\/v2\/product_tag?post=5330"}],"curies":[{"name":"wp","href":"https:\/\/api.w.org\/{rel}","templated":true}]}}