{"id":5324,"date":"2026-02-10T09:15:56","date_gmt":"2026-02-10T09:15:56","guid":{"rendered":"https:\/\/new.pepiniere-bio.ch\/?post_type=product&#038;p=5324"},"modified":"2026-03-04T20:40:23","modified_gmt":"2026-03-04T20:40:23","slug":"widerstandsfahige-bio-rebe-katharina-copie","status":"publish","type":"product","link":"https:\/\/pepiniere-bio.ch\/de\/Produkt\/widerstandsfahige-bio-rebe-katharina-copie\/","title":{"rendered":"Widerstandsf\u00e4hige Rebe Katharina"},"content":{"rendered":"<h2 data-start=\"340\" data-end=\"419\">Rebe Katharina &#8211; Schmackhafte, robuste und dekorative Rosentraube<\/h2>\n<p data-start=\"421\" data-end=\"903\">Die <strong data-start=\"424\" data-end=\"447\">Rebe Katharina<\/strong> ist eine <strong data-start=\"456\" data-end=\"478\">widerstandsf\u00e4hige Sorte<\/strong>, die f\u00fcr ihre <strong data-start=\"541\" data-end=\"575\">s\u00fc\u00dfen, fruchtigen und erfrischenden<\/strong> <strong data-start=\"506\" data-end=\"530\">Ros\u00e9-Tafeltrauben<\/strong> sehr beliebt ist. Sie ist einfach zu kultivieren, ben\u00f6tigt keine chemischen Behandlungen und eignet sich sehr gut f\u00fcr <strong data-start=\"664\" data-end=\"685\">Hausg\u00e4rten<\/strong>, <strong data-start=\"691\" data-end=\"709\">kleine Fl\u00e4chen<\/strong> oder <strong data-start=\"717\" data-end=\"743\">dekorative Strukturen<\/strong> wie <strong data-start=\"754\" data-end=\"766\">Pergolen<\/strong> oder <strong data-start=\"770\" data-end=\"783\">Spaliere<\/strong>. Aufgrund seiner <strong data-start=\"796\" data-end=\"833\">nat\u00fcrlichen Resistenz gegen Krankheiten<\/strong> eignet er sich hervorragend f\u00fcr den <strong data-start=\"867\" data-end=\"889\">biologischen<\/strong> oder nat\u00fcrlichen <strong data-start=\"867\" data-end=\"889\">Anbau<\/strong>.<\/p>\n<h3 data-start=\"905\" data-end=\"951\">Eine fruchtige, s\u00fc\u00dfe und durststillende Ros\u00e9traube<\/h3>\n<p data-start=\"953\" data-end=\"1342\">Die Rebe Katharina bringt <strong data-start=\"983\" data-end=\"1022\">gro\u00dfz\u00fcgige Trauben von rosafarbenen Trauben<\/strong> mit <strong data-start=\"1029\" data-end=\"1057\">d\u00fcnner, durchscheinender Haut<\/strong> hervor, die man sofort nach der Ernte genie\u00dfen kann.<br data-start=\"1094\" data-end=\"1097\" \/>Ihr <strong data-start=\"1100\" data-end=\"1132\">s\u00fc\u00dfer und gut fruchtiger Geschmack<\/strong> macht sie zu einer ausgezeichneten <strong data-start=\"1154\" data-end=\"1173\">Tafeltraube<\/strong>, aber auch zu einer idealen Zutat f\u00fcr die Zubereitung eines <strong data-start=\"1223\" data-end=\"1255\">frischen, s\u00fc\u00dfen Traubensaftes<\/strong>. Im Mund ist das <strong data-start=\"1271\" data-end=\"1304\">Fruchtfleisch saftig und angenehm<\/strong>, mit einem delikaten und durstl\u00f6schenden Geschmack.<\/p>\n<h3 data-start=\"1344\" data-end=\"1386\">Eine gro\u00dfz\u00fcgige Ernte Ende September<\/h3>\n<p data-start=\"1388\" data-end=\"1750\">Die <strong data-start=\"1391\" data-end=\"1440\">Ernte erfolgt Ende September<\/strong>, wenn die Trauben ihre optimale Reife erreicht haben.<br data-start=\"1501\" data-end=\"1504\" \/>Der <strong data-start=\"1507\" data-end=\"1540\">Ertrag ist gut und regelm\u00e4\u00dfig<\/strong>, so dass jedes Jahr sch\u00f6ne Trauben geerntet werden k\u00f6nnen, auch unter Hobbybedingungen.<br data-start=\"1638\" data-end=\"1641\" \/>Dank ihrer <strong data-start=\"1653\" data-end=\"1692\">geschmacklichen und zierlichen Qualit\u00e4ten<\/strong> findet die Katharina-Rebe leicht ihren Platz im Garten.<\/p>\n<h3 data-start=\"1752\" data-end=\"1800\">Eine rustikale, \u00e4sthetische und sorgenfreie Rebe<\/h3>\n<p data-start=\"1802\" data-end=\"1828\">Die Weinrebe Katharina ist :<\/p>\n<ul data-start=\"1829\" data-end=\"2040\">\n<li data-start=\"1829\" data-end=\"1889\">\n<p data-start=\"1831\" data-end=\"1889\"><strong data-start=\"1831\" data-end=\"1863\">Sehr widerstandsf\u00e4hig gegen Krankheiten<\/strong> (Falscher Mehltau, Echter Mehltau usw.).<\/p>\n<\/li>\n<li data-start=\"1890\" data-end=\"1951\">\n<p data-start=\"1892\" data-end=\"1951\"><strong data-start=\"1892\" data-end=\"1918\">Ideal ohne Behandlung<\/strong> &#8211; perfekt f\u00fcr den Bio-Anbau<\/p>\n<\/li>\n<li data-start=\"1952\" data-end=\"2009\">\n<p data-start=\"1954\" data-end=\"2009\"><strong data-start=\"1954\" data-end=\"1975\">Einfach<\/strong> an einem Pfahl, einer Pergola oder einem Spalier zu befestigen.<\/p>\n<\/li>\n<li data-start=\"2010\" data-end=\"2040\">\n<p data-start=\"2012\" data-end=\"2040\"><strong data-start=\"2012\" data-end=\"2040\">Dekorativ und produktiv<\/strong><\/p>\n<\/li>\n<\/ul>\n<p data-start=\"2042\" data-end=\"2213\">Die mit einem * gekennzeichneten Pflanzen werden in Bio-Umstellung geliefert.<\/p>\n<p data-start=\"2042\" data-end=\"2213\">Die Bio-Rebe Katharina wird im <strong data-start=\"2052\" data-end=\"2059\">Topf<\/strong> geliefert und ist bei der Lieferung <strong data-start=\"2091\" data-end=\"2122\">zwischen 100 und 140 cm hoch<\/strong>. Sie kann sofort gepflanzt werden, um Ihre Umgebung zu versch\u00f6nern und Ihnen gleichzeitig Freude zu bereiten.<\/p>\n","protected":false},"excerpt":{"rendered":"<div>\n<p><strong>Ernte:<\/strong> Ende September<br \/>\n<strong>Frucht:<\/strong> Rosa Trauben. Gro\u00df, s\u00fc\u00dfer und fruchtiger Geschmack, erfrischend.<br \/>\n<strong>Besonderheiten:<\/strong> Sehr resistent gegen Krankheiten, ideal f\u00fcr den Hausgarten, Tafeltrauben, guter Ertrag.<\/p>\n<div><strong>Verwendung: <\/strong>Tafeltrauben, Traubensaft, f\u00fcr Pergola, Spalier oder als Solit\u00e4r.<\/div>\n<div>Wird in einem Topf mit einer H\u00f6he von 100-140 cm geliefert.<\/div>\n<div>Die mit einem * gekennzeichneten Pflanzen werden in Bio-Umstellung geliefert.<\/div>\n<div><\/div>\n<\/div>\n<div><\/div>\n","protected":false},"featured_media":6206,"comment_status":"open","ping_status":"closed","template":"","meta":{"_acf_changed":false},"product_brand":[229],"product_cat":[226,216,218,223,177],"product_tag":[111,124],"class_list":{"0":"post-5324","1":"product","2":"type-product","3":"status-publish","4":"has-post-thumbnail","6":"product_brand-pepiniere-fruitiere","7":"product_cat-obstbaeume-fuer-anfaenger-pflegeleichte-obstbaeume","8":"product_cat-obstbaeume-fuer-hoehenlagen","9":"product_cat-obstbaeume-fuer-kleine-gaerten","10":"product_cat-obstbaeume-resistent-gegen-krankheiten","11":"product_cat-reben-und-beerenobst","12":"product_tag-fruit-de-table-de","13":"product_tag-fuer-berglage","15":"first","16":"instock","17":"taxable","18":"shipping-taxable","19":"purchasable","20":"product-type-variable"},"acf":[],"yoast_head":"<!-- This site is optimized with the Yoast SEO plugin v27.3 - https:\/\/yoast.com\/product\/yoast-seo-wordpress\/ -->\n<title>Widerstandsf\u00e4hige Rebe Katharina - Widerstandsf\u00e4hige und fruchtige Rosentraube<\/title>\n<meta name=\"description\" content=\"Kaufen Sie die Rebe Katharina: S\u00fc\u00dfe und erfrischende Rosatraube, sehr widerstandsf\u00e4hig gegen Krankheiten. Ideal f\u00fcr Garten, Pergola, Spalier oder Pfahl.\" \/>\n<meta name=\"robots\" content=\"index, follow, max-snippet:-1, max-image-preview:large, max-video-preview:-1\" \/>\n<link rel=\"canonical\" href=\"https:\/\/pepiniere-bio.ch\/de\/Produkt\/widerstandsfahige-bio-rebe-katharina-copie\/\" \/>\n<meta property=\"og:locale\" content=\"de_DE\" \/>\n<meta property=\"og:type\" content=\"article\" \/>\n<meta property=\"og:title\" content=\"Widerstandsf\u00e4hige Rebe Katharina - Widerstandsf\u00e4hige und fruchtige Rosentraube\" \/>\n<meta property=\"og:description\" content=\"Kaufen Sie die Rebe Katharina: S\u00fc\u00dfe und erfrischende Rosatraube, sehr widerstandsf\u00e4hig gegen Krankheiten. Ideal f\u00fcr Garten, Pergola, Spalier oder Pfahl.\" \/>\n<meta property=\"og:url\" content=\"https:\/\/pepiniere-bio.ch\/de\/Produkt\/widerstandsfahige-bio-rebe-katharina-copie\/\" \/>\n<meta property=\"og:site_name\" content=\"Die Obstbaumschule\" \/>\n<meta property=\"article:publisher\" content=\"https:\/\/www.facebook.com\/profile.php?id=61565115227971\" \/>\n<meta property=\"article:modified_time\" content=\"2026-03-04T20:40:23+00:00\" \/>\n<meta property=\"og:image\" content=\"https:\/\/pepiniere-bio.ch\/wp-content\/uploads\/2026\/02\/Vigne-Katherina-rose-resistante.jpg\" \/>\n\t<meta property=\"og:image:width\" content=\"500\" \/>\n\t<meta property=\"og:image:height\" content=\"500\" \/>\n\t<meta property=\"og:image:type\" content=\"image\/jpeg\" \/>\n<meta name=\"twitter:card\" content=\"summary_large_image\" \/>\n<meta name=\"twitter:label1\" content=\"Gesch\u00e4tzte Lesezeit\" \/>\n\t<meta name=\"twitter:data1\" content=\"2\u00a0Minuten\" \/>\n<script type=\"application\/ld+json\" class=\"yoast-schema-graph\">{\"@context\":\"https:\\\/\\\/schema.org\",\"@graph\":[{\"@type\":\"WebPage\",\"@id\":\"https:\\\/\\\/pepiniere-bio.ch\\\/de\\\/Produkt\\\/widerstandsfahige-bio-rebe-katharina-copie\\\/\",\"url\":\"https:\\\/\\\/pepiniere-bio.ch\\\/de\\\/Produkt\\\/widerstandsfahige-bio-rebe-katharina-copie\\\/\",\"name\":\"Widerstandsf\u00e4hige Rebe Katharina - Widerstandsf\u00e4hige und fruchtige Rosentraube\",\"isPartOf\":{\"@id\":\"https:\\\/\\\/pepiniere-bio.ch\\\/de\\\/#website\"},\"primaryImageOfPage\":{\"@id\":\"https:\\\/\\\/pepiniere-bio.ch\\\/de\\\/Produkt\\\/widerstandsfahige-bio-rebe-katharina-copie\\\/#primaryimage\"},\"image\":{\"@id\":\"https:\\\/\\\/pepiniere-bio.ch\\\/de\\\/Produkt\\\/widerstandsfahige-bio-rebe-katharina-copie\\\/#primaryimage\"},\"thumbnailUrl\":\"https:\\\/\\\/pepiniere-bio.ch\\\/wp-content\\\/uploads\\\/2026\\\/02\\\/Vigne-Katherina-rose-resistante.jpg\",\"datePublished\":\"2026-02-10T09:15:56+00:00\",\"dateModified\":\"2026-03-04T20:40:23+00:00\",\"description\":\"Kaufen Sie die Rebe Katharina: S\u00fc\u00dfe und erfrischende Rosatraube, sehr widerstandsf\u00e4hig gegen Krankheiten. Ideal f\u00fcr Garten, Pergola, Spalier oder Pfahl.\",\"breadcrumb\":{\"@id\":\"https:\\\/\\\/pepiniere-bio.ch\\\/de\\\/Produkt\\\/widerstandsfahige-bio-rebe-katharina-copie\\\/#breadcrumb\"},\"inLanguage\":\"de\",\"potentialAction\":[{\"@type\":\"ReadAction\",\"target\":[\"https:\\\/\\\/pepiniere-bio.ch\\\/de\\\/Produkt\\\/widerstandsfahige-bio-rebe-katharina-copie\\\/\"]}]},{\"@type\":\"ImageObject\",\"inLanguage\":\"de\",\"@id\":\"https:\\\/\\\/pepiniere-bio.ch\\\/de\\\/Produkt\\\/widerstandsfahige-bio-rebe-katharina-copie\\\/#primaryimage\",\"url\":\"https:\\\/\\\/pepiniere-bio.ch\\\/wp-content\\\/uploads\\\/2026\\\/02\\\/Vigne-Katherina-rose-resistante.jpg\",\"contentUrl\":\"https:\\\/\\\/pepiniere-bio.ch\\\/wp-content\\\/uploads\\\/2026\\\/02\\\/Vigne-Katherina-rose-resistante.jpg\",\"width\":500,\"height\":500},{\"@type\":\"BreadcrumbList\",\"@id\":\"https:\\\/\\\/pepiniere-bio.ch\\\/de\\\/Produkt\\\/widerstandsfahige-bio-rebe-katharina-copie\\\/#breadcrumb\",\"itemListElement\":[{\"@type\":\"ListItem\",\"position\":1,\"name\":\"Accueil\",\"item\":\"https:\\\/\\\/pepiniere-bio.ch\\\/de\\\/\"},{\"@type\":\"ListItem\",\"position\":2,\"name\":\"Shop\",\"item\":\"https:\\\/\\\/pepiniere-bio.ch\\\/de\\\/shop\\\/\"},{\"@type\":\"ListItem\",\"position\":3,\"name\":\"Widerstandsf\u00e4hige Rebe Katharina\"}]},{\"@type\":\"WebSite\",\"@id\":\"https:\\\/\\\/pepiniere-bio.ch\\\/de\\\/#website\",\"url\":\"https:\\\/\\\/pepiniere-bio.ch\\\/de\\\/\",\"name\":\"P\u00e9pini\u00e8re fruiti\u00e8re suisse\",\"description\":\"La p\u00e9pini\u00e8re fruiti\u00e8re suisse\",\"publisher\":{\"@id\":\"https:\\\/\\\/pepiniere-bio.ch\\\/de\\\/#organization\"},\"alternateName\":\"P\u00e9pini\u00e8re fruiti\u00e8re suisse\",\"potentialAction\":[{\"@type\":\"SearchAction\",\"target\":{\"@type\":\"EntryPoint\",\"urlTemplate\":\"https:\\\/\\\/pepiniere-bio.ch\\\/de\\\/?s={search_term_string}\"},\"query-input\":{\"@type\":\"PropertyValueSpecification\",\"valueRequired\":true,\"valueName\":\"search_term_string\"}}],\"inLanguage\":\"de\"},{\"@type\":\"Organization\",\"@id\":\"https:\\\/\\\/pepiniere-bio.ch\\\/de\\\/#organization\",\"name\":\"La p\u00e9pini\u00e8re fruiti\u00e8re\",\"alternateName\":\"La p\u00e9pini\u00e8re fruiti\u00e8re\",\"url\":\"https:\\\/\\\/pepiniere-bio.ch\\\/de\\\/\",\"logo\":{\"@type\":\"ImageObject\",\"inLanguage\":\"de\",\"@id\":\"https:\\\/\\\/pepiniere-bio.ch\\\/de\\\/#\\\/schema\\\/logo\\\/image\\\/\",\"url\":\"http:\\\/\\\/new.pepiniere-bio.ch\\\/wp-content\\\/uploads\\\/2026\\\/01\\\/logo-300.png\",\"contentUrl\":\"http:\\\/\\\/new.pepiniere-bio.ch\\\/wp-content\\\/uploads\\\/2026\\\/01\\\/logo-300.png\",\"width\":300,\"height\":300,\"caption\":\"La p\u00e9pini\u00e8re fruiti\u00e8re\"},\"image\":{\"@id\":\"https:\\\/\\\/pepiniere-bio.ch\\\/de\\\/#\\\/schema\\\/logo\\\/image\\\/\"},\"sameAs\":[\"https:\\\/\\\/www.facebook.com\\\/profile.php?id=61565115227971\",\"https:\\\/\\\/www.instagram.com\\\/pepinierebio?igsh=cmR2aGdsMjZ1ZnNn\"]}]}<\/script>\n<!-- \/ Yoast SEO plugin. -->","yoast_head_json":{"title":"Widerstandsf\u00e4hige Rebe Katharina - Widerstandsf\u00e4hige und fruchtige Rosentraube","description":"Kaufen Sie die Rebe Katharina: S\u00fc\u00dfe und erfrischende Rosatraube, sehr widerstandsf\u00e4hig gegen Krankheiten. Ideal f\u00fcr Garten, Pergola, Spalier oder Pfahl.","robots":{"index":"index","follow":"follow","max-snippet":"max-snippet:-1","max-image-preview":"max-image-preview:large","max-video-preview":"max-video-preview:-1"},"canonical":"https:\/\/pepiniere-bio.ch\/de\/Produkt\/widerstandsfahige-bio-rebe-katharina-copie\/","og_locale":"de_DE","og_type":"article","og_title":"Widerstandsf\u00e4hige Rebe Katharina - Widerstandsf\u00e4hige und fruchtige Rosentraube","og_description":"Kaufen Sie die Rebe Katharina: S\u00fc\u00dfe und erfrischende Rosatraube, sehr widerstandsf\u00e4hig gegen Krankheiten. Ideal f\u00fcr Garten, Pergola, Spalier oder Pfahl.","og_url":"https:\/\/pepiniere-bio.ch\/de\/Produkt\/widerstandsfahige-bio-rebe-katharina-copie\/","og_site_name":"Die Obstbaumschule","article_publisher":"https:\/\/www.facebook.com\/profile.php?id=61565115227971","article_modified_time":"2026-03-04T20:40:23+00:00","og_image":[{"width":500,"height":500,"url":"https:\/\/pepiniere-bio.ch\/wp-content\/uploads\/2026\/02\/Vigne-Katherina-rose-resistante.jpg","type":"image\/jpeg"}],"twitter_card":"summary_large_image","twitter_misc":{"Gesch\u00e4tzte Lesezeit":"2\u00a0Minuten"},"schema":{"@context":"https:\/\/schema.org","@graph":[{"@type":"WebPage","@id":"https:\/\/pepiniere-bio.ch\/de\/Produkt\/widerstandsfahige-bio-rebe-katharina-copie\/","url":"https:\/\/pepiniere-bio.ch\/de\/Produkt\/widerstandsfahige-bio-rebe-katharina-copie\/","name":"Widerstandsf\u00e4hige Rebe Katharina - Widerstandsf\u00e4hige und fruchtige Rosentraube","isPartOf":{"@id":"https:\/\/pepiniere-bio.ch\/de\/#website"},"primaryImageOfPage":{"@id":"https:\/\/pepiniere-bio.ch\/de\/Produkt\/widerstandsfahige-bio-rebe-katharina-copie\/#primaryimage"},"image":{"@id":"https:\/\/pepiniere-bio.ch\/de\/Produkt\/widerstandsfahige-bio-rebe-katharina-copie\/#primaryimage"},"thumbnailUrl":"https:\/\/pepiniere-bio.ch\/wp-content\/uploads\/2026\/02\/Vigne-Katherina-rose-resistante.jpg","datePublished":"2026-02-10T09:15:56+00:00","dateModified":"2026-03-04T20:40:23+00:00","description":"Kaufen Sie die Rebe Katharina: S\u00fc\u00dfe und erfrischende Rosatraube, sehr widerstandsf\u00e4hig gegen Krankheiten. Ideal f\u00fcr Garten, Pergola, Spalier oder Pfahl.","breadcrumb":{"@id":"https:\/\/pepiniere-bio.ch\/de\/Produkt\/widerstandsfahige-bio-rebe-katharina-copie\/#breadcrumb"},"inLanguage":"de","potentialAction":[{"@type":"ReadAction","target":["https:\/\/pepiniere-bio.ch\/de\/Produkt\/widerstandsfahige-bio-rebe-katharina-copie\/"]}]},{"@type":"ImageObject","inLanguage":"de","@id":"https:\/\/pepiniere-bio.ch\/de\/Produkt\/widerstandsfahige-bio-rebe-katharina-copie\/#primaryimage","url":"https:\/\/pepiniere-bio.ch\/wp-content\/uploads\/2026\/02\/Vigne-Katherina-rose-resistante.jpg","contentUrl":"https:\/\/pepiniere-bio.ch\/wp-content\/uploads\/2026\/02\/Vigne-Katherina-rose-resistante.jpg","width":500,"height":500},{"@type":"BreadcrumbList","@id":"https:\/\/pepiniere-bio.ch\/de\/Produkt\/widerstandsfahige-bio-rebe-katharina-copie\/#breadcrumb","itemListElement":[{"@type":"ListItem","position":1,"name":"Accueil","item":"https:\/\/pepiniere-bio.ch\/de\/"},{"@type":"ListItem","position":2,"name":"Shop","item":"https:\/\/pepiniere-bio.ch\/de\/shop\/"},{"@type":"ListItem","position":3,"name":"Widerstandsf\u00e4hige Rebe Katharina"}]},{"@type":"WebSite","@id":"https:\/\/pepiniere-bio.ch\/de\/#website","url":"https:\/\/pepiniere-bio.ch\/de\/","name":"P\u00e9pini\u00e8re fruiti\u00e8re suisse","description":"La p\u00e9pini\u00e8re fruiti\u00e8re suisse","publisher":{"@id":"https:\/\/pepiniere-bio.ch\/de\/#organization"},"alternateName":"P\u00e9pini\u00e8re fruiti\u00e8re suisse","potentialAction":[{"@type":"SearchAction","target":{"@type":"EntryPoint","urlTemplate":"https:\/\/pepiniere-bio.ch\/de\/?s={search_term_string}"},"query-input":{"@type":"PropertyValueSpecification","valueRequired":true,"valueName":"search_term_string"}}],"inLanguage":"de"},{"@type":"Organization","@id":"https:\/\/pepiniere-bio.ch\/de\/#organization","name":"La p\u00e9pini\u00e8re fruiti\u00e8re","alternateName":"La p\u00e9pini\u00e8re fruiti\u00e8re","url":"https:\/\/pepiniere-bio.ch\/de\/","logo":{"@type":"ImageObject","inLanguage":"de","@id":"https:\/\/pepiniere-bio.ch\/de\/#\/schema\/logo\/image\/","url":"http:\/\/new.pepiniere-bio.ch\/wp-content\/uploads\/2026\/01\/logo-300.png","contentUrl":"http:\/\/new.pepiniere-bio.ch\/wp-content\/uploads\/2026\/01\/logo-300.png","width":300,"height":300,"caption":"La p\u00e9pini\u00e8re fruiti\u00e8re"},"image":{"@id":"https:\/\/pepiniere-bio.ch\/de\/#\/schema\/logo\/image\/"},"sameAs":["https:\/\/www.facebook.com\/profile.php?id=61565115227971","https:\/\/www.instagram.com\/pepinierebio?igsh=cmR2aGdsMjZ1ZnNn"]}]}},"jetpack_sharing_enabled":true,"_links":{"self":[{"href":"https:\/\/pepiniere-bio.ch\/de\/wp-json\/wp\/v2\/product\/5324","targetHints":{"allow":["GET"]}}],"collection":[{"href":"https:\/\/pepiniere-bio.ch\/de\/wp-json\/wp\/v2\/product"}],"about":[{"href":"https:\/\/pepiniere-bio.ch\/de\/wp-json\/wp\/v2\/types\/product"}],"replies":[{"embeddable":true,"href":"https:\/\/pepiniere-bio.ch\/de\/wp-json\/wp\/v2\/comments?post=5324"}],"wp:featuredmedia":[{"embeddable":true,"href":"https:\/\/pepiniere-bio.ch\/de\/wp-json\/wp\/v2\/media\/6206"}],"wp:attachment":[{"href":"https:\/\/pepiniere-bio.ch\/de\/wp-json\/wp\/v2\/media?parent=5324"}],"wp:term":[{"taxonomy":"product_brand","embeddable":true,"href":"https:\/\/pepiniere-bio.ch\/de\/wp-json\/wp\/v2\/product_brand?post=5324"},{"taxonomy":"product_cat","embeddable":true,"href":"https:\/\/pepiniere-bio.ch\/de\/wp-json\/wp\/v2\/product_cat?post=5324"},{"taxonomy":"product_tag","embeddable":true,"href":"https:\/\/pepiniere-bio.ch\/de\/wp-json\/wp\/v2\/product_tag?post=5324"}],"curies":[{"name":"wp","href":"https:\/\/api.w.org\/{rel}","templated":true}]}}