{"id":3681,"date":"2025-08-20T08:15:56","date_gmt":"2025-08-20T08:15:56","guid":{"rendered":"https:\/\/new.pepiniere-bio.ch\/?post_type=product&#038;p=3681"},"modified":"2026-03-04T20:40:13","modified_gmt":"2026-03-04T20:40:13","slug":"hauszwetschgen-bio","status":"publish","type":"product","link":"https:\/\/pepiniere-bio.ch\/de\/Produkt\/hauszwetschgen-bio\/","title":{"rendered":"Hauszwetschgenbaum Bio"},"content":{"rendered":"<h2 data-start=\"2207\" data-end=\"2278\">Hauszwetschgen \u2013 traditionelle Schweizer Sorte f\u00fcr den Bio-Anbau<\/h2>\n<p data-start=\"2279\" data-end=\"2562\">Die Hauszwetschgen\u00a0ist eine traditionsreiche und sehr gesch\u00e4tzte Sorte aus der Schweiz. Sie ist <strong data-start=\"2381\" data-end=\"2400\">selbstfruchtbar<\/strong>, <strong data-start=\"2402\" data-end=\"2427\">vielseitig verwendbar<\/strong> und besonders gut geeignet f\u00fcr den <strong data-start=\"2463\" data-end=\"2487\">\u00f6kologischen Obstbau<\/strong>. Dank ihrer Robustheit w\u00e4chst sie auch zuverl\u00e4ssig in <strong data-start=\"2542\" data-end=\"2559\">h\u00f6heren Lagen<\/strong>.<\/p>\n<h2 data-start=\"2564\" data-end=\"2601\">Mittelgro\u00dfe, aromatische Fr\u00fcchte<\/h2>\n<p data-start=\"2602\" data-end=\"2886\">Die Fr\u00fcchte der Hauszwetschgen\u00a0sind <strong data-start=\"2644\" data-end=\"2658\">mittelgro\u00df<\/strong>, mit einer <strong data-start=\"2670\" data-end=\"2687\">blauen Schale<\/strong> und einem saftigen Fruchtfleisch. Ihr Geschmack ist <strong data-start=\"2740\" data-end=\"2757\">s\u00fc\u00df-s\u00e4uerlich<\/strong>, mit einem <strong data-start=\"2769\" data-end=\"2791\">ausgepr\u00e4gten Aroma<\/strong>. Der <strong data-start=\"2797\" data-end=\"2823\">Stein l\u00f6st sich leicht<\/strong>, was die Verarbeitung in der K\u00fcche besonders angenehm macht.<\/p>\n<h2 data-start=\"2888\" data-end=\"2917\">Erntezeit und Verwendung<\/h2>\n<p data-start=\"2918\" data-end=\"3151\">Die <strong data-start=\"2922\" data-end=\"2935\">Erntezeit<\/strong> reicht von <strong data-start=\"2947\" data-end=\"2976\">Anfang bis Ende September<\/strong>, abh\u00e4ngig von der Lage und den klimatischen Bedingungen. Die Sorte eignet sich hervorragend zum Frischverzehr, f\u00fcr <strong data-start=\"3092\" data-end=\"3120\">Kuchen, Konfit\u00fcren, Saft<\/strong> sowie f\u00fcr die <strong data-start=\"3135\" data-end=\"3148\">Brennerei<\/strong>.<\/p>\n<h2 data-start=\"3153\" data-end=\"3187\">Vorteile der Hauszwetschgen<\/h2>\n<ul data-start=\"3188\" data-end=\"3478\">\n<li data-start=\"3188\" data-end=\"3231\">\n<p data-start=\"3190\" data-end=\"3231\"><strong data-start=\"3193\" data-end=\"3212\">Selbstfruchtbar<\/strong> und pflegeleicht<\/p>\n<\/li>\n<li data-start=\"3232\" data-end=\"3295\">\n<p data-start=\"3234\" data-end=\"3295\">\u00a0Mittelgro\u00dfe, <strong data-start=\"3250\" data-end=\"3293\">blaue Fr\u00fcchte mit s\u00fc\u00df-s\u00e4uerlichem Aroma<\/strong><\/p>\n<\/li>\n<li data-start=\"3296\" data-end=\"3359\">\n<p data-start=\"3298\" data-end=\"3359\">\u00a0Besonders gut f\u00fcr den <strong data-start=\"3323\" data-end=\"3336\">Bio-Anbau<\/strong> und <strong data-start=\"3341\" data-end=\"3357\">h\u00f6here Lagen<\/strong><\/p>\n<\/li>\n<li data-start=\"3360\" data-end=\"3406\">\n<p data-start=\"3362\" data-end=\"3406\">\u00a0Ernte von <strong data-start=\"3375\" data-end=\"3404\">Anfang bis Ende September<\/strong><\/p>\n<\/li>\n<li data-start=\"3407\" data-end=\"3478\">\n<p data-start=\"3409\" data-end=\"3478\">\u00a0Vielseitig verwendbar: frisch, zum Backen, Einkochen und Brennen<\/p>\n<\/li>\n<\/ul>\n<div>\n<h1 data-start=\"143\" data-end=\"193\">Wie w\u00e4hle oder kaufe ich einen Zwetschgenbaum?<\/h1>\n<p data-start=\"195\" data-end=\"421\">M\u00f6chten Sie einen Zwetschgenbaum in Ihrem Garten oder Obstgarten pflanzen? Hier sind unsere Tipps f\u00fcr die richtige Wahl des Obstbaums in Bezug auf den verf\u00fcgbaren Platz, die Geschwindigkeit der Fruchtbildung und die Pflegeleichtigkeit.<\/p>\n<p data-start=\"195\" data-end=\"421\"><strong>Wir verkaufen unsere Zwetschgenbaum entweder im Topf oder als wurzelnackte Pflanzen. Obstb\u00e4ume im Topf k\u00f6nnen das ganze Jahr \u00fcber gepflanzt werden, w\u00e4hrend wurzelnackte Pflanzen nur von Mitte Oktober bis M\u00e4rz gepflanzt werden k\u00f6nnen.<\/strong><\/p>\n<p data-start=\"462\" data-end=\"544\">Wir bieten verschiedene Formen von Birnb\u00e4umen an, die f\u00fcr alle Gartentypen geeignet sind:<\/p>\n<h3 data-start=\"546\" data-end=\"573\">Hochst\u00e4mmiger Zwetschgenbaum<\/h3>\n<p data-start=\"574\" data-end=\"662\"><strong data-start=\"574\" data-end=\"595\">Schafth\u00f6he:<\/strong>\u00a0160-180 cm<br data-start=\"608\" data-end=\"611\" \/><strong data-start=\"611\" data-end=\"626\">Struktur:<\/strong>\u00a0Gekr\u00f6nt (4-5 Zweige) und gepfeilt<\/p>\n<p data-start=\"664\" data-end=\"1044\">Der\u00a0<strong data-start=\"667\" data-end=\"689\">Hochstamm-Zwetschgenbaum<\/strong>\u00a0ist die st\u00e4rkste Form. Er kann eine H\u00f6he von\u00a0<strong data-start=\"756\" data-end=\"774\">10-15 m<\/strong>\u00a0erreichen und beginnt etwa\u00a0<strong data-start=\"817\" data-end=\"830\">4-6 Jahre<\/strong>\u00a0nach der Pflanzung Pflaumen zu produzieren (je nach Sorte).<br data-start=\"870\" data-end=\"873\" \/>Bei regelm\u00e4\u00dfigem Beschneiden kann er auf mindestens\u00a0<strong data-start=\"923\" data-end=\"937\">5-6 m<\/strong>\u00a0gehalten werden.<br data-start=\"946\" data-end=\"949\" \/>Ideal f\u00fcr\u00a0<strong data-start=\"964\" data-end=\"982\">gro\u00dfe G\u00e4rten<\/strong>,\u00a0<strong data-start=\"984\" data-end=\"997\">Weiden<\/strong>\u00a0oder um<strong data-start=\"1024\" data-end=\"1043\">nat\u00fcrliche Schattenbereiche<\/strong>\u00a0zu schaffen.<\/p>\n<h3 data-start=\"1046\" data-end=\"1070\">Zwetschgenbaum Halbstamm<\/h3>\n<p data-start=\"1071\" data-end=\"1153\"><strong data-start=\"1071\" data-end=\"1092\">Schafth\u00f6he:<\/strong>\u00a0120 cm<br data-start=\"1099\" data-end=\"1102\" \/><strong data-start=\"1102\" data-end=\"1117\">Struktur:<\/strong>\u00a0Gekr\u00f6nt (4-5 Zweige) und gepfeilt<\/p>\n<p data-start=\"1155\" data-end=\"1538\">Der\u00a0<strong data-start=\"1158\" data-end=\"1177\">Halbstamm-Zwetschgenbaum<\/strong>\u00a0hat eine mittlere Wuchsst\u00e4rke. Er kann\u00a0<strong data-start=\"1226\" data-end=\"1243\">8-10 m<\/strong>\u00a0hoch werden und beginnt nach\u00a0<strong data-start=\"1291\" data-end=\"1304\">3-4 Jahren<\/strong>\u00a0(je nach Sorte) Fr\u00fcchte zu tragen.<br data-start=\"1324\" data-end=\"1327\" \/>Bei regelm\u00e4\u00dfigem Schnitt kann er auf\u00a0<strong data-start=\"1378\" data-end=\"1392\">4-5 m<\/strong>\u00a0H\u00f6he gehalten werden.<br data-start=\"1393\" data-end=\"1396\" \/>Perfekt f\u00fcr\u00a0<strong data-start=\"1413\" data-end=\"1442\">mittelgro\u00dfe G\u00e4rten<\/strong>, am Rand oder in der\u00a0<strong data-start=\"1461\" data-end=\"1482\">Mitte eines Rasens<\/strong>, da seine H\u00f6he einen\u00a0<strong data-start=\"1505\" data-end=\"1537\">leichten Zugang zum M\u00e4hen<\/strong>\u00a0erm\u00f6glicht.<\/p>\n<h3 data-start=\"1540\" data-end=\"1577\">ZwetschgenbaumBusch (Niederstamm)<\/h3>\n<p data-start=\"1578\" data-end=\"1659\"><strong data-start=\"1578\" data-end=\"1599\">Schafth\u00f6he:<\/strong>\u00a080 cm<br data-start=\"1605\" data-end=\"1608\" \/><strong data-start=\"1608\" data-end=\"1623\">Struktur:<\/strong>\u00a0Gekr\u00f6nt (4-5 Zweige) und gepfeilt<\/p>\n<p data-start=\"1661\" data-end=\"2112\">Die Zwetschgenbaum niederstamm ist eine schwachw\u00fcchsige Form. Er wird\u00a0<strong data-start=\"1728\" data-end=\"1744\">3 bis 4 Meter<\/strong>\u00a0hoch und tr\u00e4gt bereits\u00a0<strong data-start=\"1771\" data-end=\"1784\">1 bis 2 Jahre<\/strong>\u00a0nach der Pflanzung Fr\u00fcchte (je nach Sorte).<br data-start=\"1821\" data-end=\"1824\" \/>Mit einem regelm\u00e4\u00dfigen Schnitt kann er auf\u00a0<strong data-start=\"1874\" data-end=\"1892\">2 bis 2,5 Meter<\/strong>\u00a0H\u00f6he gebracht werden.<br data-start=\"1893\" data-end=\"1896\" \/>Empfohlen f\u00fcr\u00a0<strong data-start=\"1916\" data-end=\"1934\">kleine G\u00e4rten<\/strong>,\u00a0<strong data-start=\"1940\" data-end=\"1953\">Terrassen<\/strong>, als\u00a0<strong data-start=\"1958\" data-end=\"1965\">Topfpflanze<\/strong>\u00a0oder zur Schaffung von\u00a0<strong data-start=\"1984\" data-end=\"2004\">Obsthecken<\/strong>.<br data-start=\"2005\" data-end=\"2008\" \/>Seine wichtigsten Vorteile:\u00a0<strong data-start=\"2035\" data-end=\"2059\">schneller Fruchtansatz<\/strong>,\u00a0<strong data-start=\"2061\" data-end=\"2081\">einfache Pflege<\/strong>\u00a0(Schnitt, Behandlung, Ernte).<\/p>\n<h3 data-start=\"2114\" data-end=\"2128\">Spindel<\/h3>\n<p data-start=\"2129\" data-end=\"2375\">Der\u00a0<strong data-start=\"2132\" data-end=\"2141\">S\u00e4mling<\/strong>\u00a0entspricht einem\u00a0<strong data-start=\"2158\" data-end=\"2177\">Buschzwetschgenbaum<\/strong>, der jedoch<strong data-start=\"2186\" data-end=\"2210\">ein Jahr j\u00fcnger<\/strong>\u00a0ist. Er ben\u00f6tigt daher etwas mehr Zeit, bevor er Fr\u00fcchte tr\u00e4gt. Er ist eine gute Alternative, wenn Sie die zuk\u00fcnftige Form Ihres Baumes selbst gestalten m\u00f6chten.<\/p>\n<hr data-start=\"2377\" data-end=\"2380\" \/>\n<p data-start=\"2403\" data-end=\"2535\">Alle von uns angebotenen Obstb\u00e4ume sind von\u00a0<strong data-start=\"2449\" data-end=\"2465\">h\u00f6chster Qualit\u00e4t<\/strong>\u00a0und entsprechen den\u00a0<strong data-start=\"2481\" data-end=\"2534\">Normen des Verbandes Schweizerischer Baumschulen und Bio Suisse.<\/strong><\/p>\n<hr data-start=\"2537\" data-end=\"2540\" \/>\n<div class=\"_tableContainer_80l1q_1\">\n<div class=\"_tableWrapper_80l1q_14 group flex w-fit flex-col-reverse\" tabindex=\"-1\">\n<table class=\"w-fit min-w-(--thread-content-width)\" data-start=\"2581\" data-end=\"3073\">\n<thead data-start=\"2581\" data-end=\"2660\">\n<tr data-start=\"2581\" data-end=\"2660\">\n<th data-start=\"2581\" data-end=\"2599\" data-col-size=\"sm\">Art des Zwetschgenbaum<\/th>\n<th data-start=\"2599\" data-end=\"2616\" data-col-size=\"sm\">H\u00f6he des ausgewachsenen Baums<\/th>\n<th data-start=\"2616\" data-end=\"2632\" data-col-size=\"sm\">Fruchtansatz<\/th>\n<th data-start=\"2632\" data-end=\"2647\" data-col-size=\"sm\">Idealer Platz<\/th>\n<th data-start=\"2647\" data-end=\"2660\" data-col-size=\"sm\">Pflege<\/th>\n<\/tr>\n<\/thead>\n<tbody data-start=\"2741\" data-end=\"3073\">\n<tr data-start=\"2741\" data-end=\"2820\">\n<td data-start=\"2741\" data-end=\"2759\" data-col-size=\"sm\"><strong data-start=\"2743\" data-end=\"2757\">Hochstamm<\/strong><\/td>\n<td data-col-size=\"sm\" data-start=\"2759\" data-end=\"2776\">10-15 m<\/td>\n<td data-col-size=\"sm\" data-start=\"2776\" data-end=\"2792\">4-6 Jahre<\/td>\n<td data-col-size=\"sm\" data-start=\"2792\" data-end=\"2807\">Gro\u00dfer Garten<\/td>\n<td data-col-size=\"sm\" data-start=\"2807\" data-end=\"2820\">Mittel<\/td>\n<\/tr>\n<tr data-start=\"2821\" data-end=\"2900\">\n<td data-start=\"2821\" data-end=\"2839\" data-col-size=\"sm\"><strong data-start=\"2823\" data-end=\"2834\">Halbstamm<\/strong><\/td>\n<td data-col-size=\"sm\" data-start=\"2839\" data-end=\"2856\">8-10 m<\/td>\n<td data-col-size=\"sm\" data-start=\"2856\" data-end=\"2872\">3-4 Jahre<\/td>\n<td data-col-size=\"sm\" data-start=\"2872\" data-end=\"2887\">Mittelgro\u00dfer Garten<\/td>\n<td data-col-size=\"sm\" data-start=\"2887\" data-end=\"2900\">Leicht<\/td>\n<\/tr>\n<tr data-start=\"2901\" data-end=\"2987\">\n<td data-start=\"2901\" data-end=\"2919\" data-col-size=\"sm\"><strong data-start=\"2903\" data-end=\"2914\">Busch<\/strong><\/td>\n<td data-col-size=\"sm\" data-start=\"2919\" data-end=\"2936\">3-4 m<\/td>\n<td data-col-size=\"sm\" data-start=\"2936\" data-end=\"2952\">1-2 Jahre<\/td>\n<td data-col-size=\"sm\" data-start=\"2952\" data-end=\"2972\">Kleiner Garten, Topf<\/td>\n<td data-col-size=\"sm\" data-start=\"2972\" data-end=\"2987\">Sehr einfach<\/td>\n<\/tr>\n<tr data-start=\"2988\" data-end=\"3073\">\n<td data-start=\"2988\" data-end=\"3006\" data-col-size=\"sm\"><strong data-start=\"2990\" data-end=\"2999\">Spindel<\/strong><\/td>\n<td data-col-size=\"sm\" data-start=\"3006\" data-end=\"3027\">3-4 m (j\u00fcnger)<\/td>\n<td data-col-size=\"sm\" data-start=\"3027\" data-end=\"3037\">2-3 Jahre<\/td>\n<td data-col-size=\"sm\" data-start=\"3037\" data-end=\"3052\">Wie Busch<\/td>\n<td data-col-size=\"sm\" data-start=\"3052\" data-end=\"3073\">Selbst zu formen<\/td>\n<\/tr>\n<\/tbody>\n<\/table>\n<div class=\"sticky end-(--thread-content-margin) h-0 self-end select-none\">\n<div class=\"absolute end-0 flex items-end\"><\/div>\n<\/div>\n<\/div>\n<\/div>\n<hr data-start=\"3075\" data-end=\"3078\" \/>\n<p data-start=\"3080\" data-end=\"3204\">Z\u00f6gern Sie nicht, uns zu kontaktieren, um eine pers\u00f6nliche Beratung zu erhalten, die auf Ihr Grundst\u00fcck, Ihr Klima oder Ihre Sortenw\u00fcnsche abgestimmt ist!<\/p>\n<p>Andere Formen sind auf Anfrage erh\u00e4ltlich.<\/p>\n<p>.<\/p>\n<\/div>\n","protected":false},"excerpt":{"rendered":"<div>\n<p data-start=\"104\" data-end=\"218\"><strong data-start=\"104\" data-end=\"114\">Ernte:<\/strong> Anfang bis Ende September<br data-start=\"185\" data-end=\"188\" \/><strong data-start=\"188\" data-end=\"199\">Frucht:<\/strong> Mittelgro\u00df, blau<\/p>\n<p data-start=\"220\" data-end=\"328\"><strong data-start=\"220\" data-end=\"238\">Fruchtfleisch:<\/strong> S\u00fc\u00df-s\u00e4uerlich, aromatisch, saftig, mit ausgepr\u00e4gtem Aroma. Der Stein ist l\u00f6sbar.<\/p>\n<p data-start=\"330\" data-end=\"443\"><strong data-start=\"330\" data-end=\"347\">Besonderheit:<\/strong> Selbstfruchtbar, vielseitig verwendbar, geeignet f\u00fcr h\u00f6here Lagen und den biologischen Anbau.<\/p>\n<p data-start=\"445\" data-end=\"545\">Topfpflanzen werden innert 5\u20137 Tagen geliefert.<\/p>\n<p>Die Pflanzen\u00a0 \u201eWurzelnackt\u201c\u00a0 wird ab dem 20. Oktober ausgeliefert.<\/p>\n<div><\/div>\n<div><\/div>\n<div><\/div>\n<div><\/div>\n<\/div>\n<div><\/div>\n<div><\/div>\n<div><\/div>\n<div><\/div>\n<div><\/div>\n<div><\/div>\n","protected":false},"featured_media":3686,"comment_status":"open","ping_status":"closed","template":"","meta":{"_acf_changed":false},"product_brand":[229],"product_cat":[221,216,123],"product_tag":[124,128],"class_list":{"0":"post-3681","1":"product","2":"type-product","3":"status-publish","4":"has-post-thumbnail","6":"product_brand-pepiniere-fruitiere","7":"product_cat-alte-obstsorten","8":"product_cat-obstbaeume-fuer-hoehenlagen","9":"product_cat-pflaumen-zwetschgenbaum","10":"product_tag-fuer-berglage","11":"product_tag-precoce-de","13":"first","14":"instock","15":"taxable","16":"shipping-taxable","17":"purchasable","18":"product-type-variable"},"acf":[],"yoast_head":"<!-- This site is optimized with the Yoast SEO plugin v27.4 - https:\/\/yoast.com\/product\/yoast-seo-wordpress\/ -->\n<title>Hauszwetschgenbaum Bio - Die Obstbaumschule<\/title>\n<meta name=\"description\" content=\"Hauszwetschgenbaum: traditionelle Schweizer Sorte, Bio-tauglich, selbstfruchtbar. Ernte im September. S\u00fc\u00df-s\u00e4uerliche, aromatische Fr\u00fcchte.\" \/>\n<meta name=\"robots\" content=\"index, follow, max-snippet:-1, max-image-preview:large, max-video-preview:-1\" \/>\n<link rel=\"canonical\" href=\"https:\/\/pepiniere-bio.ch\/de\/Produkt\/hauszwetschgen-bio\/\" \/>\n<meta property=\"og:locale\" content=\"de_DE\" \/>\n<meta property=\"og:type\" content=\"article\" \/>\n<meta property=\"og:title\" content=\"Hauszwetschgenbaum Bio - Die Obstbaumschule\" \/>\n<meta property=\"og:description\" content=\"Hauszwetschgenbaum: traditionelle Schweizer Sorte, Bio-tauglich, selbstfruchtbar. Ernte im September. S\u00fc\u00df-s\u00e4uerliche, aromatische Fr\u00fcchte.\" \/>\n<meta property=\"og:url\" content=\"https:\/\/pepiniere-bio.ch\/de\/Produkt\/hauszwetschgen-bio\/\" \/>\n<meta property=\"og:site_name\" content=\"Die Obstbaumschule\" \/>\n<meta property=\"article:publisher\" content=\"https:\/\/www.facebook.com\/profile.php?id=61565115227971\" \/>\n<meta property=\"article:modified_time\" content=\"2026-03-04T20:40:13+00:00\" \/>\n<meta property=\"og:image\" content=\"https:\/\/mlwedunmuulh.i.optimole.com\/w:500\/h:500\/q:mauto\/f:best\/https:\/\/pepiniere-bio.ch\/wp-content\/uploads\/2025\/08\/Pruneau-de-bale-Rinklin.jpg\" \/>\n\t<meta property=\"og:image:width\" content=\"500\" \/>\n\t<meta property=\"og:image:height\" content=\"500\" \/>\n\t<meta property=\"og:image:type\" content=\"image\/jpeg\" \/>\n<meta name=\"twitter:card\" content=\"summary_large_image\" \/>\n<meta name=\"twitter:label1\" content=\"Gesch\u00e4tzte Lesezeit\" \/>\n\t<meta name=\"twitter:data1\" content=\"4\u00a0Minuten\" \/>\n<script type=\"application\/ld+json\" class=\"yoast-schema-graph\">{\"@context\":\"https:\\\/\\\/schema.org\",\"@graph\":[{\"@type\":\"WebPage\",\"@id\":\"https:\\\/\\\/pepiniere-bio.ch\\\/de\\\/Produkt\\\/hauszwetschgen-bio\\\/\",\"url\":\"https:\\\/\\\/pepiniere-bio.ch\\\/de\\\/Produkt\\\/hauszwetschgen-bio\\\/\",\"name\":\"Hauszwetschgenbaum Bio - Die Obstbaumschule\",\"isPartOf\":{\"@id\":\"https:\\\/\\\/pepiniere-bio.ch\\\/de\\\/#website\"},\"primaryImageOfPage\":{\"@id\":\"https:\\\/\\\/pepiniere-bio.ch\\\/de\\\/Produkt\\\/hauszwetschgen-bio\\\/#primaryimage\"},\"image\":{\"@id\":\"https:\\\/\\\/pepiniere-bio.ch\\\/de\\\/Produkt\\\/hauszwetschgen-bio\\\/#primaryimage\"},\"thumbnailUrl\":\"https:\\\/\\\/pepiniere-bio.ch\\\/wp-content\\\/uploads\\\/2025\\\/08\\\/Pruneau-de-bale-Rinklin.jpg\",\"datePublished\":\"2025-08-20T08:15:56+00:00\",\"dateModified\":\"2026-03-04T20:40:13+00:00\",\"description\":\"Hauszwetschgenbaum: traditionelle Schweizer Sorte, Bio-tauglich, selbstfruchtbar. Ernte im September. S\u00fc\u00df-s\u00e4uerliche, aromatische Fr\u00fcchte.\",\"breadcrumb\":{\"@id\":\"https:\\\/\\\/pepiniere-bio.ch\\\/de\\\/Produkt\\\/hauszwetschgen-bio\\\/#breadcrumb\"},\"inLanguage\":\"de\",\"potentialAction\":[{\"@type\":\"ReadAction\",\"target\":[\"https:\\\/\\\/pepiniere-bio.ch\\\/de\\\/Produkt\\\/hauszwetschgen-bio\\\/\"]}]},{\"@type\":\"ImageObject\",\"inLanguage\":\"de\",\"@id\":\"https:\\\/\\\/pepiniere-bio.ch\\\/de\\\/Produkt\\\/hauszwetschgen-bio\\\/#primaryimage\",\"url\":\"https:\\\/\\\/pepiniere-bio.ch\\\/wp-content\\\/uploads\\\/2025\\\/08\\\/Pruneau-de-bale-Rinklin.jpg\",\"contentUrl\":\"https:\\\/\\\/pepiniere-bio.ch\\\/wp-content\\\/uploads\\\/2025\\\/08\\\/Pruneau-de-bale-Rinklin.jpg\",\"width\":500,\"height\":500,\"caption\":\"Vieille vari\u00e9t\u00e9 de pruneau le noyau se d\u00e9tache facilement\"},{\"@type\":\"BreadcrumbList\",\"@id\":\"https:\\\/\\\/pepiniere-bio.ch\\\/de\\\/Produkt\\\/hauszwetschgen-bio\\\/#breadcrumb\",\"itemListElement\":[{\"@type\":\"ListItem\",\"position\":1,\"name\":\"Accueil\",\"item\":\"https:\\\/\\\/pepiniere-bio.ch\\\/de\\\/\"},{\"@type\":\"ListItem\",\"position\":2,\"name\":\"Shop\",\"item\":\"https:\\\/\\\/pepiniere-bio.ch\\\/de\\\/shop\\\/\"},{\"@type\":\"ListItem\",\"position\":3,\"name\":\"Hauszwetschgenbaum Bio\"}]},{\"@type\":\"WebSite\",\"@id\":\"https:\\\/\\\/pepiniere-bio.ch\\\/de\\\/#website\",\"url\":\"https:\\\/\\\/pepiniere-bio.ch\\\/de\\\/\",\"name\":\"P\u00e9pini\u00e8re fruiti\u00e8re suisse\",\"description\":\"La p\u00e9pini\u00e8re fruiti\u00e8re suisse\",\"publisher\":{\"@id\":\"https:\\\/\\\/pepiniere-bio.ch\\\/de\\\/#organization\"},\"alternateName\":\"P\u00e9pini\u00e8re fruiti\u00e8re suisse\",\"potentialAction\":[{\"@type\":\"SearchAction\",\"target\":{\"@type\":\"EntryPoint\",\"urlTemplate\":\"https:\\\/\\\/pepiniere-bio.ch\\\/de\\\/?s={search_term_string}\"},\"query-input\":{\"@type\":\"PropertyValueSpecification\",\"valueRequired\":true,\"valueName\":\"search_term_string\"}}],\"inLanguage\":\"de\"},{\"@type\":\"Organization\",\"@id\":\"https:\\\/\\\/pepiniere-bio.ch\\\/de\\\/#organization\",\"name\":\"La p\u00e9pini\u00e8re fruiti\u00e8re\",\"alternateName\":\"La p\u00e9pini\u00e8re fruiti\u00e8re\",\"url\":\"https:\\\/\\\/pepiniere-bio.ch\\\/de\\\/\",\"logo\":{\"@type\":\"ImageObject\",\"inLanguage\":\"de\",\"@id\":\"https:\\\/\\\/pepiniere-bio.ch\\\/de\\\/#\\\/schema\\\/logo\\\/image\\\/\",\"url\":\"http:\\\/\\\/new.pepiniere-bio.ch\\\/wp-content\\\/uploads\\\/2026\\\/01\\\/logo-300.png\",\"contentUrl\":\"http:\\\/\\\/new.pepiniere-bio.ch\\\/wp-content\\\/uploads\\\/2026\\\/01\\\/logo-300.png\",\"width\":300,\"height\":300,\"caption\":\"La p\u00e9pini\u00e8re fruiti\u00e8re\"},\"image\":{\"@id\":\"https:\\\/\\\/pepiniere-bio.ch\\\/de\\\/#\\\/schema\\\/logo\\\/image\\\/\"},\"sameAs\":[\"https:\\\/\\\/www.facebook.com\\\/profile.php?id=61565115227971\",\"https:\\\/\\\/www.instagram.com\\\/pepinierebio?igsh=cmR2aGdsMjZ1ZnNn\"]}]}<\/script>\n<!-- \/ Yoast SEO plugin. -->","yoast_head_json":{"title":"Hauszwetschgenbaum Bio - Die Obstbaumschule","description":"Hauszwetschgenbaum: traditionelle Schweizer Sorte, Bio-tauglich, selbstfruchtbar. Ernte im September. S\u00fc\u00df-s\u00e4uerliche, aromatische Fr\u00fcchte.","robots":{"index":"index","follow":"follow","max-snippet":"max-snippet:-1","max-image-preview":"max-image-preview:large","max-video-preview":"max-video-preview:-1"},"canonical":"https:\/\/pepiniere-bio.ch\/de\/Produkt\/hauszwetschgen-bio\/","og_locale":"de_DE","og_type":"article","og_title":"Hauszwetschgenbaum Bio - Die Obstbaumschule","og_description":"Hauszwetschgenbaum: traditionelle Schweizer Sorte, Bio-tauglich, selbstfruchtbar. Ernte im September. S\u00fc\u00df-s\u00e4uerliche, aromatische Fr\u00fcchte.","og_url":"https:\/\/pepiniere-bio.ch\/de\/Produkt\/hauszwetschgen-bio\/","og_site_name":"Die Obstbaumschule","article_publisher":"https:\/\/www.facebook.com\/profile.php?id=61565115227971","article_modified_time":"2026-03-04T20:40:13+00:00","og_image":[{"width":500,"height":500,"url":"https:\/\/mlwedunmuulh.i.optimole.com\/w:500\/h:500\/q:mauto\/f:best\/https:\/\/pepiniere-bio.ch\/wp-content\/uploads\/2025\/08\/Pruneau-de-bale-Rinklin.jpg","type":"image\/jpeg"}],"twitter_card":"summary_large_image","twitter_misc":{"Gesch\u00e4tzte Lesezeit":"4\u00a0Minuten"},"schema":{"@context":"https:\/\/schema.org","@graph":[{"@type":"WebPage","@id":"https:\/\/pepiniere-bio.ch\/de\/Produkt\/hauszwetschgen-bio\/","url":"https:\/\/pepiniere-bio.ch\/de\/Produkt\/hauszwetschgen-bio\/","name":"Hauszwetschgenbaum Bio - Die Obstbaumschule","isPartOf":{"@id":"https:\/\/pepiniere-bio.ch\/de\/#website"},"primaryImageOfPage":{"@id":"https:\/\/pepiniere-bio.ch\/de\/Produkt\/hauszwetschgen-bio\/#primaryimage"},"image":{"@id":"https:\/\/pepiniere-bio.ch\/de\/Produkt\/hauszwetschgen-bio\/#primaryimage"},"thumbnailUrl":"https:\/\/pepiniere-bio.ch\/wp-content\/uploads\/2025\/08\/Pruneau-de-bale-Rinklin.jpg","datePublished":"2025-08-20T08:15:56+00:00","dateModified":"2026-03-04T20:40:13+00:00","description":"Hauszwetschgenbaum: traditionelle Schweizer Sorte, Bio-tauglich, selbstfruchtbar. Ernte im September. S\u00fc\u00df-s\u00e4uerliche, aromatische Fr\u00fcchte.","breadcrumb":{"@id":"https:\/\/pepiniere-bio.ch\/de\/Produkt\/hauszwetschgen-bio\/#breadcrumb"},"inLanguage":"de","potentialAction":[{"@type":"ReadAction","target":["https:\/\/pepiniere-bio.ch\/de\/Produkt\/hauszwetschgen-bio\/"]}]},{"@type":"ImageObject","inLanguage":"de","@id":"https:\/\/pepiniere-bio.ch\/de\/Produkt\/hauszwetschgen-bio\/#primaryimage","url":"https:\/\/pepiniere-bio.ch\/wp-content\/uploads\/2025\/08\/Pruneau-de-bale-Rinklin.jpg","contentUrl":"https:\/\/pepiniere-bio.ch\/wp-content\/uploads\/2025\/08\/Pruneau-de-bale-Rinklin.jpg","width":500,"height":500,"caption":"Vieille vari\u00e9t\u00e9 de pruneau le noyau se d\u00e9tache facilement"},{"@type":"BreadcrumbList","@id":"https:\/\/pepiniere-bio.ch\/de\/Produkt\/hauszwetschgen-bio\/#breadcrumb","itemListElement":[{"@type":"ListItem","position":1,"name":"Accueil","item":"https:\/\/pepiniere-bio.ch\/de\/"},{"@type":"ListItem","position":2,"name":"Shop","item":"https:\/\/pepiniere-bio.ch\/de\/shop\/"},{"@type":"ListItem","position":3,"name":"Hauszwetschgenbaum Bio"}]},{"@type":"WebSite","@id":"https:\/\/pepiniere-bio.ch\/de\/#website","url":"https:\/\/pepiniere-bio.ch\/de\/","name":"P\u00e9pini\u00e8re fruiti\u00e8re suisse","description":"La p\u00e9pini\u00e8re fruiti\u00e8re suisse","publisher":{"@id":"https:\/\/pepiniere-bio.ch\/de\/#organization"},"alternateName":"P\u00e9pini\u00e8re fruiti\u00e8re suisse","potentialAction":[{"@type":"SearchAction","target":{"@type":"EntryPoint","urlTemplate":"https:\/\/pepiniere-bio.ch\/de\/?s={search_term_string}"},"query-input":{"@type":"PropertyValueSpecification","valueRequired":true,"valueName":"search_term_string"}}],"inLanguage":"de"},{"@type":"Organization","@id":"https:\/\/pepiniere-bio.ch\/de\/#organization","name":"La p\u00e9pini\u00e8re fruiti\u00e8re","alternateName":"La p\u00e9pini\u00e8re fruiti\u00e8re","url":"https:\/\/pepiniere-bio.ch\/de\/","logo":{"@type":"ImageObject","inLanguage":"de","@id":"https:\/\/pepiniere-bio.ch\/de\/#\/schema\/logo\/image\/","url":"http:\/\/new.pepiniere-bio.ch\/wp-content\/uploads\/2026\/01\/logo-300.png","contentUrl":"http:\/\/new.pepiniere-bio.ch\/wp-content\/uploads\/2026\/01\/logo-300.png","width":300,"height":300,"caption":"La p\u00e9pini\u00e8re fruiti\u00e8re"},"image":{"@id":"https:\/\/pepiniere-bio.ch\/de\/#\/schema\/logo\/image\/"},"sameAs":["https:\/\/www.facebook.com\/profile.php?id=61565115227971","https:\/\/www.instagram.com\/pepinierebio?igsh=cmR2aGdsMjZ1ZnNn"]}]}},"jetpack_sharing_enabled":true,"_links":{"self":[{"href":"https:\/\/pepiniere-bio.ch\/de\/wp-json\/wp\/v2\/product\/3681","targetHints":{"allow":["GET"]}}],"collection":[{"href":"https:\/\/pepiniere-bio.ch\/de\/wp-json\/wp\/v2\/product"}],"about":[{"href":"https:\/\/pepiniere-bio.ch\/de\/wp-json\/wp\/v2\/types\/product"}],"replies":[{"embeddable":true,"href":"https:\/\/pepiniere-bio.ch\/de\/wp-json\/wp\/v2\/comments?post=3681"}],"wp:featuredmedia":[{"embeddable":true,"href":"https:\/\/pepiniere-bio.ch\/de\/wp-json\/wp\/v2\/media\/3686"}],"wp:attachment":[{"href":"https:\/\/pepiniere-bio.ch\/de\/wp-json\/wp\/v2\/media?parent=3681"}],"wp:term":[{"taxonomy":"product_brand","embeddable":true,"href":"https:\/\/pepiniere-bio.ch\/de\/wp-json\/wp\/v2\/product_brand?post=3681"},{"taxonomy":"product_cat","embeddable":true,"href":"https:\/\/pepiniere-bio.ch\/de\/wp-json\/wp\/v2\/product_cat?post=3681"},{"taxonomy":"product_tag","embeddable":true,"href":"https:\/\/pepiniere-bio.ch\/de\/wp-json\/wp\/v2\/product_tag?post=3681"}],"curies":[{"name":"wp","href":"https:\/\/api.w.org\/{rel}","templated":true}]}}