{"id":3154,"date":"2025-07-07T14:49:19","date_gmt":"2025-07-07T14:49:19","guid":{"rendered":"https:\/\/new.pepiniere-bio.ch\/?post_type=product&#038;p=3154"},"modified":"2026-03-04T20:40:03","modified_gmt":"2026-03-04T20:40:03","slug":"rebe-bio-robust-birstaler-muskateller","status":"publish","type":"product","link":"https:\/\/pepiniere-bio.ch\/de\/Produkt\/rebe-bio-robust-birstaler-muskateller\/","title":{"rendered":"Widerstandsf\u00e4hige Bio-Rebe Muscat de Birstaler"},"content":{"rendered":"<h2 data-start=\"290\" data-end=\"365\">Bio-Rebe Muscat de Birstaler &#8211; s\u00fc\u00dfe, widerstandsf\u00e4hige wei\u00dfe Traube<\/h2>\n<p data-start=\"367\" data-end=\"773\">Die <strong data-start=\"370\" data-end=\"403\">Bio-Rebe Muskat von Birstaler<\/strong> ist eine <strong data-start=\"412\" data-end=\"431\">robuste Sorte<\/strong>, die durch ihren <strong data-start=\"451\" data-end=\"480\">feinen Muskatgeschmack<\/strong>, ihren <strong data-start=\"485\" data-end=\"506\">Zuckerreichtum<\/strong> und ihren <strong data-start=\"513\" data-end=\"536\">einfachen Anbau<\/strong> besticht. Sie ist sehr <strong data-start=\"543\" data-end=\"570\">widerstandsf\u00e4hig gegen Krankheiten<\/strong> und ideal f\u00fcr den <strong data-start=\"597\" data-end=\"618\">Hausgarten<\/strong>, auch in h\u00f6heren Lagen.<br data-start=\"637\" data-end=\"640\">Dank der F\u00e4higkeit, <strong data-start=\"662\" data-end=\"706\">die Fr\u00fcchte lange am Rebstock zu halten<\/strong>, k\u00f6nnen Sie eine \u00fcber mehrere Wochen <strong data-start=\"728\" data-end=\"746\">verteilte Ernte<\/strong> genie\u00dfen. <\/p>\n<h3 data-start=\"775\" data-end=\"811\">Eine s\u00fc\u00dfe und duftende wei\u00dfe Traube<\/h3>\n<p data-start=\"813\" data-end=\"1200\">Die <strong data-start=\"816\" data-end=\"846\">Birstaler Muskatellertraube<\/strong> ist <strong data-start=\"851\" data-end=\"886\">wei\u00df, s\u00fc\u00df und sehr aromatisch<\/strong>.<br data-start=\"887\" data-end=\"890\">Ihr Geschmack zeichnet sich durch einen <strong data-start=\"920\" data-end=\"948\">zarten Muskatellerduft<\/strong> aus, der von Liebhabern duftender Fr\u00fcchte sehr gesch\u00e4tzt wird.<br data-start=\"1000\" data-end=\"1003\">Die Trauben sind wohlgeformt, regelm\u00e4\u00dfig und leicht zu pfl\u00fccken.<br data-start=\"1067\" data-end=\"1070\">Sie k\u00f6nnen diese Traube <strong data-start=\"1101\" data-end=\"1118\">frisch bei Tisch<\/strong> genie\u00dfen, zu einem <strong data-start=\"1145\" data-end=\"1157\">s\u00fc\u00dfen Saft<\/strong> pressen oder f\u00fcr Ihre fruchtigen Rezepte verwenden.<\/p>\n<h3 data-start=\"1202\" data-end=\"1259\">Im September geerntet, einige Wochen lang am Strauch gelagert.<\/h3>\n<p data-start=\"1261\" data-end=\"1593\">Die <strong data-start=\"1264\" data-end=\"1297\">Ernte beginnt im September<\/strong>. Im Gegensatz zu anderen Sorten <strong data-start=\"1339\" data-end=\"1389\">m\u00fcssen<\/strong> Sie <strong data-start=\"1339\" data-end=\"1389\">nicht alles auf einmal pfl\u00fccken<\/strong>.<br data-start=\"1390\" data-end=\"1393\">Die Fr\u00fcchte <strong data-start=\"1404\" data-end=\"1461\">bleiben<\/strong> nach der Reife <strong data-start=\"1404\" data-end=\"1461\">mehrere Wochen lang gesund am Rebstock<\/strong>.<br data-start=\"1482\" data-end=\"1485\">So k\u00f6nnen Sie in Ihrem eigenen Rhythmus und nach Bedarf ernten, w\u00e4hrend Sie stets schmackhafte Trauben genie\u00dfen. <\/p>\n<h3 data-start=\"1595\" data-end=\"1640\">Eine widerstandsf\u00e4hige und leicht im Garten anzubauende Rebe<\/h3>\n<p data-start=\"1642\" data-end=\"2015\">Die Birstaler Muskateller-Rebe ist <strong data-start=\"1675\" data-end=\"1719\">sehr widerstandsf\u00e4hig gegen Falschen und Echten Mehltau<\/strong>.<br data-start=\"1720\" data-end=\"1723\">Sie gedeiht gut <strong data-start=\"1740\" data-end=\"1759\">ohne Behandlung<\/strong>, was sie zu einer <strong data-start=\"1780\" data-end=\"1804\">ausgezeichneten Bio-Rebe<\/strong> macht.<br data-start=\"1805\" data-end=\"1808\">Sie k\u00f6nnen sie zu einem <strong data-start=\"1833\" data-end=\"1845\">Spalier<\/strong> formen, an einer <strong data-start=\"1872\" data-end=\"1883\">Pergola<\/strong> hochklettern lassen oder <strong data-start=\"1900\" data-end=\"1916\">als Solit\u00e4r<\/strong> an einem Pfahl anbauen.<br data-start=\"1928\" data-end=\"1931\">Sie ist <strong data-start=\"1936\" data-end=\"1964\">h\u00f6henvertr\u00e4glich<\/strong> und passt sich verschiedenen Bodenarten und Klimazonen an, bevorzugt jedoch einen sonnigen Standort.<\/p>\n<p data-start=\"1642\" data-end=\"2015\"><strong>Die mit einem * gekennzeichneten Pflanzen werden in Bio-Umstellung geliefert.<\/strong><\/p>\n<h3 data-start=\"2017\" data-end=\"2036\">Bereit zum Anpflanzen<\/h3>\n<p data-start=\"2038\" data-end=\"2225\">Die <strong data-start=\"2041\" data-end=\"2088\">Birstaler Muskateller-Rebe wird in einem Topf<\/strong> mit einer H\u00f6he von <strong data-start=\"2110\" data-end=\"2126\">100 bis 140 cm<\/strong> <strong data-start=\"2041\" data-end=\"2088\">geliefert<\/strong>.<br data-start=\"2127\" data-end=\"2130\">Sie ist pflanzfertig und wird Ihnen <strong data-start=\"2171\" data-end=\"2199\">einen regelm\u00e4\u00dfigen<\/strong>, nat\u00fcrlichen und schmackhaften <strong data-start=\"2171\" data-end=\"2199\">Ertrag<\/strong> liefern.<\/p>\n<p data-start=\"2038\" data-end=\"2225\">F\u00fcr weitere Fragen stehen wir Ihnen gerne zur Verf\u00fcgung.<\/p>\n<div><\/div>\n","protected":false},"excerpt":{"rendered":"<div>\n<p><strong>Ernte: <\/strong>September<br \/>\n<strong>Frucht:<\/strong> wei\u00dfe Trauben, sehr s\u00fc\u00df, mit einem zarten Muskataroma, regelm\u00e4\u00dfige Produktion<br \/>\n<strong>Besonderheiten:<\/strong> Sehr resistent gegen Krankheiten, ideal f\u00fcr den Hausgarten, wenn die Fr\u00fcchte reif sind, k\u00f6nnen sie \u00fcber einen l\u00e4ngeren Zeitraum gepfl\u00fcckt werden.<\/p>\n<div><strong>Verwendung: <\/strong>Tafeltraube, Traubensaft, f\u00fcr Pergola, Spalier oder als Solit\u00e4r, h\u00f6henvertr\u00e4glich<\/div>\n<div>Wird in einem Topf mit einer H\u00f6he von 100-140 cm geliefert.<\/div>\n<\/div>\n<div><\/div>\n","protected":false},"featured_media":3157,"comment_status":"open","ping_status":"closed","template":"","meta":{"_acf_changed":false},"product_brand":[229],"product_cat":[226,216,218,223,177],"product_tag":[111,124],"class_list":{"0":"post-3154","1":"product","2":"type-product","3":"status-publish","4":"has-post-thumbnail","6":"product_brand-pepiniere-fruitiere","7":"product_cat-obstbaeume-fuer-anfaenger-pflegeleichte-obstbaeume","8":"product_cat-obstbaeume-fuer-hoehenlagen","9":"product_cat-obstbaeume-fuer-kleine-gaerten","10":"product_cat-obstbaeume-resistent-gegen-krankheiten","11":"product_cat-reben-und-beerenobst","12":"product_tag-fruit-de-table-de","13":"product_tag-fuer-berglage","15":"first","16":"instock","17":"taxable","18":"shipping-taxable","19":"purchasable","20":"product-type-variable"},"acf":[],"yoast_head":"<!-- This site is optimized with the Yoast SEO plugin v27.5 - https:\/\/yoast.com\/product\/yoast-seo-wordpress\/ -->\n<title>Widerstandsf\u00e4higer Bio-Rebstock Birstaler Muskateller - Wei\u00dfe Traube<\/title>\n<meta name=\"description\" content=\"Der Birstaler Muskat hat s\u00fc\u00dfe und milde Trauben, ist pflegeleicht und ideal f\u00fcr den biologischen Anbau und den Kleingarten.\" \/>\n<meta name=\"robots\" content=\"index, follow, max-snippet:-1, max-image-preview:large, max-video-preview:-1\" \/>\n<link rel=\"canonical\" href=\"https:\/\/pepiniere-bio.ch\/de\/Produkt\/rebe-bio-robust-birstaler-muskateller\/\" \/>\n<meta property=\"og:locale\" content=\"de_DE\" \/>\n<meta property=\"og:type\" content=\"article\" \/>\n<meta property=\"og:title\" content=\"Widerstandsf\u00e4higer Bio-Rebstock Birstaler Muskateller - Wei\u00dfe Traube\" \/>\n<meta property=\"og:description\" content=\"Der Birstaler Muskat hat s\u00fc\u00dfe und milde Trauben, ist pflegeleicht und ideal f\u00fcr den biologischen Anbau und den Kleingarten.\" \/>\n<meta property=\"og:url\" content=\"https:\/\/pepiniere-bio.ch\/de\/Produkt\/rebe-bio-robust-birstaler-muskateller\/\" \/>\n<meta property=\"og:site_name\" content=\"Die Obstbaumschule\" \/>\n<meta property=\"article:publisher\" content=\"https:\/\/www.facebook.com\/profile.php?id=61565115227971\" \/>\n<meta property=\"article:modified_time\" content=\"2026-03-04T20:40:03+00:00\" \/>\n<meta property=\"og:image\" content=\"https:\/\/mlwedunmuulh.i.optimole.com\/w:1080\/h:1080\/q:mauto\/f:best\/https:\/\/pepiniere-bio.ch\/wp-content\/uploads\/2025\/07\/muscat-Birstaller-1.png\" \/>\n\t<meta property=\"og:image:width\" content=\"1080\" \/>\n\t<meta property=\"og:image:height\" content=\"1080\" \/>\n\t<meta property=\"og:image:type\" content=\"image\/png\" \/>\n<meta name=\"twitter:card\" content=\"summary_large_image\" \/>\n<meta name=\"twitter:label1\" content=\"Gesch\u00e4tzte Lesezeit\" \/>\n\t<meta name=\"twitter:data1\" content=\"3\u00a0Minuten\" \/>\n<script type=\"application\/ld+json\" class=\"yoast-schema-graph\">{\"@context\":\"https:\\\/\\\/schema.org\",\"@graph\":[{\"@type\":\"WebPage\",\"@id\":\"https:\\\/\\\/pepiniere-bio.ch\\\/de\\\/Produkt\\\/rebe-bio-robust-birstaler-muskateller\\\/\",\"url\":\"https:\\\/\\\/pepiniere-bio.ch\\\/de\\\/Produkt\\\/rebe-bio-robust-birstaler-muskateller\\\/\",\"name\":\"Widerstandsf\u00e4higer Bio-Rebstock Birstaler Muskateller - Wei\u00dfe Traube\",\"isPartOf\":{\"@id\":\"https:\\\/\\\/pepiniere-bio.ch\\\/de\\\/#website\"},\"primaryImageOfPage\":{\"@id\":\"https:\\\/\\\/pepiniere-bio.ch\\\/de\\\/Produkt\\\/rebe-bio-robust-birstaler-muskateller\\\/#primaryimage\"},\"image\":{\"@id\":\"https:\\\/\\\/pepiniere-bio.ch\\\/de\\\/Produkt\\\/rebe-bio-robust-birstaler-muskateller\\\/#primaryimage\"},\"thumbnailUrl\":\"https:\\\/\\\/pepiniere-bio.ch\\\/wp-content\\\/uploads\\\/2025\\\/07\\\/muscat-Birstaller-1.png\",\"datePublished\":\"2025-07-07T14:49:19+00:00\",\"dateModified\":\"2026-03-04T20:40:03+00:00\",\"description\":\"Der Birstaler Muskat hat s\u00fc\u00dfe und milde Trauben, ist pflegeleicht und ideal f\u00fcr den biologischen Anbau und den Kleingarten.\",\"breadcrumb\":{\"@id\":\"https:\\\/\\\/pepiniere-bio.ch\\\/de\\\/Produkt\\\/rebe-bio-robust-birstaler-muskateller\\\/#breadcrumb\"},\"inLanguage\":\"de\",\"potentialAction\":[{\"@type\":\"ReadAction\",\"target\":[\"https:\\\/\\\/pepiniere-bio.ch\\\/de\\\/Produkt\\\/rebe-bio-robust-birstaler-muskateller\\\/\"]}]},{\"@type\":\"ImageObject\",\"inLanguage\":\"de\",\"@id\":\"https:\\\/\\\/pepiniere-bio.ch\\\/de\\\/Produkt\\\/rebe-bio-robust-birstaler-muskateller\\\/#primaryimage\",\"url\":\"https:\\\/\\\/pepiniere-bio.ch\\\/wp-content\\\/uploads\\\/2025\\\/07\\\/muscat-Birstaller-1.png\",\"contentUrl\":\"https:\\\/\\\/pepiniere-bio.ch\\\/wp-content\\\/uploads\\\/2025\\\/07\\\/muscat-Birstaller-1.png\",\"width\":1080,\"height\":1080,\"caption\":\"Vigne bio Muscat de Birstaler \u2013 raisin blanc tr\u00e8s sucr\u00e9, parfum\u00e9 au muscat, vigne r\u00e9sistante id\u00e9ale pour pergola, espalier ou jardin naturel\"},{\"@type\":\"BreadcrumbList\",\"@id\":\"https:\\\/\\\/pepiniere-bio.ch\\\/de\\\/Produkt\\\/rebe-bio-robust-birstaler-muskateller\\\/#breadcrumb\",\"itemListElement\":[{\"@type\":\"ListItem\",\"position\":1,\"name\":\"Accueil\",\"item\":\"https:\\\/\\\/pepiniere-bio.ch\\\/de\\\/\"},{\"@type\":\"ListItem\",\"position\":2,\"name\":\"Shop\",\"item\":\"https:\\\/\\\/pepiniere-bio.ch\\\/de\\\/shop\\\/\"},{\"@type\":\"ListItem\",\"position\":3,\"name\":\"Widerstandsf\u00e4hige Bio-Rebe Muscat de Birstaler\"}]},{\"@type\":\"WebSite\",\"@id\":\"https:\\\/\\\/pepiniere-bio.ch\\\/de\\\/#website\",\"url\":\"https:\\\/\\\/pepiniere-bio.ch\\\/de\\\/\",\"name\":\"P\u00e9pini\u00e8re fruiti\u00e8re suisse\",\"description\":\"La p\u00e9pini\u00e8re fruiti\u00e8re suisse\",\"publisher\":{\"@id\":\"https:\\\/\\\/pepiniere-bio.ch\\\/de\\\/#organization\"},\"alternateName\":\"P\u00e9pini\u00e8re fruiti\u00e8re suisse\",\"potentialAction\":[{\"@type\":\"SearchAction\",\"target\":{\"@type\":\"EntryPoint\",\"urlTemplate\":\"https:\\\/\\\/pepiniere-bio.ch\\\/de\\\/?s={search_term_string}\"},\"query-input\":{\"@type\":\"PropertyValueSpecification\",\"valueRequired\":true,\"valueName\":\"search_term_string\"}}],\"inLanguage\":\"de\"},{\"@type\":\"Organization\",\"@id\":\"https:\\\/\\\/pepiniere-bio.ch\\\/de\\\/#organization\",\"name\":\"La p\u00e9pini\u00e8re fruiti\u00e8re\",\"alternateName\":\"La p\u00e9pini\u00e8re fruiti\u00e8re\",\"url\":\"https:\\\/\\\/pepiniere-bio.ch\\\/de\\\/\",\"logo\":{\"@type\":\"ImageObject\",\"inLanguage\":\"de\",\"@id\":\"https:\\\/\\\/pepiniere-bio.ch\\\/de\\\/#\\\/schema\\\/logo\\\/image\\\/\",\"url\":\"http:\\\/\\\/new.pepiniere-bio.ch\\\/wp-content\\\/uploads\\\/2026\\\/01\\\/logo-300.png\",\"contentUrl\":\"http:\\\/\\\/new.pepiniere-bio.ch\\\/wp-content\\\/uploads\\\/2026\\\/01\\\/logo-300.png\",\"width\":300,\"height\":300,\"caption\":\"La p\u00e9pini\u00e8re fruiti\u00e8re\"},\"image\":{\"@id\":\"https:\\\/\\\/pepiniere-bio.ch\\\/de\\\/#\\\/schema\\\/logo\\\/image\\\/\"},\"sameAs\":[\"https:\\\/\\\/www.facebook.com\\\/profile.php?id=61565115227971\",\"https:\\\/\\\/www.instagram.com\\\/pepinierebio?igsh=cmR2aGdsMjZ1ZnNn\"]}]}<\/script>\n<!-- \/ Yoast SEO plugin. -->","yoast_head_json":{"title":"Widerstandsf\u00e4higer Bio-Rebstock Birstaler Muskateller - Wei\u00dfe Traube","description":"Der Birstaler Muskat hat s\u00fc\u00dfe und milde Trauben, ist pflegeleicht und ideal f\u00fcr den biologischen Anbau und den Kleingarten.","robots":{"index":"index","follow":"follow","max-snippet":"max-snippet:-1","max-image-preview":"max-image-preview:large","max-video-preview":"max-video-preview:-1"},"canonical":"https:\/\/pepiniere-bio.ch\/de\/Produkt\/rebe-bio-robust-birstaler-muskateller\/","og_locale":"de_DE","og_type":"article","og_title":"Widerstandsf\u00e4higer Bio-Rebstock Birstaler Muskateller - Wei\u00dfe Traube","og_description":"Der Birstaler Muskat hat s\u00fc\u00dfe und milde Trauben, ist pflegeleicht und ideal f\u00fcr den biologischen Anbau und den Kleingarten.","og_url":"https:\/\/pepiniere-bio.ch\/de\/Produkt\/rebe-bio-robust-birstaler-muskateller\/","og_site_name":"Die Obstbaumschule","article_publisher":"https:\/\/www.facebook.com\/profile.php?id=61565115227971","article_modified_time":"2026-03-04T20:40:03+00:00","og_image":[{"width":1080,"height":1080,"url":"https:\/\/mlwedunmuulh.i.optimole.com\/w:1080\/h:1080\/q:mauto\/f:best\/https:\/\/pepiniere-bio.ch\/wp-content\/uploads\/2025\/07\/muscat-Birstaller-1.png","type":"image\/png"}],"twitter_card":"summary_large_image","twitter_misc":{"Gesch\u00e4tzte Lesezeit":"3\u00a0Minuten"},"schema":{"@context":"https:\/\/schema.org","@graph":[{"@type":"WebPage","@id":"https:\/\/pepiniere-bio.ch\/de\/Produkt\/rebe-bio-robust-birstaler-muskateller\/","url":"https:\/\/pepiniere-bio.ch\/de\/Produkt\/rebe-bio-robust-birstaler-muskateller\/","name":"Widerstandsf\u00e4higer Bio-Rebstock Birstaler Muskateller - Wei\u00dfe Traube","isPartOf":{"@id":"https:\/\/pepiniere-bio.ch\/de\/#website"},"primaryImageOfPage":{"@id":"https:\/\/pepiniere-bio.ch\/de\/Produkt\/rebe-bio-robust-birstaler-muskateller\/#primaryimage"},"image":{"@id":"https:\/\/pepiniere-bio.ch\/de\/Produkt\/rebe-bio-robust-birstaler-muskateller\/#primaryimage"},"thumbnailUrl":"https:\/\/pepiniere-bio.ch\/wp-content\/uploads\/2025\/07\/muscat-Birstaller-1.png","datePublished":"2025-07-07T14:49:19+00:00","dateModified":"2026-03-04T20:40:03+00:00","description":"Der Birstaler Muskat hat s\u00fc\u00dfe und milde Trauben, ist pflegeleicht und ideal f\u00fcr den biologischen Anbau und den Kleingarten.","breadcrumb":{"@id":"https:\/\/pepiniere-bio.ch\/de\/Produkt\/rebe-bio-robust-birstaler-muskateller\/#breadcrumb"},"inLanguage":"de","potentialAction":[{"@type":"ReadAction","target":["https:\/\/pepiniere-bio.ch\/de\/Produkt\/rebe-bio-robust-birstaler-muskateller\/"]}]},{"@type":"ImageObject","inLanguage":"de","@id":"https:\/\/pepiniere-bio.ch\/de\/Produkt\/rebe-bio-robust-birstaler-muskateller\/#primaryimage","url":"https:\/\/pepiniere-bio.ch\/wp-content\/uploads\/2025\/07\/muscat-Birstaller-1.png","contentUrl":"https:\/\/pepiniere-bio.ch\/wp-content\/uploads\/2025\/07\/muscat-Birstaller-1.png","width":1080,"height":1080,"caption":"Vigne bio Muscat de Birstaler \u2013 raisin blanc tr\u00e8s sucr\u00e9, parfum\u00e9 au muscat, vigne r\u00e9sistante id\u00e9ale pour pergola, espalier ou jardin naturel"},{"@type":"BreadcrumbList","@id":"https:\/\/pepiniere-bio.ch\/de\/Produkt\/rebe-bio-robust-birstaler-muskateller\/#breadcrumb","itemListElement":[{"@type":"ListItem","position":1,"name":"Accueil","item":"https:\/\/pepiniere-bio.ch\/de\/"},{"@type":"ListItem","position":2,"name":"Shop","item":"https:\/\/pepiniere-bio.ch\/de\/shop\/"},{"@type":"ListItem","position":3,"name":"Widerstandsf\u00e4hige Bio-Rebe Muscat de Birstaler"}]},{"@type":"WebSite","@id":"https:\/\/pepiniere-bio.ch\/de\/#website","url":"https:\/\/pepiniere-bio.ch\/de\/","name":"P\u00e9pini\u00e8re fruiti\u00e8re suisse","description":"La p\u00e9pini\u00e8re fruiti\u00e8re suisse","publisher":{"@id":"https:\/\/pepiniere-bio.ch\/de\/#organization"},"alternateName":"P\u00e9pini\u00e8re fruiti\u00e8re suisse","potentialAction":[{"@type":"SearchAction","target":{"@type":"EntryPoint","urlTemplate":"https:\/\/pepiniere-bio.ch\/de\/?s={search_term_string}"},"query-input":{"@type":"PropertyValueSpecification","valueRequired":true,"valueName":"search_term_string"}}],"inLanguage":"de"},{"@type":"Organization","@id":"https:\/\/pepiniere-bio.ch\/de\/#organization","name":"La p\u00e9pini\u00e8re fruiti\u00e8re","alternateName":"La p\u00e9pini\u00e8re fruiti\u00e8re","url":"https:\/\/pepiniere-bio.ch\/de\/","logo":{"@type":"ImageObject","inLanguage":"de","@id":"https:\/\/pepiniere-bio.ch\/de\/#\/schema\/logo\/image\/","url":"http:\/\/new.pepiniere-bio.ch\/wp-content\/uploads\/2026\/01\/logo-300.png","contentUrl":"http:\/\/new.pepiniere-bio.ch\/wp-content\/uploads\/2026\/01\/logo-300.png","width":300,"height":300,"caption":"La p\u00e9pini\u00e8re fruiti\u00e8re"},"image":{"@id":"https:\/\/pepiniere-bio.ch\/de\/#\/schema\/logo\/image\/"},"sameAs":["https:\/\/www.facebook.com\/profile.php?id=61565115227971","https:\/\/www.instagram.com\/pepinierebio?igsh=cmR2aGdsMjZ1ZnNn"]}]}},"jetpack_sharing_enabled":true,"_links":{"self":[{"href":"https:\/\/pepiniere-bio.ch\/de\/wp-json\/wp\/v2\/product\/3154","targetHints":{"allow":["GET"]}}],"collection":[{"href":"https:\/\/pepiniere-bio.ch\/de\/wp-json\/wp\/v2\/product"}],"about":[{"href":"https:\/\/pepiniere-bio.ch\/de\/wp-json\/wp\/v2\/types\/product"}],"replies":[{"embeddable":true,"href":"https:\/\/pepiniere-bio.ch\/de\/wp-json\/wp\/v2\/comments?post=3154"}],"wp:featuredmedia":[{"embeddable":true,"href":"https:\/\/pepiniere-bio.ch\/de\/wp-json\/wp\/v2\/media\/3157"}],"wp:attachment":[{"href":"https:\/\/pepiniere-bio.ch\/de\/wp-json\/wp\/v2\/media?parent=3154"}],"wp:term":[{"taxonomy":"product_brand","embeddable":true,"href":"https:\/\/pepiniere-bio.ch\/de\/wp-json\/wp\/v2\/product_brand?post=3154"},{"taxonomy":"product_cat","embeddable":true,"href":"https:\/\/pepiniere-bio.ch\/de\/wp-json\/wp\/v2\/product_cat?post=3154"},{"taxonomy":"product_tag","embeddable":true,"href":"https:\/\/pepiniere-bio.ch\/de\/wp-json\/wp\/v2\/product_tag?post=3154"}],"curies":[{"name":"wp","href":"https:\/\/api.w.org\/{rel}","templated":true}]}}