{"id":1091,"date":"2024-12-21T14:33:20","date_gmt":"2024-12-21T14:33:20","guid":{"rendered":"https:\/\/new.pepiniere-bio.ch\/produit\/pommier-colonnaire-rumba\/"},"modified":"2026-03-06T20:11:41","modified_gmt":"2026-03-06T20:11:41","slug":"saeulenapfel-rumba","status":"publish","type":"product","link":"https:\/\/pepiniere-bio.ch\/de\/Produkt\/saeulenapfel-rumba\/","title":{"rendered":"S\u00e4ulenapfel Bio Rumba"},"content":{"rendered":"<h2 data-start=\"300\" data-end=\"388\">S\u00e4ulenapfel Rumba &#8211; widerstandsf\u00e4hige Sorte, ideal f\u00fcr den Hausgarten<\/h2>\n<p data-start=\"390\" data-end=\"684\">Dieser <strong data-start=\"393\" data-end=\"444\">s\u00e4ulenf\u00f6rmig und kompakt wachsende Bio-Apfelbaum<\/strong> ist eine ausgezeichnete Herbstsorte, die ebenso sch\u00f6n wie schmackhaft ist. Die <strong data-start=\"514\" data-end=\"538\">mittelfr\u00fche Bl\u00fcte<\/strong> und die <strong data-start=\"545\" data-end=\"576\">nat\u00fcrlich schmale Form<\/strong> machen ihn zu einem perfekten Baum f\u00fcr <strong data-start=\"611\" data-end=\"629\">kleine G\u00e4rten<\/strong>, Obsthecken oder sogar f\u00fcr den Solit\u00e4ranbau.<\/p>\n<p data-start=\"686\" data-end=\"957\">Die \u00c4pfel sind <strong data-start=\"701\" data-end=\"717\">gro\u00df,<\/strong> haben eine <strong data-start=\"734\" data-end=\"787\">gelbgr\u00fcne Schale<\/strong> mit einer breiten <strong data-start=\"734\" data-end=\"787\">karminroten<\/strong> F\u00e4rbung und sind <strong data-start=\"812\" data-end=\"829\">Anfang Oktober<\/strong> reif. Sie sind sofort nach der Ernte verzehrfertig und k\u00f6nnen in einem guten Naturkeller <strong data-start=\"898\" data-end=\"926\">bis M\u00e4rz aufbewahrt<\/strong> werden.<\/p>\n<p data-start=\"959\" data-end=\"1148\">Das Fruchtfleisch <strong data-start=\"962\" data-end=\"1010\">ist knackig, saftig, fein und s\u00fc\u00df<\/strong> mit einem feinen Aroma, das sehr gesch\u00e4tzt wird. Die Frucht eignet sich hervorragend f\u00fcr den Frischverzehr, aber auch f\u00fcr die <strong data-start=\"1122\" data-end=\"1147\">Verarbeitung zu Saft<\/strong>.<\/p>\n<hr data-start=\"1150\" data-end=\"1153\" \/>\n<h3 data-start=\"1155\" data-end=\"1196\">Eine robuste und vielseitige Sorte<\/h3>\n<p data-start=\"1198\" data-end=\"1444\">Dieser Apfelbaum ist <strong data-start=\"1213\" data-end=\"1240\">resistent gegen Schorf<\/strong> und wenig anf\u00e4llig f\u00fcr Mehltau, was ihn zu einer ausgezeichneten Wahl f\u00fcr den <strong data-start=\"1312\" data-end=\"1350\">biologischen Anbau ohne Spritzmittel<\/strong> macht. Er ben\u00f6tigt wenig Pflege und eignet sich gut f\u00fcr einen <strong data-start=\"1411\" data-end=\"1443\">Familien- oder Permakultur-Obstgarten<\/strong>.<\/p>\n<hr data-start=\"1446\" data-end=\"1449\" \/>\n<h3 data-start=\"1451\" data-end=\"1474\">Zusammenfassung der Vorteile des s\u00e4ulenf\u00f6rmigen Apfels Rumba<\/h3>\n<ul data-start=\"1476\" data-end=\"1849\">\n<li data-start=\"1476\" data-end=\"1505\">\n<p data-start=\"1478\" data-end=\"1505\"><strong data-start=\"1478\" data-end=\"1489\">Ernte<\/strong>: Anfang Oktober<\/p>\n<\/li>\n<li data-start=\"1506\" data-end=\"1574\">\n<p data-start=\"1508\" data-end=\"1574\"><strong data-start=\"1508\" data-end=\"1524\">Verzehr<\/strong>: sofort und lange haltbar (bis M\u00e4rz)<\/p>\n<\/li>\n<li data-start=\"1575\" data-end=\"1630\">\n<p data-start=\"1577\" data-end=\"1630\"><strong data-start=\"1577\" data-end=\"1586\">Frucht<\/strong>: gro\u00df, farbig, mit s\u00fc\u00dfem und aromatischem Geschmack<\/p>\n<\/li>\n<li data-start=\"1631\" data-end=\"1695\">\n<p data-start=\"1633\" data-end=\"1695\"><strong data-start=\"1633\" data-end=\"1648\">Verwendung<\/strong>: zum Kauen, f\u00fcr Saft, als Hecke oder Solit\u00e4r<\/p>\n<\/li>\n<li data-start=\"1696\" data-end=\"1775\">\n<p data-start=\"1698\" data-end=\"1775\"><strong data-start=\"1698\" data-end=\"1712\">Wuchs<\/strong>: s\u00e4ulenf\u00f6rmig, kompakt, leicht in kleine R\u00e4ume zu integrieren<\/p>\n<\/li>\n<li data-start=\"1776\" data-end=\"1849\">\n<p data-start=\"1778\" data-end=\"1849\"><strong data-start=\"1778\" data-end=\"1792\">Resistenz<\/strong>: sehr gut gegen Schorf, wenig anf\u00e4llig f\u00fcr Mehltau<\/p>\n<\/li>\n<li data-start=\"1776\" data-end=\"1849\"><strong>Mit * gekennzeichnete Pflanzen werden in biologischer Umstellung geliefert.\u201c<\/strong><\/li>\n<\/ul>\n<hr data-start=\"1851\" data-end=\"1854\" \/>\n<p data-start=\"1856\" data-end=\"1947\"><strong data-start=\"1859\" data-end=\"1947\">Eine ideale Sorte, um Freude, \u00c4sthetik und Nachhaltigkeit in Ihrem Garten zu kombinieren!<\/strong><\/p>\n<p>&nbsp;<\/p>\n","protected":false},"excerpt":{"rendered":"<div>\n<p><strong>Herbst- und Lagerapfel <\/strong><\/p>\n<p><strong>Verbrauch:<\/strong> Oktober bis M\u00e4rz<br \/>\n<strong>Frucht<\/strong> fleisch: mittelfest, knackig, saftig, s\u00fc\u00df, fein, sehr sch\u00f6nes Aroma<br \/>\n<strong>Besonderheiten:<\/strong> widerstandsf\u00e4hige Sorte, ideal f\u00fcr den Hausgarten<br \/>\n<strong>Verwendung:<\/strong> Tafelapfel, als Solit\u00e4r oder f\u00fcr kleine Hecken, Apfelsaft<\/p>\n<p>Topfpflanzen werden innert 5\u20137 Tagen geliefert.<br data-start=\"394\" data-end=\"397\" \/>Die Pflanzen\u00a0 \u201eWurzelnackt\u201c\u00a0 wird ab dem 20. Oktober bis Ende M\u00e4rz ausgeliefert.<\/p>\n<div><\/div>\n<div><\/div>\n<\/div>\n<div><\/div>\n","protected":false},"featured_media":1466,"comment_status":"open","ping_status":"closed","template":"","meta":{"_acf_changed":false},"product_brand":[],"product_cat":[144,218,223,143],"product_tag":[145,148,146,147],"class_list":{"0":"post-1091","1":"product","2":"type-product","3":"status-publish","4":"has-post-thumbnail","6":"product_cat-herbstaepfel","7":"product_cat-obstbaeume-fuer-kleine-gaerten","8":"product_cat-obstbaeume-resistent-gegen-krankheiten","9":"product_cat-saeulenapfelbaum","10":"product_tag-fuer-lager","11":"product_tag-rot","12":"product_tag-saeulenapfelbaum","13":"product_tag-widerstandsfaehig","15":"first","16":"instock","17":"taxable","18":"shipping-taxable","19":"purchasable","20":"product-type-variable"},"acf":[],"yoast_head":"<!-- This site is optimized with the Yoast SEO plugin v27.3 - https:\/\/yoast.com\/product\/yoast-seo-wordpress\/ -->\n<title>S\u00e4ulenapfel Bio Rumba - Die Obstbaumschule Schweiz<\/title>\n<meta name=\"description\" content=\"Ideale Sorte f\u00fcr den Garten, resistent gegen Krankheiten, f\u00fcr einen nat\u00fcrlichen Anbau ohne Pestizide, von Oktober bis M\u00e4rz zu verzehren.\" \/>\n<meta name=\"robots\" content=\"index, follow, max-snippet:-1, max-image-preview:large, max-video-preview:-1\" \/>\n<link rel=\"canonical\" href=\"https:\/\/pepiniere-bio.ch\/de\/Produkt\/saeulenapfel-rumba\/\" \/>\n<meta property=\"og:locale\" content=\"de_DE\" \/>\n<meta property=\"og:type\" content=\"article\" \/>\n<meta property=\"og:title\" content=\"S\u00e4ulenapfel Bio Rumba - Die Obstbaumschule Schweiz\" \/>\n<meta property=\"og:description\" content=\"Ideale Sorte f\u00fcr den Garten, resistent gegen Krankheiten, f\u00fcr einen nat\u00fcrlichen Anbau ohne Pestizide, von Oktober bis M\u00e4rz zu verzehren.\" \/>\n<meta property=\"og:url\" content=\"https:\/\/pepiniere-bio.ch\/de\/Produkt\/saeulenapfel-rumba\/\" \/>\n<meta property=\"og:site_name\" content=\"Die Obstbaumschule\" \/>\n<meta property=\"article:publisher\" content=\"https:\/\/www.facebook.com\/profile.php?id=61565115227971\" \/>\n<meta property=\"article:modified_time\" content=\"2026-03-06T20:11:41+00:00\" \/>\n<meta property=\"og:image\" content=\"https:\/\/pepiniere-bio.ch\/wp-content\/uploads\/2024\/12\/rumba-bio-1.png\" \/>\n\t<meta property=\"og:image:width\" content=\"500\" \/>\n\t<meta property=\"og:image:height\" content=\"500\" \/>\n\t<meta property=\"og:image:type\" content=\"image\/png\" \/>\n<meta name=\"twitter:card\" content=\"summary_large_image\" \/>\n<meta name=\"twitter:label1\" content=\"Gesch\u00e4tzte Lesezeit\" \/>\n\t<meta name=\"twitter:data1\" content=\"2\u00a0Minuten\" \/>\n<script type=\"application\/ld+json\" class=\"yoast-schema-graph\">{\"@context\":\"https:\\\/\\\/schema.org\",\"@graph\":[{\"@type\":\"WebPage\",\"@id\":\"https:\\\/\\\/pepiniere-bio.ch\\\/de\\\/Produkt\\\/saeulenapfel-rumba\\\/\",\"url\":\"https:\\\/\\\/pepiniere-bio.ch\\\/de\\\/Produkt\\\/saeulenapfel-rumba\\\/\",\"name\":\"S\u00e4ulenapfel Bio Rumba - Die Obstbaumschule Schweiz\",\"isPartOf\":{\"@id\":\"https:\\\/\\\/pepiniere-bio.ch\\\/de\\\/#website\"},\"primaryImageOfPage\":{\"@id\":\"https:\\\/\\\/pepiniere-bio.ch\\\/de\\\/Produkt\\\/saeulenapfel-rumba\\\/#primaryimage\"},\"image\":{\"@id\":\"https:\\\/\\\/pepiniere-bio.ch\\\/de\\\/Produkt\\\/saeulenapfel-rumba\\\/#primaryimage\"},\"thumbnailUrl\":\"https:\\\/\\\/pepiniere-bio.ch\\\/wp-content\\\/uploads\\\/2024\\\/12\\\/rumba-bio-1.png\",\"datePublished\":\"2024-12-21T14:33:20+00:00\",\"dateModified\":\"2026-03-06T20:11:41+00:00\",\"description\":\"Ideale Sorte f\u00fcr den Garten, resistent gegen Krankheiten, f\u00fcr einen nat\u00fcrlichen Anbau ohne Pestizide, von Oktober bis M\u00e4rz zu verzehren.\",\"breadcrumb\":{\"@id\":\"https:\\\/\\\/pepiniere-bio.ch\\\/de\\\/Produkt\\\/saeulenapfel-rumba\\\/#breadcrumb\"},\"inLanguage\":\"de\",\"potentialAction\":[{\"@type\":\"ReadAction\",\"target\":[\"https:\\\/\\\/pepiniere-bio.ch\\\/de\\\/Produkt\\\/saeulenapfel-rumba\\\/\"]}]},{\"@type\":\"ImageObject\",\"inLanguage\":\"de\",\"@id\":\"https:\\\/\\\/pepiniere-bio.ch\\\/de\\\/Produkt\\\/saeulenapfel-rumba\\\/#primaryimage\",\"url\":\"https:\\\/\\\/pepiniere-bio.ch\\\/wp-content\\\/uploads\\\/2024\\\/12\\\/rumba-bio-1.png\",\"contentUrl\":\"https:\\\/\\\/pepiniere-bio.ch\\\/wp-content\\\/uploads\\\/2024\\\/12\\\/rumba-bio-1.png\",\"width\":500,\"height\":500,\"caption\":\"Pommier bio Rumba\"},{\"@type\":\"BreadcrumbList\",\"@id\":\"https:\\\/\\\/pepiniere-bio.ch\\\/de\\\/Produkt\\\/saeulenapfel-rumba\\\/#breadcrumb\",\"itemListElement\":[{\"@type\":\"ListItem\",\"position\":1,\"name\":\"Accueil\",\"item\":\"https:\\\/\\\/pepiniere-bio.ch\\\/de\\\/\"},{\"@type\":\"ListItem\",\"position\":2,\"name\":\"Shop\",\"item\":\"https:\\\/\\\/pepiniere-bio.ch\\\/de\\\/shop\\\/\"},{\"@type\":\"ListItem\",\"position\":3,\"name\":\"S\u00e4ulenapfel Bio Rumba\"}]},{\"@type\":\"WebSite\",\"@id\":\"https:\\\/\\\/pepiniere-bio.ch\\\/de\\\/#website\",\"url\":\"https:\\\/\\\/pepiniere-bio.ch\\\/de\\\/\",\"name\":\"P\u00e9pini\u00e8re fruiti\u00e8re suisse\",\"description\":\"La p\u00e9pini\u00e8re fruiti\u00e8re suisse\",\"publisher\":{\"@id\":\"https:\\\/\\\/pepiniere-bio.ch\\\/de\\\/#organization\"},\"alternateName\":\"P\u00e9pini\u00e8re fruiti\u00e8re suisse\",\"potentialAction\":[{\"@type\":\"SearchAction\",\"target\":{\"@type\":\"EntryPoint\",\"urlTemplate\":\"https:\\\/\\\/pepiniere-bio.ch\\\/de\\\/?s={search_term_string}\"},\"query-input\":{\"@type\":\"PropertyValueSpecification\",\"valueRequired\":true,\"valueName\":\"search_term_string\"}}],\"inLanguage\":\"de\"},{\"@type\":\"Organization\",\"@id\":\"https:\\\/\\\/pepiniere-bio.ch\\\/de\\\/#organization\",\"name\":\"La p\u00e9pini\u00e8re fruiti\u00e8re\",\"alternateName\":\"La p\u00e9pini\u00e8re fruiti\u00e8re\",\"url\":\"https:\\\/\\\/pepiniere-bio.ch\\\/de\\\/\",\"logo\":{\"@type\":\"ImageObject\",\"inLanguage\":\"de\",\"@id\":\"https:\\\/\\\/pepiniere-bio.ch\\\/de\\\/#\\\/schema\\\/logo\\\/image\\\/\",\"url\":\"http:\\\/\\\/new.pepiniere-bio.ch\\\/wp-content\\\/uploads\\\/2026\\\/01\\\/logo-300.png\",\"contentUrl\":\"http:\\\/\\\/new.pepiniere-bio.ch\\\/wp-content\\\/uploads\\\/2026\\\/01\\\/logo-300.png\",\"width\":300,\"height\":300,\"caption\":\"La p\u00e9pini\u00e8re fruiti\u00e8re\"},\"image\":{\"@id\":\"https:\\\/\\\/pepiniere-bio.ch\\\/de\\\/#\\\/schema\\\/logo\\\/image\\\/\"},\"sameAs\":[\"https:\\\/\\\/www.facebook.com\\\/profile.php?id=61565115227971\",\"https:\\\/\\\/www.instagram.com\\\/pepinierebio?igsh=cmR2aGdsMjZ1ZnNn\"]}]}<\/script>\n<!-- \/ Yoast SEO plugin. -->","yoast_head_json":{"title":"S\u00e4ulenapfel Bio Rumba - Die Obstbaumschule Schweiz","description":"Ideale Sorte f\u00fcr den Garten, resistent gegen Krankheiten, f\u00fcr einen nat\u00fcrlichen Anbau ohne Pestizide, von Oktober bis M\u00e4rz zu verzehren.","robots":{"index":"index","follow":"follow","max-snippet":"max-snippet:-1","max-image-preview":"max-image-preview:large","max-video-preview":"max-video-preview:-1"},"canonical":"https:\/\/pepiniere-bio.ch\/de\/Produkt\/saeulenapfel-rumba\/","og_locale":"de_DE","og_type":"article","og_title":"S\u00e4ulenapfel Bio Rumba - Die Obstbaumschule Schweiz","og_description":"Ideale Sorte f\u00fcr den Garten, resistent gegen Krankheiten, f\u00fcr einen nat\u00fcrlichen Anbau ohne Pestizide, von Oktober bis M\u00e4rz zu verzehren.","og_url":"https:\/\/pepiniere-bio.ch\/de\/Produkt\/saeulenapfel-rumba\/","og_site_name":"Die Obstbaumschule","article_publisher":"https:\/\/www.facebook.com\/profile.php?id=61565115227971","article_modified_time":"2026-03-06T20:11:41+00:00","og_image":[{"width":500,"height":500,"url":"https:\/\/pepiniere-bio.ch\/wp-content\/uploads\/2024\/12\/rumba-bio-1.png","type":"image\/png"}],"twitter_card":"summary_large_image","twitter_misc":{"Gesch\u00e4tzte Lesezeit":"2\u00a0Minuten"},"schema":{"@context":"https:\/\/schema.org","@graph":[{"@type":"WebPage","@id":"https:\/\/pepiniere-bio.ch\/de\/Produkt\/saeulenapfel-rumba\/","url":"https:\/\/pepiniere-bio.ch\/de\/Produkt\/saeulenapfel-rumba\/","name":"S\u00e4ulenapfel Bio Rumba - Die Obstbaumschule Schweiz","isPartOf":{"@id":"https:\/\/pepiniere-bio.ch\/de\/#website"},"primaryImageOfPage":{"@id":"https:\/\/pepiniere-bio.ch\/de\/Produkt\/saeulenapfel-rumba\/#primaryimage"},"image":{"@id":"https:\/\/pepiniere-bio.ch\/de\/Produkt\/saeulenapfel-rumba\/#primaryimage"},"thumbnailUrl":"https:\/\/pepiniere-bio.ch\/wp-content\/uploads\/2024\/12\/rumba-bio-1.png","datePublished":"2024-12-21T14:33:20+00:00","dateModified":"2026-03-06T20:11:41+00:00","description":"Ideale Sorte f\u00fcr den Garten, resistent gegen Krankheiten, f\u00fcr einen nat\u00fcrlichen Anbau ohne Pestizide, von Oktober bis M\u00e4rz zu verzehren.","breadcrumb":{"@id":"https:\/\/pepiniere-bio.ch\/de\/Produkt\/saeulenapfel-rumba\/#breadcrumb"},"inLanguage":"de","potentialAction":[{"@type":"ReadAction","target":["https:\/\/pepiniere-bio.ch\/de\/Produkt\/saeulenapfel-rumba\/"]}]},{"@type":"ImageObject","inLanguage":"de","@id":"https:\/\/pepiniere-bio.ch\/de\/Produkt\/saeulenapfel-rumba\/#primaryimage","url":"https:\/\/pepiniere-bio.ch\/wp-content\/uploads\/2024\/12\/rumba-bio-1.png","contentUrl":"https:\/\/pepiniere-bio.ch\/wp-content\/uploads\/2024\/12\/rumba-bio-1.png","width":500,"height":500,"caption":"Pommier bio Rumba"},{"@type":"BreadcrumbList","@id":"https:\/\/pepiniere-bio.ch\/de\/Produkt\/saeulenapfel-rumba\/#breadcrumb","itemListElement":[{"@type":"ListItem","position":1,"name":"Accueil","item":"https:\/\/pepiniere-bio.ch\/de\/"},{"@type":"ListItem","position":2,"name":"Shop","item":"https:\/\/pepiniere-bio.ch\/de\/shop\/"},{"@type":"ListItem","position":3,"name":"S\u00e4ulenapfel Bio Rumba"}]},{"@type":"WebSite","@id":"https:\/\/pepiniere-bio.ch\/de\/#website","url":"https:\/\/pepiniere-bio.ch\/de\/","name":"P\u00e9pini\u00e8re fruiti\u00e8re suisse","description":"La p\u00e9pini\u00e8re fruiti\u00e8re suisse","publisher":{"@id":"https:\/\/pepiniere-bio.ch\/de\/#organization"},"alternateName":"P\u00e9pini\u00e8re fruiti\u00e8re suisse","potentialAction":[{"@type":"SearchAction","target":{"@type":"EntryPoint","urlTemplate":"https:\/\/pepiniere-bio.ch\/de\/?s={search_term_string}"},"query-input":{"@type":"PropertyValueSpecification","valueRequired":true,"valueName":"search_term_string"}}],"inLanguage":"de"},{"@type":"Organization","@id":"https:\/\/pepiniere-bio.ch\/de\/#organization","name":"La p\u00e9pini\u00e8re fruiti\u00e8re","alternateName":"La p\u00e9pini\u00e8re fruiti\u00e8re","url":"https:\/\/pepiniere-bio.ch\/de\/","logo":{"@type":"ImageObject","inLanguage":"de","@id":"https:\/\/pepiniere-bio.ch\/de\/#\/schema\/logo\/image\/","url":"http:\/\/new.pepiniere-bio.ch\/wp-content\/uploads\/2026\/01\/logo-300.png","contentUrl":"http:\/\/new.pepiniere-bio.ch\/wp-content\/uploads\/2026\/01\/logo-300.png","width":300,"height":300,"caption":"La p\u00e9pini\u00e8re fruiti\u00e8re"},"image":{"@id":"https:\/\/pepiniere-bio.ch\/de\/#\/schema\/logo\/image\/"},"sameAs":["https:\/\/www.facebook.com\/profile.php?id=61565115227971","https:\/\/www.instagram.com\/pepinierebio?igsh=cmR2aGdsMjZ1ZnNn"]}]}},"jetpack_sharing_enabled":true,"_links":{"self":[{"href":"https:\/\/pepiniere-bio.ch\/de\/wp-json\/wp\/v2\/product\/1091","targetHints":{"allow":["GET"]}}],"collection":[{"href":"https:\/\/pepiniere-bio.ch\/de\/wp-json\/wp\/v2\/product"}],"about":[{"href":"https:\/\/pepiniere-bio.ch\/de\/wp-json\/wp\/v2\/types\/product"}],"replies":[{"embeddable":true,"href":"https:\/\/pepiniere-bio.ch\/de\/wp-json\/wp\/v2\/comments?post=1091"}],"wp:featuredmedia":[{"embeddable":true,"href":"https:\/\/pepiniere-bio.ch\/de\/wp-json\/wp\/v2\/media\/1466"}],"wp:attachment":[{"href":"https:\/\/pepiniere-bio.ch\/de\/wp-json\/wp\/v2\/media?parent=1091"}],"wp:term":[{"taxonomy":"product_brand","embeddable":true,"href":"https:\/\/pepiniere-bio.ch\/de\/wp-json\/wp\/v2\/product_brand?post=1091"},{"taxonomy":"product_cat","embeddable":true,"href":"https:\/\/pepiniere-bio.ch\/de\/wp-json\/wp\/v2\/product_cat?post=1091"},{"taxonomy":"product_tag","embeddable":true,"href":"https:\/\/pepiniere-bio.ch\/de\/wp-json\/wp\/v2\/product_tag?post=1091"}],"curies":[{"name":"wp","href":"https:\/\/api.w.org\/{rel}","templated":true}]}}