{"id":1007,"date":"2024-12-30T11:02:27","date_gmt":"2024-12-30T11:02:27","guid":{"rendered":"https:\/\/new.pepiniere-bio.ch\/produit\/prunier-mirabelle-de-nancy\/"},"modified":"2026-03-06T20:09:01","modified_gmt":"2026-03-06T20:09:01","slug":"pflaumenbaum-bio-mirabelle-von-nancy","status":"publish","type":"product","link":"https:\/\/pepiniere-bio.ch\/de\/Produkt\/pflaumenbaum-bio-mirabelle-von-nancy\/","title":{"rendered":"Pflaumenbaum Bio Mirabelle von Nancy"},"content":{"rendered":"<h2 data-start=\"2776\" data-end=\"2869\">Pflaumenbaum \u2018Mirabelle von Nancy\u2019 \u2013 S\u00fcsse, kleine Frucht f\u00fcr H\u00f6henlagen und Edelbrand<\/h2>\n<h3 data-start=\"2871\" data-end=\"2906\">Alte Sorte mit intensivem Aroma<\/h3>\n<p data-start=\"2908\" data-end=\"3243\">Der <strong data-start=\"2912\" data-end=\"2949\">Pflaumenbaum \u2018Mirabelle von Nancy\u2019<\/strong>\u00a0 bio ist eine <strong data-start=\"2959\" data-end=\"3000\">traditionelle, selbstfruchtbare Sorte<\/strong>, bekannt f\u00fcr ihre <strong data-start=\"3019\" data-end=\"3058\">zuckerreichen, aromatischen Fr\u00fcchte<\/strong>. Sie eignet sich ideal f\u00fcr den <strong data-start=\"3090\" data-end=\"3113\">Anbau in H\u00f6henlagen<\/strong> und liefert ein hochwertiges Obst f\u00fcr <strong data-start=\"3152\" data-end=\"3202\">Tafelgenuss, D\u00f6rrfr\u00fcchte oder die Destillation<\/strong>. Die <strong data-start=\"3208\" data-end=\"3242\">Ernte beginnt Anfang September<\/strong>.<\/p>\n<hr data-start=\"3245\" data-end=\"3248\" \/>\n<h3 data-start=\"3250\" data-end=\"3296\">Kleine goldgelbe Frucht mit sonnigem Teint<\/h3>\n<p data-start=\"3298\" data-end=\"3536\">Die <strong data-start=\"3302\" data-end=\"3330\">Fr\u00fcchte sind klein, gelb<\/strong>, und auf der sonnenzugewandten Seite oft <strong data-start=\"3372\" data-end=\"3390\">orange gef\u00e4rbt<\/strong>. Das <strong data-start=\"3396\" data-end=\"3452\">Fruchtfleisch ist sehr saftig und ausgesprochen s\u00fcss<\/strong> \u2013 perfekt zum <strong data-start=\"3467\" data-end=\"3535\">Frischverzehr, Trocknen oder f\u00fcr die Herstellung von Edelbr\u00e4nden<\/strong>.<\/p>\n<hr data-start=\"3538\" data-end=\"3541\" \/>\n<h3 data-start=\"3543\" data-end=\"3593\">Robust, pflegeleicht und vielseitig verwendbar<\/h3>\n<p data-start=\"3595\" data-end=\"3926\">Die <strong data-start=\"3599\" data-end=\"3641\">Mirabelle von Nancy ist selbstfruchtbar<\/strong>, liefert regelm\u00e4ssige Ertr\u00e4ge und ben\u00f6tigt keine intensive Pflege. Dank ihrer Anpassungsf\u00e4higkeit eignet sie sich sehr gut f\u00fcr den <strong data-start=\"3773\" data-end=\"3826\">naturnahen oder biologischen Anbau in der Schweiz<\/strong>, insbesondere in H\u00f6henlagen. Ihre <strong data-start=\"3861\" data-end=\"3925\">hohe Qualit\u00e4t macht sie beliebt bei Familien und Produzenten<\/strong>.<\/p>\n<hr data-start=\"3928\" data-end=\"3931\" \/>\n<h3 data-start=\"3933\" data-end=\"3959\">Erh\u00e4ltliche Baumformen<\/h3>\n<p data-start=\"3961\" data-end=\"3996\">Erh\u00e4ltlich in folgenden Stammh\u00f6hen:<\/p>\n<ul data-start=\"3997\" data-end=\"4060\">\n<li data-start=\"3997\" data-end=\"4017\">\n<p data-start=\"3999\" data-end=\"4017\">Hochstamm 160 cm<\/p>\n<\/li>\n<li data-start=\"4018\" data-end=\"4038\">\n<p data-start=\"4020\" data-end=\"4038\">Halbstamm 120 cm<\/p>\n<\/li>\n<li data-start=\"4039\" data-end=\"4060\">\n<p data-start=\"4041\" data-end=\"4060\">Niederstamm 80 cm<\/p>\n<\/li>\n<\/ul>\n<p data-start=\"4062\" data-end=\"4100\">Weitere Formen auf Anfrage erh\u00e4ltlich.<\/p>\n<hr data-start=\"4102\" data-end=\"4105\" \/>\n<h3 data-start=\"4107\" data-end=\"4164\">Lieferung in die ganze Schweiz \u2013 auch gegen Nachnahme<\/h3>\n<p data-start=\"4166\" data-end=\"4391\">Wir liefern den <strong data-start=\"4182\" data-end=\"4219\">Pflaumenbaum \u2018Mirabelle de Nancy\u2019<\/strong> in die ganze Schweiz: Romandie und Deutschschweiz (Z\u00fcrich, Bern, Freiburg, Waadt, Wallis, Luzern, Basel, Jura usw.).<\/p>\n<div>\n<h1 data-start=\"143\" data-end=\"193\">Wie w\u00e4hle oder kaufe ich einen Pflaumenbaum?<\/h1>\n<p data-start=\"195\" data-end=\"421\">M\u00f6chten Sie einen Pflaumenbaum in Ihrem Garten oder Obstgarten pflanzen? Hier sind unsere Tipps f\u00fcr die richtige Wahl des Obstbaums in Bezug auf den verf\u00fcgbaren Platz, die Geschwindigkeit der Fruchtbildung und die Pflegeleichtigkeit.<\/p>\n<p data-start=\"195\" data-end=\"421\"><strong>Wir verkaufen unsere Pflaumenb\u00e4ume entweder im Topf oder als wurzelnackte Pflanzen. Obstb\u00e4ume im Topf k\u00f6nnen das ganze Jahr \u00fcber gepflanzt werden, w\u00e4hrend wurzelnackte Pflanzen nur von Mitte Oktober bis M\u00e4rz gepflanzt werden k\u00f6nnen.<\/strong><\/p>\n<p data-start=\"462\" data-end=\"544\">Wir bieten verschiedene Formen von Birnb\u00e4umen an, die f\u00fcr alle Gartentypen geeignet sind:<\/p>\n<h3 data-start=\"546\" data-end=\"573\">Hochst\u00e4mmiger Pflaumenbaum<\/h3>\n<p data-start=\"574\" data-end=\"662\"><strong data-start=\"574\" data-end=\"595\">Schafth\u00f6he:<\/strong>\u00a0160-180 cm<br data-start=\"608\" data-end=\"611\" \/><strong data-start=\"611\" data-end=\"626\">Struktur:<\/strong>\u00a0Gekr\u00f6nt (4-5 Zweige) und gepfeilt<\/p>\n<p data-start=\"664\" data-end=\"1044\">Der\u00a0<strong data-start=\"667\" data-end=\"689\">Hochstamm-Pflaumenbaum<\/strong>\u00a0ist die st\u00e4rkste Form. Er kann eine H\u00f6he von\u00a0<strong data-start=\"756\" data-end=\"774\">10-15 m<\/strong>\u00a0erreichen und beginnt etwa\u00a0<strong data-start=\"817\" data-end=\"830\">4-6 Jahre<\/strong>\u00a0nach der Pflanzung Pflaumen zu produzieren (je nach Sorte).<br data-start=\"870\" data-end=\"873\" \/>Bei regelm\u00e4\u00dfigem Beschneiden kann er auf mindestens\u00a0<strong data-start=\"923\" data-end=\"937\">5-6 m<\/strong>\u00a0gehalten werden.<br data-start=\"946\" data-end=\"949\" \/>Ideal f\u00fcr\u00a0<strong data-start=\"964\" data-end=\"982\">gro\u00dfe G\u00e4rten<\/strong>,\u00a0<strong data-start=\"984\" data-end=\"997\">Weiden<\/strong>\u00a0oder um<strong data-start=\"1024\" data-end=\"1043\">nat\u00fcrliche Schattenbereiche<\/strong>\u00a0zu schaffen.<\/p>\n<h3 data-start=\"1046\" data-end=\"1070\">Pflaumenbaum Halbstamm<\/h3>\n<p data-start=\"1071\" data-end=\"1153\"><strong data-start=\"1071\" data-end=\"1092\">Schafth\u00f6he:<\/strong>\u00a0120 cm<br data-start=\"1099\" data-end=\"1102\" \/><strong data-start=\"1102\" data-end=\"1117\">Struktur:<\/strong>\u00a0Gekr\u00f6nt (4-5 Zweige) und gepfeilt<\/p>\n<p data-start=\"1155\" data-end=\"1538\">Der\u00a0<strong data-start=\"1158\" data-end=\"1177\">Halbstamm-Birnbaum<\/strong>\u00a0hat eine mittlere Wuchsst\u00e4rke. Er kann\u00a0<strong data-start=\"1226\" data-end=\"1243\">8-10 m<\/strong>\u00a0hoch werden und beginnt nach\u00a0<strong data-start=\"1291\" data-end=\"1304\">3-4 Jahren<\/strong>\u00a0(je nach Sorte) Fr\u00fcchte zu tragen.<br data-start=\"1324\" data-end=\"1327\" \/>Bei regelm\u00e4\u00dfigem Schnitt kann er auf\u00a0<strong data-start=\"1378\" data-end=\"1392\">4-5 m<\/strong>\u00a0H\u00f6he gehalten werden.<br data-start=\"1393\" data-end=\"1396\" \/>Perfekt f\u00fcr\u00a0<strong data-start=\"1413\" data-end=\"1442\">mittelgro\u00dfe G\u00e4rten<\/strong>, am Rand oder in der\u00a0<strong data-start=\"1461\" data-end=\"1482\">Mitte eines Rasens<\/strong>, da seine H\u00f6he einen\u00a0<strong data-start=\"1505\" data-end=\"1537\">leichten Zugang zum M\u00e4hen<\/strong>\u00a0erm\u00f6glicht.<\/p>\n<h3 data-start=\"1540\" data-end=\"1577\">Pflaumenbaum Busch (Niederstamm)<\/h3>\n<p data-start=\"1578\" data-end=\"1659\"><strong data-start=\"1578\" data-end=\"1599\">Schafth\u00f6he:<\/strong>\u00a080 cm<br data-start=\"1605\" data-end=\"1608\" \/><strong data-start=\"1608\" data-end=\"1623\">Struktur:<\/strong>\u00a0Gekr\u00f6nt (4-5 Zweige) und gepfeilt<\/p>\n<p data-start=\"1661\" data-end=\"2112\">Die Pflaumenbaum niederstamm ist eine schwachw\u00fcchsige Form. Er wird\u00a0<strong data-start=\"1728\" data-end=\"1744\">3 bis 4 Meter<\/strong>\u00a0hoch und tr\u00e4gt bereits\u00a0<strong data-start=\"1771\" data-end=\"1784\">1 bis 2 Jahre<\/strong>\u00a0nach der Pflanzung Fr\u00fcchte (je nach Sorte).<br data-start=\"1821\" data-end=\"1824\" \/>Mit einem regelm\u00e4\u00dfigen Schnitt kann er auf\u00a0<strong data-start=\"1874\" data-end=\"1892\">2 bis 2,5 Meter<\/strong>\u00a0H\u00f6he gebracht werden.<br data-start=\"1893\" data-end=\"1896\" \/>Empfohlen f\u00fcr\u00a0<strong data-start=\"1916\" data-end=\"1934\">kleine G\u00e4rten<\/strong>,\u00a0<strong data-start=\"1940\" data-end=\"1953\">Terrassen<\/strong>, als\u00a0<strong data-start=\"1958\" data-end=\"1965\">Topfpflanze<\/strong>\u00a0oder zur Schaffung von\u00a0<strong data-start=\"1984\" data-end=\"2004\">Obsthecken<\/strong>.<br data-start=\"2005\" data-end=\"2008\" \/>Seine wichtigsten Vorteile:\u00a0<strong data-start=\"2035\" data-end=\"2059\">schneller Fruchtansatz<\/strong>,\u00a0<strong data-start=\"2061\" data-end=\"2081\">einfache Pflege<\/strong>\u00a0(Schnitt, Behandlung, Ernte).<\/p>\n<h3 data-start=\"2114\" data-end=\"2128\">Spindel<\/h3>\n<p data-start=\"2129\" data-end=\"2375\">Der\u00a0<strong data-start=\"2132\" data-end=\"2141\">S\u00e4mling<\/strong>\u00a0entspricht einem\u00a0<strong data-start=\"2158\" data-end=\"2177\">Buschpflaumenbaum<\/strong>, der jedoch<strong data-start=\"2186\" data-end=\"2210\">ein Jahr j\u00fcnger<\/strong>\u00a0ist. Er ben\u00f6tigt daher etwas mehr Zeit, bevor er Fr\u00fcchte tr\u00e4gt. Er ist eine gute Alternative, wenn Sie die zuk\u00fcnftige Form Ihres Baumes selbst gestalten m\u00f6chten.<\/p>\n<hr data-start=\"2377\" data-end=\"2380\" \/>\n<p data-start=\"2403\" data-end=\"2535\">Alle von uns angebotenen Obstb\u00e4ume sind von\u00a0<strong data-start=\"2449\" data-end=\"2465\">h\u00f6chster Qualit\u00e4t<\/strong>\u00a0und entsprechen den\u00a0<strong data-start=\"2481\" data-end=\"2534\">Normen des Verbandes Schweizerischer Baumschulen und Bio Suisse.<\/strong><\/p>\n<\/div>\n","protected":false},"excerpt":{"rendered":"<div>\n<div>\n<p>&nbsp;<\/p>\n<p><strong>Ernte:<\/strong> Anfang September<br \/>\n<strong>Frucht:<\/strong> klein, gelb und orange auf der Sonnenseite, selbstfruchtbar<br \/>\n<strong>Frucht<\/strong>fleisch: saftig, sehr s\u00fc\u00df<br \/>\n<strong>Besonderheiten<\/strong>: geeignet f\u00fcr H\u00f6henlagen, der Schnaps ist bekannt<br \/>\n<strong>Verwendung<\/strong>: Tafelobst, kann auch getrocknet oder destilliert werden.<\/p>\n<p data-start=\"445\" data-end=\"545\">Topfpflanzen werden innert 5\u20137 Tagen geliefert.<\/p>\n<p>Die Pflanzen\u00a0 \u201eWurzelnackt\u201c\u00a0 wird ab dem 20. Oktober bis Ende M\u00e4rzausgeliefert.<\/p>\n<div><\/div>\n<\/div>\n<div><\/div>\n<div><\/div>\n<div><\/div>\n<div><\/div>\n<div><\/div>\n<div><\/div>\n<\/div>\n<div><\/div>\n<div><\/div>\n<div><\/div>\n<div><\/div>\n<div><\/div>\n<div><\/div>\n","protected":false},"featured_media":3384,"comment_status":"open","ping_status":"closed","template":"","meta":{"_acf_changed":false},"product_brand":[229],"product_cat":[221,226,216,123],"product_tag":[124],"class_list":{"0":"post-1007","1":"product","2":"type-product","3":"status-publish","4":"has-post-thumbnail","6":"product_brand-pepiniere-fruitiere","7":"product_cat-alte-obstsorten","8":"product_cat-obstbaeume-fuer-anfaenger-pflegeleichte-obstbaeume","9":"product_cat-obstbaeume-fuer-hoehenlagen","10":"product_cat-pflaumen-zwetschgenbaum","11":"product_tag-fuer-berglage","13":"first","14":"instock","15":"sale","16":"taxable","17":"shipping-taxable","18":"purchasable","19":"product-type-variable"},"acf":[],"yoast_head":"<!-- This site is optimized with the Yoast SEO plugin v27.4 - https:\/\/yoast.com\/product\/yoast-seo-wordpress\/ -->\n<title>Pflaumenbaum Bio Mirabelle von Nancy - Die Obstbaumschule<\/title>\n<meta name=\"description\" content=\"Pflaumenbaum bio Mirabelle von Nancy Sehr s\u00fcsse, selbstfruchtbare Mirabelle. Ideal f\u00fcr H\u00f6henlage. Ernte Anfang September. Lieferung Schweizweit.\" \/>\n<meta name=\"robots\" content=\"index, follow, max-snippet:-1, max-image-preview:large, max-video-preview:-1\" \/>\n<link rel=\"canonical\" href=\"https:\/\/pepiniere-bio.ch\/de\/Produkt\/pflaumenbaum-bio-mirabelle-von-nancy\/\" \/>\n<meta property=\"og:locale\" content=\"de_DE\" \/>\n<meta property=\"og:type\" content=\"article\" \/>\n<meta property=\"og:title\" content=\"Pflaumenbaum Bio Mirabelle von Nancy - Die Obstbaumschule\" \/>\n<meta property=\"og:description\" content=\"Pflaumenbaum bio Mirabelle von Nancy Sehr s\u00fcsse, selbstfruchtbare Mirabelle. Ideal f\u00fcr H\u00f6henlage. Ernte Anfang September. Lieferung Schweizweit.\" \/>\n<meta property=\"og:url\" content=\"https:\/\/pepiniere-bio.ch\/de\/Produkt\/pflaumenbaum-bio-mirabelle-von-nancy\/\" \/>\n<meta property=\"og:site_name\" content=\"Die Obstbaumschule\" \/>\n<meta property=\"article:publisher\" content=\"https:\/\/www.facebook.com\/profile.php?id=61565115227971\" \/>\n<meta property=\"article:modified_time\" content=\"2026-03-06T20:09:01+00:00\" \/>\n<meta property=\"og:image\" content=\"https:\/\/pepiniere-bio.ch\/wp-content\/uploads\/2024\/12\/prunier-mirabelle-de-nancy-suisse.jpg\" \/>\n\t<meta property=\"og:image:width\" content=\"540\" \/>\n\t<meta property=\"og:image:height\" content=\"540\" \/>\n\t<meta property=\"og:image:type\" content=\"image\/jpeg\" \/>\n<meta name=\"twitter:card\" content=\"summary_large_image\" \/>\n<meta name=\"twitter:label1\" content=\"Gesch\u00e4tzte Lesezeit\" \/>\n\t<meta name=\"twitter:data1\" content=\"3\u00a0Minuten\" \/>\n<script type=\"application\/ld+json\" class=\"yoast-schema-graph\">{\"@context\":\"https:\\\/\\\/schema.org\",\"@graph\":[{\"@type\":\"WebPage\",\"@id\":\"https:\\\/\\\/pepiniere-bio.ch\\\/de\\\/Produkt\\\/pflaumenbaum-bio-mirabelle-von-nancy\\\/\",\"url\":\"https:\\\/\\\/pepiniere-bio.ch\\\/de\\\/Produkt\\\/pflaumenbaum-bio-mirabelle-von-nancy\\\/\",\"name\":\"Pflaumenbaum Bio Mirabelle von Nancy - Die Obstbaumschule\",\"isPartOf\":{\"@id\":\"https:\\\/\\\/pepiniere-bio.ch\\\/de\\\/#website\"},\"primaryImageOfPage\":{\"@id\":\"https:\\\/\\\/pepiniere-bio.ch\\\/de\\\/Produkt\\\/pflaumenbaum-bio-mirabelle-von-nancy\\\/#primaryimage\"},\"image\":{\"@id\":\"https:\\\/\\\/pepiniere-bio.ch\\\/de\\\/Produkt\\\/pflaumenbaum-bio-mirabelle-von-nancy\\\/#primaryimage\"},\"thumbnailUrl\":\"https:\\\/\\\/pepiniere-bio.ch\\\/wp-content\\\/uploads\\\/2024\\\/12\\\/prunier-mirabelle-de-nancy-suisse.jpg\",\"datePublished\":\"2024-12-30T11:02:27+00:00\",\"dateModified\":\"2026-03-06T20:09:01+00:00\",\"description\":\"Pflaumenbaum bio Mirabelle von Nancy Sehr s\u00fcsse, selbstfruchtbare Mirabelle. Ideal f\u00fcr H\u00f6henlage. Ernte Anfang September. Lieferung Schweizweit.\",\"breadcrumb\":{\"@id\":\"https:\\\/\\\/pepiniere-bio.ch\\\/de\\\/Produkt\\\/pflaumenbaum-bio-mirabelle-von-nancy\\\/#breadcrumb\"},\"inLanguage\":\"de\",\"potentialAction\":[{\"@type\":\"ReadAction\",\"target\":[\"https:\\\/\\\/pepiniere-bio.ch\\\/de\\\/Produkt\\\/pflaumenbaum-bio-mirabelle-von-nancy\\\/\"]}]},{\"@type\":\"ImageObject\",\"inLanguage\":\"de\",\"@id\":\"https:\\\/\\\/pepiniere-bio.ch\\\/de\\\/Produkt\\\/pflaumenbaum-bio-mirabelle-von-nancy\\\/#primaryimage\",\"url\":\"https:\\\/\\\/pepiniere-bio.ch\\\/wp-content\\\/uploads\\\/2024\\\/12\\\/prunier-mirabelle-de-nancy-suisse.jpg\",\"contentUrl\":\"https:\\\/\\\/pepiniere-bio.ch\\\/wp-content\\\/uploads\\\/2024\\\/12\\\/prunier-mirabelle-de-nancy-suisse.jpg\",\"width\":540,\"height\":540,\"caption\":\"Prunier \u2018Mirabelle de Nancy\u2019 \u2013 Une petite prune dor\u00e9e \u00e0 d\u00e9guster ou \u00e0 distiller\"},{\"@type\":\"BreadcrumbList\",\"@id\":\"https:\\\/\\\/pepiniere-bio.ch\\\/de\\\/Produkt\\\/pflaumenbaum-bio-mirabelle-von-nancy\\\/#breadcrumb\",\"itemListElement\":[{\"@type\":\"ListItem\",\"position\":1,\"name\":\"Accueil\",\"item\":\"https:\\\/\\\/pepiniere-bio.ch\\\/de\\\/\"},{\"@type\":\"ListItem\",\"position\":2,\"name\":\"Shop\",\"item\":\"https:\\\/\\\/pepiniere-bio.ch\\\/de\\\/shop\\\/\"},{\"@type\":\"ListItem\",\"position\":3,\"name\":\"Pflaumenbaum Bio Mirabelle von Nancy\"}]},{\"@type\":\"WebSite\",\"@id\":\"https:\\\/\\\/pepiniere-bio.ch\\\/de\\\/#website\",\"url\":\"https:\\\/\\\/pepiniere-bio.ch\\\/de\\\/\",\"name\":\"P\u00e9pini\u00e8re fruiti\u00e8re suisse\",\"description\":\"La p\u00e9pini\u00e8re fruiti\u00e8re suisse\",\"publisher\":{\"@id\":\"https:\\\/\\\/pepiniere-bio.ch\\\/de\\\/#organization\"},\"alternateName\":\"P\u00e9pini\u00e8re fruiti\u00e8re suisse\",\"potentialAction\":[{\"@type\":\"SearchAction\",\"target\":{\"@type\":\"EntryPoint\",\"urlTemplate\":\"https:\\\/\\\/pepiniere-bio.ch\\\/de\\\/?s={search_term_string}\"},\"query-input\":{\"@type\":\"PropertyValueSpecification\",\"valueRequired\":true,\"valueName\":\"search_term_string\"}}],\"inLanguage\":\"de\"},{\"@type\":\"Organization\",\"@id\":\"https:\\\/\\\/pepiniere-bio.ch\\\/de\\\/#organization\",\"name\":\"La p\u00e9pini\u00e8re fruiti\u00e8re\",\"alternateName\":\"La p\u00e9pini\u00e8re fruiti\u00e8re\",\"url\":\"https:\\\/\\\/pepiniere-bio.ch\\\/de\\\/\",\"logo\":{\"@type\":\"ImageObject\",\"inLanguage\":\"de\",\"@id\":\"https:\\\/\\\/pepiniere-bio.ch\\\/de\\\/#\\\/schema\\\/logo\\\/image\\\/\",\"url\":\"http:\\\/\\\/new.pepiniere-bio.ch\\\/wp-content\\\/uploads\\\/2026\\\/01\\\/logo-300.png\",\"contentUrl\":\"http:\\\/\\\/new.pepiniere-bio.ch\\\/wp-content\\\/uploads\\\/2026\\\/01\\\/logo-300.png\",\"width\":300,\"height\":300,\"caption\":\"La p\u00e9pini\u00e8re fruiti\u00e8re\"},\"image\":{\"@id\":\"https:\\\/\\\/pepiniere-bio.ch\\\/de\\\/#\\\/schema\\\/logo\\\/image\\\/\"},\"sameAs\":[\"https:\\\/\\\/www.facebook.com\\\/profile.php?id=61565115227971\",\"https:\\\/\\\/www.instagram.com\\\/pepinierebio?igsh=cmR2aGdsMjZ1ZnNn\"]}]}<\/script>\n<!-- \/ Yoast SEO plugin. -->","yoast_head_json":{"title":"Pflaumenbaum Bio Mirabelle von Nancy - Die Obstbaumschule","description":"Pflaumenbaum bio Mirabelle von Nancy Sehr s\u00fcsse, selbstfruchtbare Mirabelle. Ideal f\u00fcr H\u00f6henlage. Ernte Anfang September. Lieferung Schweizweit.","robots":{"index":"index","follow":"follow","max-snippet":"max-snippet:-1","max-image-preview":"max-image-preview:large","max-video-preview":"max-video-preview:-1"},"canonical":"https:\/\/pepiniere-bio.ch\/de\/Produkt\/pflaumenbaum-bio-mirabelle-von-nancy\/","og_locale":"de_DE","og_type":"article","og_title":"Pflaumenbaum Bio Mirabelle von Nancy - Die Obstbaumschule","og_description":"Pflaumenbaum bio Mirabelle von Nancy Sehr s\u00fcsse, selbstfruchtbare Mirabelle. Ideal f\u00fcr H\u00f6henlage. Ernte Anfang September. Lieferung Schweizweit.","og_url":"https:\/\/pepiniere-bio.ch\/de\/Produkt\/pflaumenbaum-bio-mirabelle-von-nancy\/","og_site_name":"Die Obstbaumschule","article_publisher":"https:\/\/www.facebook.com\/profile.php?id=61565115227971","article_modified_time":"2026-03-06T20:09:01+00:00","og_image":[{"width":540,"height":540,"url":"https:\/\/pepiniere-bio.ch\/wp-content\/uploads\/2024\/12\/prunier-mirabelle-de-nancy-suisse.jpg","type":"image\/jpeg"}],"twitter_card":"summary_large_image","twitter_misc":{"Gesch\u00e4tzte Lesezeit":"3\u00a0Minuten"},"schema":{"@context":"https:\/\/schema.org","@graph":[{"@type":"WebPage","@id":"https:\/\/pepiniere-bio.ch\/de\/Produkt\/pflaumenbaum-bio-mirabelle-von-nancy\/","url":"https:\/\/pepiniere-bio.ch\/de\/Produkt\/pflaumenbaum-bio-mirabelle-von-nancy\/","name":"Pflaumenbaum Bio Mirabelle von Nancy - Die Obstbaumschule","isPartOf":{"@id":"https:\/\/pepiniere-bio.ch\/de\/#website"},"primaryImageOfPage":{"@id":"https:\/\/pepiniere-bio.ch\/de\/Produkt\/pflaumenbaum-bio-mirabelle-von-nancy\/#primaryimage"},"image":{"@id":"https:\/\/pepiniere-bio.ch\/de\/Produkt\/pflaumenbaum-bio-mirabelle-von-nancy\/#primaryimage"},"thumbnailUrl":"https:\/\/pepiniere-bio.ch\/wp-content\/uploads\/2024\/12\/prunier-mirabelle-de-nancy-suisse.jpg","datePublished":"2024-12-30T11:02:27+00:00","dateModified":"2026-03-06T20:09:01+00:00","description":"Pflaumenbaum bio Mirabelle von Nancy Sehr s\u00fcsse, selbstfruchtbare Mirabelle. Ideal f\u00fcr H\u00f6henlage. Ernte Anfang September. Lieferung Schweizweit.","breadcrumb":{"@id":"https:\/\/pepiniere-bio.ch\/de\/Produkt\/pflaumenbaum-bio-mirabelle-von-nancy\/#breadcrumb"},"inLanguage":"de","potentialAction":[{"@type":"ReadAction","target":["https:\/\/pepiniere-bio.ch\/de\/Produkt\/pflaumenbaum-bio-mirabelle-von-nancy\/"]}]},{"@type":"ImageObject","inLanguage":"de","@id":"https:\/\/pepiniere-bio.ch\/de\/Produkt\/pflaumenbaum-bio-mirabelle-von-nancy\/#primaryimage","url":"https:\/\/pepiniere-bio.ch\/wp-content\/uploads\/2024\/12\/prunier-mirabelle-de-nancy-suisse.jpg","contentUrl":"https:\/\/pepiniere-bio.ch\/wp-content\/uploads\/2024\/12\/prunier-mirabelle-de-nancy-suisse.jpg","width":540,"height":540,"caption":"Prunier \u2018Mirabelle de Nancy\u2019 \u2013 Une petite prune dor\u00e9e \u00e0 d\u00e9guster ou \u00e0 distiller"},{"@type":"BreadcrumbList","@id":"https:\/\/pepiniere-bio.ch\/de\/Produkt\/pflaumenbaum-bio-mirabelle-von-nancy\/#breadcrumb","itemListElement":[{"@type":"ListItem","position":1,"name":"Accueil","item":"https:\/\/pepiniere-bio.ch\/de\/"},{"@type":"ListItem","position":2,"name":"Shop","item":"https:\/\/pepiniere-bio.ch\/de\/shop\/"},{"@type":"ListItem","position":3,"name":"Pflaumenbaum Bio Mirabelle von Nancy"}]},{"@type":"WebSite","@id":"https:\/\/pepiniere-bio.ch\/de\/#website","url":"https:\/\/pepiniere-bio.ch\/de\/","name":"P\u00e9pini\u00e8re fruiti\u00e8re suisse","description":"La p\u00e9pini\u00e8re fruiti\u00e8re suisse","publisher":{"@id":"https:\/\/pepiniere-bio.ch\/de\/#organization"},"alternateName":"P\u00e9pini\u00e8re fruiti\u00e8re suisse","potentialAction":[{"@type":"SearchAction","target":{"@type":"EntryPoint","urlTemplate":"https:\/\/pepiniere-bio.ch\/de\/?s={search_term_string}"},"query-input":{"@type":"PropertyValueSpecification","valueRequired":true,"valueName":"search_term_string"}}],"inLanguage":"de"},{"@type":"Organization","@id":"https:\/\/pepiniere-bio.ch\/de\/#organization","name":"La p\u00e9pini\u00e8re fruiti\u00e8re","alternateName":"La p\u00e9pini\u00e8re fruiti\u00e8re","url":"https:\/\/pepiniere-bio.ch\/de\/","logo":{"@type":"ImageObject","inLanguage":"de","@id":"https:\/\/pepiniere-bio.ch\/de\/#\/schema\/logo\/image\/","url":"http:\/\/new.pepiniere-bio.ch\/wp-content\/uploads\/2026\/01\/logo-300.png","contentUrl":"http:\/\/new.pepiniere-bio.ch\/wp-content\/uploads\/2026\/01\/logo-300.png","width":300,"height":300,"caption":"La p\u00e9pini\u00e8re fruiti\u00e8re"},"image":{"@id":"https:\/\/pepiniere-bio.ch\/de\/#\/schema\/logo\/image\/"},"sameAs":["https:\/\/www.facebook.com\/profile.php?id=61565115227971","https:\/\/www.instagram.com\/pepinierebio?igsh=cmR2aGdsMjZ1ZnNn"]}]}},"jetpack_sharing_enabled":true,"_links":{"self":[{"href":"https:\/\/pepiniere-bio.ch\/de\/wp-json\/wp\/v2\/product\/1007","targetHints":{"allow":["GET"]}}],"collection":[{"href":"https:\/\/pepiniere-bio.ch\/de\/wp-json\/wp\/v2\/product"}],"about":[{"href":"https:\/\/pepiniere-bio.ch\/de\/wp-json\/wp\/v2\/types\/product"}],"replies":[{"embeddable":true,"href":"https:\/\/pepiniere-bio.ch\/de\/wp-json\/wp\/v2\/comments?post=1007"}],"wp:featuredmedia":[{"embeddable":true,"href":"https:\/\/pepiniere-bio.ch\/de\/wp-json\/wp\/v2\/media\/3384"}],"wp:attachment":[{"href":"https:\/\/pepiniere-bio.ch\/de\/wp-json\/wp\/v2\/media?parent=1007"}],"wp:term":[{"taxonomy":"product_brand","embeddable":true,"href":"https:\/\/pepiniere-bio.ch\/de\/wp-json\/wp\/v2\/product_brand?post=1007"},{"taxonomy":"product_cat","embeddable":true,"href":"https:\/\/pepiniere-bio.ch\/de\/wp-json\/wp\/v2\/product_cat?post=1007"},{"taxonomy":"product_tag","embeddable":true,"href":"https:\/\/pepiniere-bio.ch\/de\/wp-json\/wp\/v2\/product_tag?post=1007"}],"curies":[{"name":"wp","href":"https:\/\/api.w.org\/{rel}","templated":true}]}}