{"id":119,"date":"2024-12-09T14:57:50","date_gmt":"2024-12-09T14:57:50","guid":{"rendered":"https:\/\/shop.pepiniere-bio.ch\/sample-page\/"},"modified":"2025-05-20T16:01:12","modified_gmt":"2025-05-20T16:01:12","slug":"dienstleistungen-und-beratung","status":"publish","type":"page","link":"https:\/\/pepiniere-bio.ch\/de\/dienstleistungen-und-beratung\/","title":{"rendered":"Dienstleistungen und Beratung"},"content":{"rendered":"\n<div class=\"wp-block-group alignfull is-layout-constrained wp-container-core-group-is-layout-8d777db5 wp-block-group-is-layout-constrained\" style=\"padding-right:4.2vw;padding-left:4.2vw\">\n<div class=\"wp-block-columns alignfull is-layout-flex wp-container-core-columns-is-layout-28f84493 wp-block-columns-is-layout-flex\">\n<div class=\"wp-block-column is-vertically-aligned-center is-layout-flow wp-block-column-is-layout-flow\">\n<div class=\"wp-block-group alignfull is-layout-constrained wp-container-core-group-is-layout-8d777db5 wp-block-group-is-layout-constrained\" style=\"padding-right:4.2vw;padding-left:4.2vw\">\n<div class=\"wp-block-columns alignwide are-vertically-aligned-center is-layout-flex wp-container-core-columns-is-layout-28f84493 wp-block-columns-is-layout-flex\">\n<div class=\"wp-block-column is-vertically-aligned-center is-layout-flow wp-block-column-is-layout-flow\">\n<div class=\"wp-block-cover is-light\" style=\"padding-top:4vw;padding-right:2.6vw;padding-bottom:4vw;padding-left:2.6vw\"><span aria-hidden=\"true\" class=\"wp-block-cover__background has-primary-background-color has-background-dim-100 has-background-dim\"><\/span><div class=\"wp-block-cover__inner-container is-layout-flow wp-block-cover-is-layout-flow\">\n<div class=\"wp-block-group is-layout-constrained wp-container-core-group-is-layout-ca411957 wp-block-group-is-layout-constrained\" style=\"padding-top:var(--wp--preset--spacing--40);padding-right:var(--wp--preset--spacing--40);padding-bottom:0;padding-left:var(--wp--preset--spacing--40)\">\n<h3 class=\"wp-block-heading has-kirana-white-color has-text-color\">Brauchen Sie Rat?<\/h3>\n\n\n\n<p class=\"has-kirana-white-color has-text-color\" style=\"margin-top:20px\">Welche Obstb\u00e4ume passen in Ihr Klima oder Ihren Garten?  <\/p>\n\n\n\n<p><\/p>\n\n\n\n<p><\/p>\n\n\n\n<p class=\"has-kirana-white-color has-text-color\" style=\"margin-top:20px\">Wie pflegen Sie Ihren Apfelbaum? Wir beraten Sie gerne nach Terminvereinbarung, per E-Mail oder telefonisch.  <\/p>\n\n\n\n<p class=\"has-kirana-white-color has-text-color\"><\/p>\n\n\n\n<div style=\"height:45px\" aria-hidden=\"true\" class=\"wp-block-spacer\"><\/div>\n<\/div>\n\n\n\n<div class=\"wp-block-group is-layout-constrained wp-container-core-group-is-layout-dbd2a86b wp-block-group-is-layout-constrained\" style=\"padding-top:0;padding-right:var(--wp--preset--spacing--40);padding-bottom:var(--wp--preset--spacing--40);padding-left:var(--wp--preset--spacing--40)\">\n<h3 class=\"wp-block-heading has-kirana-white-color has-text-color\"><a href=\"https:\/\/pepiniere-bio.ch\/de\/formulaire-de-contact\/\" data-type=\"page\" data-id=\"266\">Kontaktieren Sie uns!<\/a><\/h3>\n\n\n\n<p class=\"has-kirana-white-color has-text-color\" style=\"margin-top:20px\"><\/p>\n<\/div>\n<\/div><\/div>\n<\/div>\n\n\n\n<div class=\"wp-block-column is-vertically-aligned-center is-layout-flow wp-block-column-is-layout-flow\">\n<figure class=\"wp-block-image size-full\"><img loading=\"lazy\" decoding=\"async\" width=\"2560\" height=\"1920\" src=\"http:\/\/new.pepiniere-bio.ch\/wp-content\/uploads\/2024\/12\/image00022-scaled.jpeg\" alt=\"\" class=\"wp-image-286\" srcset=\"https:\/\/pepiniere-bio.ch\/wp-content\/uploads\/2024\/12\/image00022-scaled.jpeg 2560w, https:\/\/pepiniere-bio.ch\/wp-content\/uploads\/2024\/12\/image00022-300x225.jpeg 300w, https:\/\/pepiniere-bio.ch\/wp-content\/uploads\/2024\/12\/image00022-1024x768.jpeg 1024w, https:\/\/pepiniere-bio.ch\/wp-content\/uploads\/2024\/12\/image00022-768x576.jpeg 768w, https:\/\/pepiniere-bio.ch\/wp-content\/uploads\/2024\/12\/image00022-1536x1152.jpeg 1536w, https:\/\/pepiniere-bio.ch\/wp-content\/uploads\/2024\/12\/image00022-2048x1536.jpeg 2048w, https:\/\/pepiniere-bio.ch\/wp-content\/uploads\/2024\/12\/image00022-1320x990.jpeg 1320w, https:\/\/pepiniere-bio.ch\/wp-content\/uploads\/2024\/12\/image00022-600x450.jpeg 600w\" sizes=\"auto, (max-width: 2560px) 100vw, 2560px\" \/><\/figure>\n<\/div>\n<\/div>\n<\/div>\n<\/div>\n<\/div>\n<\/div>\n\n<div class=\"wp-block-group alignfull is-layout-constrained wp-container-core-group-is-layout-8d777db5 wp-block-group-is-layout-constrained\" style=\"padding-right:4.2vw;padding-left:4.2vw\">\n<div class=\"wp-block-cover alignwide is-light has-custom-content-position is-position-center-left\" style=\"padding-top:0;padding-right:var(--wp--preset--spacing--50);padding-bottom:0;padding-left:var(--wp--preset--spacing--50)\"><span aria-hidden=\"true\" class=\"wp-block-cover__background has-background-dim-90 has-background-dim wp-block-cover__gradient-background has-background-gradient\" style=\"background-color:#9b8663;background:linear-gradient(90deg,rgb(94,162,113) 30%,rgba(255,255,255,0) 79%,rgba(155,81,224,0) 100%)\"><\/span><img loading=\"lazy\" decoding=\"async\" width=\"1500\" height=\"500\" class=\"wp-block-cover__image-background wp-image-279\" alt=\"\" src=\"http:\/\/new.pepiniere-bio.ch\/wp-content\/uploads\/2024\/12\/1-3.png\" data-object-fit=\"cover\" srcset=\"https:\/\/pepiniere-bio.ch\/wp-content\/uploads\/2024\/12\/1-3.png 1500w, https:\/\/pepiniere-bio.ch\/wp-content\/uploads\/2024\/12\/1-3-300x100.png 300w, https:\/\/pepiniere-bio.ch\/wp-content\/uploads\/2024\/12\/1-3-1024x341.png 1024w, https:\/\/pepiniere-bio.ch\/wp-content\/uploads\/2024\/12\/1-3-768x256.png 768w, https:\/\/pepiniere-bio.ch\/wp-content\/uploads\/2024\/12\/1-3-1320x440.png 1320w, https:\/\/pepiniere-bio.ch\/wp-content\/uploads\/2024\/12\/1-3-600x200.png 600w\" sizes=\"auto, (max-width: 1500px) 100vw, 1500px\" \/><div class=\"wp-block-cover__inner-container is-layout-constrained wp-container-core-cover-is-layout-ae002d71 wp-block-cover-is-layout-constrained\">\n<div class=\"wp-block-columns alignwide is-layout-flex wp-container-core-columns-is-layout-28f84493 wp-block-columns-is-layout-flex\">\n<div class=\"wp-block-column is-vertically-aligned-center is-layout-flow wp-block-column-is-layout-flow\" style=\"flex-basis:50%\">\n<h3 class=\"wp-block-heading has-text-align-left has-kirana-white-color has-text-color\">Veredelung zu Hause<\/h3>\n\n\n\n<div class=\"wp-block-group is-layout-constrained wp-container-core-group-is-layout-ca411957 wp-block-group-is-layout-constrained\" style=\"padding-top:var(--wp--preset--spacing--40);padding-right:var(--wp--preset--spacing--40);padding-bottom:0;padding-left:var(--wp--preset--spacing--40)\">\n<p class=\"has-text-align-left has-kirana-white-color has-text-color\" style=\"margin-top:20px\">Sie m\u00f6chten die Sorte eines Obstbaums \u00e4ndern oder eine neue Sorte hinzuf\u00fcgen, die Sorte eines alten Baumes vor dem Absterben retten, einen spontan gewachsenen Wildbaum veredeln.<\/p>\n\n\n\n<p class=\"has-text-align-left has-kirana-white-color has-text-color\"><a href=\"https:\/\/pepiniere-bio.ch\/de\/formulaire-de-contact\/\" data-type=\"page\" data-id=\"266\">Kontaktieren Sie uns!<\/a><\/p>\n<\/div>\n<\/div>\n<\/div>\n<\/div><\/div>\n<\/div>\n","protected":false},"excerpt":{"rendered":"","protected":false},"author":1,"featured_media":0,"parent":0,"menu_order":0,"comment_status":"closed","ping_status":"closed","template":"","meta":{"_acf_changed":false,"footnotes":""},"class_list":["post-119","page","type-page","status-publish","hentry"],"acf":[],"yoast_head":"<!-- This site is optimized with the Yoast SEO plugin v27.4 - https:\/\/yoast.com\/product\/yoast-seo-wordpress\/ -->\n<title>Dienstleistungen und Beratung - Die Obstbaumschule<\/title>\n<meta name=\"robots\" content=\"index, follow, max-snippet:-1, max-image-preview:large, max-video-preview:-1\" \/>\n<link rel=\"canonical\" href=\"https:\/\/pepiniere-bio.ch\/de\/dienstleistungen-und-beratung\/\" \/>\n<meta property=\"og:locale\" content=\"de_DE\" \/>\n<meta property=\"og:type\" content=\"article\" \/>\n<meta property=\"og:title\" content=\"Dienstleistungen und Beratung - Die Obstbaumschule\" \/>\n<meta property=\"og:url\" content=\"https:\/\/pepiniere-bio.ch\/de\/dienstleistungen-und-beratung\/\" \/>\n<meta property=\"og:site_name\" content=\"Die Obstbaumschule\" \/>\n<meta property=\"article:publisher\" content=\"https:\/\/www.facebook.com\/profile.php?id=61565115227971\" \/>\n<meta property=\"article:modified_time\" content=\"2025-05-20T16:01:12+00:00\" \/>\n<meta property=\"og:image\" content=\"http:\/\/new.pepiniere-bio.ch\/wp-content\/uploads\/2024\/12\/image00022-scaled.jpeg\" \/>\n<meta name=\"twitter:card\" content=\"summary_large_image\" \/>\n<meta name=\"twitter:label1\" content=\"Gesch\u00e4tzte Lesezeit\" \/>\n\t<meta name=\"twitter:data1\" content=\"1\u00a0Minute\" \/>\n<script type=\"application\/ld+json\" class=\"yoast-schema-graph\">{\"@context\":\"https:\\\/\\\/schema.org\",\"@graph\":[{\"@type\":\"WebPage\",\"@id\":\"https:\\\/\\\/pepiniere-bio.ch\\\/de\\\/dienstleistungen-und-beratung\\\/\",\"url\":\"https:\\\/\\\/pepiniere-bio.ch\\\/de\\\/dienstleistungen-und-beratung\\\/\",\"name\":\"Dienstleistungen und Beratung - Die Obstbaumschule\",\"isPartOf\":{\"@id\":\"https:\\\/\\\/pepiniere-bio.ch\\\/de\\\/#website\"},\"primaryImageOfPage\":{\"@id\":\"https:\\\/\\\/pepiniere-bio.ch\\\/de\\\/dienstleistungen-und-beratung\\\/#primaryimage\"},\"image\":{\"@id\":\"https:\\\/\\\/pepiniere-bio.ch\\\/de\\\/dienstleistungen-und-beratung\\\/#primaryimage\"},\"thumbnailUrl\":\"http:\\\/\\\/new.pepiniere-bio.ch\\\/wp-content\\\/uploads\\\/2024\\\/12\\\/image00022-scaled.jpeg\",\"datePublished\":\"2024-12-09T14:57:50+00:00\",\"dateModified\":\"2025-05-20T16:01:12+00:00\",\"breadcrumb\":{\"@id\":\"https:\\\/\\\/pepiniere-bio.ch\\\/de\\\/dienstleistungen-und-beratung\\\/#breadcrumb\"},\"inLanguage\":\"de\",\"potentialAction\":[{\"@type\":\"ReadAction\",\"target\":[\"https:\\\/\\\/pepiniere-bio.ch\\\/de\\\/dienstleistungen-und-beratung\\\/\"]}]},{\"@type\":\"ImageObject\",\"inLanguage\":\"de\",\"@id\":\"https:\\\/\\\/pepiniere-bio.ch\\\/de\\\/dienstleistungen-und-beratung\\\/#primaryimage\",\"url\":\"http:\\\/\\\/new.pepiniere-bio.ch\\\/wp-content\\\/uploads\\\/2024\\\/12\\\/image00022-scaled.jpeg\",\"contentUrl\":\"http:\\\/\\\/new.pepiniere-bio.ch\\\/wp-content\\\/uploads\\\/2024\\\/12\\\/image00022-scaled.jpeg\"},{\"@type\":\"BreadcrumbList\",\"@id\":\"https:\\\/\\\/pepiniere-bio.ch\\\/de\\\/dienstleistungen-und-beratung\\\/#breadcrumb\",\"itemListElement\":[{\"@type\":\"ListItem\",\"position\":1,\"name\":\"Accueil\",\"item\":\"https:\\\/\\\/pepiniere-bio.ch\\\/de\\\/\"},{\"@type\":\"ListItem\",\"position\":2,\"name\":\"Dienstleistungen und Beratung\"}]},{\"@type\":\"WebSite\",\"@id\":\"https:\\\/\\\/pepiniere-bio.ch\\\/de\\\/#website\",\"url\":\"https:\\\/\\\/pepiniere-bio.ch\\\/de\\\/\",\"name\":\"P\u00e9pini\u00e8re fruiti\u00e8re suisse\",\"description\":\"La p\u00e9pini\u00e8re fruiti\u00e8re suisse\",\"publisher\":{\"@id\":\"https:\\\/\\\/pepiniere-bio.ch\\\/de\\\/#organization\"},\"alternateName\":\"P\u00e9pini\u00e8re fruiti\u00e8re suisse\",\"potentialAction\":[{\"@type\":\"SearchAction\",\"target\":{\"@type\":\"EntryPoint\",\"urlTemplate\":\"https:\\\/\\\/pepiniere-bio.ch\\\/de\\\/?s={search_term_string}\"},\"query-input\":{\"@type\":\"PropertyValueSpecification\",\"valueRequired\":true,\"valueName\":\"search_term_string\"}}],\"inLanguage\":\"de\"},{\"@type\":\"Organization\",\"@id\":\"https:\\\/\\\/pepiniere-bio.ch\\\/de\\\/#organization\",\"name\":\"La p\u00e9pini\u00e8re fruiti\u00e8re\",\"alternateName\":\"La p\u00e9pini\u00e8re fruiti\u00e8re\",\"url\":\"https:\\\/\\\/pepiniere-bio.ch\\\/de\\\/\",\"logo\":{\"@type\":\"ImageObject\",\"inLanguage\":\"de\",\"@id\":\"https:\\\/\\\/pepiniere-bio.ch\\\/de\\\/#\\\/schema\\\/logo\\\/image\\\/\",\"url\":\"http:\\\/\\\/new.pepiniere-bio.ch\\\/wp-content\\\/uploads\\\/2026\\\/01\\\/logo-300.png\",\"contentUrl\":\"http:\\\/\\\/new.pepiniere-bio.ch\\\/wp-content\\\/uploads\\\/2026\\\/01\\\/logo-300.png\",\"width\":300,\"height\":300,\"caption\":\"La p\u00e9pini\u00e8re fruiti\u00e8re\"},\"image\":{\"@id\":\"https:\\\/\\\/pepiniere-bio.ch\\\/de\\\/#\\\/schema\\\/logo\\\/image\\\/\"},\"sameAs\":[\"https:\\\/\\\/www.facebook.com\\\/profile.php?id=61565115227971\",\"https:\\\/\\\/www.instagram.com\\\/pepinierebio?igsh=cmR2aGdsMjZ1ZnNn\"]}]}<\/script>\n<!-- \/ Yoast SEO plugin. -->","yoast_head_json":{"title":"Dienstleistungen und Beratung - Die Obstbaumschule","robots":{"index":"index","follow":"follow","max-snippet":"max-snippet:-1","max-image-preview":"max-image-preview:large","max-video-preview":"max-video-preview:-1"},"canonical":"https:\/\/pepiniere-bio.ch\/de\/dienstleistungen-und-beratung\/","og_locale":"de_DE","og_type":"article","og_title":"Dienstleistungen und Beratung - Die Obstbaumschule","og_url":"https:\/\/pepiniere-bio.ch\/de\/dienstleistungen-und-beratung\/","og_site_name":"Die Obstbaumschule","article_publisher":"https:\/\/www.facebook.com\/profile.php?id=61565115227971","article_modified_time":"2025-05-20T16:01:12+00:00","og_image":[{"url":"http:\/\/new.pepiniere-bio.ch\/wp-content\/uploads\/2024\/12\/image00022-scaled.jpeg","type":"","width":"","height":""}],"twitter_card":"summary_large_image","twitter_misc":{"Gesch\u00e4tzte Lesezeit":"1\u00a0Minute"},"schema":{"@context":"https:\/\/schema.org","@graph":[{"@type":"WebPage","@id":"https:\/\/pepiniere-bio.ch\/de\/dienstleistungen-und-beratung\/","url":"https:\/\/pepiniere-bio.ch\/de\/dienstleistungen-und-beratung\/","name":"Dienstleistungen und Beratung - Die Obstbaumschule","isPartOf":{"@id":"https:\/\/pepiniere-bio.ch\/de\/#website"},"primaryImageOfPage":{"@id":"https:\/\/pepiniere-bio.ch\/de\/dienstleistungen-und-beratung\/#primaryimage"},"image":{"@id":"https:\/\/pepiniere-bio.ch\/de\/dienstleistungen-und-beratung\/#primaryimage"},"thumbnailUrl":"http:\/\/new.pepiniere-bio.ch\/wp-content\/uploads\/2024\/12\/image00022-scaled.jpeg","datePublished":"2024-12-09T14:57:50+00:00","dateModified":"2025-05-20T16:01:12+00:00","breadcrumb":{"@id":"https:\/\/pepiniere-bio.ch\/de\/dienstleistungen-und-beratung\/#breadcrumb"},"inLanguage":"de","potentialAction":[{"@type":"ReadAction","target":["https:\/\/pepiniere-bio.ch\/de\/dienstleistungen-und-beratung\/"]}]},{"@type":"ImageObject","inLanguage":"de","@id":"https:\/\/pepiniere-bio.ch\/de\/dienstleistungen-und-beratung\/#primaryimage","url":"http:\/\/new.pepiniere-bio.ch\/wp-content\/uploads\/2024\/12\/image00022-scaled.jpeg","contentUrl":"http:\/\/new.pepiniere-bio.ch\/wp-content\/uploads\/2024\/12\/image00022-scaled.jpeg"},{"@type":"BreadcrumbList","@id":"https:\/\/pepiniere-bio.ch\/de\/dienstleistungen-und-beratung\/#breadcrumb","itemListElement":[{"@type":"ListItem","position":1,"name":"Accueil","item":"https:\/\/pepiniere-bio.ch\/de\/"},{"@type":"ListItem","position":2,"name":"Dienstleistungen und Beratung"}]},{"@type":"WebSite","@id":"https:\/\/pepiniere-bio.ch\/de\/#website","url":"https:\/\/pepiniere-bio.ch\/de\/","name":"P\u00e9pini\u00e8re fruiti\u00e8re suisse","description":"La p\u00e9pini\u00e8re fruiti\u00e8re suisse","publisher":{"@id":"https:\/\/pepiniere-bio.ch\/de\/#organization"},"alternateName":"P\u00e9pini\u00e8re fruiti\u00e8re suisse","potentialAction":[{"@type":"SearchAction","target":{"@type":"EntryPoint","urlTemplate":"https:\/\/pepiniere-bio.ch\/de\/?s={search_term_string}"},"query-input":{"@type":"PropertyValueSpecification","valueRequired":true,"valueName":"search_term_string"}}],"inLanguage":"de"},{"@type":"Organization","@id":"https:\/\/pepiniere-bio.ch\/de\/#organization","name":"La p\u00e9pini\u00e8re fruiti\u00e8re","alternateName":"La p\u00e9pini\u00e8re fruiti\u00e8re","url":"https:\/\/pepiniere-bio.ch\/de\/","logo":{"@type":"ImageObject","inLanguage":"de","@id":"https:\/\/pepiniere-bio.ch\/de\/#\/schema\/logo\/image\/","url":"http:\/\/new.pepiniere-bio.ch\/wp-content\/uploads\/2026\/01\/logo-300.png","contentUrl":"http:\/\/new.pepiniere-bio.ch\/wp-content\/uploads\/2026\/01\/logo-300.png","width":300,"height":300,"caption":"La p\u00e9pini\u00e8re fruiti\u00e8re"},"image":{"@id":"https:\/\/pepiniere-bio.ch\/de\/#\/schema\/logo\/image\/"},"sameAs":["https:\/\/www.facebook.com\/profile.php?id=61565115227971","https:\/\/www.instagram.com\/pepinierebio?igsh=cmR2aGdsMjZ1ZnNn"]}]}},"jetpack_sharing_enabled":true,"_links":{"self":[{"href":"https:\/\/pepiniere-bio.ch\/de\/wp-json\/wp\/v2\/pages\/119","targetHints":{"allow":["GET"]}}],"collection":[{"href":"https:\/\/pepiniere-bio.ch\/de\/wp-json\/wp\/v2\/pages"}],"about":[{"href":"https:\/\/pepiniere-bio.ch\/de\/wp-json\/wp\/v2\/types\/page"}],"author":[{"embeddable":true,"href":"https:\/\/pepiniere-bio.ch\/de\/wp-json\/wp\/v2\/users\/1"}],"replies":[{"embeddable":true,"href":"https:\/\/pepiniere-bio.ch\/de\/wp-json\/wp\/v2\/comments?post=119"}],"version-history":[{"count":13,"href":"https:\/\/pepiniere-bio.ch\/de\/wp-json\/wp\/v2\/pages\/119\/revisions"}],"predecessor-version":[{"id":2716,"href":"https:\/\/pepiniere-bio.ch\/de\/wp-json\/wp\/v2\/pages\/119\/revisions\/2716"}],"wp:attachment":[{"href":"https:\/\/pepiniere-bio.ch\/de\/wp-json\/wp\/v2\/media?parent=119"}],"curies":[{"name":"wp","href":"https:\/\/api.w.org\/{rel}","templated":true}]}}